{"id":421,"date":"2025-06-06T11:59:08","date_gmt":"2025-06-06T11:59:08","guid":{"rendered":"https:\/\/spinbetter.cafe\/tr\/?page_id=421"},"modified":"2025-08-06T14:12:41","modified_gmt":"2025-08-06T14:12:41","slug":"subscribe-telegram","status":"publish","type":"page","link":"https:\/\/spinbetter.cafe\/tr\/bonus\/subscribe-telegram\/","title":{"rendered":"Telegram&#8217;a abone olun"},"content":{"rendered":"","protected":false},"excerpt":{"rendered":"","protected":false},"author":1,"featured_media":0,"parent":152,"menu_order":0,"comment_status":"closed","ping_status":"closed","template":"","meta":{"footnotes":""},"class_list":["post-421","page","type-page","status-publish","hentry"],"yoast_head":"<!-- This site is optimized with the Yoast SEO plugin v25.1 - https:\/\/yoast.com\/wordpress\/plugins\/seo\/ -->\n<title>SpinBetter Telegram Kanal\u0131na Kat\u0131l\u0131n ve 100 \u00dccretsiz D\u00f6nd\u00fcrme Kazan\u0131n<\/title>\n<meta name=\"description\" content=\"Ka\u00e7\u0131rmay\u0131n! Yeni ba\u015flat\u0131lan SpinBetter Telegram kanal\u0131m\u0131za abone olun ve an\u0131nda 100 \u00dccretsiz D\u00f6nd\u00fcrme kazan\u0131n! Sadece toplulu\u011fumuzun elde edebilece\u011fi \u00f6zel promosyonlar, heyecan verici hediyeler ve i\u00e7eriden gelen avantajlar i\u00e7in hemen kat\u0131l\u0131n.\" \/>\n<meta name=\"robots\" content=\"index, follow, max-snippet:-1, max-image-preview:large, max-video-preview:-1\" \/>\n<meta property=\"og:locale\" content=\"tr_TR\" \/>\n<meta property=\"og:type\" content=\"article\" \/>\n<meta property=\"og:title\" content=\"SpinBetter Telegram Kanal\u0131na Kat\u0131l\u0131n ve 100 \u00dccretsiz D\u00f6nd\u00fcrme Kazan\u0131n\" \/>\n<meta property=\"og:description\" content=\"Ka\u00e7\u0131rmay\u0131n! Yeni ba\u015flat\u0131lan SpinBetter Telegram kanal\u0131m\u0131za abone olun ve an\u0131nda 100 \u00dccretsiz D\u00f6nd\u00fcrme kazan\u0131n! Sadece toplulu\u011fumuzun elde edebilece\u011fi \u00f6zel promosyonlar, heyecan verici hediyeler ve i\u00e7eriden gelen avantajlar i\u00e7in hemen kat\u0131l\u0131n.\" \/>\n<meta property=\"og:url\" content=\"https:\/\/spinbetter.cafe\/tr\/bonus\/subscribe-telegram\/\" \/>\n<meta property=\"og:site_name\" content=\"SpinBetter Cafe TR\" \/>\n<meta property=\"article:modified_time\" content=\"2025-08-06T14:12:41+00:00\" \/>\n<meta name=\"twitter:card\" content=\"summary_large_image\" \/>\n<script type=\"application\/ld+json\" class=\"yoast-schema-graph\">{\"@context\":\"https:\/\/schema.org\",\"@graph\":[{\"@type\":\"WebPage\",\"@id\":\"https:\/\/spinbetter.cafe\/tr\/bonus\/subscribe-telegram\/\",\"url\":\"https:\/\/spinbetter.cafe\/tr\/bonus\/subscribe-telegram\/\",\"name\":\"SpinBetter Telegram Kanal\u0131na Kat\u0131l\u0131n ve 100 \u00dccretsiz D\u00f6nd\u00fcrme Kazan\u0131n\",\"isPartOf\":{\"@id\":\"https:\/\/spinbetter.cafe\/tr\/#website\"},\"datePublished\":\"2025-06-06T11:59:08+00:00\",\"dateModified\":\"2025-08-06T14:12:41+00:00\",\"description\":\"Ka\u00e7\u0131rmay\u0131n! Yeni ba\u015flat\u0131lan SpinBetter Telegram kanal\u0131m\u0131za abone olun ve an\u0131nda 100 \u00dccretsiz D\u00f6nd\u00fcrme kazan\u0131n! Sadece toplulu\u011fumuzun elde edebilece\u011fi \u00f6zel promosyonlar, heyecan verici hediyeler ve i\u00e7eriden gelen avantajlar i\u00e7in hemen kat\u0131l\u0131n.\",\"breadcrumb\":{\"@id\":\"https:\/\/spinbetter.cafe\/tr\/bonus\/subscribe-telegram\/#breadcrumb\"},\"inLanguage\":\"tr\",\"potentialAction\":[{\"@type\":\"ReadAction\",\"target\":[\"https:\/\/spinbetter.cafe\/tr\/bonus\/subscribe-telegram\/\"]}]},{\"@type\":\"BreadcrumbList\",\"@id\":\"https:\/\/spinbetter.cafe\/tr\/bonus\/subscribe-telegram\/#breadcrumb\",\"itemListElement\":[{\"@type\":\"ListItem\",\"position\":1,\"name\":\"\u0413\u043b\u0430\u0432\u043d\u0430\u044f \u0441\u0442\u0440\u0430\u043d\u0438\u0446\u0430\",\"item\":\"https:\/\/spinbetter.cafe\/tr\/\"},{\"@type\":\"ListItem\",\"position\":2,\"name\":\"Bonus\",\"item\":\"https:\/\/spinbetter.cafe\/tr\/bonus\/\"},{\"@type\":\"ListItem\",\"position\":3,\"name\":\"Telegram&#8217;a abone olun\"}]},{\"@type\":\"WebSite\",\"@id\":\"https:\/\/spinbetter.cafe\/tr\/#website\",\"url\":\"https:\/\/spinbetter.cafe\/tr\/\",\"name\":\"SpinBetter Cafe TR\",\"description\":\"\",\"potentialAction\":[{\"@type\":\"SearchAction\",\"target\":{\"@type\":\"EntryPoint\",\"urlTemplate\":\"https:\/\/spinbetter.cafe\/tr\/?s={search_term_string}\"},\"query-input\":{\"@type\":\"PropertyValueSpecification\",\"valueRequired\":true,\"valueName\":\"search_term_string\"}}],\"inLanguage\":\"tr\"}]}<\/script>\n<!-- \/ Yoast SEO plugin. -->","yoast_head_json":{"title":"SpinBetter Telegram Kanal\u0131na Kat\u0131l\u0131n ve 100 \u00dccretsiz D\u00f6nd\u00fcrme Kazan\u0131n","description":"Ka\u00e7\u0131rmay\u0131n! Yeni ba\u015flat\u0131lan SpinBetter Telegram kanal\u0131m\u0131za abone olun ve an\u0131nda 100 \u00dccretsiz D\u00f6nd\u00fcrme kazan\u0131n! Sadece toplulu\u011fumuzun elde edebilece\u011fi \u00f6zel promosyonlar, heyecan verici hediyeler ve i\u00e7eriden gelen avantajlar i\u00e7in hemen kat\u0131l\u0131n.","robots":{"index":"index","follow":"follow","max-snippet":"max-snippet:-1","max-image-preview":"max-image-preview:large","max-video-preview":"max-video-preview:-1"},"og_locale":"tr_TR","og_type":"article","og_title":"SpinBetter Telegram Kanal\u0131na Kat\u0131l\u0131n ve 100 \u00dccretsiz D\u00f6nd\u00fcrme Kazan\u0131n","og_description":"Ka\u00e7\u0131rmay\u0131n! Yeni ba\u015flat\u0131lan SpinBetter Telegram kanal\u0131m\u0131za abone olun ve an\u0131nda 100 \u00dccretsiz D\u00f6nd\u00fcrme kazan\u0131n! Sadece toplulu\u011fumuzun elde edebilece\u011fi \u00f6zel promosyonlar, heyecan verici hediyeler ve i\u00e7eriden gelen avantajlar i\u00e7in hemen kat\u0131l\u0131n.","og_url":"https:\/\/spinbetter.cafe\/tr\/bonus\/subscribe-telegram\/","og_site_name":"SpinBetter Cafe TR","article_modified_time":"2025-08-06T14:12:41+00:00","twitter_card":"summary_large_image","schema":{"@context":"https:\/\/schema.org","@graph":[{"@type":"WebPage","@id":"https:\/\/spinbetter.cafe\/tr\/bonus\/subscribe-telegram\/","url":"https:\/\/spinbetter.cafe\/tr\/bonus\/subscribe-telegram\/","name":"SpinBetter Telegram Kanal\u0131na Kat\u0131l\u0131n ve 100 \u00dccretsiz D\u00f6nd\u00fcrme Kazan\u0131n","isPartOf":{"@id":"https:\/\/spinbetter.cafe\/tr\/#website"},"datePublished":"2025-06-06T11:59:08+00:00","dateModified":"2025-08-06T14:12:41+00:00","description":"Ka\u00e7\u0131rmay\u0131n! Yeni ba\u015flat\u0131lan SpinBetter Telegram kanal\u0131m\u0131za abone olun ve an\u0131nda 100 \u00dccretsiz D\u00f6nd\u00fcrme kazan\u0131n! Sadece toplulu\u011fumuzun elde edebilece\u011fi \u00f6zel promosyonlar, heyecan verici hediyeler ve i\u00e7eriden gelen avantajlar i\u00e7in hemen kat\u0131l\u0131n.","breadcrumb":{"@id":"https:\/\/spinbetter.cafe\/tr\/bonus\/subscribe-telegram\/#breadcrumb"},"inLanguage":"tr","potentialAction":[{"@type":"ReadAction","target":["https:\/\/spinbetter.cafe\/tr\/bonus\/subscribe-telegram\/"]}]},{"@type":"BreadcrumbList","@id":"https:\/\/spinbetter.cafe\/tr\/bonus\/subscribe-telegram\/#breadcrumb","itemListElement":[{"@type":"ListItem","position":1,"name":"\u0413\u043b\u0430\u0432\u043d\u0430\u044f \u0441\u0442\u0440\u0430\u043d\u0438\u0446\u0430","item":"https:\/\/spinbetter.cafe\/tr\/"},{"@type":"ListItem","position":2,"name":"Bonus","item":"https:\/\/spinbetter.cafe\/tr\/bonus\/"},{"@type":"ListItem","position":3,"name":"Telegram&#8217;a abone olun"}]},{"@type":"WebSite","@id":"https:\/\/spinbetter.cafe\/tr\/#website","url":"https:\/\/spinbetter.cafe\/tr\/","name":"SpinBetter Cafe TR","description":"","potentialAction":[{"@type":"SearchAction","target":{"@type":"EntryPoint","urlTemplate":"https:\/\/spinbetter.cafe\/tr\/?s={search_term_string}"},"query-input":{"@type":"PropertyValueSpecification","valueRequired":true,"valueName":"search_term_string"}}],"inLanguage":"tr"}]}},"_links":{"self":[{"href":"https:\/\/spinbetter.cafe\/tr\/wp-json\/wp\/v2\/pages\/421"}],"collection":[{"href":"https:\/\/spinbetter.cafe\/tr\/wp-json\/wp\/v2\/pages"}],"about":[{"href":"https:\/\/spinbetter.cafe\/tr\/wp-json\/wp\/v2\/types\/page"}],"author":[{"embeddable":true,"href":"https:\/\/spinbetter.cafe\/tr\/wp-json\/wp\/v2\/users\/1"}],"replies":[{"embeddable":true,"href":"https:\/\/spinbetter.cafe\/tr\/wp-json\/wp\/v2\/comments?post=421"}],"version-history":[{"count":1,"href":"https:\/\/spinbetter.cafe\/tr\/wp-json\/wp\/v2\/pages\/421\/revisions"}],"predecessor-version":[{"id":422,"href":"https:\/\/spinbetter.cafe\/tr\/wp-json\/wp\/v2\/pages\/421\/revisions\/422"}],"up":[{"embeddable":true,"href":"https:\/\/spinbetter.cafe\/tr\/wp-json\/wp\/v2\/pages\/152"}],"wp:attachment":[{"href":"https:\/\/spinbetter.cafe\/tr\/wp-json\/wp\/v2\/media?parent=421"}],"curies":[{"name":"wp","href":"https:\/\/api.w.org\/{rel}","templated":true}]}}