{"id":419,"date":"2025-06-06T11:57:01","date_gmt":"2025-06-06T11:57:01","guid":{"rendered":"https:\/\/spinbetter.cafe\/tr\/?page_id=419"},"modified":"2025-08-06T14:10:03","modified_gmt":"2025-08-06T14:10:03","slug":"loyalty","status":"publish","type":"page","link":"https:\/\/spinbetter.cafe\/tr\/bonus\/loyalty\/","title":{"rendered":"Ba\u011fl\u0131l\u0131k"},"content":{"rendered":"","protected":false},"excerpt":{"rendered":"","protected":false},"author":1,"featured_media":0,"parent":152,"menu_order":0,"comment_status":"closed","ping_status":"closed","template":"","meta":{"footnotes":""},"class_list":["post-419","page","type-page","status-publish","hentry"],"yoast_head":"<!-- This site is optimized with the Yoast SEO plugin v25.1 - https:\/\/yoast.com\/wordpress\/plugins\/seo\/ -->\n<title>Spinbetter Sadakat Kar\u015f\u0131l\u0131\u011f\u0131n\u0131 Veriyor &gt; Bonus + 100 \u00dccretsiz D\u00f6nd\u00fcrme Al\u0131n<\/title>\n<meta name=\"description\" content=\"Spinbetter&#039;da sadakatin avantajlar\u0131 var! 10. para yat\u0131rma i\u015fleminizi yap\u0131n ve &#039;lik m\u00fcthi\u015f bir bonus ve 100&#039;e kadar \u00dccretsiz D\u00f6nd\u00fcrme kazan\u0131n! Bizimle oldunuz\u2014\u015fimdi \u00f6d\u00fcllerden yararlanma zaman\u0131. Bu \u00f6zel teklifi ka\u00e7\u0131rmay\u0131n!\" \/>\n<meta name=\"robots\" content=\"index, follow, max-snippet:-1, max-image-preview:large, max-video-preview:-1\" \/>\n<meta property=\"og:locale\" content=\"tr_TR\" \/>\n<meta property=\"og:type\" content=\"article\" \/>\n<meta property=\"og:title\" content=\"Spinbetter Sadakat Kar\u015f\u0131l\u0131\u011f\u0131n\u0131 Veriyor &gt; Bonus + 100 \u00dccretsiz D\u00f6nd\u00fcrme Al\u0131n\" \/>\n<meta property=\"og:description\" content=\"Spinbetter&#039;da sadakatin avantajlar\u0131 var! 10. para yat\u0131rma i\u015fleminizi yap\u0131n ve &#039;lik m\u00fcthi\u015f bir bonus ve 100&#039;e kadar \u00dccretsiz D\u00f6nd\u00fcrme kazan\u0131n! Bizimle oldunuz\u2014\u015fimdi \u00f6d\u00fcllerden yararlanma zaman\u0131. Bu \u00f6zel teklifi ka\u00e7\u0131rmay\u0131n!\" \/>\n<meta property=\"og:url\" content=\"https:\/\/spinbetter.cafe\/tr\/bonus\/loyalty\/\" \/>\n<meta property=\"og:site_name\" content=\"SpinBetter Cafe TR\" \/>\n<meta property=\"article:modified_time\" content=\"2025-08-06T14:10:03+00:00\" \/>\n<meta name=\"twitter:card\" content=\"summary_large_image\" \/>\n<script type=\"application\/ld+json\" class=\"yoast-schema-graph\">{\"@context\":\"https:\/\/schema.org\",\"@graph\":[{\"@type\":\"WebPage\",\"@id\":\"https:\/\/spinbetter.cafe\/tr\/bonus\/loyalty\/\",\"url\":\"https:\/\/spinbetter.cafe\/tr\/bonus\/loyalty\/\",\"name\":\"Spinbetter Sadakat Kar\u015f\u0131l\u0131\u011f\u0131n\u0131 Veriyor > Bonus + 100 \u00dccretsiz D\u00f6nd\u00fcrme Al\u0131n\",\"isPartOf\":{\"@id\":\"https:\/\/spinbetter.cafe\/tr\/#website\"},\"datePublished\":\"2025-06-06T11:57:01+00:00\",\"dateModified\":\"2025-08-06T14:10:03+00:00\",\"description\":\"Spinbetter'da sadakatin avantajlar\u0131 var! 10. para yat\u0131rma i\u015fleminizi yap\u0131n ve 'lik m\u00fcthi\u015f bir bonus ve 100'e kadar \u00dccretsiz D\u00f6nd\u00fcrme kazan\u0131n! Bizimle oldunuz\u2014\u015fimdi \u00f6d\u00fcllerden yararlanma zaman\u0131. Bu \u00f6zel teklifi ka\u00e7\u0131rmay\u0131n!\",\"breadcrumb\":{\"@id\":\"https:\/\/spinbetter.cafe\/tr\/bonus\/loyalty\/#breadcrumb\"},\"inLanguage\":\"tr\",\"potentialAction\":[{\"@type\":\"ReadAction\",\"target\":[\"https:\/\/spinbetter.cafe\/tr\/bonus\/loyalty\/\"]}]},{\"@type\":\"BreadcrumbList\",\"@id\":\"https:\/\/spinbetter.cafe\/tr\/bonus\/loyalty\/#breadcrumb\",\"itemListElement\":[{\"@type\":\"ListItem\",\"position\":1,\"name\":\"\u0413\u043b\u0430\u0432\u043d\u0430\u044f \u0441\u0442\u0440\u0430\u043d\u0438\u0446\u0430\",\"item\":\"https:\/\/spinbetter.cafe\/tr\/\"},{\"@type\":\"ListItem\",\"position\":2,\"name\":\"Bonus\",\"item\":\"https:\/\/spinbetter.cafe\/tr\/bonus\/\"},{\"@type\":\"ListItem\",\"position\":3,\"name\":\"Ba\u011fl\u0131l\u0131k\"}]},{\"@type\":\"WebSite\",\"@id\":\"https:\/\/spinbetter.cafe\/tr\/#website\",\"url\":\"https:\/\/spinbetter.cafe\/tr\/\",\"name\":\"SpinBetter Cafe TR\",\"description\":\"\",\"potentialAction\":[{\"@type\":\"SearchAction\",\"target\":{\"@type\":\"EntryPoint\",\"urlTemplate\":\"https:\/\/spinbetter.cafe\/tr\/?s={search_term_string}\"},\"query-input\":{\"@type\":\"PropertyValueSpecification\",\"valueRequired\":true,\"valueName\":\"search_term_string\"}}],\"inLanguage\":\"tr\"}]}<\/script>\n<!-- \/ Yoast SEO plugin. -->","yoast_head_json":{"title":"Spinbetter Sadakat Kar\u015f\u0131l\u0131\u011f\u0131n\u0131 Veriyor > Bonus + 100 \u00dccretsiz D\u00f6nd\u00fcrme Al\u0131n","description":"Spinbetter'da sadakatin avantajlar\u0131 var! 10. para yat\u0131rma i\u015fleminizi yap\u0131n ve 'lik m\u00fcthi\u015f bir bonus ve 100'e kadar \u00dccretsiz D\u00f6nd\u00fcrme kazan\u0131n! Bizimle oldunuz\u2014\u015fimdi \u00f6d\u00fcllerden yararlanma zaman\u0131. Bu \u00f6zel teklifi ka\u00e7\u0131rmay\u0131n!","robots":{"index":"index","follow":"follow","max-snippet":"max-snippet:-1","max-image-preview":"max-image-preview:large","max-video-preview":"max-video-preview:-1"},"og_locale":"tr_TR","og_type":"article","og_title":"Spinbetter Sadakat Kar\u015f\u0131l\u0131\u011f\u0131n\u0131 Veriyor > Bonus + 100 \u00dccretsiz D\u00f6nd\u00fcrme Al\u0131n","og_description":"Spinbetter'da sadakatin avantajlar\u0131 var! 10. para yat\u0131rma i\u015fleminizi yap\u0131n ve 'lik m\u00fcthi\u015f bir bonus ve 100'e kadar \u00dccretsiz D\u00f6nd\u00fcrme kazan\u0131n! Bizimle oldunuz\u2014\u015fimdi \u00f6d\u00fcllerden yararlanma zaman\u0131. Bu \u00f6zel teklifi ka\u00e7\u0131rmay\u0131n!","og_url":"https:\/\/spinbetter.cafe\/tr\/bonus\/loyalty\/","og_site_name":"SpinBetter Cafe TR","article_modified_time":"2025-08-06T14:10:03+00:00","twitter_card":"summary_large_image","schema":{"@context":"https:\/\/schema.org","@graph":[{"@type":"WebPage","@id":"https:\/\/spinbetter.cafe\/tr\/bonus\/loyalty\/","url":"https:\/\/spinbetter.cafe\/tr\/bonus\/loyalty\/","name":"Spinbetter Sadakat Kar\u015f\u0131l\u0131\u011f\u0131n\u0131 Veriyor > Bonus + 100 \u00dccretsiz D\u00f6nd\u00fcrme Al\u0131n","isPartOf":{"@id":"https:\/\/spinbetter.cafe\/tr\/#website"},"datePublished":"2025-06-06T11:57:01+00:00","dateModified":"2025-08-06T14:10:03+00:00","description":"Spinbetter'da sadakatin avantajlar\u0131 var! 10. para yat\u0131rma i\u015fleminizi yap\u0131n ve 'lik m\u00fcthi\u015f bir bonus ve 100'e kadar \u00dccretsiz D\u00f6nd\u00fcrme kazan\u0131n! Bizimle oldunuz\u2014\u015fimdi \u00f6d\u00fcllerden yararlanma zaman\u0131. Bu \u00f6zel teklifi ka\u00e7\u0131rmay\u0131n!","breadcrumb":{"@id":"https:\/\/spinbetter.cafe\/tr\/bonus\/loyalty\/#breadcrumb"},"inLanguage":"tr","potentialAction":[{"@type":"ReadAction","target":["https:\/\/spinbetter.cafe\/tr\/bonus\/loyalty\/"]}]},{"@type":"BreadcrumbList","@id":"https:\/\/spinbetter.cafe\/tr\/bonus\/loyalty\/#breadcrumb","itemListElement":[{"@type":"ListItem","position":1,"name":"\u0413\u043b\u0430\u0432\u043d\u0430\u044f \u0441\u0442\u0440\u0430\u043d\u0438\u0446\u0430","item":"https:\/\/spinbetter.cafe\/tr\/"},{"@type":"ListItem","position":2,"name":"Bonus","item":"https:\/\/spinbetter.cafe\/tr\/bonus\/"},{"@type":"ListItem","position":3,"name":"Ba\u011fl\u0131l\u0131k"}]},{"@type":"WebSite","@id":"https:\/\/spinbetter.cafe\/tr\/#website","url":"https:\/\/spinbetter.cafe\/tr\/","name":"SpinBetter Cafe TR","description":"","potentialAction":[{"@type":"SearchAction","target":{"@type":"EntryPoint","urlTemplate":"https:\/\/spinbetter.cafe\/tr\/?s={search_term_string}"},"query-input":{"@type":"PropertyValueSpecification","valueRequired":true,"valueName":"search_term_string"}}],"inLanguage":"tr"}]}},"_links":{"self":[{"href":"https:\/\/spinbetter.cafe\/tr\/wp-json\/wp\/v2\/pages\/419"}],"collection":[{"href":"https:\/\/spinbetter.cafe\/tr\/wp-json\/wp\/v2\/pages"}],"about":[{"href":"https:\/\/spinbetter.cafe\/tr\/wp-json\/wp\/v2\/types\/page"}],"author":[{"embeddable":true,"href":"https:\/\/spinbetter.cafe\/tr\/wp-json\/wp\/v2\/users\/1"}],"replies":[{"embeddable":true,"href":"https:\/\/spinbetter.cafe\/tr\/wp-json\/wp\/v2\/comments?post=419"}],"version-history":[{"count":1,"href":"https:\/\/spinbetter.cafe\/tr\/wp-json\/wp\/v2\/pages\/419\/revisions"}],"predecessor-version":[{"id":420,"href":"https:\/\/spinbetter.cafe\/tr\/wp-json\/wp\/v2\/pages\/419\/revisions\/420"}],"up":[{"embeddable":true,"href":"https:\/\/spinbetter.cafe\/tr\/wp-json\/wp\/v2\/pages\/152"}],"wp:attachment":[{"href":"https:\/\/spinbetter.cafe\/tr\/wp-json\/wp\/v2\/media?parent=419"}],"curies":[{"name":"wp","href":"https:\/\/api.w.org\/{rel}","templated":true}]}}