{"id":417,"date":"2025-06-06T11:54:53","date_gmt":"2025-06-06T11:54:53","guid":{"rendered":"https:\/\/spinbetter.cafe\/tr\/?page_id=417"},"modified":"2025-08-06T14:09:41","modified_gmt":"2025-08-06T14:09:41","slug":"1st-deposit","status":"publish","type":"page","link":"https:\/\/spinbetter.cafe\/tr\/bonus\/1st-deposit\/","title":{"rendered":"1. Mevduat"},"content":{"rendered":"","protected":false},"excerpt":{"rendered":"","protected":false},"author":1,"featured_media":0,"parent":152,"menu_order":0,"comment_status":"closed","ping_status":"closed","template":"","meta":{"footnotes":""},"class_list":["post-417","page","type-page","status-publish","hentry"],"yoast_head":"<!-- This site is optimized with the Yoast SEO plugin v25.1 - https:\/\/yoast.com\/wordpress\/plugins\/seo\/ -->\n<title>Yeni Oyuncular Spinbetter Ho\u015f Geldin Bonusu &gt; 1500\u20ac&#039;ya kadar 0 kazan\u0131n<\/title>\n<meta name=\"description\" content=\"\u0130lk para yat\u0131rman\u0131zda 1500\u20ac&#039;ya kadar 0&#039;l\u00fck b\u00fcy\u00fck bir bonusla seviye atlamaya haz\u0131r olun! Bu sadece bir ho\u015f geldin de\u011fil - oyunun kurallar\u0131n\u0131 de\u011fi\u015ftiriyor. Heyecan\u0131 yakalay\u0131n ve paran\u0131z\u0131 ikiye katlay\u0131n - bu f\u0131rsat\u0131n elinizden ka\u00e7mas\u0131na izin vermeyin!\" \/>\n<meta name=\"robots\" content=\"index, follow, max-snippet:-1, max-image-preview:large, max-video-preview:-1\" \/>\n<meta property=\"og:locale\" content=\"tr_TR\" \/>\n<meta property=\"og:type\" content=\"article\" \/>\n<meta property=\"og:title\" content=\"Yeni Oyuncular Spinbetter Ho\u015f Geldin Bonusu &gt; 1500\u20ac&#039;ya kadar 0 kazan\u0131n\" \/>\n<meta property=\"og:description\" content=\"\u0130lk para yat\u0131rman\u0131zda 1500\u20ac&#039;ya kadar 0&#039;l\u00fck b\u00fcy\u00fck bir bonusla seviye atlamaya haz\u0131r olun! Bu sadece bir ho\u015f geldin de\u011fil - oyunun kurallar\u0131n\u0131 de\u011fi\u015ftiriyor. Heyecan\u0131 yakalay\u0131n ve paran\u0131z\u0131 ikiye katlay\u0131n - bu f\u0131rsat\u0131n elinizden ka\u00e7mas\u0131na izin vermeyin!\" \/>\n<meta property=\"og:url\" content=\"https:\/\/spinbetter.cafe\/tr\/bonus\/1st-deposit\/\" \/>\n<meta property=\"og:site_name\" content=\"SpinBetter Cafe TR\" \/>\n<meta property=\"article:modified_time\" content=\"2025-08-06T14:09:41+00:00\" \/>\n<meta name=\"twitter:card\" content=\"summary_large_image\" \/>\n<script type=\"application\/ld+json\" class=\"yoast-schema-graph\">{\"@context\":\"https:\/\/schema.org\",\"@graph\":[{\"@type\":\"WebPage\",\"@id\":\"https:\/\/spinbetter.cafe\/tr\/bonus\/1st-deposit\/\",\"url\":\"https:\/\/spinbetter.cafe\/tr\/bonus\/1st-deposit\/\",\"name\":\"Yeni Oyuncular Spinbetter Ho\u015f Geldin Bonusu > 1500\u20ac'ya kadar 0 kazan\u0131n\",\"isPartOf\":{\"@id\":\"https:\/\/spinbetter.cafe\/tr\/#website\"},\"datePublished\":\"2025-06-06T11:54:53+00:00\",\"dateModified\":\"2025-08-06T14:09:41+00:00\",\"description\":\"\u0130lk para yat\u0131rman\u0131zda 1500\u20ac'ya kadar 0'l\u00fck b\u00fcy\u00fck bir bonusla seviye atlamaya haz\u0131r olun! Bu sadece bir ho\u015f geldin de\u011fil - oyunun kurallar\u0131n\u0131 de\u011fi\u015ftiriyor. Heyecan\u0131 yakalay\u0131n ve paran\u0131z\u0131 ikiye katlay\u0131n - bu f\u0131rsat\u0131n elinizden ka\u00e7mas\u0131na izin vermeyin!\",\"breadcrumb\":{\"@id\":\"https:\/\/spinbetter.cafe\/tr\/bonus\/1st-deposit\/#breadcrumb\"},\"inLanguage\":\"tr\",\"potentialAction\":[{\"@type\":\"ReadAction\",\"target\":[\"https:\/\/spinbetter.cafe\/tr\/bonus\/1st-deposit\/\"]}]},{\"@type\":\"BreadcrumbList\",\"@id\":\"https:\/\/spinbetter.cafe\/tr\/bonus\/1st-deposit\/#breadcrumb\",\"itemListElement\":[{\"@type\":\"ListItem\",\"position\":1,\"name\":\"\u0413\u043b\u0430\u0432\u043d\u0430\u044f \u0441\u0442\u0440\u0430\u043d\u0438\u0446\u0430\",\"item\":\"https:\/\/spinbetter.cafe\/tr\/\"},{\"@type\":\"ListItem\",\"position\":2,\"name\":\"Bonus\",\"item\":\"https:\/\/spinbetter.cafe\/tr\/bonus\/\"},{\"@type\":\"ListItem\",\"position\":3,\"name\":\"1. Mevduat\"}]},{\"@type\":\"WebSite\",\"@id\":\"https:\/\/spinbetter.cafe\/tr\/#website\",\"url\":\"https:\/\/spinbetter.cafe\/tr\/\",\"name\":\"SpinBetter Cafe TR\",\"description\":\"\",\"potentialAction\":[{\"@type\":\"SearchAction\",\"target\":{\"@type\":\"EntryPoint\",\"urlTemplate\":\"https:\/\/spinbetter.cafe\/tr\/?s={search_term_string}\"},\"query-input\":{\"@type\":\"PropertyValueSpecification\",\"valueRequired\":true,\"valueName\":\"search_term_string\"}}],\"inLanguage\":\"tr\"}]}<\/script>\n<!-- \/ Yoast SEO plugin. -->","yoast_head_json":{"title":"Yeni Oyuncular Spinbetter Ho\u015f Geldin Bonusu > 1500\u20ac'ya kadar 0 kazan\u0131n","description":"\u0130lk para yat\u0131rman\u0131zda 1500\u20ac'ya kadar 0'l\u00fck b\u00fcy\u00fck bir bonusla seviye atlamaya haz\u0131r olun! Bu sadece bir ho\u015f geldin de\u011fil - oyunun kurallar\u0131n\u0131 de\u011fi\u015ftiriyor. Heyecan\u0131 yakalay\u0131n ve paran\u0131z\u0131 ikiye katlay\u0131n - bu f\u0131rsat\u0131n elinizden ka\u00e7mas\u0131na izin vermeyin!","robots":{"index":"index","follow":"follow","max-snippet":"max-snippet:-1","max-image-preview":"max-image-preview:large","max-video-preview":"max-video-preview:-1"},"og_locale":"tr_TR","og_type":"article","og_title":"Yeni Oyuncular Spinbetter Ho\u015f Geldin Bonusu > 1500\u20ac'ya kadar 0 kazan\u0131n","og_description":"\u0130lk para yat\u0131rman\u0131zda 1500\u20ac'ya kadar 0'l\u00fck b\u00fcy\u00fck bir bonusla seviye atlamaya haz\u0131r olun! Bu sadece bir ho\u015f geldin de\u011fil - oyunun kurallar\u0131n\u0131 de\u011fi\u015ftiriyor. Heyecan\u0131 yakalay\u0131n ve paran\u0131z\u0131 ikiye katlay\u0131n - bu f\u0131rsat\u0131n elinizden ka\u00e7mas\u0131na izin vermeyin!","og_url":"https:\/\/spinbetter.cafe\/tr\/bonus\/1st-deposit\/","og_site_name":"SpinBetter Cafe TR","article_modified_time":"2025-08-06T14:09:41+00:00","twitter_card":"summary_large_image","schema":{"@context":"https:\/\/schema.org","@graph":[{"@type":"WebPage","@id":"https:\/\/spinbetter.cafe\/tr\/bonus\/1st-deposit\/","url":"https:\/\/spinbetter.cafe\/tr\/bonus\/1st-deposit\/","name":"Yeni Oyuncular Spinbetter Ho\u015f Geldin Bonusu > 1500\u20ac'ya kadar 0 kazan\u0131n","isPartOf":{"@id":"https:\/\/spinbetter.cafe\/tr\/#website"},"datePublished":"2025-06-06T11:54:53+00:00","dateModified":"2025-08-06T14:09:41+00:00","description":"\u0130lk para yat\u0131rman\u0131zda 1500\u20ac'ya kadar 0'l\u00fck b\u00fcy\u00fck bir bonusla seviye atlamaya haz\u0131r olun! Bu sadece bir ho\u015f geldin de\u011fil - oyunun kurallar\u0131n\u0131 de\u011fi\u015ftiriyor. Heyecan\u0131 yakalay\u0131n ve paran\u0131z\u0131 ikiye katlay\u0131n - bu f\u0131rsat\u0131n elinizden ka\u00e7mas\u0131na izin vermeyin!","breadcrumb":{"@id":"https:\/\/spinbetter.cafe\/tr\/bonus\/1st-deposit\/#breadcrumb"},"inLanguage":"tr","potentialAction":[{"@type":"ReadAction","target":["https:\/\/spinbetter.cafe\/tr\/bonus\/1st-deposit\/"]}]},{"@type":"BreadcrumbList","@id":"https:\/\/spinbetter.cafe\/tr\/bonus\/1st-deposit\/#breadcrumb","itemListElement":[{"@type":"ListItem","position":1,"name":"\u0413\u043b\u0430\u0432\u043d\u0430\u044f \u0441\u0442\u0440\u0430\u043d\u0438\u0446\u0430","item":"https:\/\/spinbetter.cafe\/tr\/"},{"@type":"ListItem","position":2,"name":"Bonus","item":"https:\/\/spinbetter.cafe\/tr\/bonus\/"},{"@type":"ListItem","position":3,"name":"1. Mevduat"}]},{"@type":"WebSite","@id":"https:\/\/spinbetter.cafe\/tr\/#website","url":"https:\/\/spinbetter.cafe\/tr\/","name":"SpinBetter Cafe TR","description":"","potentialAction":[{"@type":"SearchAction","target":{"@type":"EntryPoint","urlTemplate":"https:\/\/spinbetter.cafe\/tr\/?s={search_term_string}"},"query-input":{"@type":"PropertyValueSpecification","valueRequired":true,"valueName":"search_term_string"}}],"inLanguage":"tr"}]}},"_links":{"self":[{"href":"https:\/\/spinbetter.cafe\/tr\/wp-json\/wp\/v2\/pages\/417"}],"collection":[{"href":"https:\/\/spinbetter.cafe\/tr\/wp-json\/wp\/v2\/pages"}],"about":[{"href":"https:\/\/spinbetter.cafe\/tr\/wp-json\/wp\/v2\/types\/page"}],"author":[{"embeddable":true,"href":"https:\/\/spinbetter.cafe\/tr\/wp-json\/wp\/v2\/users\/1"}],"replies":[{"embeddable":true,"href":"https:\/\/spinbetter.cafe\/tr\/wp-json\/wp\/v2\/comments?post=417"}],"version-history":[{"count":1,"href":"https:\/\/spinbetter.cafe\/tr\/wp-json\/wp\/v2\/pages\/417\/revisions"}],"predecessor-version":[{"id":418,"href":"https:\/\/spinbetter.cafe\/tr\/wp-json\/wp\/v2\/pages\/417\/revisions\/418"}],"up":[{"embeddable":true,"href":"https:\/\/spinbetter.cafe\/tr\/wp-json\/wp\/v2\/pages\/152"}],"wp:attachment":[{"href":"https:\/\/spinbetter.cafe\/tr\/wp-json\/wp\/v2\/media?parent=417"}],"curies":[{"name":"wp","href":"https:\/\/api.w.org\/{rel}","templated":true}]}}