{"id":2,"date":"2023-05-18T17:18:34","date_gmt":"2023-05-18T17:18:34","guid":{"rendered":"https:\/\/spinbetter.cafe\/tr\/?page_id=2"},"modified":"2025-08-06T13:50:15","modified_gmt":"2025-08-06T13:50:15","slug":"sample-page","status":"publish","type":"page","link":"https:\/\/spinbetter.cafe\/tr\/","title":{"rendered":"Ana sayfa"},"content":{"rendered":"","protected":false},"excerpt":{"rendered":"","protected":false},"author":1,"featured_media":0,"parent":0,"menu_order":0,"comment_status":"closed","ping_status":"open","template":"","meta":{"footnotes":""},"class_list":["post-2","page","type-page","status-publish","hentry"],"yoast_head":"<!-- This site is optimized with the Yoast SEO plugin v25.1 - https:\/\/yoast.com\/wordpress\/plugins\/seo\/ -->\n<title>SpinBetter &gt; Herkes i\u00e7in casinolar, spor bahisleri ve bonuslar!<\/title>\n<meta name=\"description\" content=\"SpinBetter ile bahis ve kumar d\u00fcnyas\u0131na kat\u0131l\u0131n! Toplulu\u011fumuza kat\u0131l\u0131n, bonuslar al\u0131n ve y\u00fcksek \u015fansla bahis yap\u0131n.\" \/>\n<meta name=\"robots\" content=\"index, follow, max-snippet:-1, max-image-preview:large, max-video-preview:-1\" \/>\n<meta property=\"og:locale\" content=\"tr_TR\" \/>\n<meta property=\"og:type\" content=\"article\" \/>\n<meta property=\"og:title\" content=\"SpinBetter &gt; Herkes i\u00e7in casinolar, spor bahisleri ve bonuslar!\" \/>\n<meta property=\"og:description\" content=\"SpinBetter ile bahis ve kumar d\u00fcnyas\u0131na kat\u0131l\u0131n! Toplulu\u011fumuza kat\u0131l\u0131n, bonuslar al\u0131n ve y\u00fcksek \u015fansla bahis yap\u0131n.\" \/>\n<meta property=\"og:url\" content=\"https:\/\/spinbetter.cafe\/tr\/\" \/>\n<meta property=\"og:site_name\" content=\"SpinBetter Cafe TR\" \/>\n<meta property=\"article:modified_time\" content=\"2025-08-06T13:50:15+00:00\" \/>\n<meta name=\"twitter:card\" content=\"summary_large_image\" \/>\n<script type=\"application\/ld+json\" class=\"yoast-schema-graph\">{\"@context\":\"https:\/\/schema.org\",\"@graph\":[{\"@type\":\"WebPage\",\"@id\":\"https:\/\/spinbetter.cafe\/tr\/\",\"url\":\"https:\/\/spinbetter.cafe\/tr\/\",\"name\":\"SpinBetter > Herkes i\u00e7in casinolar, spor bahisleri ve bonuslar!\",\"isPartOf\":{\"@id\":\"https:\/\/spinbetter.cafe\/tr\/#website\"},\"datePublished\":\"2023-05-18T17:18:34+00:00\",\"dateModified\":\"2025-08-06T13:50:15+00:00\",\"description\":\"SpinBetter ile bahis ve kumar d\u00fcnyas\u0131na kat\u0131l\u0131n! Toplulu\u011fumuza kat\u0131l\u0131n, bonuslar al\u0131n ve y\u00fcksek \u015fansla bahis yap\u0131n.\",\"breadcrumb\":{\"@id\":\"https:\/\/spinbetter.cafe\/tr\/#breadcrumb\"},\"inLanguage\":\"tr\",\"potentialAction\":[{\"@type\":\"ReadAction\",\"target\":[\"https:\/\/spinbetter.cafe\/tr\/\"]}]},{\"@type\":\"BreadcrumbList\",\"@id\":\"https:\/\/spinbetter.cafe\/tr\/#breadcrumb\",\"itemListElement\":[{\"@type\":\"ListItem\",\"position\":1,\"name\":\"\u0413\u043b\u0430\u0432\u043d\u0430\u044f \u0441\u0442\u0440\u0430\u043d\u0438\u0446\u0430\",\"item\":\"https:\/\/spinbetter.cafe\/tr\/\"},{\"@type\":\"ListItem\",\"position\":2,\"name\":\"Ana sayfa\"}]},{\"@type\":\"WebSite\",\"@id\":\"https:\/\/spinbetter.cafe\/tr\/#website\",\"url\":\"https:\/\/spinbetter.cafe\/tr\/\",\"name\":\"SpinBetter Cafe TR\",\"description\":\"\",\"potentialAction\":[{\"@type\":\"SearchAction\",\"target\":{\"@type\":\"EntryPoint\",\"urlTemplate\":\"https:\/\/spinbetter.cafe\/tr\/?s={search_term_string}\"},\"query-input\":{\"@type\":\"PropertyValueSpecification\",\"valueRequired\":true,\"valueName\":\"search_term_string\"}}],\"inLanguage\":\"tr\"}]}<\/script>\n<!-- \/ Yoast SEO plugin. -->","yoast_head_json":{"title":"SpinBetter > Herkes i\u00e7in casinolar, spor bahisleri ve bonuslar!","description":"SpinBetter ile bahis ve kumar d\u00fcnyas\u0131na kat\u0131l\u0131n! Toplulu\u011fumuza kat\u0131l\u0131n, bonuslar al\u0131n ve y\u00fcksek \u015fansla bahis yap\u0131n.","robots":{"index":"index","follow":"follow","max-snippet":"max-snippet:-1","max-image-preview":"max-image-preview:large","max-video-preview":"max-video-preview:-1"},"og_locale":"tr_TR","og_type":"article","og_title":"SpinBetter > Herkes i\u00e7in casinolar, spor bahisleri ve bonuslar!","og_description":"SpinBetter ile bahis ve kumar d\u00fcnyas\u0131na kat\u0131l\u0131n! Toplulu\u011fumuza kat\u0131l\u0131n, bonuslar al\u0131n ve y\u00fcksek \u015fansla bahis yap\u0131n.","og_url":"https:\/\/spinbetter.cafe\/tr\/","og_site_name":"SpinBetter Cafe TR","article_modified_time":"2025-08-06T13:50:15+00:00","twitter_card":"summary_large_image","schema":{"@context":"https:\/\/schema.org","@graph":[{"@type":"WebPage","@id":"https:\/\/spinbetter.cafe\/tr\/","url":"https:\/\/spinbetter.cafe\/tr\/","name":"SpinBetter > Herkes i\u00e7in casinolar, spor bahisleri ve bonuslar!","isPartOf":{"@id":"https:\/\/spinbetter.cafe\/tr\/#website"},"datePublished":"2023-05-18T17:18:34+00:00","dateModified":"2025-08-06T13:50:15+00:00","description":"SpinBetter ile bahis ve kumar d\u00fcnyas\u0131na kat\u0131l\u0131n! Toplulu\u011fumuza kat\u0131l\u0131n, bonuslar al\u0131n ve y\u00fcksek \u015fansla bahis yap\u0131n.","breadcrumb":{"@id":"https:\/\/spinbetter.cafe\/tr\/#breadcrumb"},"inLanguage":"tr","potentialAction":[{"@type":"ReadAction","target":["https:\/\/spinbetter.cafe\/tr\/"]}]},{"@type":"BreadcrumbList","@id":"https:\/\/spinbetter.cafe\/tr\/#breadcrumb","itemListElement":[{"@type":"ListItem","position":1,"name":"\u0413\u043b\u0430\u0432\u043d\u0430\u044f \u0441\u0442\u0440\u0430\u043d\u0438\u0446\u0430","item":"https:\/\/spinbetter.cafe\/tr\/"},{"@type":"ListItem","position":2,"name":"Ana sayfa"}]},{"@type":"WebSite","@id":"https:\/\/spinbetter.cafe\/tr\/#website","url":"https:\/\/spinbetter.cafe\/tr\/","name":"SpinBetter Cafe TR","description":"","potentialAction":[{"@type":"SearchAction","target":{"@type":"EntryPoint","urlTemplate":"https:\/\/spinbetter.cafe\/tr\/?s={search_term_string}"},"query-input":{"@type":"PropertyValueSpecification","valueRequired":true,"valueName":"search_term_string"}}],"inLanguage":"tr"}]}},"_links":{"self":[{"href":"https:\/\/spinbetter.cafe\/tr\/wp-json\/wp\/v2\/pages\/2"}],"collection":[{"href":"https:\/\/spinbetter.cafe\/tr\/wp-json\/wp\/v2\/pages"}],"about":[{"href":"https:\/\/spinbetter.cafe\/tr\/wp-json\/wp\/v2\/types\/page"}],"author":[{"embeddable":true,"href":"https:\/\/spinbetter.cafe\/tr\/wp-json\/wp\/v2\/users\/1"}],"replies":[{"embeddable":true,"href":"https:\/\/spinbetter.cafe\/tr\/wp-json\/wp\/v2\/comments?post=2"}],"version-history":[{"count":34,"href":"https:\/\/spinbetter.cafe\/tr\/wp-json\/wp\/v2\/pages\/2\/revisions"}],"predecessor-version":[{"id":431,"href":"https:\/\/spinbetter.cafe\/tr\/wp-json\/wp\/v2\/pages\/2\/revisions\/431"}],"wp:attachment":[{"href":"https:\/\/spinbetter.cafe\/tr\/wp-json\/wp\/v2\/media?parent=2"}],"curies":[{"name":"wp","href":"https:\/\/api.w.org\/{rel}","templated":true}]}}