{"id":410,"date":"2025-06-03T10:26:20","date_gmt":"2025-06-03T10:26:20","guid":{"rendered":"https:\/\/spinbetter.cafe\/tr-tr\/?page_id=410"},"modified":"2025-06-03T10:26:29","modified_gmt":"2025-06-03T10:26:29","slug":"vote-for-sports","status":"publish","type":"page","link":"https:\/\/spinbetter.cafe\/tr-tr\/bonus\/vote-for-sports\/","title":{"rendered":"Spor i\u00e7in oy verin"},"content":{"rendered":"","protected":false},"excerpt":{"rendered":"","protected":false},"author":1,"featured_media":0,"parent":152,"menu_order":0,"comment_status":"closed","ping_status":"closed","template":"","meta":{"footnotes":""},"class_list":["post-410","page","type-page","status-publish","hentry"],"yoast_head":"<!-- This site is optimized with the Yoast SEO plugin v25.1 - https:\/\/yoast.com\/wordpress\/plugins\/seo\/ -->\n<title>Sporlara oy verin SpinBetter &gt; 200 EUR&#039;ya kadar \u00fccretsiz bahis<\/title>\n<meta name=\"description\" content=\"SpinBetter casino&#039;da favori disiplininizi se\u00e7in ve 200 EUR&#039;ya kadar \u00fccretsiz bahis kazan\u0131n. Basit ko\u015fullar, h\u0131zl\u0131 bir bonus ve daha fazlas\u0131n\u0131 kazanma \u015fans\u0131!\" \/>\n<meta name=\"robots\" content=\"index, follow, max-snippet:-1, max-image-preview:large, max-video-preview:-1\" \/>\n<meta property=\"og:locale\" content=\"tr_TR\" \/>\n<meta property=\"og:type\" content=\"article\" \/>\n<meta property=\"og:title\" content=\"Sporlara oy verin SpinBetter &gt; 200 EUR&#039;ya kadar \u00fccretsiz bahis\" \/>\n<meta property=\"og:description\" content=\"SpinBetter casino&#039;da favori disiplininizi se\u00e7in ve 200 EUR&#039;ya kadar \u00fccretsiz bahis kazan\u0131n. Basit ko\u015fullar, h\u0131zl\u0131 bir bonus ve daha fazlas\u0131n\u0131 kazanma \u015fans\u0131!\" \/>\n<meta property=\"og:url\" content=\"https:\/\/spinbetter.cafe\/tr-tr\/bonus\/vote-for-sports\/\" \/>\n<meta property=\"og:site_name\" content=\"Spinbetter TR-TR\" \/>\n<meta property=\"article:modified_time\" content=\"2025-06-03T10:26:29+00:00\" \/>\n<meta name=\"twitter:card\" content=\"summary_large_image\" \/>\n<script type=\"application\/ld+json\" class=\"yoast-schema-graph\">{\"@context\":\"https:\/\/schema.org\",\"@graph\":[{\"@type\":\"WebPage\",\"@id\":\"https:\/\/spinbetter.cafe\/tr-tr\/bonus\/vote-for-sports\/\",\"url\":\"https:\/\/spinbetter.cafe\/tr-tr\/bonus\/vote-for-sports\/\",\"name\":\"Sporlara oy verin SpinBetter > 200 EUR'ya kadar \u00fccretsiz bahis\",\"isPartOf\":{\"@id\":\"https:\/\/spinbetter.cafe\/tr-tr\/#website\"},\"datePublished\":\"2025-06-03T10:26:20+00:00\",\"dateModified\":\"2025-06-03T10:26:29+00:00\",\"description\":\"SpinBetter casino'da favori disiplininizi se\u00e7in ve 200 EUR'ya kadar \u00fccretsiz bahis kazan\u0131n. Basit ko\u015fullar, h\u0131zl\u0131 bir bonus ve daha fazlas\u0131n\u0131 kazanma \u015fans\u0131!\",\"breadcrumb\":{\"@id\":\"https:\/\/spinbetter.cafe\/tr-tr\/bonus\/vote-for-sports\/#breadcrumb\"},\"inLanguage\":\"tr\",\"potentialAction\":[{\"@type\":\"ReadAction\",\"target\":[\"https:\/\/spinbetter.cafe\/tr-tr\/bonus\/vote-for-sports\/\"]}]},{\"@type\":\"BreadcrumbList\",\"@id\":\"https:\/\/spinbetter.cafe\/tr-tr\/bonus\/vote-for-sports\/#breadcrumb\",\"itemListElement\":[{\"@type\":\"ListItem\",\"position\":1,\"name\":\"\u0413\u043b\u0430\u0432\u043d\u0430\u044f \u0441\u0442\u0440\u0430\u043d\u0438\u0446\u0430\",\"item\":\"https:\/\/spinbetter.cafe\/tr-tr\/\"},{\"@type\":\"ListItem\",\"position\":2,\"name\":\"Bonus\",\"item\":\"https:\/\/spinbetter.cafe\/tr-tr\/bonus\/\"},{\"@type\":\"ListItem\",\"position\":3,\"name\":\"Spor i\u00e7in oy verin\"}]},{\"@type\":\"WebSite\",\"@id\":\"https:\/\/spinbetter.cafe\/tr-tr\/#website\",\"url\":\"https:\/\/spinbetter.cafe\/tr-tr\/\",\"name\":\"Spinbetter TR-TR\",\"description\":\"\",\"potentialAction\":[{\"@type\":\"SearchAction\",\"target\":{\"@type\":\"EntryPoint\",\"urlTemplate\":\"https:\/\/spinbetter.cafe\/tr-tr\/?s={search_term_string}\"},\"query-input\":{\"@type\":\"PropertyValueSpecification\",\"valueRequired\":true,\"valueName\":\"search_term_string\"}}],\"inLanguage\":\"tr\"}]}<\/script>\n<!-- \/ Yoast SEO plugin. -->","yoast_head_json":{"title":"Sporlara oy verin SpinBetter > 200 EUR'ya kadar \u00fccretsiz bahis","description":"SpinBetter casino'da favori disiplininizi se\u00e7in ve 200 EUR'ya kadar \u00fccretsiz bahis kazan\u0131n. Basit ko\u015fullar, h\u0131zl\u0131 bir bonus ve daha fazlas\u0131n\u0131 kazanma \u015fans\u0131!","robots":{"index":"index","follow":"follow","max-snippet":"max-snippet:-1","max-image-preview":"max-image-preview:large","max-video-preview":"max-video-preview:-1"},"og_locale":"tr_TR","og_type":"article","og_title":"Sporlara oy verin SpinBetter > 200 EUR'ya kadar \u00fccretsiz bahis","og_description":"SpinBetter casino'da favori disiplininizi se\u00e7in ve 200 EUR'ya kadar \u00fccretsiz bahis kazan\u0131n. Basit ko\u015fullar, h\u0131zl\u0131 bir bonus ve daha fazlas\u0131n\u0131 kazanma \u015fans\u0131!","og_url":"https:\/\/spinbetter.cafe\/tr-tr\/bonus\/vote-for-sports\/","og_site_name":"Spinbetter TR-TR","article_modified_time":"2025-06-03T10:26:29+00:00","twitter_card":"summary_large_image","schema":{"@context":"https:\/\/schema.org","@graph":[{"@type":"WebPage","@id":"https:\/\/spinbetter.cafe\/tr-tr\/bonus\/vote-for-sports\/","url":"https:\/\/spinbetter.cafe\/tr-tr\/bonus\/vote-for-sports\/","name":"Sporlara oy verin SpinBetter > 200 EUR'ya kadar \u00fccretsiz bahis","isPartOf":{"@id":"https:\/\/spinbetter.cafe\/tr-tr\/#website"},"datePublished":"2025-06-03T10:26:20+00:00","dateModified":"2025-06-03T10:26:29+00:00","description":"SpinBetter casino'da favori disiplininizi se\u00e7in ve 200 EUR'ya kadar \u00fccretsiz bahis kazan\u0131n. Basit ko\u015fullar, h\u0131zl\u0131 bir bonus ve daha fazlas\u0131n\u0131 kazanma \u015fans\u0131!","breadcrumb":{"@id":"https:\/\/spinbetter.cafe\/tr-tr\/bonus\/vote-for-sports\/#breadcrumb"},"inLanguage":"tr","potentialAction":[{"@type":"ReadAction","target":["https:\/\/spinbetter.cafe\/tr-tr\/bonus\/vote-for-sports\/"]}]},{"@type":"BreadcrumbList","@id":"https:\/\/spinbetter.cafe\/tr-tr\/bonus\/vote-for-sports\/#breadcrumb","itemListElement":[{"@type":"ListItem","position":1,"name":"\u0413\u043b\u0430\u0432\u043d\u0430\u044f \u0441\u0442\u0440\u0430\u043d\u0438\u0446\u0430","item":"https:\/\/spinbetter.cafe\/tr-tr\/"},{"@type":"ListItem","position":2,"name":"Bonus","item":"https:\/\/spinbetter.cafe\/tr-tr\/bonus\/"},{"@type":"ListItem","position":3,"name":"Spor i\u00e7in oy verin"}]},{"@type":"WebSite","@id":"https:\/\/spinbetter.cafe\/tr-tr\/#website","url":"https:\/\/spinbetter.cafe\/tr-tr\/","name":"Spinbetter TR-TR","description":"","potentialAction":[{"@type":"SearchAction","target":{"@type":"EntryPoint","urlTemplate":"https:\/\/spinbetter.cafe\/tr-tr\/?s={search_term_string}"},"query-input":{"@type":"PropertyValueSpecification","valueRequired":true,"valueName":"search_term_string"}}],"inLanguage":"tr"}]}},"_links":{"self":[{"href":"https:\/\/spinbetter.cafe\/tr-tr\/wp-json\/wp\/v2\/pages\/410"}],"collection":[{"href":"https:\/\/spinbetter.cafe\/tr-tr\/wp-json\/wp\/v2\/pages"}],"about":[{"href":"https:\/\/spinbetter.cafe\/tr-tr\/wp-json\/wp\/v2\/types\/page"}],"author":[{"embeddable":true,"href":"https:\/\/spinbetter.cafe\/tr-tr\/wp-json\/wp\/v2\/users\/1"}],"replies":[{"embeddable":true,"href":"https:\/\/spinbetter.cafe\/tr-tr\/wp-json\/wp\/v2\/comments?post=410"}],"version-history":[{"count":1,"href":"https:\/\/spinbetter.cafe\/tr-tr\/wp-json\/wp\/v2\/pages\/410\/revisions"}],"predecessor-version":[{"id":411,"href":"https:\/\/spinbetter.cafe\/tr-tr\/wp-json\/wp\/v2\/pages\/410\/revisions\/411"}],"up":[{"embeddable":true,"href":"https:\/\/spinbetter.cafe\/tr-tr\/wp-json\/wp\/v2\/pages\/152"}],"wp:attachment":[{"href":"https:\/\/spinbetter.cafe\/tr-tr\/wp-json\/wp\/v2\/media?parent=410"}],"curies":[{"name":"wp","href":"https:\/\/api.w.org\/{rel}","templated":true}]}}