{"id":265,"date":"2024-11-14T09:46:10","date_gmt":"2024-11-14T09:46:10","guid":{"rendered":"https:\/\/spinbetter.cafe\/tr-tr\/?page_id=265"},"modified":"2025-03-13T09:15:07","modified_gmt":"2025-03-13T09:15:07","slug":"mirror","status":"publish","type":"page","link":"https:\/\/spinbetter.cafe\/tr-tr\/mirror\/","title":{"rendered":"Ayna"},"content":{"rendered":"","protected":false},"excerpt":{"rendered":"","protected":false},"author":1,"featured_media":0,"parent":0,"menu_order":0,"comment_status":"closed","ping_status":"closed","template":"","meta":{"footnotes":""},"class_list":["post-265","page","type-page","status-publish","hentry"],"yoast_head":"<!-- This site is optimized with the Yoast SEO plugin v25.1 - https:\/\/yoast.com\/wordpress\/plugins\/seo\/ -->\n<title>SpinBetter Mirror &gt; Engelleme olmadan siteye eri\u015fim<\/title>\n<meta name=\"description\" content=\"Bahislere ve oyunlara t\u0131kanma olmadan h\u0131zl\u0131 ve g\u00fcvenli eri\u015fim i\u00e7in mevcut SpinBetter aynas\u0131n\u0131 kullan\u0131n.\" \/>\n<meta name=\"robots\" content=\"index, follow, max-snippet:-1, max-image-preview:large, max-video-preview:-1\" \/>\n<meta property=\"og:locale\" content=\"tr_TR\" \/>\n<meta property=\"og:type\" content=\"article\" \/>\n<meta property=\"og:title\" content=\"SpinBetter Mirror &gt; Engelleme olmadan siteye eri\u015fim\" \/>\n<meta property=\"og:description\" content=\"Bahislere ve oyunlara t\u0131kanma olmadan h\u0131zl\u0131 ve g\u00fcvenli eri\u015fim i\u00e7in mevcut SpinBetter aynas\u0131n\u0131 kullan\u0131n.\" \/>\n<meta property=\"og:url\" content=\"https:\/\/spinbetter.cafe\/tr-tr\/mirror\/\" \/>\n<meta property=\"og:site_name\" content=\"Spinbetter TR-TR\" \/>\n<meta property=\"article:modified_time\" content=\"2025-03-13T09:15:07+00:00\" \/>\n<meta name=\"twitter:card\" content=\"summary_large_image\" \/>\n<script type=\"application\/ld+json\" class=\"yoast-schema-graph\">{\"@context\":\"https:\/\/schema.org\",\"@graph\":[{\"@type\":\"WebPage\",\"@id\":\"https:\/\/spinbetter.cafe\/tr-tr\/mirror\/\",\"url\":\"https:\/\/spinbetter.cafe\/tr-tr\/mirror\/\",\"name\":\"SpinBetter Mirror > Engelleme olmadan siteye eri\u015fim\",\"isPartOf\":{\"@id\":\"https:\/\/spinbetter.cafe\/tr-tr\/#website\"},\"datePublished\":\"2024-11-14T09:46:10+00:00\",\"dateModified\":\"2025-03-13T09:15:07+00:00\",\"description\":\"Bahislere ve oyunlara t\u0131kanma olmadan h\u0131zl\u0131 ve g\u00fcvenli eri\u015fim i\u00e7in mevcut SpinBetter aynas\u0131n\u0131 kullan\u0131n.\",\"breadcrumb\":{\"@id\":\"https:\/\/spinbetter.cafe\/tr-tr\/mirror\/#breadcrumb\"},\"inLanguage\":\"tr\",\"potentialAction\":[{\"@type\":\"ReadAction\",\"target\":[\"https:\/\/spinbetter.cafe\/tr-tr\/mirror\/\"]}]},{\"@type\":\"BreadcrumbList\",\"@id\":\"https:\/\/spinbetter.cafe\/tr-tr\/mirror\/#breadcrumb\",\"itemListElement\":[{\"@type\":\"ListItem\",\"position\":1,\"name\":\"\u0413\u043b\u0430\u0432\u043d\u0430\u044f \u0441\u0442\u0440\u0430\u043d\u0438\u0446\u0430\",\"item\":\"https:\/\/spinbetter.cafe\/tr-tr\/\"},{\"@type\":\"ListItem\",\"position\":2,\"name\":\"Ayna\"}]},{\"@type\":\"WebSite\",\"@id\":\"https:\/\/spinbetter.cafe\/tr-tr\/#website\",\"url\":\"https:\/\/spinbetter.cafe\/tr-tr\/\",\"name\":\"Spinbetter TR-TR\",\"description\":\"\",\"potentialAction\":[{\"@type\":\"SearchAction\",\"target\":{\"@type\":\"EntryPoint\",\"urlTemplate\":\"https:\/\/spinbetter.cafe\/tr-tr\/?s={search_term_string}\"},\"query-input\":{\"@type\":\"PropertyValueSpecification\",\"valueRequired\":true,\"valueName\":\"search_term_string\"}}],\"inLanguage\":\"tr\"}]}<\/script>\n<!-- \/ Yoast SEO plugin. -->","yoast_head_json":{"title":"SpinBetter Mirror > Engelleme olmadan siteye eri\u015fim","description":"Bahislere ve oyunlara t\u0131kanma olmadan h\u0131zl\u0131 ve g\u00fcvenli eri\u015fim i\u00e7in mevcut SpinBetter aynas\u0131n\u0131 kullan\u0131n.","robots":{"index":"index","follow":"follow","max-snippet":"max-snippet:-1","max-image-preview":"max-image-preview:large","max-video-preview":"max-video-preview:-1"},"og_locale":"tr_TR","og_type":"article","og_title":"SpinBetter Mirror > Engelleme olmadan siteye eri\u015fim","og_description":"Bahislere ve oyunlara t\u0131kanma olmadan h\u0131zl\u0131 ve g\u00fcvenli eri\u015fim i\u00e7in mevcut SpinBetter aynas\u0131n\u0131 kullan\u0131n.","og_url":"https:\/\/spinbetter.cafe\/tr-tr\/mirror\/","og_site_name":"Spinbetter TR-TR","article_modified_time":"2025-03-13T09:15:07+00:00","twitter_card":"summary_large_image","schema":{"@context":"https:\/\/schema.org","@graph":[{"@type":"WebPage","@id":"https:\/\/spinbetter.cafe\/tr-tr\/mirror\/","url":"https:\/\/spinbetter.cafe\/tr-tr\/mirror\/","name":"SpinBetter Mirror > Engelleme olmadan siteye eri\u015fim","isPartOf":{"@id":"https:\/\/spinbetter.cafe\/tr-tr\/#website"},"datePublished":"2024-11-14T09:46:10+00:00","dateModified":"2025-03-13T09:15:07+00:00","description":"Bahislere ve oyunlara t\u0131kanma olmadan h\u0131zl\u0131 ve g\u00fcvenli eri\u015fim i\u00e7in mevcut SpinBetter aynas\u0131n\u0131 kullan\u0131n.","breadcrumb":{"@id":"https:\/\/spinbetter.cafe\/tr-tr\/mirror\/#breadcrumb"},"inLanguage":"tr","potentialAction":[{"@type":"ReadAction","target":["https:\/\/spinbetter.cafe\/tr-tr\/mirror\/"]}]},{"@type":"BreadcrumbList","@id":"https:\/\/spinbetter.cafe\/tr-tr\/mirror\/#breadcrumb","itemListElement":[{"@type":"ListItem","position":1,"name":"\u0413\u043b\u0430\u0432\u043d\u0430\u044f \u0441\u0442\u0440\u0430\u043d\u0438\u0446\u0430","item":"https:\/\/spinbetter.cafe\/tr-tr\/"},{"@type":"ListItem","position":2,"name":"Ayna"}]},{"@type":"WebSite","@id":"https:\/\/spinbetter.cafe\/tr-tr\/#website","url":"https:\/\/spinbetter.cafe\/tr-tr\/","name":"Spinbetter TR-TR","description":"","potentialAction":[{"@type":"SearchAction","target":{"@type":"EntryPoint","urlTemplate":"https:\/\/spinbetter.cafe\/tr-tr\/?s={search_term_string}"},"query-input":{"@type":"PropertyValueSpecification","valueRequired":true,"valueName":"search_term_string"}}],"inLanguage":"tr"}]}},"_links":{"self":[{"href":"https:\/\/spinbetter.cafe\/tr-tr\/wp-json\/wp\/v2\/pages\/265"}],"collection":[{"href":"https:\/\/spinbetter.cafe\/tr-tr\/wp-json\/wp\/v2\/pages"}],"about":[{"href":"https:\/\/spinbetter.cafe\/tr-tr\/wp-json\/wp\/v2\/types\/page"}],"author":[{"embeddable":true,"href":"https:\/\/spinbetter.cafe\/tr-tr\/wp-json\/wp\/v2\/users\/1"}],"replies":[{"embeddable":true,"href":"https:\/\/spinbetter.cafe\/tr-tr\/wp-json\/wp\/v2\/comments?post=265"}],"version-history":[{"count":16,"href":"https:\/\/spinbetter.cafe\/tr-tr\/wp-json\/wp\/v2\/pages\/265\/revisions"}],"predecessor-version":[{"id":389,"href":"https:\/\/spinbetter.cafe\/tr-tr\/wp-json\/wp\/v2\/pages\/265\/revisions\/389"}],"wp:attachment":[{"href":"https:\/\/spinbetter.cafe\/tr-tr\/wp-json\/wp\/v2\/media?parent=265"}],"curies":[{"name":"wp","href":"https:\/\/api.w.org\/{rel}","templated":true}]}}