{"id":414,"date":"2025-06-06T10:17:40","date_gmt":"2025-06-06T10:17:40","guid":{"rendered":"https:\/\/spinbetter.cafe\/sl\/?page_id=414"},"modified":"2025-06-06T10:17:51","modified_gmt":"2025-06-06T10:17:51","slug":"subscribe-telegram","status":"publish","type":"page","link":"https:\/\/spinbetter.cafe\/sl\/bonus\/subscribe-telegram\/","title":{"rendered":"Naro\u010dite se na Telegram"},"content":{"rendered":"","protected":false},"excerpt":{"rendered":"","protected":false},"author":1,"featured_media":0,"parent":152,"menu_order":0,"comment_status":"closed","ping_status":"closed","template":"","meta":{"footnotes":""},"class_list":["post-414","page","type-page","status-publish","hentry"],"yoast_head":"<!-- This site is optimized with the Yoast SEO plugin v25.1 - https:\/\/yoast.com\/wordpress\/plugins\/seo\/ -->\n<title>Pridru\u017eite se Telegram kanalu SpinBetter in prejmite 100 brezpla\u010dnih vrtljajev<\/title>\n<meta name=\"description\" content=\"Ne zamudite! Naro\u010dite se na na\u0161 novo lansirani Telegram kanal SpinBetter in si takoj prislu\u017eite 100 brezpla\u010dnih vrtljajev! Pridru\u017eite se zdaj za ekskluzivne promocije, vznemirljive nagrade in ugodnosti za poznavalce, ki jih dobi le na\u0161a skupnost.\" \/>\n<meta name=\"robots\" content=\"index, follow, max-snippet:-1, max-image-preview:large, max-video-preview:-1\" \/>\n<meta property=\"og:locale\" content=\"sl_SI\" \/>\n<meta property=\"og:type\" content=\"article\" \/>\n<meta property=\"og:title\" content=\"Pridru\u017eite se Telegram kanalu SpinBetter in prejmite 100 brezpla\u010dnih vrtljajev\" \/>\n<meta property=\"og:description\" content=\"Ne zamudite! Naro\u010dite se na na\u0161 novo lansirani Telegram kanal SpinBetter in si takoj prislu\u017eite 100 brezpla\u010dnih vrtljajev! Pridru\u017eite se zdaj za ekskluzivne promocije, vznemirljive nagrade in ugodnosti za poznavalce, ki jih dobi le na\u0161a skupnost.\" \/>\n<meta property=\"og:url\" content=\"https:\/\/spinbetter.cafe\/sl\/bonus\/subscribe-telegram\/\" \/>\n<meta property=\"og:site_name\" content=\"SpinBetter.cafe SL\" \/>\n<meta property=\"article:modified_time\" content=\"2025-06-06T10:17:51+00:00\" \/>\n<meta name=\"twitter:card\" content=\"summary_large_image\" \/>\n<script type=\"application\/ld+json\" class=\"yoast-schema-graph\">{\"@context\":\"https:\/\/schema.org\",\"@graph\":[{\"@type\":\"WebPage\",\"@id\":\"https:\/\/spinbetter.cafe\/sl\/bonus\/subscribe-telegram\/\",\"url\":\"https:\/\/spinbetter.cafe\/sl\/bonus\/subscribe-telegram\/\",\"name\":\"Pridru\u017eite se Telegram kanalu SpinBetter in prejmite 100 brezpla\u010dnih vrtljajev\",\"isPartOf\":{\"@id\":\"https:\/\/spinbetter.cafe\/sl\/#website\"},\"datePublished\":\"2025-06-06T10:17:40+00:00\",\"dateModified\":\"2025-06-06T10:17:51+00:00\",\"description\":\"Ne zamudite! Naro\u010dite se na na\u0161 novo lansirani Telegram kanal SpinBetter in si takoj prislu\u017eite 100 brezpla\u010dnih vrtljajev! Pridru\u017eite se zdaj za ekskluzivne promocije, vznemirljive nagrade in ugodnosti za poznavalce, ki jih dobi le na\u0161a skupnost.\",\"breadcrumb\":{\"@id\":\"https:\/\/spinbetter.cafe\/sl\/bonus\/subscribe-telegram\/#breadcrumb\"},\"inLanguage\":\"sl-SI\",\"potentialAction\":[{\"@type\":\"ReadAction\",\"target\":[\"https:\/\/spinbetter.cafe\/sl\/bonus\/subscribe-telegram\/\"]}]},{\"@type\":\"BreadcrumbList\",\"@id\":\"https:\/\/spinbetter.cafe\/sl\/bonus\/subscribe-telegram\/#breadcrumb\",\"itemListElement\":[{\"@type\":\"ListItem\",\"position\":1,\"name\":\"\u0413\u043b\u0430\u0432\u043d\u0430\u044f \u0441\u0442\u0440\u0430\u043d\u0438\u0446\u0430\",\"item\":\"https:\/\/spinbetter.cafe\/sl\/\"},{\"@type\":\"ListItem\",\"position\":2,\"name\":\"Bonus\",\"item\":\"https:\/\/spinbetter.cafe\/sl\/bonus\/\"},{\"@type\":\"ListItem\",\"position\":3,\"name\":\"Naro\u010dite se na Telegram\"}]},{\"@type\":\"WebSite\",\"@id\":\"https:\/\/spinbetter.cafe\/sl\/#website\",\"url\":\"https:\/\/spinbetter.cafe\/sl\/\",\"name\":\"SpinBetter.cafe SL\",\"description\":\"\",\"potentialAction\":[{\"@type\":\"SearchAction\",\"target\":{\"@type\":\"EntryPoint\",\"urlTemplate\":\"https:\/\/spinbetter.cafe\/sl\/?s={search_term_string}\"},\"query-input\":{\"@type\":\"PropertyValueSpecification\",\"valueRequired\":true,\"valueName\":\"search_term_string\"}}],\"inLanguage\":\"sl-SI\"}]}<\/script>\n<!-- \/ Yoast SEO plugin. -->","yoast_head_json":{"title":"Pridru\u017eite se Telegram kanalu SpinBetter in prejmite 100 brezpla\u010dnih vrtljajev","description":"Ne zamudite! Naro\u010dite se na na\u0161 novo lansirani Telegram kanal SpinBetter in si takoj prislu\u017eite 100 brezpla\u010dnih vrtljajev! Pridru\u017eite se zdaj za ekskluzivne promocije, vznemirljive nagrade in ugodnosti za poznavalce, ki jih dobi le na\u0161a skupnost.","robots":{"index":"index","follow":"follow","max-snippet":"max-snippet:-1","max-image-preview":"max-image-preview:large","max-video-preview":"max-video-preview:-1"},"og_locale":"sl_SI","og_type":"article","og_title":"Pridru\u017eite se Telegram kanalu SpinBetter in prejmite 100 brezpla\u010dnih vrtljajev","og_description":"Ne zamudite! Naro\u010dite se na na\u0161 novo lansirani Telegram kanal SpinBetter in si takoj prislu\u017eite 100 brezpla\u010dnih vrtljajev! Pridru\u017eite se zdaj za ekskluzivne promocije, vznemirljive nagrade in ugodnosti za poznavalce, ki jih dobi le na\u0161a skupnost.","og_url":"https:\/\/spinbetter.cafe\/sl\/bonus\/subscribe-telegram\/","og_site_name":"SpinBetter.cafe SL","article_modified_time":"2025-06-06T10:17:51+00:00","twitter_card":"summary_large_image","schema":{"@context":"https:\/\/schema.org","@graph":[{"@type":"WebPage","@id":"https:\/\/spinbetter.cafe\/sl\/bonus\/subscribe-telegram\/","url":"https:\/\/spinbetter.cafe\/sl\/bonus\/subscribe-telegram\/","name":"Pridru\u017eite se Telegram kanalu SpinBetter in prejmite 100 brezpla\u010dnih vrtljajev","isPartOf":{"@id":"https:\/\/spinbetter.cafe\/sl\/#website"},"datePublished":"2025-06-06T10:17:40+00:00","dateModified":"2025-06-06T10:17:51+00:00","description":"Ne zamudite! Naro\u010dite se na na\u0161 novo lansirani Telegram kanal SpinBetter in si takoj prislu\u017eite 100 brezpla\u010dnih vrtljajev! Pridru\u017eite se zdaj za ekskluzivne promocije, vznemirljive nagrade in ugodnosti za poznavalce, ki jih dobi le na\u0161a skupnost.","breadcrumb":{"@id":"https:\/\/spinbetter.cafe\/sl\/bonus\/subscribe-telegram\/#breadcrumb"},"inLanguage":"sl-SI","potentialAction":[{"@type":"ReadAction","target":["https:\/\/spinbetter.cafe\/sl\/bonus\/subscribe-telegram\/"]}]},{"@type":"BreadcrumbList","@id":"https:\/\/spinbetter.cafe\/sl\/bonus\/subscribe-telegram\/#breadcrumb","itemListElement":[{"@type":"ListItem","position":1,"name":"\u0413\u043b\u0430\u0432\u043d\u0430\u044f \u0441\u0442\u0440\u0430\u043d\u0438\u0446\u0430","item":"https:\/\/spinbetter.cafe\/sl\/"},{"@type":"ListItem","position":2,"name":"Bonus","item":"https:\/\/spinbetter.cafe\/sl\/bonus\/"},{"@type":"ListItem","position":3,"name":"Naro\u010dite se na Telegram"}]},{"@type":"WebSite","@id":"https:\/\/spinbetter.cafe\/sl\/#website","url":"https:\/\/spinbetter.cafe\/sl\/","name":"SpinBetter.cafe SL","description":"","potentialAction":[{"@type":"SearchAction","target":{"@type":"EntryPoint","urlTemplate":"https:\/\/spinbetter.cafe\/sl\/?s={search_term_string}"},"query-input":{"@type":"PropertyValueSpecification","valueRequired":true,"valueName":"search_term_string"}}],"inLanguage":"sl-SI"}]}},"_links":{"self":[{"href":"https:\/\/spinbetter.cafe\/sl\/wp-json\/wp\/v2\/pages\/414"}],"collection":[{"href":"https:\/\/spinbetter.cafe\/sl\/wp-json\/wp\/v2\/pages"}],"about":[{"href":"https:\/\/spinbetter.cafe\/sl\/wp-json\/wp\/v2\/types\/page"}],"author":[{"embeddable":true,"href":"https:\/\/spinbetter.cafe\/sl\/wp-json\/wp\/v2\/users\/1"}],"replies":[{"embeddable":true,"href":"https:\/\/spinbetter.cafe\/sl\/wp-json\/wp\/v2\/comments?post=414"}],"version-history":[{"count":1,"href":"https:\/\/spinbetter.cafe\/sl\/wp-json\/wp\/v2\/pages\/414\/revisions"}],"predecessor-version":[{"id":415,"href":"https:\/\/spinbetter.cafe\/sl\/wp-json\/wp\/v2\/pages\/414\/revisions\/415"}],"up":[{"embeddable":true,"href":"https:\/\/spinbetter.cafe\/sl\/wp-json\/wp\/v2\/pages\/152"}],"wp:attachment":[{"href":"https:\/\/spinbetter.cafe\/sl\/wp-json\/wp\/v2\/media?parent=414"}],"curies":[{"name":"wp","href":"https:\/\/api.w.org\/{rel}","templated":true}]}}