{"id":407,"date":"2025-07-07T13:14:28","date_gmt":"2025-07-07T13:14:28","guid":{"rendered":"https:\/\/spinbetter.cafe\/sk\/?page_id=407"},"modified":"2025-07-07T13:14:36","modified_gmt":"2025-07-07T13:14:36","slug":"return-on-bets","status":"publish","type":"page","link":"https:\/\/spinbetter.cafe\/sk\/bonus\/return-on-bets\/","title":{"rendered":"Vr\u00e1tenie pe\u0148az\u00ed za st\u00e1vky SpinBetter"},"content":{"rendered":"","protected":false},"excerpt":{"rendered":"","protected":false},"author":1,"featured_media":0,"parent":152,"menu_order":0,"comment_status":"closed","ping_status":"closed","template":"","meta":{"footnotes":""},"class_list":["post-407","page","type-page","status-publish","hentry"],"yoast_head":"<!-- This site is optimized with the Yoast SEO plugin v25.1 - https:\/\/yoast.com\/wordpress\/plugins\/seo\/ -->\n<title>Vr\u00e1tenie st\u00e1vky SpinBetter \u1405 T\u00fd\u017edenn\u00fd cashback<\/title>\n<meta name=\"description\" content=\"Z\u00edskajte 3% cashback ka\u017ed\u00fd t\u00fd\u017ede\u0148 a\u017e do v\u00fd\u0161ky 1000 EUR! Stavte si na SpinBetter s kurzom od 1,5 a z\u00edskajte sp\u00e4\u0165 \u010das\u0165 straten\u00fdch prostriedkov bez ak\u00fdchko\u013evek \u010fal\u0161\u00edch podmienok.\" \/>\n<meta name=\"robots\" content=\"index, follow, max-snippet:-1, max-image-preview:large, max-video-preview:-1\" \/>\n<meta property=\"og:locale\" content=\"sk_SK\" \/>\n<meta property=\"og:type\" content=\"article\" \/>\n<meta property=\"og:title\" content=\"Vr\u00e1tenie st\u00e1vky SpinBetter \u1405 T\u00fd\u017edenn\u00fd cashback\" \/>\n<meta property=\"og:description\" content=\"Z\u00edskajte 3% cashback ka\u017ed\u00fd t\u00fd\u017ede\u0148 a\u017e do v\u00fd\u0161ky 1000 EUR! Stavte si na SpinBetter s kurzom od 1,5 a z\u00edskajte sp\u00e4\u0165 \u010das\u0165 straten\u00fdch prostriedkov bez ak\u00fdchko\u013evek \u010fal\u0161\u00edch podmienok.\" \/>\n<meta property=\"og:url\" content=\"https:\/\/spinbetter.cafe\/sk\/bonus\/return-on-bets\/\" \/>\n<meta property=\"og:site_name\" content=\"Spinbetter Cafe SK\" \/>\n<meta property=\"article:modified_time\" content=\"2025-07-07T13:14:36+00:00\" \/>\n<meta name=\"twitter:card\" content=\"summary_large_image\" \/>\n<script type=\"application\/ld+json\" class=\"yoast-schema-graph\">{\"@context\":\"https:\/\/schema.org\",\"@graph\":[{\"@type\":\"WebPage\",\"@id\":\"https:\/\/spinbetter.cafe\/sk\/bonus\/return-on-bets\/\",\"url\":\"https:\/\/spinbetter.cafe\/sk\/bonus\/return-on-bets\/\",\"name\":\"Vr\u00e1tenie st\u00e1vky SpinBetter \u1405 T\u00fd\u017edenn\u00fd cashback\",\"isPartOf\":{\"@id\":\"https:\/\/spinbetter.cafe\/sk\/#website\"},\"datePublished\":\"2025-07-07T13:14:28+00:00\",\"dateModified\":\"2025-07-07T13:14:36+00:00\",\"description\":\"Z\u00edskajte 3% cashback ka\u017ed\u00fd t\u00fd\u017ede\u0148 a\u017e do v\u00fd\u0161ky 1000 EUR! Stavte si na SpinBetter s kurzom od 1,5 a z\u00edskajte sp\u00e4\u0165 \u010das\u0165 straten\u00fdch prostriedkov bez ak\u00fdchko\u013evek \u010fal\u0161\u00edch podmienok.\",\"breadcrumb\":{\"@id\":\"https:\/\/spinbetter.cafe\/sk\/bonus\/return-on-bets\/#breadcrumb\"},\"inLanguage\":\"sk-SK\",\"potentialAction\":[{\"@type\":\"ReadAction\",\"target\":[\"https:\/\/spinbetter.cafe\/sk\/bonus\/return-on-bets\/\"]}]},{\"@type\":\"BreadcrumbList\",\"@id\":\"https:\/\/spinbetter.cafe\/sk\/bonus\/return-on-bets\/#breadcrumb\",\"itemListElement\":[{\"@type\":\"ListItem\",\"position\":1,\"name\":\"\u0413\u043b\u0430\u0432\u043d\u0430\u044f \u0441\u0442\u0440\u0430\u043d\u0438\u0446\u0430\",\"item\":\"https:\/\/spinbetter.cafe\/sk\/\"},{\"@type\":\"ListItem\",\"position\":2,\"name\":\"Bonus\",\"item\":\"https:\/\/spinbetter.cafe\/sk\/bonus\/\"},{\"@type\":\"ListItem\",\"position\":3,\"name\":\"Vr\u00e1tenie pe\u0148az\u00ed za st\u00e1vky SpinBetter\"}]},{\"@type\":\"WebSite\",\"@id\":\"https:\/\/spinbetter.cafe\/sk\/#website\",\"url\":\"https:\/\/spinbetter.cafe\/sk\/\",\"name\":\"Spinbetter Cafe SK\",\"description\":\"\",\"potentialAction\":[{\"@type\":\"SearchAction\",\"target\":{\"@type\":\"EntryPoint\",\"urlTemplate\":\"https:\/\/spinbetter.cafe\/sk\/?s={search_term_string}\"},\"query-input\":{\"@type\":\"PropertyValueSpecification\",\"valueRequired\":true,\"valueName\":\"search_term_string\"}}],\"inLanguage\":\"sk-SK\"}]}<\/script>\n<!-- \/ Yoast SEO plugin. -->","yoast_head_json":{"title":"Vr\u00e1tenie st\u00e1vky SpinBetter \u1405 T\u00fd\u017edenn\u00fd cashback","description":"Z\u00edskajte 3% cashback ka\u017ed\u00fd t\u00fd\u017ede\u0148 a\u017e do v\u00fd\u0161ky 1000 EUR! Stavte si na SpinBetter s kurzom od 1,5 a z\u00edskajte sp\u00e4\u0165 \u010das\u0165 straten\u00fdch prostriedkov bez ak\u00fdchko\u013evek \u010fal\u0161\u00edch podmienok.","robots":{"index":"index","follow":"follow","max-snippet":"max-snippet:-1","max-image-preview":"max-image-preview:large","max-video-preview":"max-video-preview:-1"},"og_locale":"sk_SK","og_type":"article","og_title":"Vr\u00e1tenie st\u00e1vky SpinBetter \u1405 T\u00fd\u017edenn\u00fd cashback","og_description":"Z\u00edskajte 3% cashback ka\u017ed\u00fd t\u00fd\u017ede\u0148 a\u017e do v\u00fd\u0161ky 1000 EUR! Stavte si na SpinBetter s kurzom od 1,5 a z\u00edskajte sp\u00e4\u0165 \u010das\u0165 straten\u00fdch prostriedkov bez ak\u00fdchko\u013evek \u010fal\u0161\u00edch podmienok.","og_url":"https:\/\/spinbetter.cafe\/sk\/bonus\/return-on-bets\/","og_site_name":"Spinbetter Cafe SK","article_modified_time":"2025-07-07T13:14:36+00:00","twitter_card":"summary_large_image","schema":{"@context":"https:\/\/schema.org","@graph":[{"@type":"WebPage","@id":"https:\/\/spinbetter.cafe\/sk\/bonus\/return-on-bets\/","url":"https:\/\/spinbetter.cafe\/sk\/bonus\/return-on-bets\/","name":"Vr\u00e1tenie st\u00e1vky SpinBetter \u1405 T\u00fd\u017edenn\u00fd cashback","isPartOf":{"@id":"https:\/\/spinbetter.cafe\/sk\/#website"},"datePublished":"2025-07-07T13:14:28+00:00","dateModified":"2025-07-07T13:14:36+00:00","description":"Z\u00edskajte 3% cashback ka\u017ed\u00fd t\u00fd\u017ede\u0148 a\u017e do v\u00fd\u0161ky 1000 EUR! Stavte si na SpinBetter s kurzom od 1,5 a z\u00edskajte sp\u00e4\u0165 \u010das\u0165 straten\u00fdch prostriedkov bez ak\u00fdchko\u013evek \u010fal\u0161\u00edch podmienok.","breadcrumb":{"@id":"https:\/\/spinbetter.cafe\/sk\/bonus\/return-on-bets\/#breadcrumb"},"inLanguage":"sk-SK","potentialAction":[{"@type":"ReadAction","target":["https:\/\/spinbetter.cafe\/sk\/bonus\/return-on-bets\/"]}]},{"@type":"BreadcrumbList","@id":"https:\/\/spinbetter.cafe\/sk\/bonus\/return-on-bets\/#breadcrumb","itemListElement":[{"@type":"ListItem","position":1,"name":"\u0413\u043b\u0430\u0432\u043d\u0430\u044f \u0441\u0442\u0440\u0430\u043d\u0438\u0446\u0430","item":"https:\/\/spinbetter.cafe\/sk\/"},{"@type":"ListItem","position":2,"name":"Bonus","item":"https:\/\/spinbetter.cafe\/sk\/bonus\/"},{"@type":"ListItem","position":3,"name":"Vr\u00e1tenie pe\u0148az\u00ed za st\u00e1vky SpinBetter"}]},{"@type":"WebSite","@id":"https:\/\/spinbetter.cafe\/sk\/#website","url":"https:\/\/spinbetter.cafe\/sk\/","name":"Spinbetter Cafe SK","description":"","potentialAction":[{"@type":"SearchAction","target":{"@type":"EntryPoint","urlTemplate":"https:\/\/spinbetter.cafe\/sk\/?s={search_term_string}"},"query-input":{"@type":"PropertyValueSpecification","valueRequired":true,"valueName":"search_term_string"}}],"inLanguage":"sk-SK"}]}},"_links":{"self":[{"href":"https:\/\/spinbetter.cafe\/sk\/wp-json\/wp\/v2\/pages\/407"}],"collection":[{"href":"https:\/\/spinbetter.cafe\/sk\/wp-json\/wp\/v2\/pages"}],"about":[{"href":"https:\/\/spinbetter.cafe\/sk\/wp-json\/wp\/v2\/types\/page"}],"author":[{"embeddable":true,"href":"https:\/\/spinbetter.cafe\/sk\/wp-json\/wp\/v2\/users\/1"}],"replies":[{"embeddable":true,"href":"https:\/\/spinbetter.cafe\/sk\/wp-json\/wp\/v2\/comments?post=407"}],"version-history":[{"count":1,"href":"https:\/\/spinbetter.cafe\/sk\/wp-json\/wp\/v2\/pages\/407\/revisions"}],"predecessor-version":[{"id":408,"href":"https:\/\/spinbetter.cafe\/sk\/wp-json\/wp\/v2\/pages\/407\/revisions\/408"}],"up":[{"embeddable":true,"href":"https:\/\/spinbetter.cafe\/sk\/wp-json\/wp\/v2\/pages\/152"}],"wp:attachment":[{"href":"https:\/\/spinbetter.cafe\/sk\/wp-json\/wp\/v2\/media?parent=407"}],"curies":[{"name":"wp","href":"https:\/\/api.w.org\/{rel}","templated":true}]}}