{"id":394,"date":"2025-06-06T09:40:51","date_gmt":"2025-06-06T09:40:51","guid":{"rendered":"https:\/\/spinbetter.cafe\/sk\/?page_id=394"},"modified":"2025-06-06T09:41:02","modified_gmt":"2025-06-06T09:41:02","slug":"subscribe-telegram","status":"publish","type":"page","link":"https:\/\/spinbetter.cafe\/sk\/bonus\/subscribe-telegram\/","title":{"rendered":"Prihl\u00e1si\u0165 sa na odber telegramu"},"content":{"rendered":"","protected":false},"excerpt":{"rendered":"","protected":false},"author":1,"featured_media":0,"parent":152,"menu_order":0,"comment_status":"closed","ping_status":"closed","template":"","meta":{"footnotes":""},"class_list":["post-394","page","type-page","status-publish","hentry"],"yoast_head":"<!-- This site is optimized with the Yoast SEO plugin v25.1 - https:\/\/yoast.com\/wordpress\/plugins\/seo\/ -->\n<title>Pridajte sa ku SpinBetter Telegram kan\u00e1lu a z\u00edskajte 100 rozto\u010den\u00ed zadarmo<\/title>\n<meta name=\"description\" content=\"Nenechajte si to ujs\u0165! Prihl\u00e1ste sa na odber n\u00e1\u0161ho novo spusten\u00e9ho Telegram kan\u00e1la SpinBetter a okam\u017eite z\u00edskajte 100 rozto\u010den\u00ed zadarmo! Pridajte sa teraz a z\u00edskajte exkluz\u00edvne propaga\u010dn\u00e9 akcie, vzru\u0161uj\u00face dar\u010deky a v\u00fdhody pre zasv\u00e4ten\u00fdch, ktor\u00e9 z\u00edska iba na\u0161a komunita.\" \/>\n<meta name=\"robots\" content=\"index, follow, max-snippet:-1, max-image-preview:large, max-video-preview:-1\" \/>\n<meta property=\"og:locale\" content=\"sk_SK\" \/>\n<meta property=\"og:type\" content=\"article\" \/>\n<meta property=\"og:title\" content=\"Pridajte sa ku SpinBetter Telegram kan\u00e1lu a z\u00edskajte 100 rozto\u010den\u00ed zadarmo\" \/>\n<meta property=\"og:description\" content=\"Nenechajte si to ujs\u0165! Prihl\u00e1ste sa na odber n\u00e1\u0161ho novo spusten\u00e9ho Telegram kan\u00e1la SpinBetter a okam\u017eite z\u00edskajte 100 rozto\u010den\u00ed zadarmo! Pridajte sa teraz a z\u00edskajte exkluz\u00edvne propaga\u010dn\u00e9 akcie, vzru\u0161uj\u00face dar\u010deky a v\u00fdhody pre zasv\u00e4ten\u00fdch, ktor\u00e9 z\u00edska iba na\u0161a komunita.\" \/>\n<meta property=\"og:url\" content=\"https:\/\/spinbetter.cafe\/sk\/bonus\/subscribe-telegram\/\" \/>\n<meta property=\"og:site_name\" content=\"Spinbetter Cafe SK\" \/>\n<meta property=\"article:modified_time\" content=\"2025-06-06T09:41:02+00:00\" \/>\n<meta name=\"twitter:card\" content=\"summary_large_image\" \/>\n<script type=\"application\/ld+json\" class=\"yoast-schema-graph\">{\"@context\":\"https:\/\/schema.org\",\"@graph\":[{\"@type\":\"WebPage\",\"@id\":\"https:\/\/spinbetter.cafe\/sk\/bonus\/subscribe-telegram\/\",\"url\":\"https:\/\/spinbetter.cafe\/sk\/bonus\/subscribe-telegram\/\",\"name\":\"Pridajte sa ku SpinBetter Telegram kan\u00e1lu a z\u00edskajte 100 rozto\u010den\u00ed zadarmo\",\"isPartOf\":{\"@id\":\"https:\/\/spinbetter.cafe\/sk\/#website\"},\"datePublished\":\"2025-06-06T09:40:51+00:00\",\"dateModified\":\"2025-06-06T09:41:02+00:00\",\"description\":\"Nenechajte si to ujs\u0165! Prihl\u00e1ste sa na odber n\u00e1\u0161ho novo spusten\u00e9ho Telegram kan\u00e1la SpinBetter a okam\u017eite z\u00edskajte 100 rozto\u010den\u00ed zadarmo! Pridajte sa teraz a z\u00edskajte exkluz\u00edvne propaga\u010dn\u00e9 akcie, vzru\u0161uj\u00face dar\u010deky a v\u00fdhody pre zasv\u00e4ten\u00fdch, ktor\u00e9 z\u00edska iba na\u0161a komunita.\",\"breadcrumb\":{\"@id\":\"https:\/\/spinbetter.cafe\/sk\/bonus\/subscribe-telegram\/#breadcrumb\"},\"inLanguage\":\"sk-SK\",\"potentialAction\":[{\"@type\":\"ReadAction\",\"target\":[\"https:\/\/spinbetter.cafe\/sk\/bonus\/subscribe-telegram\/\"]}]},{\"@type\":\"BreadcrumbList\",\"@id\":\"https:\/\/spinbetter.cafe\/sk\/bonus\/subscribe-telegram\/#breadcrumb\",\"itemListElement\":[{\"@type\":\"ListItem\",\"position\":1,\"name\":\"\u0413\u043b\u0430\u0432\u043d\u0430\u044f \u0441\u0442\u0440\u0430\u043d\u0438\u0446\u0430\",\"item\":\"https:\/\/spinbetter.cafe\/sk\/\"},{\"@type\":\"ListItem\",\"position\":2,\"name\":\"Bonus\",\"item\":\"https:\/\/spinbetter.cafe\/sk\/bonus\/\"},{\"@type\":\"ListItem\",\"position\":3,\"name\":\"Prihl\u00e1si\u0165 sa na odber telegramu\"}]},{\"@type\":\"WebSite\",\"@id\":\"https:\/\/spinbetter.cafe\/sk\/#website\",\"url\":\"https:\/\/spinbetter.cafe\/sk\/\",\"name\":\"Spinbetter Cafe SK\",\"description\":\"\",\"potentialAction\":[{\"@type\":\"SearchAction\",\"target\":{\"@type\":\"EntryPoint\",\"urlTemplate\":\"https:\/\/spinbetter.cafe\/sk\/?s={search_term_string}\"},\"query-input\":{\"@type\":\"PropertyValueSpecification\",\"valueRequired\":true,\"valueName\":\"search_term_string\"}}],\"inLanguage\":\"sk-SK\"}]}<\/script>\n<!-- \/ Yoast SEO plugin. -->","yoast_head_json":{"title":"Pridajte sa ku SpinBetter Telegram kan\u00e1lu a z\u00edskajte 100 rozto\u010den\u00ed zadarmo","description":"Nenechajte si to ujs\u0165! Prihl\u00e1ste sa na odber n\u00e1\u0161ho novo spusten\u00e9ho Telegram kan\u00e1la SpinBetter a okam\u017eite z\u00edskajte 100 rozto\u010den\u00ed zadarmo! Pridajte sa teraz a z\u00edskajte exkluz\u00edvne propaga\u010dn\u00e9 akcie, vzru\u0161uj\u00face dar\u010deky a v\u00fdhody pre zasv\u00e4ten\u00fdch, ktor\u00e9 z\u00edska iba na\u0161a komunita.","robots":{"index":"index","follow":"follow","max-snippet":"max-snippet:-1","max-image-preview":"max-image-preview:large","max-video-preview":"max-video-preview:-1"},"og_locale":"sk_SK","og_type":"article","og_title":"Pridajte sa ku SpinBetter Telegram kan\u00e1lu a z\u00edskajte 100 rozto\u010den\u00ed zadarmo","og_description":"Nenechajte si to ujs\u0165! Prihl\u00e1ste sa na odber n\u00e1\u0161ho novo spusten\u00e9ho Telegram kan\u00e1la SpinBetter a okam\u017eite z\u00edskajte 100 rozto\u010den\u00ed zadarmo! Pridajte sa teraz a z\u00edskajte exkluz\u00edvne propaga\u010dn\u00e9 akcie, vzru\u0161uj\u00face dar\u010deky a v\u00fdhody pre zasv\u00e4ten\u00fdch, ktor\u00e9 z\u00edska iba na\u0161a komunita.","og_url":"https:\/\/spinbetter.cafe\/sk\/bonus\/subscribe-telegram\/","og_site_name":"Spinbetter Cafe SK","article_modified_time":"2025-06-06T09:41:02+00:00","twitter_card":"summary_large_image","schema":{"@context":"https:\/\/schema.org","@graph":[{"@type":"WebPage","@id":"https:\/\/spinbetter.cafe\/sk\/bonus\/subscribe-telegram\/","url":"https:\/\/spinbetter.cafe\/sk\/bonus\/subscribe-telegram\/","name":"Pridajte sa ku SpinBetter Telegram kan\u00e1lu a z\u00edskajte 100 rozto\u010den\u00ed zadarmo","isPartOf":{"@id":"https:\/\/spinbetter.cafe\/sk\/#website"},"datePublished":"2025-06-06T09:40:51+00:00","dateModified":"2025-06-06T09:41:02+00:00","description":"Nenechajte si to ujs\u0165! Prihl\u00e1ste sa na odber n\u00e1\u0161ho novo spusten\u00e9ho Telegram kan\u00e1la SpinBetter a okam\u017eite z\u00edskajte 100 rozto\u010den\u00ed zadarmo! Pridajte sa teraz a z\u00edskajte exkluz\u00edvne propaga\u010dn\u00e9 akcie, vzru\u0161uj\u00face dar\u010deky a v\u00fdhody pre zasv\u00e4ten\u00fdch, ktor\u00e9 z\u00edska iba na\u0161a komunita.","breadcrumb":{"@id":"https:\/\/spinbetter.cafe\/sk\/bonus\/subscribe-telegram\/#breadcrumb"},"inLanguage":"sk-SK","potentialAction":[{"@type":"ReadAction","target":["https:\/\/spinbetter.cafe\/sk\/bonus\/subscribe-telegram\/"]}]},{"@type":"BreadcrumbList","@id":"https:\/\/spinbetter.cafe\/sk\/bonus\/subscribe-telegram\/#breadcrumb","itemListElement":[{"@type":"ListItem","position":1,"name":"\u0413\u043b\u0430\u0432\u043d\u0430\u044f \u0441\u0442\u0440\u0430\u043d\u0438\u0446\u0430","item":"https:\/\/spinbetter.cafe\/sk\/"},{"@type":"ListItem","position":2,"name":"Bonus","item":"https:\/\/spinbetter.cafe\/sk\/bonus\/"},{"@type":"ListItem","position":3,"name":"Prihl\u00e1si\u0165 sa na odber telegramu"}]},{"@type":"WebSite","@id":"https:\/\/spinbetter.cafe\/sk\/#website","url":"https:\/\/spinbetter.cafe\/sk\/","name":"Spinbetter Cafe SK","description":"","potentialAction":[{"@type":"SearchAction","target":{"@type":"EntryPoint","urlTemplate":"https:\/\/spinbetter.cafe\/sk\/?s={search_term_string}"},"query-input":{"@type":"PropertyValueSpecification","valueRequired":true,"valueName":"search_term_string"}}],"inLanguage":"sk-SK"}]}},"_links":{"self":[{"href":"https:\/\/spinbetter.cafe\/sk\/wp-json\/wp\/v2\/pages\/394"}],"collection":[{"href":"https:\/\/spinbetter.cafe\/sk\/wp-json\/wp\/v2\/pages"}],"about":[{"href":"https:\/\/spinbetter.cafe\/sk\/wp-json\/wp\/v2\/types\/page"}],"author":[{"embeddable":true,"href":"https:\/\/spinbetter.cafe\/sk\/wp-json\/wp\/v2\/users\/1"}],"replies":[{"embeddable":true,"href":"https:\/\/spinbetter.cafe\/sk\/wp-json\/wp\/v2\/comments?post=394"}],"version-history":[{"count":1,"href":"https:\/\/spinbetter.cafe\/sk\/wp-json\/wp\/v2\/pages\/394\/revisions"}],"predecessor-version":[{"id":395,"href":"https:\/\/spinbetter.cafe\/sk\/wp-json\/wp\/v2\/pages\/394\/revisions\/395"}],"up":[{"embeddable":true,"href":"https:\/\/spinbetter.cafe\/sk\/wp-json\/wp\/v2\/pages\/152"}],"wp:attachment":[{"href":"https:\/\/spinbetter.cafe\/sk\/wp-json\/wp\/v2\/media?parent=394"}],"curies":[{"name":"wp","href":"https:\/\/api.w.org\/{rel}","templated":true}]}}