{"id":392,"date":"2025-06-06T09:37:55","date_gmt":"2025-06-06T09:37:55","guid":{"rendered":"https:\/\/spinbetter.cafe\/sk\/?page_id=392"},"modified":"2025-06-06T09:38:03","modified_gmt":"2025-06-06T09:38:03","slug":"loyalty","status":"publish","type":"page","link":"https:\/\/spinbetter.cafe\/sk\/bonus\/loyalty\/","title":{"rendered":"Vernos\u0165"},"content":{"rendered":"","protected":false},"excerpt":{"rendered":"","protected":false},"author":1,"featured_media":0,"parent":152,"menu_order":0,"comment_status":"closed","ping_status":"closed","template":"","meta":{"footnotes":""},"class_list":["post-392","page","type-page","status-publish","hentry"],"yoast_head":"<!-- This site is optimized with the Yoast SEO plugin v25.1 - https:\/\/yoast.com\/wordpress\/plugins\/seo\/ -->\n<title>Vernos\u0165 Spinbetter sa vypl\u00e1ca &gt; Z\u00edskajte 50% bonus + 100 rozto\u010den\u00ed zadarmo<\/title>\n<meta name=\"description\" content=\"Vernos\u0165 m\u00e1 na Spinbetter svoje v\u00fdhody! Dosiahnite svoj 10. vklad a z\u00edskajte skvel\u00fd 50% bonus plus a\u017e 100 rozto\u010den\u00ed zadarmo! Boli ste s nami \u2013 teraz je \u010das vyu\u017ei\u0165 odmeny. Nenechajte si ujs\u0165 t\u00fato exkluz\u00edvnu ponuku!\" \/>\n<meta name=\"robots\" content=\"index, follow, max-snippet:-1, max-image-preview:large, max-video-preview:-1\" \/>\n<meta property=\"og:locale\" content=\"sk_SK\" \/>\n<meta property=\"og:type\" content=\"article\" \/>\n<meta property=\"og:title\" content=\"Vernos\u0165 Spinbetter sa vypl\u00e1ca &gt; Z\u00edskajte 50% bonus + 100 rozto\u010den\u00ed zadarmo\" \/>\n<meta property=\"og:description\" content=\"Vernos\u0165 m\u00e1 na Spinbetter svoje v\u00fdhody! Dosiahnite svoj 10. vklad a z\u00edskajte skvel\u00fd 50% bonus plus a\u017e 100 rozto\u010den\u00ed zadarmo! Boli ste s nami \u2013 teraz je \u010das vyu\u017ei\u0165 odmeny. Nenechajte si ujs\u0165 t\u00fato exkluz\u00edvnu ponuku!\" \/>\n<meta property=\"og:url\" content=\"https:\/\/spinbetter.cafe\/sk\/bonus\/loyalty\/\" \/>\n<meta property=\"og:site_name\" content=\"Spinbetter Cafe SK\" \/>\n<meta property=\"article:modified_time\" content=\"2025-06-06T09:38:03+00:00\" \/>\n<meta name=\"twitter:card\" content=\"summary_large_image\" \/>\n<script type=\"application\/ld+json\" class=\"yoast-schema-graph\">{\"@context\":\"https:\/\/schema.org\",\"@graph\":[{\"@type\":\"WebPage\",\"@id\":\"https:\/\/spinbetter.cafe\/sk\/bonus\/loyalty\/\",\"url\":\"https:\/\/spinbetter.cafe\/sk\/bonus\/loyalty\/\",\"name\":\"Vernos\u0165 Spinbetter sa vypl\u00e1ca > Z\u00edskajte 50% bonus + 100 rozto\u010den\u00ed zadarmo\",\"isPartOf\":{\"@id\":\"https:\/\/spinbetter.cafe\/sk\/#website\"},\"datePublished\":\"2025-06-06T09:37:55+00:00\",\"dateModified\":\"2025-06-06T09:38:03+00:00\",\"description\":\"Vernos\u0165 m\u00e1 na Spinbetter svoje v\u00fdhody! Dosiahnite svoj 10. vklad a z\u00edskajte skvel\u00fd 50% bonus plus a\u017e 100 rozto\u010den\u00ed zadarmo! Boli ste s nami \u2013 teraz je \u010das vyu\u017ei\u0165 odmeny. Nenechajte si ujs\u0165 t\u00fato exkluz\u00edvnu ponuku!\",\"breadcrumb\":{\"@id\":\"https:\/\/spinbetter.cafe\/sk\/bonus\/loyalty\/#breadcrumb\"},\"inLanguage\":\"sk-SK\",\"potentialAction\":[{\"@type\":\"ReadAction\",\"target\":[\"https:\/\/spinbetter.cafe\/sk\/bonus\/loyalty\/\"]}]},{\"@type\":\"BreadcrumbList\",\"@id\":\"https:\/\/spinbetter.cafe\/sk\/bonus\/loyalty\/#breadcrumb\",\"itemListElement\":[{\"@type\":\"ListItem\",\"position\":1,\"name\":\"\u0413\u043b\u0430\u0432\u043d\u0430\u044f \u0441\u0442\u0440\u0430\u043d\u0438\u0446\u0430\",\"item\":\"https:\/\/spinbetter.cafe\/sk\/\"},{\"@type\":\"ListItem\",\"position\":2,\"name\":\"Bonus\",\"item\":\"https:\/\/spinbetter.cafe\/sk\/bonus\/\"},{\"@type\":\"ListItem\",\"position\":3,\"name\":\"Vernos\u0165\"}]},{\"@type\":\"WebSite\",\"@id\":\"https:\/\/spinbetter.cafe\/sk\/#website\",\"url\":\"https:\/\/spinbetter.cafe\/sk\/\",\"name\":\"Spinbetter Cafe SK\",\"description\":\"\",\"potentialAction\":[{\"@type\":\"SearchAction\",\"target\":{\"@type\":\"EntryPoint\",\"urlTemplate\":\"https:\/\/spinbetter.cafe\/sk\/?s={search_term_string}\"},\"query-input\":{\"@type\":\"PropertyValueSpecification\",\"valueRequired\":true,\"valueName\":\"search_term_string\"}}],\"inLanguage\":\"sk-SK\"}]}<\/script>\n<!-- \/ Yoast SEO plugin. -->","yoast_head_json":{"title":"Vernos\u0165 Spinbetter sa vypl\u00e1ca > Z\u00edskajte 50% bonus + 100 rozto\u010den\u00ed zadarmo","description":"Vernos\u0165 m\u00e1 na Spinbetter svoje v\u00fdhody! Dosiahnite svoj 10. vklad a z\u00edskajte skvel\u00fd 50% bonus plus a\u017e 100 rozto\u010den\u00ed zadarmo! Boli ste s nami \u2013 teraz je \u010das vyu\u017ei\u0165 odmeny. Nenechajte si ujs\u0165 t\u00fato exkluz\u00edvnu ponuku!","robots":{"index":"index","follow":"follow","max-snippet":"max-snippet:-1","max-image-preview":"max-image-preview:large","max-video-preview":"max-video-preview:-1"},"og_locale":"sk_SK","og_type":"article","og_title":"Vernos\u0165 Spinbetter sa vypl\u00e1ca > Z\u00edskajte 50% bonus + 100 rozto\u010den\u00ed zadarmo","og_description":"Vernos\u0165 m\u00e1 na Spinbetter svoje v\u00fdhody! Dosiahnite svoj 10. vklad a z\u00edskajte skvel\u00fd 50% bonus plus a\u017e 100 rozto\u010den\u00ed zadarmo! Boli ste s nami \u2013 teraz je \u010das vyu\u017ei\u0165 odmeny. Nenechajte si ujs\u0165 t\u00fato exkluz\u00edvnu ponuku!","og_url":"https:\/\/spinbetter.cafe\/sk\/bonus\/loyalty\/","og_site_name":"Spinbetter Cafe SK","article_modified_time":"2025-06-06T09:38:03+00:00","twitter_card":"summary_large_image","schema":{"@context":"https:\/\/schema.org","@graph":[{"@type":"WebPage","@id":"https:\/\/spinbetter.cafe\/sk\/bonus\/loyalty\/","url":"https:\/\/spinbetter.cafe\/sk\/bonus\/loyalty\/","name":"Vernos\u0165 Spinbetter sa vypl\u00e1ca > Z\u00edskajte 50% bonus + 100 rozto\u010den\u00ed zadarmo","isPartOf":{"@id":"https:\/\/spinbetter.cafe\/sk\/#website"},"datePublished":"2025-06-06T09:37:55+00:00","dateModified":"2025-06-06T09:38:03+00:00","description":"Vernos\u0165 m\u00e1 na Spinbetter svoje v\u00fdhody! Dosiahnite svoj 10. vklad a z\u00edskajte skvel\u00fd 50% bonus plus a\u017e 100 rozto\u010den\u00ed zadarmo! Boli ste s nami \u2013 teraz je \u010das vyu\u017ei\u0165 odmeny. Nenechajte si ujs\u0165 t\u00fato exkluz\u00edvnu ponuku!","breadcrumb":{"@id":"https:\/\/spinbetter.cafe\/sk\/bonus\/loyalty\/#breadcrumb"},"inLanguage":"sk-SK","potentialAction":[{"@type":"ReadAction","target":["https:\/\/spinbetter.cafe\/sk\/bonus\/loyalty\/"]}]},{"@type":"BreadcrumbList","@id":"https:\/\/spinbetter.cafe\/sk\/bonus\/loyalty\/#breadcrumb","itemListElement":[{"@type":"ListItem","position":1,"name":"\u0413\u043b\u0430\u0432\u043d\u0430\u044f \u0441\u0442\u0440\u0430\u043d\u0438\u0446\u0430","item":"https:\/\/spinbetter.cafe\/sk\/"},{"@type":"ListItem","position":2,"name":"Bonus","item":"https:\/\/spinbetter.cafe\/sk\/bonus\/"},{"@type":"ListItem","position":3,"name":"Vernos\u0165"}]},{"@type":"WebSite","@id":"https:\/\/spinbetter.cafe\/sk\/#website","url":"https:\/\/spinbetter.cafe\/sk\/","name":"Spinbetter Cafe SK","description":"","potentialAction":[{"@type":"SearchAction","target":{"@type":"EntryPoint","urlTemplate":"https:\/\/spinbetter.cafe\/sk\/?s={search_term_string}"},"query-input":{"@type":"PropertyValueSpecification","valueRequired":true,"valueName":"search_term_string"}}],"inLanguage":"sk-SK"}]}},"_links":{"self":[{"href":"https:\/\/spinbetter.cafe\/sk\/wp-json\/wp\/v2\/pages\/392"}],"collection":[{"href":"https:\/\/spinbetter.cafe\/sk\/wp-json\/wp\/v2\/pages"}],"about":[{"href":"https:\/\/spinbetter.cafe\/sk\/wp-json\/wp\/v2\/types\/page"}],"author":[{"embeddable":true,"href":"https:\/\/spinbetter.cafe\/sk\/wp-json\/wp\/v2\/users\/1"}],"replies":[{"embeddable":true,"href":"https:\/\/spinbetter.cafe\/sk\/wp-json\/wp\/v2\/comments?post=392"}],"version-history":[{"count":1,"href":"https:\/\/spinbetter.cafe\/sk\/wp-json\/wp\/v2\/pages\/392\/revisions"}],"predecessor-version":[{"id":393,"href":"https:\/\/spinbetter.cafe\/sk\/wp-json\/wp\/v2\/pages\/392\/revisions\/393"}],"up":[{"embeddable":true,"href":"https:\/\/spinbetter.cafe\/sk\/wp-json\/wp\/v2\/pages\/152"}],"wp:attachment":[{"href":"https:\/\/spinbetter.cafe\/sk\/wp-json\/wp\/v2\/media?parent=392"}],"curies":[{"name":"wp","href":"https:\/\/api.w.org\/{rel}","templated":true}]}}