{"id":389,"date":"2025-06-06T11:38:47","date_gmt":"2025-06-06T11:38:47","guid":{"rendered":"https:\/\/spinbetter.cafe\/se\/?page_id=389"},"modified":"2025-06-06T11:38:56","modified_gmt":"2025-06-06T11:38:56","slug":"loyalty","status":"publish","type":"page","link":"https:\/\/spinbetter.cafe\/se\/bonus\/loyalty\/","title":{"rendered":"Lojalitet"},"content":{"rendered":"","protected":false},"excerpt":{"rendered":"","protected":false},"author":1,"featured_media":0,"parent":152,"menu_order":0,"comment_status":"closed","ping_status":"closed","template":"","meta":{"footnotes":""},"class_list":["post-389","page","type-page","status-publish","hentry"],"yoast_head":"<!-- This site is optimized with the Yoast SEO plugin v25.1 - https:\/\/yoast.com\/wordpress\/plugins\/seo\/ -->\n<title>Spinbetter Lojalitet L\u00f6nar Ut &gt; F\u00e5 50% Bonus + 100 Free Spins<\/title>\n<meta name=\"description\" content=\"Lojalitet har sina f\u00f6rdelar hos Spinbetter! G\u00f6r din tionde ins\u00e4ttning och f\u00e5 en fr\u00e4sande bonus p\u00e5 50 % plus upp till 100 gratissnurr! Du har varit med oss \u200b\u200b\u2013 nu \u00e4r det dags att ta del av bel\u00f6ningarna. Missa inte detta exklusiva erbjudande!\" \/>\n<meta name=\"robots\" content=\"index, follow, max-snippet:-1, max-image-preview:large, max-video-preview:-1\" \/>\n<meta property=\"og:locale\" content=\"sv_SE\" \/>\n<meta property=\"og:type\" content=\"article\" \/>\n<meta property=\"og:title\" content=\"Spinbetter Lojalitet L\u00f6nar Ut &gt; F\u00e5 50% Bonus + 100 Free Spins\" \/>\n<meta property=\"og:description\" content=\"Lojalitet har sina f\u00f6rdelar hos Spinbetter! G\u00f6r din tionde ins\u00e4ttning och f\u00e5 en fr\u00e4sande bonus p\u00e5 50 % plus upp till 100 gratissnurr! Du har varit med oss \u200b\u200b\u2013 nu \u00e4r det dags att ta del av bel\u00f6ningarna. Missa inte detta exklusiva erbjudande!\" \/>\n<meta property=\"og:url\" content=\"https:\/\/spinbetter.cafe\/se\/bonus\/loyalty\/\" \/>\n<meta property=\"og:site_name\" content=\"Spinbetter Cafe SE\" \/>\n<meta property=\"article:modified_time\" content=\"2025-06-06T11:38:56+00:00\" \/>\n<meta name=\"twitter:card\" content=\"summary_large_image\" \/>\n<script type=\"application\/ld+json\" class=\"yoast-schema-graph\">{\"@context\":\"https:\/\/schema.org\",\"@graph\":[{\"@type\":\"WebPage\",\"@id\":\"https:\/\/spinbetter.cafe\/se\/bonus\/loyalty\/\",\"url\":\"https:\/\/spinbetter.cafe\/se\/bonus\/loyalty\/\",\"name\":\"Spinbetter Lojalitet L\u00f6nar Ut > F\u00e5 50% Bonus + 100 Free Spins\",\"isPartOf\":{\"@id\":\"https:\/\/spinbetter.cafe\/se\/#website\"},\"datePublished\":\"2025-06-06T11:38:47+00:00\",\"dateModified\":\"2025-06-06T11:38:56+00:00\",\"description\":\"Lojalitet har sina f\u00f6rdelar hos Spinbetter! G\u00f6r din tionde ins\u00e4ttning och f\u00e5 en fr\u00e4sande bonus p\u00e5 50 % plus upp till 100 gratissnurr! Du har varit med oss \u200b\u200b\u2013 nu \u00e4r det dags att ta del av bel\u00f6ningarna. Missa inte detta exklusiva erbjudande!\",\"breadcrumb\":{\"@id\":\"https:\/\/spinbetter.cafe\/se\/bonus\/loyalty\/#breadcrumb\"},\"inLanguage\":\"sv-SE\",\"potentialAction\":[{\"@type\":\"ReadAction\",\"target\":[\"https:\/\/spinbetter.cafe\/se\/bonus\/loyalty\/\"]}]},{\"@type\":\"BreadcrumbList\",\"@id\":\"https:\/\/spinbetter.cafe\/se\/bonus\/loyalty\/#breadcrumb\",\"itemListElement\":[{\"@type\":\"ListItem\",\"position\":1,\"name\":\"\u0413\u043b\u0430\u0432\u043d\u0430\u044f \u0441\u0442\u0440\u0430\u043d\u0438\u0446\u0430\",\"item\":\"https:\/\/spinbetter.cafe\/se\/\"},{\"@type\":\"ListItem\",\"position\":2,\"name\":\"Bonus\",\"item\":\"https:\/\/spinbetter.cafe\/se\/bonus\/\"},{\"@type\":\"ListItem\",\"position\":3,\"name\":\"Lojalitet\"}]},{\"@type\":\"WebSite\",\"@id\":\"https:\/\/spinbetter.cafe\/se\/#website\",\"url\":\"https:\/\/spinbetter.cafe\/se\/\",\"name\":\"Spinbetter Cafe SE\",\"description\":\"\",\"potentialAction\":[{\"@type\":\"SearchAction\",\"target\":{\"@type\":\"EntryPoint\",\"urlTemplate\":\"https:\/\/spinbetter.cafe\/se\/?s={search_term_string}\"},\"query-input\":{\"@type\":\"PropertyValueSpecification\",\"valueRequired\":true,\"valueName\":\"search_term_string\"}}],\"inLanguage\":\"sv-SE\"}]}<\/script>\n<!-- \/ Yoast SEO plugin. -->","yoast_head_json":{"title":"Spinbetter Lojalitet L\u00f6nar Ut > F\u00e5 50% Bonus + 100 Free Spins","description":"Lojalitet har sina f\u00f6rdelar hos Spinbetter! G\u00f6r din tionde ins\u00e4ttning och f\u00e5 en fr\u00e4sande bonus p\u00e5 50 % plus upp till 100 gratissnurr! Du har varit med oss \u200b\u200b\u2013 nu \u00e4r det dags att ta del av bel\u00f6ningarna. Missa inte detta exklusiva erbjudande!","robots":{"index":"index","follow":"follow","max-snippet":"max-snippet:-1","max-image-preview":"max-image-preview:large","max-video-preview":"max-video-preview:-1"},"og_locale":"sv_SE","og_type":"article","og_title":"Spinbetter Lojalitet L\u00f6nar Ut > F\u00e5 50% Bonus + 100 Free Spins","og_description":"Lojalitet har sina f\u00f6rdelar hos Spinbetter! G\u00f6r din tionde ins\u00e4ttning och f\u00e5 en fr\u00e4sande bonus p\u00e5 50 % plus upp till 100 gratissnurr! Du har varit med oss \u200b\u200b\u2013 nu \u00e4r det dags att ta del av bel\u00f6ningarna. Missa inte detta exklusiva erbjudande!","og_url":"https:\/\/spinbetter.cafe\/se\/bonus\/loyalty\/","og_site_name":"Spinbetter Cafe SE","article_modified_time":"2025-06-06T11:38:56+00:00","twitter_card":"summary_large_image","schema":{"@context":"https:\/\/schema.org","@graph":[{"@type":"WebPage","@id":"https:\/\/spinbetter.cafe\/se\/bonus\/loyalty\/","url":"https:\/\/spinbetter.cafe\/se\/bonus\/loyalty\/","name":"Spinbetter Lojalitet L\u00f6nar Ut > F\u00e5 50% Bonus + 100 Free Spins","isPartOf":{"@id":"https:\/\/spinbetter.cafe\/se\/#website"},"datePublished":"2025-06-06T11:38:47+00:00","dateModified":"2025-06-06T11:38:56+00:00","description":"Lojalitet har sina f\u00f6rdelar hos Spinbetter! G\u00f6r din tionde ins\u00e4ttning och f\u00e5 en fr\u00e4sande bonus p\u00e5 50 % plus upp till 100 gratissnurr! Du har varit med oss \u200b\u200b\u2013 nu \u00e4r det dags att ta del av bel\u00f6ningarna. Missa inte detta exklusiva erbjudande!","breadcrumb":{"@id":"https:\/\/spinbetter.cafe\/se\/bonus\/loyalty\/#breadcrumb"},"inLanguage":"sv-SE","potentialAction":[{"@type":"ReadAction","target":["https:\/\/spinbetter.cafe\/se\/bonus\/loyalty\/"]}]},{"@type":"BreadcrumbList","@id":"https:\/\/spinbetter.cafe\/se\/bonus\/loyalty\/#breadcrumb","itemListElement":[{"@type":"ListItem","position":1,"name":"\u0413\u043b\u0430\u0432\u043d\u0430\u044f \u0441\u0442\u0440\u0430\u043d\u0438\u0446\u0430","item":"https:\/\/spinbetter.cafe\/se\/"},{"@type":"ListItem","position":2,"name":"Bonus","item":"https:\/\/spinbetter.cafe\/se\/bonus\/"},{"@type":"ListItem","position":3,"name":"Lojalitet"}]},{"@type":"WebSite","@id":"https:\/\/spinbetter.cafe\/se\/#website","url":"https:\/\/spinbetter.cafe\/se\/","name":"Spinbetter Cafe SE","description":"","potentialAction":[{"@type":"SearchAction","target":{"@type":"EntryPoint","urlTemplate":"https:\/\/spinbetter.cafe\/se\/?s={search_term_string}"},"query-input":{"@type":"PropertyValueSpecification","valueRequired":true,"valueName":"search_term_string"}}],"inLanguage":"sv-SE"}]}},"_links":{"self":[{"href":"https:\/\/spinbetter.cafe\/se\/wp-json\/wp\/v2\/pages\/389"}],"collection":[{"href":"https:\/\/spinbetter.cafe\/se\/wp-json\/wp\/v2\/pages"}],"about":[{"href":"https:\/\/spinbetter.cafe\/se\/wp-json\/wp\/v2\/types\/page"}],"author":[{"embeddable":true,"href":"https:\/\/spinbetter.cafe\/se\/wp-json\/wp\/v2\/users\/1"}],"replies":[{"embeddable":true,"href":"https:\/\/spinbetter.cafe\/se\/wp-json\/wp\/v2\/comments?post=389"}],"version-history":[{"count":1,"href":"https:\/\/spinbetter.cafe\/se\/wp-json\/wp\/v2\/pages\/389\/revisions"}],"predecessor-version":[{"id":390,"href":"https:\/\/spinbetter.cafe\/se\/wp-json\/wp\/v2\/pages\/389\/revisions\/390"}],"up":[{"embeddable":true,"href":"https:\/\/spinbetter.cafe\/se\/wp-json\/wp\/v2\/pages\/152"}],"wp:attachment":[{"href":"https:\/\/spinbetter.cafe\/se\/wp-json\/wp\/v2\/media?parent=389"}],"curies":[{"name":"wp","href":"https:\/\/api.w.org\/{rel}","templated":true}]}}