{"id":387,"date":"2025-06-06T11:36:16","date_gmt":"2025-06-06T11:36:16","guid":{"rendered":"https:\/\/spinbetter.cafe\/se\/?page_id=387"},"modified":"2025-06-06T11:36:27","modified_gmt":"2025-06-06T11:36:27","slug":"1st-deposit","status":"publish","type":"page","link":"https:\/\/spinbetter.cafe\/se\/bonus\/1st-deposit\/","title":{"rendered":"1:a ins\u00e4ttningen"},"content":{"rendered":"","protected":false},"excerpt":{"rendered":"","protected":false},"author":1,"featured_media":0,"parent":152,"menu_order":0,"comment_status":"closed","ping_status":"closed","template":"","meta":{"footnotes":""},"class_list":["post-387","page","type-page","status-publish","hentry"],"yoast_head":"<!-- This site is optimized with the Yoast SEO plugin v25.1 - https:\/\/yoast.com\/wordpress\/plugins\/seo\/ -->\n<title>Nya spelare Spinbetter v\u00e4lkomstbonus &gt; F\u00e5 100 % upp till 1500 \u20ac<\/title>\n<meta name=\"description\" content=\"G\u00f6r dig redo att stiga i niv\u00e5 med en massiv 100% bonus upp till \u20ac1500 p\u00e5 din f\u00f6rsta ins\u00e4ttning! Detta \u00e4r inte bara ett v\u00e4lkomstbonus \u2013 det \u00e4r revolutionerande. Grip sp\u00e4nningen och dubbla dina pengar \u2013 l\u00e5t inte denna m\u00f6jlighet glida dig ur h\u00e4nderna!\" \/>\n<meta name=\"robots\" content=\"index, follow, max-snippet:-1, max-image-preview:large, max-video-preview:-1\" \/>\n<meta property=\"og:locale\" content=\"sv_SE\" \/>\n<meta property=\"og:type\" content=\"article\" \/>\n<meta property=\"og:title\" content=\"Nya spelare Spinbetter v\u00e4lkomstbonus &gt; F\u00e5 100 % upp till 1500 \u20ac\" \/>\n<meta property=\"og:description\" content=\"G\u00f6r dig redo att stiga i niv\u00e5 med en massiv 100% bonus upp till \u20ac1500 p\u00e5 din f\u00f6rsta ins\u00e4ttning! Detta \u00e4r inte bara ett v\u00e4lkomstbonus \u2013 det \u00e4r revolutionerande. Grip sp\u00e4nningen och dubbla dina pengar \u2013 l\u00e5t inte denna m\u00f6jlighet glida dig ur h\u00e4nderna!\" \/>\n<meta property=\"og:url\" content=\"https:\/\/spinbetter.cafe\/se\/bonus\/1st-deposit\/\" \/>\n<meta property=\"og:site_name\" content=\"Spinbetter Cafe SE\" \/>\n<meta property=\"article:modified_time\" content=\"2025-06-06T11:36:27+00:00\" \/>\n<meta name=\"twitter:card\" content=\"summary_large_image\" \/>\n<script type=\"application\/ld+json\" class=\"yoast-schema-graph\">{\"@context\":\"https:\/\/schema.org\",\"@graph\":[{\"@type\":\"WebPage\",\"@id\":\"https:\/\/spinbetter.cafe\/se\/bonus\/1st-deposit\/\",\"url\":\"https:\/\/spinbetter.cafe\/se\/bonus\/1st-deposit\/\",\"name\":\"Nya spelare Spinbetter v\u00e4lkomstbonus > F\u00e5 100 % upp till 1500 \u20ac\",\"isPartOf\":{\"@id\":\"https:\/\/spinbetter.cafe\/se\/#website\"},\"datePublished\":\"2025-06-06T11:36:16+00:00\",\"dateModified\":\"2025-06-06T11:36:27+00:00\",\"description\":\"G\u00f6r dig redo att stiga i niv\u00e5 med en massiv 100% bonus upp till \u20ac1500 p\u00e5 din f\u00f6rsta ins\u00e4ttning! Detta \u00e4r inte bara ett v\u00e4lkomstbonus \u2013 det \u00e4r revolutionerande. Grip sp\u00e4nningen och dubbla dina pengar \u2013 l\u00e5t inte denna m\u00f6jlighet glida dig ur h\u00e4nderna!\",\"breadcrumb\":{\"@id\":\"https:\/\/spinbetter.cafe\/se\/bonus\/1st-deposit\/#breadcrumb\"},\"inLanguage\":\"sv-SE\",\"potentialAction\":[{\"@type\":\"ReadAction\",\"target\":[\"https:\/\/spinbetter.cafe\/se\/bonus\/1st-deposit\/\"]}]},{\"@type\":\"BreadcrumbList\",\"@id\":\"https:\/\/spinbetter.cafe\/se\/bonus\/1st-deposit\/#breadcrumb\",\"itemListElement\":[{\"@type\":\"ListItem\",\"position\":1,\"name\":\"\u0413\u043b\u0430\u0432\u043d\u0430\u044f \u0441\u0442\u0440\u0430\u043d\u0438\u0446\u0430\",\"item\":\"https:\/\/spinbetter.cafe\/se\/\"},{\"@type\":\"ListItem\",\"position\":2,\"name\":\"Bonus\",\"item\":\"https:\/\/spinbetter.cafe\/se\/bonus\/\"},{\"@type\":\"ListItem\",\"position\":3,\"name\":\"1:a ins\u00e4ttningen\"}]},{\"@type\":\"WebSite\",\"@id\":\"https:\/\/spinbetter.cafe\/se\/#website\",\"url\":\"https:\/\/spinbetter.cafe\/se\/\",\"name\":\"Spinbetter Cafe SE\",\"description\":\"\",\"potentialAction\":[{\"@type\":\"SearchAction\",\"target\":{\"@type\":\"EntryPoint\",\"urlTemplate\":\"https:\/\/spinbetter.cafe\/se\/?s={search_term_string}\"},\"query-input\":{\"@type\":\"PropertyValueSpecification\",\"valueRequired\":true,\"valueName\":\"search_term_string\"}}],\"inLanguage\":\"sv-SE\"}]}<\/script>\n<!-- \/ Yoast SEO plugin. -->","yoast_head_json":{"title":"Nya spelare Spinbetter v\u00e4lkomstbonus > F\u00e5 100 % upp till 1500 \u20ac","description":"G\u00f6r dig redo att stiga i niv\u00e5 med en massiv 100% bonus upp till \u20ac1500 p\u00e5 din f\u00f6rsta ins\u00e4ttning! Detta \u00e4r inte bara ett v\u00e4lkomstbonus \u2013 det \u00e4r revolutionerande. Grip sp\u00e4nningen och dubbla dina pengar \u2013 l\u00e5t inte denna m\u00f6jlighet glida dig ur h\u00e4nderna!","robots":{"index":"index","follow":"follow","max-snippet":"max-snippet:-1","max-image-preview":"max-image-preview:large","max-video-preview":"max-video-preview:-1"},"og_locale":"sv_SE","og_type":"article","og_title":"Nya spelare Spinbetter v\u00e4lkomstbonus > F\u00e5 100 % upp till 1500 \u20ac","og_description":"G\u00f6r dig redo att stiga i niv\u00e5 med en massiv 100% bonus upp till \u20ac1500 p\u00e5 din f\u00f6rsta ins\u00e4ttning! Detta \u00e4r inte bara ett v\u00e4lkomstbonus \u2013 det \u00e4r revolutionerande. Grip sp\u00e4nningen och dubbla dina pengar \u2013 l\u00e5t inte denna m\u00f6jlighet glida dig ur h\u00e4nderna!","og_url":"https:\/\/spinbetter.cafe\/se\/bonus\/1st-deposit\/","og_site_name":"Spinbetter Cafe SE","article_modified_time":"2025-06-06T11:36:27+00:00","twitter_card":"summary_large_image","schema":{"@context":"https:\/\/schema.org","@graph":[{"@type":"WebPage","@id":"https:\/\/spinbetter.cafe\/se\/bonus\/1st-deposit\/","url":"https:\/\/spinbetter.cafe\/se\/bonus\/1st-deposit\/","name":"Nya spelare Spinbetter v\u00e4lkomstbonus > F\u00e5 100 % upp till 1500 \u20ac","isPartOf":{"@id":"https:\/\/spinbetter.cafe\/se\/#website"},"datePublished":"2025-06-06T11:36:16+00:00","dateModified":"2025-06-06T11:36:27+00:00","description":"G\u00f6r dig redo att stiga i niv\u00e5 med en massiv 100% bonus upp till \u20ac1500 p\u00e5 din f\u00f6rsta ins\u00e4ttning! Detta \u00e4r inte bara ett v\u00e4lkomstbonus \u2013 det \u00e4r revolutionerande. Grip sp\u00e4nningen och dubbla dina pengar \u2013 l\u00e5t inte denna m\u00f6jlighet glida dig ur h\u00e4nderna!","breadcrumb":{"@id":"https:\/\/spinbetter.cafe\/se\/bonus\/1st-deposit\/#breadcrumb"},"inLanguage":"sv-SE","potentialAction":[{"@type":"ReadAction","target":["https:\/\/spinbetter.cafe\/se\/bonus\/1st-deposit\/"]}]},{"@type":"BreadcrumbList","@id":"https:\/\/spinbetter.cafe\/se\/bonus\/1st-deposit\/#breadcrumb","itemListElement":[{"@type":"ListItem","position":1,"name":"\u0413\u043b\u0430\u0432\u043d\u0430\u044f \u0441\u0442\u0440\u0430\u043d\u0438\u0446\u0430","item":"https:\/\/spinbetter.cafe\/se\/"},{"@type":"ListItem","position":2,"name":"Bonus","item":"https:\/\/spinbetter.cafe\/se\/bonus\/"},{"@type":"ListItem","position":3,"name":"1:a ins\u00e4ttningen"}]},{"@type":"WebSite","@id":"https:\/\/spinbetter.cafe\/se\/#website","url":"https:\/\/spinbetter.cafe\/se\/","name":"Spinbetter Cafe SE","description":"","potentialAction":[{"@type":"SearchAction","target":{"@type":"EntryPoint","urlTemplate":"https:\/\/spinbetter.cafe\/se\/?s={search_term_string}"},"query-input":{"@type":"PropertyValueSpecification","valueRequired":true,"valueName":"search_term_string"}}],"inLanguage":"sv-SE"}]}},"_links":{"self":[{"href":"https:\/\/spinbetter.cafe\/se\/wp-json\/wp\/v2\/pages\/387"}],"collection":[{"href":"https:\/\/spinbetter.cafe\/se\/wp-json\/wp\/v2\/pages"}],"about":[{"href":"https:\/\/spinbetter.cafe\/se\/wp-json\/wp\/v2\/types\/page"}],"author":[{"embeddable":true,"href":"https:\/\/spinbetter.cafe\/se\/wp-json\/wp\/v2\/users\/1"}],"replies":[{"embeddable":true,"href":"https:\/\/spinbetter.cafe\/se\/wp-json\/wp\/v2\/comments?post=387"}],"version-history":[{"count":1,"href":"https:\/\/spinbetter.cafe\/se\/wp-json\/wp\/v2\/pages\/387\/revisions"}],"predecessor-version":[{"id":388,"href":"https:\/\/spinbetter.cafe\/se\/wp-json\/wp\/v2\/pages\/387\/revisions\/388"}],"up":[{"embeddable":true,"href":"https:\/\/spinbetter.cafe\/se\/wp-json\/wp\/v2\/pages\/152"}],"wp:attachment":[{"href":"https:\/\/spinbetter.cafe\/se\/wp-json\/wp\/v2\/media?parent=387"}],"curies":[{"name":"wp","href":"https:\/\/api.w.org\/{rel}","templated":true}]}}