{"id":385,"date":"2025-06-06T11:33:27","date_gmt":"2025-06-06T11:33:27","guid":{"rendered":"https:\/\/spinbetter.cafe\/se\/?page_id=385"},"modified":"2025-06-06T11:33:36","modified_gmt":"2025-06-06T11:33:36","slug":"welcome-madness","status":"publish","type":"page","link":"https:\/\/spinbetter.cafe\/se\/bonus\/welcome-madness\/","title":{"rendered":"V\u00e4lkommen galenskap"},"content":{"rendered":"","protected":false},"excerpt":{"rendered":"","protected":false},"author":1,"featured_media":0,"parent":152,"menu_order":0,"comment_status":"closed","ping_status":"closed","template":"","meta":{"footnotes":""},"class_list":["post-385","page","type-page","status-publish","hentry"],"yoast_head":"<!-- This site is optimized with the Yoast SEO plugin v25.1 - https:\/\/yoast.com\/wordpress\/plugins\/seo\/ -->\n<title>V\u00e4lkomstpaket fr\u00e5n Spinbetter &gt; F\u00e5 1500 \u20ac + 150 gratissnurr<\/title>\n<meta name=\"description\" content=\"H\u00e4ng med i v\u00e4lkomstgalenskapen hos Spinbetter! F\u00e5 otroliga 1500 \u20ac + 150 gratissnurr i v\u00e5rt explosiva paket f\u00f6r nya spelare. Upplev sp\u00e4nningen! Missa inte det \u2013 h\u00e4mta din bonus!\" \/>\n<meta name=\"robots\" content=\"index, follow, max-snippet:-1, max-image-preview:large, max-video-preview:-1\" \/>\n<meta property=\"og:locale\" content=\"sv_SE\" \/>\n<meta property=\"og:type\" content=\"article\" \/>\n<meta property=\"og:title\" content=\"V\u00e4lkomstpaket fr\u00e5n Spinbetter &gt; F\u00e5 1500 \u20ac + 150 gratissnurr\" \/>\n<meta property=\"og:description\" content=\"H\u00e4ng med i v\u00e4lkomstgalenskapen hos Spinbetter! F\u00e5 otroliga 1500 \u20ac + 150 gratissnurr i v\u00e5rt explosiva paket f\u00f6r nya spelare. Upplev sp\u00e4nningen! Missa inte det \u2013 h\u00e4mta din bonus!\" \/>\n<meta property=\"og:url\" content=\"https:\/\/spinbetter.cafe\/se\/bonus\/welcome-madness\/\" \/>\n<meta property=\"og:site_name\" content=\"Spinbetter Cafe SE\" \/>\n<meta property=\"article:modified_time\" content=\"2025-06-06T11:33:36+00:00\" \/>\n<meta name=\"twitter:card\" content=\"summary_large_image\" \/>\n<script type=\"application\/ld+json\" class=\"yoast-schema-graph\">{\"@context\":\"https:\/\/schema.org\",\"@graph\":[{\"@type\":\"WebPage\",\"@id\":\"https:\/\/spinbetter.cafe\/se\/bonus\/welcome-madness\/\",\"url\":\"https:\/\/spinbetter.cafe\/se\/bonus\/welcome-madness\/\",\"name\":\"V\u00e4lkomstpaket fr\u00e5n Spinbetter > F\u00e5 1500 \u20ac + 150 gratissnurr\",\"isPartOf\":{\"@id\":\"https:\/\/spinbetter.cafe\/se\/#website\"},\"datePublished\":\"2025-06-06T11:33:27+00:00\",\"dateModified\":\"2025-06-06T11:33:36+00:00\",\"description\":\"H\u00e4ng med i v\u00e4lkomstgalenskapen hos Spinbetter! F\u00e5 otroliga 1500 \u20ac + 150 gratissnurr i v\u00e5rt explosiva paket f\u00f6r nya spelare. Upplev sp\u00e4nningen! Missa inte det \u2013 h\u00e4mta din bonus!\",\"breadcrumb\":{\"@id\":\"https:\/\/spinbetter.cafe\/se\/bonus\/welcome-madness\/#breadcrumb\"},\"inLanguage\":\"sv-SE\",\"potentialAction\":[{\"@type\":\"ReadAction\",\"target\":[\"https:\/\/spinbetter.cafe\/se\/bonus\/welcome-madness\/\"]}]},{\"@type\":\"BreadcrumbList\",\"@id\":\"https:\/\/spinbetter.cafe\/se\/bonus\/welcome-madness\/#breadcrumb\",\"itemListElement\":[{\"@type\":\"ListItem\",\"position\":1,\"name\":\"\u0413\u043b\u0430\u0432\u043d\u0430\u044f \u0441\u0442\u0440\u0430\u043d\u0438\u0446\u0430\",\"item\":\"https:\/\/spinbetter.cafe\/se\/\"},{\"@type\":\"ListItem\",\"position\":2,\"name\":\"Bonus\",\"item\":\"https:\/\/spinbetter.cafe\/se\/bonus\/\"},{\"@type\":\"ListItem\",\"position\":3,\"name\":\"V\u00e4lkommen galenskap\"}]},{\"@type\":\"WebSite\",\"@id\":\"https:\/\/spinbetter.cafe\/se\/#website\",\"url\":\"https:\/\/spinbetter.cafe\/se\/\",\"name\":\"Spinbetter Cafe SE\",\"description\":\"\",\"potentialAction\":[{\"@type\":\"SearchAction\",\"target\":{\"@type\":\"EntryPoint\",\"urlTemplate\":\"https:\/\/spinbetter.cafe\/se\/?s={search_term_string}\"},\"query-input\":{\"@type\":\"PropertyValueSpecification\",\"valueRequired\":true,\"valueName\":\"search_term_string\"}}],\"inLanguage\":\"sv-SE\"}]}<\/script>\n<!-- \/ Yoast SEO plugin. -->","yoast_head_json":{"title":"V\u00e4lkomstpaket fr\u00e5n Spinbetter > F\u00e5 1500 \u20ac + 150 gratissnurr","description":"H\u00e4ng med i v\u00e4lkomstgalenskapen hos Spinbetter! F\u00e5 otroliga 1500 \u20ac + 150 gratissnurr i v\u00e5rt explosiva paket f\u00f6r nya spelare. Upplev sp\u00e4nningen! Missa inte det \u2013 h\u00e4mta din bonus!","robots":{"index":"index","follow":"follow","max-snippet":"max-snippet:-1","max-image-preview":"max-image-preview:large","max-video-preview":"max-video-preview:-1"},"og_locale":"sv_SE","og_type":"article","og_title":"V\u00e4lkomstpaket fr\u00e5n Spinbetter > F\u00e5 1500 \u20ac + 150 gratissnurr","og_description":"H\u00e4ng med i v\u00e4lkomstgalenskapen hos Spinbetter! F\u00e5 otroliga 1500 \u20ac + 150 gratissnurr i v\u00e5rt explosiva paket f\u00f6r nya spelare. Upplev sp\u00e4nningen! Missa inte det \u2013 h\u00e4mta din bonus!","og_url":"https:\/\/spinbetter.cafe\/se\/bonus\/welcome-madness\/","og_site_name":"Spinbetter Cafe SE","article_modified_time":"2025-06-06T11:33:36+00:00","twitter_card":"summary_large_image","schema":{"@context":"https:\/\/schema.org","@graph":[{"@type":"WebPage","@id":"https:\/\/spinbetter.cafe\/se\/bonus\/welcome-madness\/","url":"https:\/\/spinbetter.cafe\/se\/bonus\/welcome-madness\/","name":"V\u00e4lkomstpaket fr\u00e5n Spinbetter > F\u00e5 1500 \u20ac + 150 gratissnurr","isPartOf":{"@id":"https:\/\/spinbetter.cafe\/se\/#website"},"datePublished":"2025-06-06T11:33:27+00:00","dateModified":"2025-06-06T11:33:36+00:00","description":"H\u00e4ng med i v\u00e4lkomstgalenskapen hos Spinbetter! F\u00e5 otroliga 1500 \u20ac + 150 gratissnurr i v\u00e5rt explosiva paket f\u00f6r nya spelare. Upplev sp\u00e4nningen! Missa inte det \u2013 h\u00e4mta din bonus!","breadcrumb":{"@id":"https:\/\/spinbetter.cafe\/se\/bonus\/welcome-madness\/#breadcrumb"},"inLanguage":"sv-SE","potentialAction":[{"@type":"ReadAction","target":["https:\/\/spinbetter.cafe\/se\/bonus\/welcome-madness\/"]}]},{"@type":"BreadcrumbList","@id":"https:\/\/spinbetter.cafe\/se\/bonus\/welcome-madness\/#breadcrumb","itemListElement":[{"@type":"ListItem","position":1,"name":"\u0413\u043b\u0430\u0432\u043d\u0430\u044f \u0441\u0442\u0440\u0430\u043d\u0438\u0446\u0430","item":"https:\/\/spinbetter.cafe\/se\/"},{"@type":"ListItem","position":2,"name":"Bonus","item":"https:\/\/spinbetter.cafe\/se\/bonus\/"},{"@type":"ListItem","position":3,"name":"V\u00e4lkommen galenskap"}]},{"@type":"WebSite","@id":"https:\/\/spinbetter.cafe\/se\/#website","url":"https:\/\/spinbetter.cafe\/se\/","name":"Spinbetter Cafe SE","description":"","potentialAction":[{"@type":"SearchAction","target":{"@type":"EntryPoint","urlTemplate":"https:\/\/spinbetter.cafe\/se\/?s={search_term_string}"},"query-input":{"@type":"PropertyValueSpecification","valueRequired":true,"valueName":"search_term_string"}}],"inLanguage":"sv-SE"}]}},"_links":{"self":[{"href":"https:\/\/spinbetter.cafe\/se\/wp-json\/wp\/v2\/pages\/385"}],"collection":[{"href":"https:\/\/spinbetter.cafe\/se\/wp-json\/wp\/v2\/pages"}],"about":[{"href":"https:\/\/spinbetter.cafe\/se\/wp-json\/wp\/v2\/types\/page"}],"author":[{"embeddable":true,"href":"https:\/\/spinbetter.cafe\/se\/wp-json\/wp\/v2\/users\/1"}],"replies":[{"embeddable":true,"href":"https:\/\/spinbetter.cafe\/se\/wp-json\/wp\/v2\/comments?post=385"}],"version-history":[{"count":1,"href":"https:\/\/spinbetter.cafe\/se\/wp-json\/wp\/v2\/pages\/385\/revisions"}],"predecessor-version":[{"id":386,"href":"https:\/\/spinbetter.cafe\/se\/wp-json\/wp\/v2\/pages\/385\/revisions\/386"}],"up":[{"embeddable":true,"href":"https:\/\/spinbetter.cafe\/se\/wp-json\/wp\/v2\/pages\/152"}],"wp:attachment":[{"href":"https:\/\/spinbetter.cafe\/se\/wp-json\/wp\/v2\/media?parent=385"}],"curies":[{"name":"wp","href":"https:\/\/api.w.org\/{rel}","templated":true}]}}