{"id":395,"date":"2025-06-06T09:01:09","date_gmt":"2025-06-06T09:01:09","guid":{"rendered":"https:\/\/spinbetter.cafe\/ro\/?page_id=395"},"modified":"2025-06-06T09:01:17","modified_gmt":"2025-06-06T09:01:17","slug":"subscribe-telegram","status":"publish","type":"page","link":"https:\/\/spinbetter.cafe\/ro\/bonus\/subscribe-telegram\/","title":{"rendered":"Aboneaz\u0103-te la Telegram"},"content":{"rendered":"","protected":false},"excerpt":{"rendered":"","protected":false},"author":1,"featured_media":0,"parent":152,"menu_order":0,"comment_status":"closed","ping_status":"closed","template":"","meta":{"footnotes":""},"class_list":["post-395","page","type-page","status-publish","hentry"],"yoast_head":"<!-- This site is optimized with the Yoast SEO plugin v25.1 - https:\/\/yoast.com\/wordpress\/plugins\/seo\/ -->\n<title>Al\u0103tur\u0103-te canalului SpinBetter Telegram \u0219i prime\u0219te 100 de rotiri gratuite<\/title>\n<meta name=\"description\" content=\"Nu rata! Aboneaz\u0103-te la canalul nostru de Telegram SpinBetter, recent lansat, \u0219i c\u00e2\u0219tig\u0103 instantaneu 100 de rotiri gratuite! Al\u0103tur\u0103-te acum pentru promo\u021bii exclusive, cadouri interesante \u0219i avantaje exclusive pe care doar comunitatea noastr\u0103 le are.\" \/>\n<meta name=\"robots\" content=\"index, follow, max-snippet:-1, max-image-preview:large, max-video-preview:-1\" \/>\n<meta property=\"og:locale\" content=\"ro_RO\" \/>\n<meta property=\"og:type\" content=\"article\" \/>\n<meta property=\"og:title\" content=\"Al\u0103tur\u0103-te canalului SpinBetter Telegram \u0219i prime\u0219te 100 de rotiri gratuite\" \/>\n<meta property=\"og:description\" content=\"Nu rata! Aboneaz\u0103-te la canalul nostru de Telegram SpinBetter, recent lansat, \u0219i c\u00e2\u0219tig\u0103 instantaneu 100 de rotiri gratuite! Al\u0103tur\u0103-te acum pentru promo\u021bii exclusive, cadouri interesante \u0219i avantaje exclusive pe care doar comunitatea noastr\u0103 le are.\" \/>\n<meta property=\"og:url\" content=\"https:\/\/spinbetter.cafe\/ro\/bonus\/subscribe-telegram\/\" \/>\n<meta property=\"og:site_name\" content=\"Spinbetter Cafe RO\" \/>\n<meta property=\"article:modified_time\" content=\"2025-06-06T09:01:17+00:00\" \/>\n<meta name=\"twitter:card\" content=\"summary_large_image\" \/>\n<script type=\"application\/ld+json\" class=\"yoast-schema-graph\">{\"@context\":\"https:\/\/schema.org\",\"@graph\":[{\"@type\":\"WebPage\",\"@id\":\"https:\/\/spinbetter.cafe\/ro\/bonus\/subscribe-telegram\/\",\"url\":\"https:\/\/spinbetter.cafe\/ro\/bonus\/subscribe-telegram\/\",\"name\":\"Al\u0103tur\u0103-te canalului SpinBetter Telegram \u0219i prime\u0219te 100 de rotiri gratuite\",\"isPartOf\":{\"@id\":\"https:\/\/spinbetter.cafe\/ro\/#website\"},\"datePublished\":\"2025-06-06T09:01:09+00:00\",\"dateModified\":\"2025-06-06T09:01:17+00:00\",\"description\":\"Nu rata! Aboneaz\u0103-te la canalul nostru de Telegram SpinBetter, recent lansat, \u0219i c\u00e2\u0219tig\u0103 instantaneu 100 de rotiri gratuite! Al\u0103tur\u0103-te acum pentru promo\u021bii exclusive, cadouri interesante \u0219i avantaje exclusive pe care doar comunitatea noastr\u0103 le are.\",\"breadcrumb\":{\"@id\":\"https:\/\/spinbetter.cafe\/ro\/bonus\/subscribe-telegram\/#breadcrumb\"},\"inLanguage\":\"ro-RO\",\"potentialAction\":[{\"@type\":\"ReadAction\",\"target\":[\"https:\/\/spinbetter.cafe\/ro\/bonus\/subscribe-telegram\/\"]}]},{\"@type\":\"BreadcrumbList\",\"@id\":\"https:\/\/spinbetter.cafe\/ro\/bonus\/subscribe-telegram\/#breadcrumb\",\"itemListElement\":[{\"@type\":\"ListItem\",\"position\":1,\"name\":\"\u0413\u043b\u0430\u0432\u043d\u0430\u044f \u0441\u0442\u0440\u0430\u043d\u0438\u0446\u0430\",\"item\":\"https:\/\/spinbetter.cafe\/ro\/\"},{\"@type\":\"ListItem\",\"position\":2,\"name\":\"Bonusul\",\"item\":\"https:\/\/spinbetter.cafe\/ro\/bonus\/\"},{\"@type\":\"ListItem\",\"position\":3,\"name\":\"Aboneaz\u0103-te la Telegram\"}]},{\"@type\":\"WebSite\",\"@id\":\"https:\/\/spinbetter.cafe\/ro\/#website\",\"url\":\"https:\/\/spinbetter.cafe\/ro\/\",\"name\":\"Spinbetter Cafe RO\",\"description\":\"\",\"potentialAction\":[{\"@type\":\"SearchAction\",\"target\":{\"@type\":\"EntryPoint\",\"urlTemplate\":\"https:\/\/spinbetter.cafe\/ro\/?s={search_term_string}\"},\"query-input\":{\"@type\":\"PropertyValueSpecification\",\"valueRequired\":true,\"valueName\":\"search_term_string\"}}],\"inLanguage\":\"ro-RO\"}]}<\/script>\n<!-- \/ Yoast SEO plugin. -->","yoast_head_json":{"title":"Al\u0103tur\u0103-te canalului SpinBetter Telegram \u0219i prime\u0219te 100 de rotiri gratuite","description":"Nu rata! Aboneaz\u0103-te la canalul nostru de Telegram SpinBetter, recent lansat, \u0219i c\u00e2\u0219tig\u0103 instantaneu 100 de rotiri gratuite! Al\u0103tur\u0103-te acum pentru promo\u021bii exclusive, cadouri interesante \u0219i avantaje exclusive pe care doar comunitatea noastr\u0103 le are.","robots":{"index":"index","follow":"follow","max-snippet":"max-snippet:-1","max-image-preview":"max-image-preview:large","max-video-preview":"max-video-preview:-1"},"og_locale":"ro_RO","og_type":"article","og_title":"Al\u0103tur\u0103-te canalului SpinBetter Telegram \u0219i prime\u0219te 100 de rotiri gratuite","og_description":"Nu rata! Aboneaz\u0103-te la canalul nostru de Telegram SpinBetter, recent lansat, \u0219i c\u00e2\u0219tig\u0103 instantaneu 100 de rotiri gratuite! Al\u0103tur\u0103-te acum pentru promo\u021bii exclusive, cadouri interesante \u0219i avantaje exclusive pe care doar comunitatea noastr\u0103 le are.","og_url":"https:\/\/spinbetter.cafe\/ro\/bonus\/subscribe-telegram\/","og_site_name":"Spinbetter Cafe RO","article_modified_time":"2025-06-06T09:01:17+00:00","twitter_card":"summary_large_image","schema":{"@context":"https:\/\/schema.org","@graph":[{"@type":"WebPage","@id":"https:\/\/spinbetter.cafe\/ro\/bonus\/subscribe-telegram\/","url":"https:\/\/spinbetter.cafe\/ro\/bonus\/subscribe-telegram\/","name":"Al\u0103tur\u0103-te canalului SpinBetter Telegram \u0219i prime\u0219te 100 de rotiri gratuite","isPartOf":{"@id":"https:\/\/spinbetter.cafe\/ro\/#website"},"datePublished":"2025-06-06T09:01:09+00:00","dateModified":"2025-06-06T09:01:17+00:00","description":"Nu rata! Aboneaz\u0103-te la canalul nostru de Telegram SpinBetter, recent lansat, \u0219i c\u00e2\u0219tig\u0103 instantaneu 100 de rotiri gratuite! Al\u0103tur\u0103-te acum pentru promo\u021bii exclusive, cadouri interesante \u0219i avantaje exclusive pe care doar comunitatea noastr\u0103 le are.","breadcrumb":{"@id":"https:\/\/spinbetter.cafe\/ro\/bonus\/subscribe-telegram\/#breadcrumb"},"inLanguage":"ro-RO","potentialAction":[{"@type":"ReadAction","target":["https:\/\/spinbetter.cafe\/ro\/bonus\/subscribe-telegram\/"]}]},{"@type":"BreadcrumbList","@id":"https:\/\/spinbetter.cafe\/ro\/bonus\/subscribe-telegram\/#breadcrumb","itemListElement":[{"@type":"ListItem","position":1,"name":"\u0413\u043b\u0430\u0432\u043d\u0430\u044f \u0441\u0442\u0440\u0430\u043d\u0438\u0446\u0430","item":"https:\/\/spinbetter.cafe\/ro\/"},{"@type":"ListItem","position":2,"name":"Bonusul","item":"https:\/\/spinbetter.cafe\/ro\/bonus\/"},{"@type":"ListItem","position":3,"name":"Aboneaz\u0103-te la Telegram"}]},{"@type":"WebSite","@id":"https:\/\/spinbetter.cafe\/ro\/#website","url":"https:\/\/spinbetter.cafe\/ro\/","name":"Spinbetter Cafe RO","description":"","potentialAction":[{"@type":"SearchAction","target":{"@type":"EntryPoint","urlTemplate":"https:\/\/spinbetter.cafe\/ro\/?s={search_term_string}"},"query-input":{"@type":"PropertyValueSpecification","valueRequired":true,"valueName":"search_term_string"}}],"inLanguage":"ro-RO"}]}},"_links":{"self":[{"href":"https:\/\/spinbetter.cafe\/ro\/wp-json\/wp\/v2\/pages\/395"}],"collection":[{"href":"https:\/\/spinbetter.cafe\/ro\/wp-json\/wp\/v2\/pages"}],"about":[{"href":"https:\/\/spinbetter.cafe\/ro\/wp-json\/wp\/v2\/types\/page"}],"author":[{"embeddable":true,"href":"https:\/\/spinbetter.cafe\/ro\/wp-json\/wp\/v2\/users\/1"}],"replies":[{"embeddable":true,"href":"https:\/\/spinbetter.cafe\/ro\/wp-json\/wp\/v2\/comments?post=395"}],"version-history":[{"count":1,"href":"https:\/\/spinbetter.cafe\/ro\/wp-json\/wp\/v2\/pages\/395\/revisions"}],"predecessor-version":[{"id":396,"href":"https:\/\/spinbetter.cafe\/ro\/wp-json\/wp\/v2\/pages\/395\/revisions\/396"}],"up":[{"embeddable":true,"href":"https:\/\/spinbetter.cafe\/ro\/wp-json\/wp\/v2\/pages\/152"}],"wp:attachment":[{"href":"https:\/\/spinbetter.cafe\/ro\/wp-json\/wp\/v2\/media?parent=395"}],"curies":[{"name":"wp","href":"https:\/\/api.w.org\/{rel}","templated":true}]}}