{"id":391,"date":"2025-06-06T08:54:58","date_gmt":"2025-06-06T08:54:58","guid":{"rendered":"https:\/\/spinbetter.cafe\/ro\/?page_id=391"},"modified":"2025-06-06T08:55:10","modified_gmt":"2025-06-06T08:55:10","slug":"1st-deposit","status":"publish","type":"page","link":"https:\/\/spinbetter.cafe\/ro\/bonus\/1st-deposit\/","title":{"rendered":"Prima depunere"},"content":{"rendered":"","protected":false},"excerpt":{"rendered":"","protected":false},"author":1,"featured_media":0,"parent":152,"menu_order":0,"comment_status":"closed","ping_status":"closed","template":"","meta":{"footnotes":""},"class_list":["post-391","page","type-page","status-publish","hentry"],"yoast_head":"<!-- This site is optimized with the Yoast SEO plugin v25.1 - https:\/\/yoast.com\/wordpress\/plugins\/seo\/ -->\n<title>Bonus de bun venit Spinbetter pentru juc\u0103tori noi &gt; Prime\u0219te 100% p\u00e2n\u0103 la 1500 \u20ac<\/title>\n<meta name=\"description\" content=\"Preg\u0103te\u0219te-te s\u0103 treci la nivelul urm\u0103tor cu un bonus masiv de 100%, p\u00e2n\u0103 la 1500 \u20ac, la prima depunere! Acesta nu este doar un bun venit - este un eveniment revolu\u021bionar. Prinde fiorul \u0219i dubleaz\u0103-\u021bi banii - nu rata aceast\u0103 oportunitate!\" \/>\n<meta name=\"robots\" content=\"index, follow, max-snippet:-1, max-image-preview:large, max-video-preview:-1\" \/>\n<meta property=\"og:locale\" content=\"ro_RO\" \/>\n<meta property=\"og:type\" content=\"article\" \/>\n<meta property=\"og:title\" content=\"Bonus de bun venit Spinbetter pentru juc\u0103tori noi &gt; Prime\u0219te 100% p\u00e2n\u0103 la 1500 \u20ac\" \/>\n<meta property=\"og:description\" content=\"Preg\u0103te\u0219te-te s\u0103 treci la nivelul urm\u0103tor cu un bonus masiv de 100%, p\u00e2n\u0103 la 1500 \u20ac, la prima depunere! Acesta nu este doar un bun venit - este un eveniment revolu\u021bionar. Prinde fiorul \u0219i dubleaz\u0103-\u021bi banii - nu rata aceast\u0103 oportunitate!\" \/>\n<meta property=\"og:url\" content=\"https:\/\/spinbetter.cafe\/ro\/bonus\/1st-deposit\/\" \/>\n<meta property=\"og:site_name\" content=\"Spinbetter Cafe RO\" \/>\n<meta property=\"article:modified_time\" content=\"2025-06-06T08:55:10+00:00\" \/>\n<meta name=\"twitter:card\" content=\"summary_large_image\" \/>\n<script type=\"application\/ld+json\" class=\"yoast-schema-graph\">{\"@context\":\"https:\/\/schema.org\",\"@graph\":[{\"@type\":\"WebPage\",\"@id\":\"https:\/\/spinbetter.cafe\/ro\/bonus\/1st-deposit\/\",\"url\":\"https:\/\/spinbetter.cafe\/ro\/bonus\/1st-deposit\/\",\"name\":\"Bonus de bun venit Spinbetter pentru juc\u0103tori noi > Prime\u0219te 100% p\u00e2n\u0103 la 1500 \u20ac\",\"isPartOf\":{\"@id\":\"https:\/\/spinbetter.cafe\/ro\/#website\"},\"datePublished\":\"2025-06-06T08:54:58+00:00\",\"dateModified\":\"2025-06-06T08:55:10+00:00\",\"description\":\"Preg\u0103te\u0219te-te s\u0103 treci la nivelul urm\u0103tor cu un bonus masiv de 100%, p\u00e2n\u0103 la 1500 \u20ac, la prima depunere! Acesta nu este doar un bun venit - este un eveniment revolu\u021bionar. Prinde fiorul \u0219i dubleaz\u0103-\u021bi banii - nu rata aceast\u0103 oportunitate!\",\"breadcrumb\":{\"@id\":\"https:\/\/spinbetter.cafe\/ro\/bonus\/1st-deposit\/#breadcrumb\"},\"inLanguage\":\"ro-RO\",\"potentialAction\":[{\"@type\":\"ReadAction\",\"target\":[\"https:\/\/spinbetter.cafe\/ro\/bonus\/1st-deposit\/\"]}]},{\"@type\":\"BreadcrumbList\",\"@id\":\"https:\/\/spinbetter.cafe\/ro\/bonus\/1st-deposit\/#breadcrumb\",\"itemListElement\":[{\"@type\":\"ListItem\",\"position\":1,\"name\":\"\u0413\u043b\u0430\u0432\u043d\u0430\u044f \u0441\u0442\u0440\u0430\u043d\u0438\u0446\u0430\",\"item\":\"https:\/\/spinbetter.cafe\/ro\/\"},{\"@type\":\"ListItem\",\"position\":2,\"name\":\"Bonusul\",\"item\":\"https:\/\/spinbetter.cafe\/ro\/bonus\/\"},{\"@type\":\"ListItem\",\"position\":3,\"name\":\"Prima depunere\"}]},{\"@type\":\"WebSite\",\"@id\":\"https:\/\/spinbetter.cafe\/ro\/#website\",\"url\":\"https:\/\/spinbetter.cafe\/ro\/\",\"name\":\"Spinbetter Cafe RO\",\"description\":\"\",\"potentialAction\":[{\"@type\":\"SearchAction\",\"target\":{\"@type\":\"EntryPoint\",\"urlTemplate\":\"https:\/\/spinbetter.cafe\/ro\/?s={search_term_string}\"},\"query-input\":{\"@type\":\"PropertyValueSpecification\",\"valueRequired\":true,\"valueName\":\"search_term_string\"}}],\"inLanguage\":\"ro-RO\"}]}<\/script>\n<!-- \/ Yoast SEO plugin. -->","yoast_head_json":{"title":"Bonus de bun venit Spinbetter pentru juc\u0103tori noi > Prime\u0219te 100% p\u00e2n\u0103 la 1500 \u20ac","description":"Preg\u0103te\u0219te-te s\u0103 treci la nivelul urm\u0103tor cu un bonus masiv de 100%, p\u00e2n\u0103 la 1500 \u20ac, la prima depunere! Acesta nu este doar un bun venit - este un eveniment revolu\u021bionar. Prinde fiorul \u0219i dubleaz\u0103-\u021bi banii - nu rata aceast\u0103 oportunitate!","robots":{"index":"index","follow":"follow","max-snippet":"max-snippet:-1","max-image-preview":"max-image-preview:large","max-video-preview":"max-video-preview:-1"},"og_locale":"ro_RO","og_type":"article","og_title":"Bonus de bun venit Spinbetter pentru juc\u0103tori noi > Prime\u0219te 100% p\u00e2n\u0103 la 1500 \u20ac","og_description":"Preg\u0103te\u0219te-te s\u0103 treci la nivelul urm\u0103tor cu un bonus masiv de 100%, p\u00e2n\u0103 la 1500 \u20ac, la prima depunere! Acesta nu este doar un bun venit - este un eveniment revolu\u021bionar. Prinde fiorul \u0219i dubleaz\u0103-\u021bi banii - nu rata aceast\u0103 oportunitate!","og_url":"https:\/\/spinbetter.cafe\/ro\/bonus\/1st-deposit\/","og_site_name":"Spinbetter Cafe RO","article_modified_time":"2025-06-06T08:55:10+00:00","twitter_card":"summary_large_image","schema":{"@context":"https:\/\/schema.org","@graph":[{"@type":"WebPage","@id":"https:\/\/spinbetter.cafe\/ro\/bonus\/1st-deposit\/","url":"https:\/\/spinbetter.cafe\/ro\/bonus\/1st-deposit\/","name":"Bonus de bun venit Spinbetter pentru juc\u0103tori noi > Prime\u0219te 100% p\u00e2n\u0103 la 1500 \u20ac","isPartOf":{"@id":"https:\/\/spinbetter.cafe\/ro\/#website"},"datePublished":"2025-06-06T08:54:58+00:00","dateModified":"2025-06-06T08:55:10+00:00","description":"Preg\u0103te\u0219te-te s\u0103 treci la nivelul urm\u0103tor cu un bonus masiv de 100%, p\u00e2n\u0103 la 1500 \u20ac, la prima depunere! Acesta nu este doar un bun venit - este un eveniment revolu\u021bionar. Prinde fiorul \u0219i dubleaz\u0103-\u021bi banii - nu rata aceast\u0103 oportunitate!","breadcrumb":{"@id":"https:\/\/spinbetter.cafe\/ro\/bonus\/1st-deposit\/#breadcrumb"},"inLanguage":"ro-RO","potentialAction":[{"@type":"ReadAction","target":["https:\/\/spinbetter.cafe\/ro\/bonus\/1st-deposit\/"]}]},{"@type":"BreadcrumbList","@id":"https:\/\/spinbetter.cafe\/ro\/bonus\/1st-deposit\/#breadcrumb","itemListElement":[{"@type":"ListItem","position":1,"name":"\u0413\u043b\u0430\u0432\u043d\u0430\u044f \u0441\u0442\u0440\u0430\u043d\u0438\u0446\u0430","item":"https:\/\/spinbetter.cafe\/ro\/"},{"@type":"ListItem","position":2,"name":"Bonusul","item":"https:\/\/spinbetter.cafe\/ro\/bonus\/"},{"@type":"ListItem","position":3,"name":"Prima depunere"}]},{"@type":"WebSite","@id":"https:\/\/spinbetter.cafe\/ro\/#website","url":"https:\/\/spinbetter.cafe\/ro\/","name":"Spinbetter Cafe RO","description":"","potentialAction":[{"@type":"SearchAction","target":{"@type":"EntryPoint","urlTemplate":"https:\/\/spinbetter.cafe\/ro\/?s={search_term_string}"},"query-input":{"@type":"PropertyValueSpecification","valueRequired":true,"valueName":"search_term_string"}}],"inLanguage":"ro-RO"}]}},"_links":{"self":[{"href":"https:\/\/spinbetter.cafe\/ro\/wp-json\/wp\/v2\/pages\/391"}],"collection":[{"href":"https:\/\/spinbetter.cafe\/ro\/wp-json\/wp\/v2\/pages"}],"about":[{"href":"https:\/\/spinbetter.cafe\/ro\/wp-json\/wp\/v2\/types\/page"}],"author":[{"embeddable":true,"href":"https:\/\/spinbetter.cafe\/ro\/wp-json\/wp\/v2\/users\/1"}],"replies":[{"embeddable":true,"href":"https:\/\/spinbetter.cafe\/ro\/wp-json\/wp\/v2\/comments?post=391"}],"version-history":[{"count":1,"href":"https:\/\/spinbetter.cafe\/ro\/wp-json\/wp\/v2\/pages\/391\/revisions"}],"predecessor-version":[{"id":392,"href":"https:\/\/spinbetter.cafe\/ro\/wp-json\/wp\/v2\/pages\/391\/revisions\/392"}],"up":[{"embeddable":true,"href":"https:\/\/spinbetter.cafe\/ro\/wp-json\/wp\/v2\/pages\/152"}],"wp:attachment":[{"href":"https:\/\/spinbetter.cafe\/ro\/wp-json\/wp\/v2\/media?parent=391"}],"curies":[{"name":"wp","href":"https:\/\/api.w.org\/{rel}","templated":true}]}}