{"id":403,"date":"2025-07-07T12:37:31","date_gmt":"2025-07-07T12:37:31","guid":{"rendered":"https:\/\/spinbetter.cafe\/pl\/?page_id=403"},"modified":"2025-07-07T12:37:40","modified_gmt":"2025-07-07T12:37:40","slug":"return-on-bets","status":"publish","type":"page","link":"https:\/\/spinbetter.cafe\/pl\/bonus\/return-on-bets\/","title":{"rendered":"Zwrot pieni\u0119dzy za zak\u0142ady SpinBetter"},"content":{"rendered":"","protected":false},"excerpt":{"rendered":"","protected":false},"author":1,"featured_media":0,"parent":152,"menu_order":0,"comment_status":"closed","ping_status":"closed","template":"","meta":{"footnotes":""},"class_list":["post-403","page","type-page","status-publish","hentry"],"yoast_head":"<!-- This site is optimized with the Yoast SEO plugin v25.1 - https:\/\/yoast.com\/wordpress\/plugins\/seo\/ -->\n<title>Zwrot zak\u0142adu SpinBetter \u1405 Tygodniowy cashback<\/title>\n<meta name=\"description\" content=\"Otrzymaj 3% zwrotu got\u00f3wki co tydzie\u0144 do 1000 EUR! Obstawiaj w SpinBetter z kursami od 1,5 i odzyskaj cz\u0119\u015b\u0107 utraconych \u015brodk\u00f3w bez \u017cadnych dodatkowych warunk\u00f3w.\" \/>\n<meta name=\"robots\" content=\"index, follow, max-snippet:-1, max-image-preview:large, max-video-preview:-1\" \/>\n<meta property=\"og:locale\" content=\"pl_PL\" \/>\n<meta property=\"og:type\" content=\"article\" \/>\n<meta property=\"og:title\" content=\"Zwrot zak\u0142adu SpinBetter \u1405 Tygodniowy cashback\" \/>\n<meta property=\"og:description\" content=\"Otrzymaj 3% zwrotu got\u00f3wki co tydzie\u0144 do 1000 EUR! Obstawiaj w SpinBetter z kursami od 1,5 i odzyskaj cz\u0119\u015b\u0107 utraconych \u015brodk\u00f3w bez \u017cadnych dodatkowych warunk\u00f3w.\" \/>\n<meta property=\"og:url\" content=\"https:\/\/spinbetter.cafe\/pl\/bonus\/return-on-bets\/\" \/>\n<meta property=\"og:site_name\" content=\"SpinBetter Cafe PL\" \/>\n<meta property=\"article:modified_time\" content=\"2025-07-07T12:37:40+00:00\" \/>\n<meta name=\"twitter:card\" content=\"summary_large_image\" \/>\n<script type=\"application\/ld+json\" class=\"yoast-schema-graph\">{\"@context\":\"https:\/\/schema.org\",\"@graph\":[{\"@type\":\"WebPage\",\"@id\":\"https:\/\/spinbetter.cafe\/pl\/bonus\/return-on-bets\/\",\"url\":\"https:\/\/spinbetter.cafe\/pl\/bonus\/return-on-bets\/\",\"name\":\"Zwrot zak\u0142adu SpinBetter \u1405 Tygodniowy cashback\",\"isPartOf\":{\"@id\":\"https:\/\/spinbetter.cafe\/pl\/#website\"},\"datePublished\":\"2025-07-07T12:37:31+00:00\",\"dateModified\":\"2025-07-07T12:37:40+00:00\",\"description\":\"Otrzymaj 3% zwrotu got\u00f3wki co tydzie\u0144 do 1000 EUR! Obstawiaj w SpinBetter z kursami od 1,5 i odzyskaj cz\u0119\u015b\u0107 utraconych \u015brodk\u00f3w bez \u017cadnych dodatkowych warunk\u00f3w.\",\"breadcrumb\":{\"@id\":\"https:\/\/spinbetter.cafe\/pl\/bonus\/return-on-bets\/#breadcrumb\"},\"inLanguage\":\"pl-PL\",\"potentialAction\":[{\"@type\":\"ReadAction\",\"target\":[\"https:\/\/spinbetter.cafe\/pl\/bonus\/return-on-bets\/\"]}]},{\"@type\":\"BreadcrumbList\",\"@id\":\"https:\/\/spinbetter.cafe\/pl\/bonus\/return-on-bets\/#breadcrumb\",\"itemListElement\":[{\"@type\":\"ListItem\",\"position\":1,\"name\":\"\u0413\u043b\u0430\u0432\u043d\u0430\u044f \u0441\u0442\u0440\u0430\u043d\u0438\u0446\u0430\",\"item\":\"https:\/\/spinbetter.cafe\/pl\/\"},{\"@type\":\"ListItem\",\"position\":2,\"name\":\"Bonus\",\"item\":\"https:\/\/spinbetter.cafe\/pl\/bonus\/\"},{\"@type\":\"ListItem\",\"position\":3,\"name\":\"Zwrot pieni\u0119dzy za zak\u0142ady SpinBetter\"}]},{\"@type\":\"WebSite\",\"@id\":\"https:\/\/spinbetter.cafe\/pl\/#website\",\"url\":\"https:\/\/spinbetter.cafe\/pl\/\",\"name\":\"SpinBetter Cafe PL\",\"description\":\"\",\"potentialAction\":[{\"@type\":\"SearchAction\",\"target\":{\"@type\":\"EntryPoint\",\"urlTemplate\":\"https:\/\/spinbetter.cafe\/pl\/?s={search_term_string}\"},\"query-input\":{\"@type\":\"PropertyValueSpecification\",\"valueRequired\":true,\"valueName\":\"search_term_string\"}}],\"inLanguage\":\"pl-PL\"}]}<\/script>\n<!-- \/ Yoast SEO plugin. -->","yoast_head_json":{"title":"Zwrot zak\u0142adu SpinBetter \u1405 Tygodniowy cashback","description":"Otrzymaj 3% zwrotu got\u00f3wki co tydzie\u0144 do 1000 EUR! Obstawiaj w SpinBetter z kursami od 1,5 i odzyskaj cz\u0119\u015b\u0107 utraconych \u015brodk\u00f3w bez \u017cadnych dodatkowych warunk\u00f3w.","robots":{"index":"index","follow":"follow","max-snippet":"max-snippet:-1","max-image-preview":"max-image-preview:large","max-video-preview":"max-video-preview:-1"},"og_locale":"pl_PL","og_type":"article","og_title":"Zwrot zak\u0142adu SpinBetter \u1405 Tygodniowy cashback","og_description":"Otrzymaj 3% zwrotu got\u00f3wki co tydzie\u0144 do 1000 EUR! Obstawiaj w SpinBetter z kursami od 1,5 i odzyskaj cz\u0119\u015b\u0107 utraconych \u015brodk\u00f3w bez \u017cadnych dodatkowych warunk\u00f3w.","og_url":"https:\/\/spinbetter.cafe\/pl\/bonus\/return-on-bets\/","og_site_name":"SpinBetter Cafe PL","article_modified_time":"2025-07-07T12:37:40+00:00","twitter_card":"summary_large_image","schema":{"@context":"https:\/\/schema.org","@graph":[{"@type":"WebPage","@id":"https:\/\/spinbetter.cafe\/pl\/bonus\/return-on-bets\/","url":"https:\/\/spinbetter.cafe\/pl\/bonus\/return-on-bets\/","name":"Zwrot zak\u0142adu SpinBetter \u1405 Tygodniowy cashback","isPartOf":{"@id":"https:\/\/spinbetter.cafe\/pl\/#website"},"datePublished":"2025-07-07T12:37:31+00:00","dateModified":"2025-07-07T12:37:40+00:00","description":"Otrzymaj 3% zwrotu got\u00f3wki co tydzie\u0144 do 1000 EUR! Obstawiaj w SpinBetter z kursami od 1,5 i odzyskaj cz\u0119\u015b\u0107 utraconych \u015brodk\u00f3w bez \u017cadnych dodatkowych warunk\u00f3w.","breadcrumb":{"@id":"https:\/\/spinbetter.cafe\/pl\/bonus\/return-on-bets\/#breadcrumb"},"inLanguage":"pl-PL","potentialAction":[{"@type":"ReadAction","target":["https:\/\/spinbetter.cafe\/pl\/bonus\/return-on-bets\/"]}]},{"@type":"BreadcrumbList","@id":"https:\/\/spinbetter.cafe\/pl\/bonus\/return-on-bets\/#breadcrumb","itemListElement":[{"@type":"ListItem","position":1,"name":"\u0413\u043b\u0430\u0432\u043d\u0430\u044f \u0441\u0442\u0440\u0430\u043d\u0438\u0446\u0430","item":"https:\/\/spinbetter.cafe\/pl\/"},{"@type":"ListItem","position":2,"name":"Bonus","item":"https:\/\/spinbetter.cafe\/pl\/bonus\/"},{"@type":"ListItem","position":3,"name":"Zwrot pieni\u0119dzy za zak\u0142ady SpinBetter"}]},{"@type":"WebSite","@id":"https:\/\/spinbetter.cafe\/pl\/#website","url":"https:\/\/spinbetter.cafe\/pl\/","name":"SpinBetter Cafe PL","description":"","potentialAction":[{"@type":"SearchAction","target":{"@type":"EntryPoint","urlTemplate":"https:\/\/spinbetter.cafe\/pl\/?s={search_term_string}"},"query-input":{"@type":"PropertyValueSpecification","valueRequired":true,"valueName":"search_term_string"}}],"inLanguage":"pl-PL"}]}},"_links":{"self":[{"href":"https:\/\/spinbetter.cafe\/pl\/wp-json\/wp\/v2\/pages\/403"}],"collection":[{"href":"https:\/\/spinbetter.cafe\/pl\/wp-json\/wp\/v2\/pages"}],"about":[{"href":"https:\/\/spinbetter.cafe\/pl\/wp-json\/wp\/v2\/types\/page"}],"author":[{"embeddable":true,"href":"https:\/\/spinbetter.cafe\/pl\/wp-json\/wp\/v2\/users\/1"}],"replies":[{"embeddable":true,"href":"https:\/\/spinbetter.cafe\/pl\/wp-json\/wp\/v2\/comments?post=403"}],"version-history":[{"count":1,"href":"https:\/\/spinbetter.cafe\/pl\/wp-json\/wp\/v2\/pages\/403\/revisions"}],"predecessor-version":[{"id":404,"href":"https:\/\/spinbetter.cafe\/pl\/wp-json\/wp\/v2\/pages\/403\/revisions\/404"}],"up":[{"embeddable":true,"href":"https:\/\/spinbetter.cafe\/pl\/wp-json\/wp\/v2\/pages\/152"}],"wp:attachment":[{"href":"https:\/\/spinbetter.cafe\/pl\/wp-json\/wp\/v2\/media?parent=403"}],"curies":[{"name":"wp","href":"https:\/\/api.w.org\/{rel}","templated":true}]}}