{"id":379,"date":"2025-05-05T14:27:33","date_gmt":"2025-05-05T14:27:33","guid":{"rendered":"https:\/\/spinbetter.cafe\/pl\/?page_id=379"},"modified":"2025-05-05T14:27:33","modified_gmt":"2025-05-05T14:27:33","slug":"subscribe-telegram","status":"publish","type":"page","link":"https:\/\/spinbetter.cafe\/pl\/bonus\/subscribe-telegram\/","title":{"rendered":"Subskrybuj Telegram"},"content":{"rendered":"","protected":false},"excerpt":{"rendered":"","protected":false},"author":1,"featured_media":0,"parent":152,"menu_order":0,"comment_status":"closed","ping_status":"closed","template":"","meta":{"footnotes":""},"class_list":["post-379","page","type-page","status-publish","hentry"],"yoast_head":"<!-- This site is optimized with the Yoast SEO plugin v25.1 - https:\/\/yoast.com\/wordpress\/plugins\/seo\/ -->\n<title>Do\u0142\u0105cz do kana\u0142u telegramu SpinBetter i zdob\u0105d\u017a 100 spin\u00f3w<\/title>\n<meta name=\"description\" content=\"Nie przegap okazji! Subskrybuj nasz \u015bwie\u017co uruchomiony kana\u0142 SpinBetter Telegram i zgarnij 100 darmowych spin\u00f3w natychmiast! Do\u0142\u0105cz teraz, aby uzyska\u0107 ekskluzywne promocje, ekscytuj\u0105ce prezenty i korzy\u015bci, kt\u00f3re otrzymuje tylko nasza spo\u0142eczno\u015b\u0107.\" \/>\n<meta name=\"robots\" content=\"index, follow, max-snippet:-1, max-image-preview:large, max-video-preview:-1\" \/>\n<meta property=\"og:locale\" content=\"pl_PL\" \/>\n<meta property=\"og:type\" content=\"article\" \/>\n<meta property=\"og:title\" content=\"Do\u0142\u0105cz do kana\u0142u telegramu SpinBetter i zdob\u0105d\u017a 100 spin\u00f3w\" \/>\n<meta property=\"og:description\" content=\"Nie przegap okazji! Subskrybuj nasz \u015bwie\u017co uruchomiony kana\u0142 SpinBetter Telegram i zgarnij 100 darmowych spin\u00f3w natychmiast! Do\u0142\u0105cz teraz, aby uzyska\u0107 ekskluzywne promocje, ekscytuj\u0105ce prezenty i korzy\u015bci, kt\u00f3re otrzymuje tylko nasza spo\u0142eczno\u015b\u0107.\" \/>\n<meta property=\"og:url\" content=\"https:\/\/spinbetter.cafe\/pl\/bonus\/subscribe-telegram\/\" \/>\n<meta property=\"og:site_name\" content=\"SpinBetter Cafe PL\" \/>\n<meta name=\"twitter:card\" content=\"summary_large_image\" \/>\n<script type=\"application\/ld+json\" class=\"yoast-schema-graph\">{\"@context\":\"https:\/\/schema.org\",\"@graph\":[{\"@type\":\"WebPage\",\"@id\":\"https:\/\/spinbetter.cafe\/pl\/bonus\/subscribe-telegram\/\",\"url\":\"https:\/\/spinbetter.cafe\/pl\/bonus\/subscribe-telegram\/\",\"name\":\"Do\u0142\u0105cz do kana\u0142u telegramu SpinBetter i zdob\u0105d\u017a 100 spin\u00f3w\",\"isPartOf\":{\"@id\":\"https:\/\/spinbetter.cafe\/pl\/#website\"},\"datePublished\":\"2025-05-05T14:27:33+00:00\",\"description\":\"Nie przegap okazji! Subskrybuj nasz \u015bwie\u017co uruchomiony kana\u0142 SpinBetter Telegram i zgarnij 100 darmowych spin\u00f3w natychmiast! Do\u0142\u0105cz teraz, aby uzyska\u0107 ekskluzywne promocje, ekscytuj\u0105ce prezenty i korzy\u015bci, kt\u00f3re otrzymuje tylko nasza spo\u0142eczno\u015b\u0107.\",\"breadcrumb\":{\"@id\":\"https:\/\/spinbetter.cafe\/pl\/bonus\/subscribe-telegram\/#breadcrumb\"},\"inLanguage\":\"pl-PL\",\"potentialAction\":[{\"@type\":\"ReadAction\",\"target\":[\"https:\/\/spinbetter.cafe\/pl\/bonus\/subscribe-telegram\/\"]}]},{\"@type\":\"BreadcrumbList\",\"@id\":\"https:\/\/spinbetter.cafe\/pl\/bonus\/subscribe-telegram\/#breadcrumb\",\"itemListElement\":[{\"@type\":\"ListItem\",\"position\":1,\"name\":\"\u0413\u043b\u0430\u0432\u043d\u0430\u044f \u0441\u0442\u0440\u0430\u043d\u0438\u0446\u0430\",\"item\":\"https:\/\/spinbetter.cafe\/pl\/\"},{\"@type\":\"ListItem\",\"position\":2,\"name\":\"Bonus\",\"item\":\"https:\/\/spinbetter.cafe\/pl\/bonus\/\"},{\"@type\":\"ListItem\",\"position\":3,\"name\":\"Subskrybuj Telegram\"}]},{\"@type\":\"WebSite\",\"@id\":\"https:\/\/spinbetter.cafe\/pl\/#website\",\"url\":\"https:\/\/spinbetter.cafe\/pl\/\",\"name\":\"SpinBetter Cafe PL\",\"description\":\"\",\"potentialAction\":[{\"@type\":\"SearchAction\",\"target\":{\"@type\":\"EntryPoint\",\"urlTemplate\":\"https:\/\/spinbetter.cafe\/pl\/?s={search_term_string}\"},\"query-input\":{\"@type\":\"PropertyValueSpecification\",\"valueRequired\":true,\"valueName\":\"search_term_string\"}}],\"inLanguage\":\"pl-PL\"}]}<\/script>\n<!-- \/ Yoast SEO plugin. -->","yoast_head_json":{"title":"Do\u0142\u0105cz do kana\u0142u telegramu SpinBetter i zdob\u0105d\u017a 100 spin\u00f3w","description":"Nie przegap okazji! Subskrybuj nasz \u015bwie\u017co uruchomiony kana\u0142 SpinBetter Telegram i zgarnij 100 darmowych spin\u00f3w natychmiast! Do\u0142\u0105cz teraz, aby uzyska\u0107 ekskluzywne promocje, ekscytuj\u0105ce prezenty i korzy\u015bci, kt\u00f3re otrzymuje tylko nasza spo\u0142eczno\u015b\u0107.","robots":{"index":"index","follow":"follow","max-snippet":"max-snippet:-1","max-image-preview":"max-image-preview:large","max-video-preview":"max-video-preview:-1"},"og_locale":"pl_PL","og_type":"article","og_title":"Do\u0142\u0105cz do kana\u0142u telegramu SpinBetter i zdob\u0105d\u017a 100 spin\u00f3w","og_description":"Nie przegap okazji! Subskrybuj nasz \u015bwie\u017co uruchomiony kana\u0142 SpinBetter Telegram i zgarnij 100 darmowych spin\u00f3w natychmiast! Do\u0142\u0105cz teraz, aby uzyska\u0107 ekskluzywne promocje, ekscytuj\u0105ce prezenty i korzy\u015bci, kt\u00f3re otrzymuje tylko nasza spo\u0142eczno\u015b\u0107.","og_url":"https:\/\/spinbetter.cafe\/pl\/bonus\/subscribe-telegram\/","og_site_name":"SpinBetter Cafe PL","twitter_card":"summary_large_image","schema":{"@context":"https:\/\/schema.org","@graph":[{"@type":"WebPage","@id":"https:\/\/spinbetter.cafe\/pl\/bonus\/subscribe-telegram\/","url":"https:\/\/spinbetter.cafe\/pl\/bonus\/subscribe-telegram\/","name":"Do\u0142\u0105cz do kana\u0142u telegramu SpinBetter i zdob\u0105d\u017a 100 spin\u00f3w","isPartOf":{"@id":"https:\/\/spinbetter.cafe\/pl\/#website"},"datePublished":"2025-05-05T14:27:33+00:00","description":"Nie przegap okazji! Subskrybuj nasz \u015bwie\u017co uruchomiony kana\u0142 SpinBetter Telegram i zgarnij 100 darmowych spin\u00f3w natychmiast! Do\u0142\u0105cz teraz, aby uzyska\u0107 ekskluzywne promocje, ekscytuj\u0105ce prezenty i korzy\u015bci, kt\u00f3re otrzymuje tylko nasza spo\u0142eczno\u015b\u0107.","breadcrumb":{"@id":"https:\/\/spinbetter.cafe\/pl\/bonus\/subscribe-telegram\/#breadcrumb"},"inLanguage":"pl-PL","potentialAction":[{"@type":"ReadAction","target":["https:\/\/spinbetter.cafe\/pl\/bonus\/subscribe-telegram\/"]}]},{"@type":"BreadcrumbList","@id":"https:\/\/spinbetter.cafe\/pl\/bonus\/subscribe-telegram\/#breadcrumb","itemListElement":[{"@type":"ListItem","position":1,"name":"\u0413\u043b\u0430\u0432\u043d\u0430\u044f \u0441\u0442\u0440\u0430\u043d\u0438\u0446\u0430","item":"https:\/\/spinbetter.cafe\/pl\/"},{"@type":"ListItem","position":2,"name":"Bonus","item":"https:\/\/spinbetter.cafe\/pl\/bonus\/"},{"@type":"ListItem","position":3,"name":"Subskrybuj Telegram"}]},{"@type":"WebSite","@id":"https:\/\/spinbetter.cafe\/pl\/#website","url":"https:\/\/spinbetter.cafe\/pl\/","name":"SpinBetter Cafe PL","description":"","potentialAction":[{"@type":"SearchAction","target":{"@type":"EntryPoint","urlTemplate":"https:\/\/spinbetter.cafe\/pl\/?s={search_term_string}"},"query-input":{"@type":"PropertyValueSpecification","valueRequired":true,"valueName":"search_term_string"}}],"inLanguage":"pl-PL"}]}},"_links":{"self":[{"href":"https:\/\/spinbetter.cafe\/pl\/wp-json\/wp\/v2\/pages\/379"}],"collection":[{"href":"https:\/\/spinbetter.cafe\/pl\/wp-json\/wp\/v2\/pages"}],"about":[{"href":"https:\/\/spinbetter.cafe\/pl\/wp-json\/wp\/v2\/types\/page"}],"author":[{"embeddable":true,"href":"https:\/\/spinbetter.cafe\/pl\/wp-json\/wp\/v2\/users\/1"}],"replies":[{"embeddable":true,"href":"https:\/\/spinbetter.cafe\/pl\/wp-json\/wp\/v2\/comments?post=379"}],"version-history":[{"count":1,"href":"https:\/\/spinbetter.cafe\/pl\/wp-json\/wp\/v2\/pages\/379\/revisions"}],"predecessor-version":[{"id":380,"href":"https:\/\/spinbetter.cafe\/pl\/wp-json\/wp\/v2\/pages\/379\/revisions\/380"}],"up":[{"embeddable":true,"href":"https:\/\/spinbetter.cafe\/pl\/wp-json\/wp\/v2\/pages\/152"}],"wp:attachment":[{"href":"https:\/\/spinbetter.cafe\/pl\/wp-json\/wp\/v2\/media?parent=379"}],"curies":[{"name":"wp","href":"https:\/\/api.w.org\/{rel}","templated":true}]}}