{"id":232,"date":"2024-11-14T09:45:52","date_gmt":"2024-11-14T09:45:52","guid":{"rendered":"https:\/\/spinbetter.cafe\/pl\/?page_id=232"},"modified":"2025-05-07T11:39:47","modified_gmt":"2025-05-07T11:39:47","slug":"login","status":"publish","type":"page","link":"https:\/\/spinbetter.cafe\/pl\/login\/","title":{"rendered":"Logowanie"},"content":{"rendered":"","protected":false},"excerpt":{"rendered":"","protected":false},"author":1,"featured_media":0,"parent":0,"menu_order":0,"comment_status":"closed","ping_status":"closed","template":"","meta":{"footnotes":""},"class_list":["post-232","page","type-page","status-publish","hentry"],"yoast_head":"<!-- This site is optimized with the Yoast SEO plugin v25.1 - https:\/\/yoast.com\/wordpress\/plugins\/seo\/ -->\n<title>SpinBetter Login &gt; dost\u0119p do kasyna, zak\u0142ad\u00f3w i bonus\u00f3w!<\/title>\n<meta name=\"description\" content=\"Dokonaj autoryzacji w SpinBetter i ciesz si\u0119 pe\u0142nym dost\u0119pem do zak\u0142ad\u00f3w sportowych, gier kasynowych i ofert specjalnych.\" \/>\n<meta name=\"robots\" content=\"index, follow, max-snippet:-1, max-image-preview:large, max-video-preview:-1\" \/>\n<meta property=\"og:locale\" content=\"pl_PL\" \/>\n<meta property=\"og:type\" content=\"article\" \/>\n<meta property=\"og:title\" content=\"SpinBetter Login &gt; dost\u0119p do kasyna, zak\u0142ad\u00f3w i bonus\u00f3w!\" \/>\n<meta property=\"og:description\" content=\"Dokonaj autoryzacji w SpinBetter i ciesz si\u0119 pe\u0142nym dost\u0119pem do zak\u0142ad\u00f3w sportowych, gier kasynowych i ofert specjalnych.\" \/>\n<meta property=\"og:url\" content=\"https:\/\/spinbetter.cafe\/pl\/login\/\" \/>\n<meta property=\"og:site_name\" content=\"SpinBetter Cafe PL\" \/>\n<meta property=\"article:modified_time\" content=\"2025-05-07T11:39:47+00:00\" \/>\n<meta name=\"twitter:card\" content=\"summary_large_image\" \/>\n<script type=\"application\/ld+json\" class=\"yoast-schema-graph\">{\"@context\":\"https:\/\/schema.org\",\"@graph\":[{\"@type\":\"WebPage\",\"@id\":\"https:\/\/spinbetter.cafe\/pl\/login\/\",\"url\":\"https:\/\/spinbetter.cafe\/pl\/login\/\",\"name\":\"SpinBetter Login > dost\u0119p do kasyna, zak\u0142ad\u00f3w i bonus\u00f3w!\",\"isPartOf\":{\"@id\":\"https:\/\/spinbetter.cafe\/pl\/#website\"},\"datePublished\":\"2024-11-14T09:45:52+00:00\",\"dateModified\":\"2025-05-07T11:39:47+00:00\",\"description\":\"Dokonaj autoryzacji w SpinBetter i ciesz si\u0119 pe\u0142nym dost\u0119pem do zak\u0142ad\u00f3w sportowych, gier kasynowych i ofert specjalnych.\",\"breadcrumb\":{\"@id\":\"https:\/\/spinbetter.cafe\/pl\/login\/#breadcrumb\"},\"inLanguage\":\"pl-PL\",\"potentialAction\":[{\"@type\":\"ReadAction\",\"target\":[\"https:\/\/spinbetter.cafe\/pl\/login\/\"]}]},{\"@type\":\"BreadcrumbList\",\"@id\":\"https:\/\/spinbetter.cafe\/pl\/login\/#breadcrumb\",\"itemListElement\":[{\"@type\":\"ListItem\",\"position\":1,\"name\":\"\u0413\u043b\u0430\u0432\u043d\u0430\u044f \u0441\u0442\u0440\u0430\u043d\u0438\u0446\u0430\",\"item\":\"https:\/\/spinbetter.cafe\/pl\/\"},{\"@type\":\"ListItem\",\"position\":2,\"name\":\"Logowanie\"}]},{\"@type\":\"WebSite\",\"@id\":\"https:\/\/spinbetter.cafe\/pl\/#website\",\"url\":\"https:\/\/spinbetter.cafe\/pl\/\",\"name\":\"SpinBetter Cafe PL\",\"description\":\"\",\"potentialAction\":[{\"@type\":\"SearchAction\",\"target\":{\"@type\":\"EntryPoint\",\"urlTemplate\":\"https:\/\/spinbetter.cafe\/pl\/?s={search_term_string}\"},\"query-input\":{\"@type\":\"PropertyValueSpecification\",\"valueRequired\":true,\"valueName\":\"search_term_string\"}}],\"inLanguage\":\"pl-PL\"}]}<\/script>\n<!-- \/ Yoast SEO plugin. -->","yoast_head_json":{"title":"SpinBetter Login > dost\u0119p do kasyna, zak\u0142ad\u00f3w i bonus\u00f3w!","description":"Dokonaj autoryzacji w SpinBetter i ciesz si\u0119 pe\u0142nym dost\u0119pem do zak\u0142ad\u00f3w sportowych, gier kasynowych i ofert specjalnych.","robots":{"index":"index","follow":"follow","max-snippet":"max-snippet:-1","max-image-preview":"max-image-preview:large","max-video-preview":"max-video-preview:-1"},"og_locale":"pl_PL","og_type":"article","og_title":"SpinBetter Login > dost\u0119p do kasyna, zak\u0142ad\u00f3w i bonus\u00f3w!","og_description":"Dokonaj autoryzacji w SpinBetter i ciesz si\u0119 pe\u0142nym dost\u0119pem do zak\u0142ad\u00f3w sportowych, gier kasynowych i ofert specjalnych.","og_url":"https:\/\/spinbetter.cafe\/pl\/login\/","og_site_name":"SpinBetter Cafe PL","article_modified_time":"2025-05-07T11:39:47+00:00","twitter_card":"summary_large_image","schema":{"@context":"https:\/\/schema.org","@graph":[{"@type":"WebPage","@id":"https:\/\/spinbetter.cafe\/pl\/login\/","url":"https:\/\/spinbetter.cafe\/pl\/login\/","name":"SpinBetter Login > dost\u0119p do kasyna, zak\u0142ad\u00f3w i bonus\u00f3w!","isPartOf":{"@id":"https:\/\/spinbetter.cafe\/pl\/#website"},"datePublished":"2024-11-14T09:45:52+00:00","dateModified":"2025-05-07T11:39:47+00:00","description":"Dokonaj autoryzacji w SpinBetter i ciesz si\u0119 pe\u0142nym dost\u0119pem do zak\u0142ad\u00f3w sportowych, gier kasynowych i ofert specjalnych.","breadcrumb":{"@id":"https:\/\/spinbetter.cafe\/pl\/login\/#breadcrumb"},"inLanguage":"pl-PL","potentialAction":[{"@type":"ReadAction","target":["https:\/\/spinbetter.cafe\/pl\/login\/"]}]},{"@type":"BreadcrumbList","@id":"https:\/\/spinbetter.cafe\/pl\/login\/#breadcrumb","itemListElement":[{"@type":"ListItem","position":1,"name":"\u0413\u043b\u0430\u0432\u043d\u0430\u044f \u0441\u0442\u0440\u0430\u043d\u0438\u0446\u0430","item":"https:\/\/spinbetter.cafe\/pl\/"},{"@type":"ListItem","position":2,"name":"Logowanie"}]},{"@type":"WebSite","@id":"https:\/\/spinbetter.cafe\/pl\/#website","url":"https:\/\/spinbetter.cafe\/pl\/","name":"SpinBetter Cafe PL","description":"","potentialAction":[{"@type":"SearchAction","target":{"@type":"EntryPoint","urlTemplate":"https:\/\/spinbetter.cafe\/pl\/?s={search_term_string}"},"query-input":{"@type":"PropertyValueSpecification","valueRequired":true,"valueName":"search_term_string"}}],"inLanguage":"pl-PL"}]}},"_links":{"self":[{"href":"https:\/\/spinbetter.cafe\/pl\/wp-json\/wp\/v2\/pages\/232"}],"collection":[{"href":"https:\/\/spinbetter.cafe\/pl\/wp-json\/wp\/v2\/pages"}],"about":[{"href":"https:\/\/spinbetter.cafe\/pl\/wp-json\/wp\/v2\/types\/page"}],"author":[{"embeddable":true,"href":"https:\/\/spinbetter.cafe\/pl\/wp-json\/wp\/v2\/users\/1"}],"replies":[{"embeddable":true,"href":"https:\/\/spinbetter.cafe\/pl\/wp-json\/wp\/v2\/comments?post=232"}],"version-history":[{"count":11,"href":"https:\/\/spinbetter.cafe\/pl\/wp-json\/wp\/v2\/pages\/232\/revisions"}],"predecessor-version":[{"id":352,"href":"https:\/\/spinbetter.cafe\/pl\/wp-json\/wp\/v2\/pages\/232\/revisions\/352"}],"wp:attachment":[{"href":"https:\/\/spinbetter.cafe\/pl\/wp-json\/wp\/v2\/media?parent=232"}],"curies":[{"name":"wp","href":"https:\/\/api.w.org\/{rel}","templated":true}]}}