{"id":386,"date":"2025-06-06T06:34:26","date_gmt":"2025-06-06T06:34:26","guid":{"rendered":"https:\/\/spinbetter.cafe\/no\/?page_id=386"},"modified":"2025-06-06T06:34:39","modified_gmt":"2025-06-06T06:34:39","slug":"subscribe-telegram","status":"publish","type":"page","link":"https:\/\/spinbetter.cafe\/no\/bonus\/subscribe-telegram\/","title":{"rendered":"Abonner p\u00e5 Telegram"},"content":{"rendered":"","protected":false},"excerpt":{"rendered":"","protected":false},"author":1,"featured_media":0,"parent":152,"menu_order":0,"comment_status":"closed","ping_status":"closed","template":"","meta":{"footnotes":""},"class_list":["post-386","page","type-page","status-publish","hentry"],"yoast_head":"<!-- This site is optimized with the Yoast SEO plugin v25.1 - https:\/\/yoast.com\/wordpress\/plugins\/seo\/ -->\n<title>Bli med i SpinBetters Telegram-kanal og f\u00e5 100 gratisspinn<\/title>\n<meta name=\"description\" content=\"Ikke g\u00e5 glipp av dette! Abonner p\u00e5 v\u00e5r nylig lanserte SpinBetter Telegram-kanal og f\u00e5 100 gratisspinn umiddelbart! Bli med n\u00e5 for eksklusive kampanjer, spennende giveaways og insiderfordeler som bare v\u00e5rt fellesskap f\u00e5r.\" \/>\n<meta name=\"robots\" content=\"index, follow, max-snippet:-1, max-image-preview:large, max-video-preview:-1\" \/>\n<meta property=\"og:locale\" content=\"nb_NO\" \/>\n<meta property=\"og:type\" content=\"article\" \/>\n<meta property=\"og:title\" content=\"Bli med i SpinBetters Telegram-kanal og f\u00e5 100 gratisspinn\" \/>\n<meta property=\"og:description\" content=\"Ikke g\u00e5 glipp av dette! Abonner p\u00e5 v\u00e5r nylig lanserte SpinBetter Telegram-kanal og f\u00e5 100 gratisspinn umiddelbart! Bli med n\u00e5 for eksklusive kampanjer, spennende giveaways og insiderfordeler som bare v\u00e5rt fellesskap f\u00e5r.\" \/>\n<meta property=\"og:url\" content=\"https:\/\/spinbetter.cafe\/no\/bonus\/subscribe-telegram\/\" \/>\n<meta property=\"og:site_name\" content=\"Spinbetter Cafe NO\" \/>\n<meta property=\"article:modified_time\" content=\"2025-06-06T06:34:39+00:00\" \/>\n<meta name=\"twitter:card\" content=\"summary_large_image\" \/>\n<script type=\"application\/ld+json\" class=\"yoast-schema-graph\">{\"@context\":\"https:\/\/schema.org\",\"@graph\":[{\"@type\":\"WebPage\",\"@id\":\"https:\/\/spinbetter.cafe\/no\/bonus\/subscribe-telegram\/\",\"url\":\"https:\/\/spinbetter.cafe\/no\/bonus\/subscribe-telegram\/\",\"name\":\"Bli med i SpinBetters Telegram-kanal og f\u00e5 100 gratisspinn\",\"isPartOf\":{\"@id\":\"https:\/\/spinbetter.cafe\/no\/#website\"},\"datePublished\":\"2025-06-06T06:34:26+00:00\",\"dateModified\":\"2025-06-06T06:34:39+00:00\",\"description\":\"Ikke g\u00e5 glipp av dette! Abonner p\u00e5 v\u00e5r nylig lanserte SpinBetter Telegram-kanal og f\u00e5 100 gratisspinn umiddelbart! Bli med n\u00e5 for eksklusive kampanjer, spennende giveaways og insiderfordeler som bare v\u00e5rt fellesskap f\u00e5r.\",\"breadcrumb\":{\"@id\":\"https:\/\/spinbetter.cafe\/no\/bonus\/subscribe-telegram\/#breadcrumb\"},\"inLanguage\":\"nb-NO\",\"potentialAction\":[{\"@type\":\"ReadAction\",\"target\":[\"https:\/\/spinbetter.cafe\/no\/bonus\/subscribe-telegram\/\"]}]},{\"@type\":\"BreadcrumbList\",\"@id\":\"https:\/\/spinbetter.cafe\/no\/bonus\/subscribe-telegram\/#breadcrumb\",\"itemListElement\":[{\"@type\":\"ListItem\",\"position\":1,\"name\":\"\u0413\u043b\u0430\u0432\u043d\u0430\u044f \u0441\u0442\u0440\u0430\u043d\u0438\u0446\u0430\",\"item\":\"https:\/\/spinbetter.cafe\/no\/\"},{\"@type\":\"ListItem\",\"position\":2,\"name\":\"Bonus\",\"item\":\"https:\/\/spinbetter.cafe\/no\/bonus\/\"},{\"@type\":\"ListItem\",\"position\":3,\"name\":\"Abonner p\u00e5 Telegram\"}]},{\"@type\":\"WebSite\",\"@id\":\"https:\/\/spinbetter.cafe\/no\/#website\",\"url\":\"https:\/\/spinbetter.cafe\/no\/\",\"name\":\"Spinbetter Cafe NO\",\"description\":\"\",\"potentialAction\":[{\"@type\":\"SearchAction\",\"target\":{\"@type\":\"EntryPoint\",\"urlTemplate\":\"https:\/\/spinbetter.cafe\/no\/?s={search_term_string}\"},\"query-input\":{\"@type\":\"PropertyValueSpecification\",\"valueRequired\":true,\"valueName\":\"search_term_string\"}}],\"inLanguage\":\"nb-NO\"}]}<\/script>\n<!-- \/ Yoast SEO plugin. -->","yoast_head_json":{"title":"Bli med i SpinBetters Telegram-kanal og f\u00e5 100 gratisspinn","description":"Ikke g\u00e5 glipp av dette! Abonner p\u00e5 v\u00e5r nylig lanserte SpinBetter Telegram-kanal og f\u00e5 100 gratisspinn umiddelbart! Bli med n\u00e5 for eksklusive kampanjer, spennende giveaways og insiderfordeler som bare v\u00e5rt fellesskap f\u00e5r.","robots":{"index":"index","follow":"follow","max-snippet":"max-snippet:-1","max-image-preview":"max-image-preview:large","max-video-preview":"max-video-preview:-1"},"og_locale":"nb_NO","og_type":"article","og_title":"Bli med i SpinBetters Telegram-kanal og f\u00e5 100 gratisspinn","og_description":"Ikke g\u00e5 glipp av dette! Abonner p\u00e5 v\u00e5r nylig lanserte SpinBetter Telegram-kanal og f\u00e5 100 gratisspinn umiddelbart! Bli med n\u00e5 for eksklusive kampanjer, spennende giveaways og insiderfordeler som bare v\u00e5rt fellesskap f\u00e5r.","og_url":"https:\/\/spinbetter.cafe\/no\/bonus\/subscribe-telegram\/","og_site_name":"Spinbetter Cafe NO","article_modified_time":"2025-06-06T06:34:39+00:00","twitter_card":"summary_large_image","schema":{"@context":"https:\/\/schema.org","@graph":[{"@type":"WebPage","@id":"https:\/\/spinbetter.cafe\/no\/bonus\/subscribe-telegram\/","url":"https:\/\/spinbetter.cafe\/no\/bonus\/subscribe-telegram\/","name":"Bli med i SpinBetters Telegram-kanal og f\u00e5 100 gratisspinn","isPartOf":{"@id":"https:\/\/spinbetter.cafe\/no\/#website"},"datePublished":"2025-06-06T06:34:26+00:00","dateModified":"2025-06-06T06:34:39+00:00","description":"Ikke g\u00e5 glipp av dette! Abonner p\u00e5 v\u00e5r nylig lanserte SpinBetter Telegram-kanal og f\u00e5 100 gratisspinn umiddelbart! Bli med n\u00e5 for eksklusive kampanjer, spennende giveaways og insiderfordeler som bare v\u00e5rt fellesskap f\u00e5r.","breadcrumb":{"@id":"https:\/\/spinbetter.cafe\/no\/bonus\/subscribe-telegram\/#breadcrumb"},"inLanguage":"nb-NO","potentialAction":[{"@type":"ReadAction","target":["https:\/\/spinbetter.cafe\/no\/bonus\/subscribe-telegram\/"]}]},{"@type":"BreadcrumbList","@id":"https:\/\/spinbetter.cafe\/no\/bonus\/subscribe-telegram\/#breadcrumb","itemListElement":[{"@type":"ListItem","position":1,"name":"\u0413\u043b\u0430\u0432\u043d\u0430\u044f \u0441\u0442\u0440\u0430\u043d\u0438\u0446\u0430","item":"https:\/\/spinbetter.cafe\/no\/"},{"@type":"ListItem","position":2,"name":"Bonus","item":"https:\/\/spinbetter.cafe\/no\/bonus\/"},{"@type":"ListItem","position":3,"name":"Abonner p\u00e5 Telegram"}]},{"@type":"WebSite","@id":"https:\/\/spinbetter.cafe\/no\/#website","url":"https:\/\/spinbetter.cafe\/no\/","name":"Spinbetter Cafe NO","description":"","potentialAction":[{"@type":"SearchAction","target":{"@type":"EntryPoint","urlTemplate":"https:\/\/spinbetter.cafe\/no\/?s={search_term_string}"},"query-input":{"@type":"PropertyValueSpecification","valueRequired":true,"valueName":"search_term_string"}}],"inLanguage":"nb-NO"}]}},"_links":{"self":[{"href":"https:\/\/spinbetter.cafe\/no\/wp-json\/wp\/v2\/pages\/386"}],"collection":[{"href":"https:\/\/spinbetter.cafe\/no\/wp-json\/wp\/v2\/pages"}],"about":[{"href":"https:\/\/spinbetter.cafe\/no\/wp-json\/wp\/v2\/types\/page"}],"author":[{"embeddable":true,"href":"https:\/\/spinbetter.cafe\/no\/wp-json\/wp\/v2\/users\/1"}],"replies":[{"embeddable":true,"href":"https:\/\/spinbetter.cafe\/no\/wp-json\/wp\/v2\/comments?post=386"}],"version-history":[{"count":1,"href":"https:\/\/spinbetter.cafe\/no\/wp-json\/wp\/v2\/pages\/386\/revisions"}],"predecessor-version":[{"id":387,"href":"https:\/\/spinbetter.cafe\/no\/wp-json\/wp\/v2\/pages\/386\/revisions\/387"}],"up":[{"embeddable":true,"href":"https:\/\/spinbetter.cafe\/no\/wp-json\/wp\/v2\/pages\/152"}],"wp:attachment":[{"href":"https:\/\/spinbetter.cafe\/no\/wp-json\/wp\/v2\/media?parent=386"}],"curies":[{"name":"wp","href":"https:\/\/api.w.org\/{rel}","templated":true}]}}