{"id":426,"date":"2025-06-03T13:12:57","date_gmt":"2025-06-03T13:12:57","guid":{"rendered":"https:\/\/spinbetter.cafe\/mz\/?page_id=426"},"modified":"2025-06-03T13:13:09","modified_gmt":"2025-06-03T13:13:09","slug":"subscribe-telegram","status":"publish","type":"page","link":"https:\/\/spinbetter.cafe\/mz\/bonus\/subscribe-telegram\/","title":{"rendered":"Inscreva-se no Telegram"},"content":{"rendered":"","protected":false},"excerpt":{"rendered":"","protected":false},"author":1,"featured_media":0,"parent":152,"menu_order":0,"comment_status":"closed","ping_status":"closed","template":"","meta":{"footnotes":""},"class_list":["post-426","page","type-page","status-publish","hentry"],"yoast_head":"<!-- This site is optimized with the Yoast SEO plugin v25.1 - https:\/\/yoast.com\/wordpress\/plugins\/seo\/ -->\n<title>Junte-se ao canal SpinBetter do Telegram e ganhe 100 jogadas gr\u00e1tis<\/title>\n<meta name=\"description\" content=\"N\u00e3o perca! Subscreva o nosso rec\u00e9m-lan\u00e7ado canal SpinBetter no Telegram e ganhe 100 Free Rounds instantaneamente! Registe-se j\u00e1 para receber promo\u00e7\u00f5es exclusivas, brindes incr\u00edveis e vantagens exclusivas que s\u00f3 a nossa comunidade tem para oferecer.\" \/>\n<meta name=\"robots\" content=\"index, follow, max-snippet:-1, max-image-preview:large, max-video-preview:-1\" \/>\n<meta property=\"og:locale\" content=\"en_US\" \/>\n<meta property=\"og:type\" content=\"article\" \/>\n<meta property=\"og:title\" content=\"Junte-se ao canal SpinBetter do Telegram e ganhe 100 jogadas gr\u00e1tis\" \/>\n<meta property=\"og:description\" content=\"N\u00e3o perca! Subscreva o nosso rec\u00e9m-lan\u00e7ado canal SpinBetter no Telegram e ganhe 100 Free Rounds instantaneamente! Registe-se j\u00e1 para receber promo\u00e7\u00f5es exclusivas, brindes incr\u00edveis e vantagens exclusivas que s\u00f3 a nossa comunidade tem para oferecer.\" \/>\n<meta property=\"og:url\" content=\"https:\/\/spinbetter.cafe\/mz\/bonus\/subscribe-telegram\/\" \/>\n<meta property=\"og:site_name\" content=\"Spinbetter Cafe MZ\" \/>\n<meta property=\"article:modified_time\" content=\"2025-06-03T13:13:09+00:00\" \/>\n<meta name=\"twitter:card\" content=\"summary_large_image\" \/>\n<script type=\"application\/ld+json\" class=\"yoast-schema-graph\">{\"@context\":\"https:\/\/schema.org\",\"@graph\":[{\"@type\":\"WebPage\",\"@id\":\"https:\/\/spinbetter.cafe\/mz\/bonus\/subscribe-telegram\/\",\"url\":\"https:\/\/spinbetter.cafe\/mz\/bonus\/subscribe-telegram\/\",\"name\":\"Junte-se ao canal SpinBetter do Telegram e ganhe 100 jogadas gr\u00e1tis\",\"isPartOf\":{\"@id\":\"https:\/\/spinbetter.cafe\/mz\/#website\"},\"datePublished\":\"2025-06-03T13:12:57+00:00\",\"dateModified\":\"2025-06-03T13:13:09+00:00\",\"description\":\"N\u00e3o perca! Subscreva o nosso rec\u00e9m-lan\u00e7ado canal SpinBetter no Telegram e ganhe 100 Free Rounds instantaneamente! Registe-se j\u00e1 para receber promo\u00e7\u00f5es exclusivas, brindes incr\u00edveis e vantagens exclusivas que s\u00f3 a nossa comunidade tem para oferecer.\",\"breadcrumb\":{\"@id\":\"https:\/\/spinbetter.cafe\/mz\/bonus\/subscribe-telegram\/#breadcrumb\"},\"inLanguage\":\"af-ZA\",\"potentialAction\":[{\"@type\":\"ReadAction\",\"target\":[\"https:\/\/spinbetter.cafe\/mz\/bonus\/subscribe-telegram\/\"]}]},{\"@type\":\"BreadcrumbList\",\"@id\":\"https:\/\/spinbetter.cafe\/mz\/bonus\/subscribe-telegram\/#breadcrumb\",\"itemListElement\":[{\"@type\":\"ListItem\",\"position\":1,\"name\":\"\u0413\u043b\u0430\u0432\u043d\u0430\u044f \u0441\u0442\u0440\u0430\u043d\u0438\u0446\u0430\",\"item\":\"https:\/\/spinbetter.cafe\/mz\/\"},{\"@type\":\"ListItem\",\"position\":2,\"name\":\"B\u00f3nus\",\"item\":\"https:\/\/spinbetter.cafe\/mz\/bonus\/\"},{\"@type\":\"ListItem\",\"position\":3,\"name\":\"Inscreva-se no Telegram\"}]},{\"@type\":\"WebSite\",\"@id\":\"https:\/\/spinbetter.cafe\/mz\/#website\",\"url\":\"https:\/\/spinbetter.cafe\/mz\/\",\"name\":\"Spinbetter Cafe MZ\",\"description\":\"\",\"potentialAction\":[{\"@type\":\"SearchAction\",\"target\":{\"@type\":\"EntryPoint\",\"urlTemplate\":\"https:\/\/spinbetter.cafe\/mz\/?s={search_term_string}\"},\"query-input\":{\"@type\":\"PropertyValueSpecification\",\"valueRequired\":true,\"valueName\":\"search_term_string\"}}],\"inLanguage\":\"af-ZA\"}]}<\/script>\n<!-- \/ Yoast SEO plugin. -->","yoast_head_json":{"title":"Junte-se ao canal SpinBetter do Telegram e ganhe 100 jogadas gr\u00e1tis","description":"N\u00e3o perca! Subscreva o nosso rec\u00e9m-lan\u00e7ado canal SpinBetter no Telegram e ganhe 100 Free Rounds instantaneamente! Registe-se j\u00e1 para receber promo\u00e7\u00f5es exclusivas, brindes incr\u00edveis e vantagens exclusivas que s\u00f3 a nossa comunidade tem para oferecer.","robots":{"index":"index","follow":"follow","max-snippet":"max-snippet:-1","max-image-preview":"max-image-preview:large","max-video-preview":"max-video-preview:-1"},"og_locale":"en_US","og_type":"article","og_title":"Junte-se ao canal SpinBetter do Telegram e ganhe 100 jogadas gr\u00e1tis","og_description":"N\u00e3o perca! Subscreva o nosso rec\u00e9m-lan\u00e7ado canal SpinBetter no Telegram e ganhe 100 Free Rounds instantaneamente! Registe-se j\u00e1 para receber promo\u00e7\u00f5es exclusivas, brindes incr\u00edveis e vantagens exclusivas que s\u00f3 a nossa comunidade tem para oferecer.","og_url":"https:\/\/spinbetter.cafe\/mz\/bonus\/subscribe-telegram\/","og_site_name":"Spinbetter Cafe MZ","article_modified_time":"2025-06-03T13:13:09+00:00","twitter_card":"summary_large_image","schema":{"@context":"https:\/\/schema.org","@graph":[{"@type":"WebPage","@id":"https:\/\/spinbetter.cafe\/mz\/bonus\/subscribe-telegram\/","url":"https:\/\/spinbetter.cafe\/mz\/bonus\/subscribe-telegram\/","name":"Junte-se ao canal SpinBetter do Telegram e ganhe 100 jogadas gr\u00e1tis","isPartOf":{"@id":"https:\/\/spinbetter.cafe\/mz\/#website"},"datePublished":"2025-06-03T13:12:57+00:00","dateModified":"2025-06-03T13:13:09+00:00","description":"N\u00e3o perca! Subscreva o nosso rec\u00e9m-lan\u00e7ado canal SpinBetter no Telegram e ganhe 100 Free Rounds instantaneamente! Registe-se j\u00e1 para receber promo\u00e7\u00f5es exclusivas, brindes incr\u00edveis e vantagens exclusivas que s\u00f3 a nossa comunidade tem para oferecer.","breadcrumb":{"@id":"https:\/\/spinbetter.cafe\/mz\/bonus\/subscribe-telegram\/#breadcrumb"},"inLanguage":"af-ZA","potentialAction":[{"@type":"ReadAction","target":["https:\/\/spinbetter.cafe\/mz\/bonus\/subscribe-telegram\/"]}]},{"@type":"BreadcrumbList","@id":"https:\/\/spinbetter.cafe\/mz\/bonus\/subscribe-telegram\/#breadcrumb","itemListElement":[{"@type":"ListItem","position":1,"name":"\u0413\u043b\u0430\u0432\u043d\u0430\u044f \u0441\u0442\u0440\u0430\u043d\u0438\u0446\u0430","item":"https:\/\/spinbetter.cafe\/mz\/"},{"@type":"ListItem","position":2,"name":"B\u00f3nus","item":"https:\/\/spinbetter.cafe\/mz\/bonus\/"},{"@type":"ListItem","position":3,"name":"Inscreva-se no Telegram"}]},{"@type":"WebSite","@id":"https:\/\/spinbetter.cafe\/mz\/#website","url":"https:\/\/spinbetter.cafe\/mz\/","name":"Spinbetter Cafe MZ","description":"","potentialAction":[{"@type":"SearchAction","target":{"@type":"EntryPoint","urlTemplate":"https:\/\/spinbetter.cafe\/mz\/?s={search_term_string}"},"query-input":{"@type":"PropertyValueSpecification","valueRequired":true,"valueName":"search_term_string"}}],"inLanguage":"af-ZA"}]}},"_links":{"self":[{"href":"https:\/\/spinbetter.cafe\/mz\/wp-json\/wp\/v2\/pages\/426"}],"collection":[{"href":"https:\/\/spinbetter.cafe\/mz\/wp-json\/wp\/v2\/pages"}],"about":[{"href":"https:\/\/spinbetter.cafe\/mz\/wp-json\/wp\/v2\/types\/page"}],"author":[{"embeddable":true,"href":"https:\/\/spinbetter.cafe\/mz\/wp-json\/wp\/v2\/users\/1"}],"replies":[{"embeddable":true,"href":"https:\/\/spinbetter.cafe\/mz\/wp-json\/wp\/v2\/comments?post=426"}],"version-history":[{"count":1,"href":"https:\/\/spinbetter.cafe\/mz\/wp-json\/wp\/v2\/pages\/426\/revisions"}],"predecessor-version":[{"id":427,"href":"https:\/\/spinbetter.cafe\/mz\/wp-json\/wp\/v2\/pages\/426\/revisions\/427"}],"up":[{"embeddable":true,"href":"https:\/\/spinbetter.cafe\/mz\/wp-json\/wp\/v2\/pages\/152"}],"wp:attachment":[{"href":"https:\/\/spinbetter.cafe\/mz\/wp-json\/wp\/v2\/media?parent=426"}],"curies":[{"name":"wp","href":"https:\/\/api.w.org\/{rel}","templated":true}]}}