{"id":402,"date":"2025-07-07T11:37:38","date_gmt":"2025-07-07T11:37:38","guid":{"rendered":"https:\/\/spinbetter.cafe\/lv\/?page_id=402"},"modified":"2025-07-07T11:37:49","modified_gmt":"2025-07-07T11:37:49","slug":"return-on-bets","status":"publish","type":"page","link":"https:\/\/spinbetter.cafe\/lv\/bonus\/return-on-bets\/","title":{"rendered":"Atmaksa par SpinBetter likm\u0113m"},"content":{"rendered":"","protected":false},"excerpt":{"rendered":"","protected":false},"author":1,"featured_media":0,"parent":152,"menu_order":0,"comment_status":"closed","ping_status":"closed","template":"","meta":{"footnotes":""},"class_list":["post-402","page","type-page","status-publish","hentry"],"yoast_head":"<!-- This site is optimized with the Yoast SEO plugin v25.1 - https:\/\/yoast.com\/wordpress\/plugins\/seo\/ -->\n<title>SpinBetter likmju atmaksa \u1405 Ikned\u0113\u013cas naudas atmaksa<\/title>\n<meta name=\"description\" content=\"Sa\u0146emiet 3% naudas atmaksu katru ned\u0113\u013cu l\u012bdz pat 1000 EUR! Veiciet likmes SpinBetter ar koeficientu no 1,5 un sa\u0146emiet da\u013cu no zaud\u0113tajiem l\u012bdzek\u013ciem bez jebk\u0101diem papildu nosac\u012bjumiem.\" \/>\n<meta name=\"robots\" content=\"index, follow, max-snippet:-1, max-image-preview:large, max-video-preview:-1\" \/>\n<meta property=\"og:locale\" content=\"lv_LV\" \/>\n<meta property=\"og:type\" content=\"article\" \/>\n<meta property=\"og:title\" content=\"SpinBetter likmju atmaksa \u1405 Ikned\u0113\u013cas naudas atmaksa\" \/>\n<meta property=\"og:description\" content=\"Sa\u0146emiet 3% naudas atmaksu katru ned\u0113\u013cu l\u012bdz pat 1000 EUR! Veiciet likmes SpinBetter ar koeficientu no 1,5 un sa\u0146emiet da\u013cu no zaud\u0113tajiem l\u012bdzek\u013ciem bez jebk\u0101diem papildu nosac\u012bjumiem.\" \/>\n<meta property=\"og:url\" content=\"https:\/\/spinbetter.cafe\/lv\/bonus\/return-on-bets\/\" \/>\n<meta property=\"og:site_name\" content=\"Spinbetter Cafe LV\" \/>\n<meta property=\"article:modified_time\" content=\"2025-07-07T11:37:49+00:00\" \/>\n<meta name=\"twitter:card\" content=\"summary_large_image\" \/>\n<script type=\"application\/ld+json\" class=\"yoast-schema-graph\">{\"@context\":\"https:\/\/schema.org\",\"@graph\":[{\"@type\":\"WebPage\",\"@id\":\"https:\/\/spinbetter.cafe\/lv\/bonus\/return-on-bets\/\",\"url\":\"https:\/\/spinbetter.cafe\/lv\/bonus\/return-on-bets\/\",\"name\":\"SpinBetter likmju atmaksa \u1405 Ikned\u0113\u013cas naudas atmaksa\",\"isPartOf\":{\"@id\":\"https:\/\/spinbetter.cafe\/lv\/#website\"},\"datePublished\":\"2025-07-07T11:37:38+00:00\",\"dateModified\":\"2025-07-07T11:37:49+00:00\",\"description\":\"Sa\u0146emiet 3% naudas atmaksu katru ned\u0113\u013cu l\u012bdz pat 1000 EUR! Veiciet likmes SpinBetter ar koeficientu no 1,5 un sa\u0146emiet da\u013cu no zaud\u0113tajiem l\u012bdzek\u013ciem bez jebk\u0101diem papildu nosac\u012bjumiem.\",\"breadcrumb\":{\"@id\":\"https:\/\/spinbetter.cafe\/lv\/bonus\/return-on-bets\/#breadcrumb\"},\"inLanguage\":\"lv-LV\",\"potentialAction\":[{\"@type\":\"ReadAction\",\"target\":[\"https:\/\/spinbetter.cafe\/lv\/bonus\/return-on-bets\/\"]}]},{\"@type\":\"BreadcrumbList\",\"@id\":\"https:\/\/spinbetter.cafe\/lv\/bonus\/return-on-bets\/#breadcrumb\",\"itemListElement\":[{\"@type\":\"ListItem\",\"position\":1,\"name\":\"\u0413\u043b\u0430\u0432\u043d\u0430\u044f \u0441\u0442\u0440\u0430\u043d\u0438\u0446\u0430\",\"item\":\"https:\/\/spinbetter.cafe\/lv\/\"},{\"@type\":\"ListItem\",\"position\":2,\"name\":\"Bonuss\",\"item\":\"https:\/\/spinbetter.cafe\/lv\/bonus\/\"},{\"@type\":\"ListItem\",\"position\":3,\"name\":\"Atmaksa par SpinBetter likm\u0113m\"}]},{\"@type\":\"WebSite\",\"@id\":\"https:\/\/spinbetter.cafe\/lv\/#website\",\"url\":\"https:\/\/spinbetter.cafe\/lv\/\",\"name\":\"Spinbetter Cafe LV\",\"description\":\"\",\"potentialAction\":[{\"@type\":\"SearchAction\",\"target\":{\"@type\":\"EntryPoint\",\"urlTemplate\":\"https:\/\/spinbetter.cafe\/lv\/?s={search_term_string}\"},\"query-input\":{\"@type\":\"PropertyValueSpecification\",\"valueRequired\":true,\"valueName\":\"search_term_string\"}}],\"inLanguage\":\"lv-LV\"}]}<\/script>\n<!-- \/ Yoast SEO plugin. -->","yoast_head_json":{"title":"SpinBetter likmju atmaksa \u1405 Ikned\u0113\u013cas naudas atmaksa","description":"Sa\u0146emiet 3% naudas atmaksu katru ned\u0113\u013cu l\u012bdz pat 1000 EUR! Veiciet likmes SpinBetter ar koeficientu no 1,5 un sa\u0146emiet da\u013cu no zaud\u0113tajiem l\u012bdzek\u013ciem bez jebk\u0101diem papildu nosac\u012bjumiem.","robots":{"index":"index","follow":"follow","max-snippet":"max-snippet:-1","max-image-preview":"max-image-preview:large","max-video-preview":"max-video-preview:-1"},"og_locale":"lv_LV","og_type":"article","og_title":"SpinBetter likmju atmaksa \u1405 Ikned\u0113\u013cas naudas atmaksa","og_description":"Sa\u0146emiet 3% naudas atmaksu katru ned\u0113\u013cu l\u012bdz pat 1000 EUR! Veiciet likmes SpinBetter ar koeficientu no 1,5 un sa\u0146emiet da\u013cu no zaud\u0113tajiem l\u012bdzek\u013ciem bez jebk\u0101diem papildu nosac\u012bjumiem.","og_url":"https:\/\/spinbetter.cafe\/lv\/bonus\/return-on-bets\/","og_site_name":"Spinbetter Cafe LV","article_modified_time":"2025-07-07T11:37:49+00:00","twitter_card":"summary_large_image","schema":{"@context":"https:\/\/schema.org","@graph":[{"@type":"WebPage","@id":"https:\/\/spinbetter.cafe\/lv\/bonus\/return-on-bets\/","url":"https:\/\/spinbetter.cafe\/lv\/bonus\/return-on-bets\/","name":"SpinBetter likmju atmaksa \u1405 Ikned\u0113\u013cas naudas atmaksa","isPartOf":{"@id":"https:\/\/spinbetter.cafe\/lv\/#website"},"datePublished":"2025-07-07T11:37:38+00:00","dateModified":"2025-07-07T11:37:49+00:00","description":"Sa\u0146emiet 3% naudas atmaksu katru ned\u0113\u013cu l\u012bdz pat 1000 EUR! Veiciet likmes SpinBetter ar koeficientu no 1,5 un sa\u0146emiet da\u013cu no zaud\u0113tajiem l\u012bdzek\u013ciem bez jebk\u0101diem papildu nosac\u012bjumiem.","breadcrumb":{"@id":"https:\/\/spinbetter.cafe\/lv\/bonus\/return-on-bets\/#breadcrumb"},"inLanguage":"lv-LV","potentialAction":[{"@type":"ReadAction","target":["https:\/\/spinbetter.cafe\/lv\/bonus\/return-on-bets\/"]}]},{"@type":"BreadcrumbList","@id":"https:\/\/spinbetter.cafe\/lv\/bonus\/return-on-bets\/#breadcrumb","itemListElement":[{"@type":"ListItem","position":1,"name":"\u0413\u043b\u0430\u0432\u043d\u0430\u044f \u0441\u0442\u0440\u0430\u043d\u0438\u0446\u0430","item":"https:\/\/spinbetter.cafe\/lv\/"},{"@type":"ListItem","position":2,"name":"Bonuss","item":"https:\/\/spinbetter.cafe\/lv\/bonus\/"},{"@type":"ListItem","position":3,"name":"Atmaksa par SpinBetter likm\u0113m"}]},{"@type":"WebSite","@id":"https:\/\/spinbetter.cafe\/lv\/#website","url":"https:\/\/spinbetter.cafe\/lv\/","name":"Spinbetter Cafe LV","description":"","potentialAction":[{"@type":"SearchAction","target":{"@type":"EntryPoint","urlTemplate":"https:\/\/spinbetter.cafe\/lv\/?s={search_term_string}"},"query-input":{"@type":"PropertyValueSpecification","valueRequired":true,"valueName":"search_term_string"}}],"inLanguage":"lv-LV"}]}},"_links":{"self":[{"href":"https:\/\/spinbetter.cafe\/lv\/wp-json\/wp\/v2\/pages\/402"}],"collection":[{"href":"https:\/\/spinbetter.cafe\/lv\/wp-json\/wp\/v2\/pages"}],"about":[{"href":"https:\/\/spinbetter.cafe\/lv\/wp-json\/wp\/v2\/types\/page"}],"author":[{"embeddable":true,"href":"https:\/\/spinbetter.cafe\/lv\/wp-json\/wp\/v2\/users\/1"}],"replies":[{"embeddable":true,"href":"https:\/\/spinbetter.cafe\/lv\/wp-json\/wp\/v2\/comments?post=402"}],"version-history":[{"count":1,"href":"https:\/\/spinbetter.cafe\/lv\/wp-json\/wp\/v2\/pages\/402\/revisions"}],"predecessor-version":[{"id":403,"href":"https:\/\/spinbetter.cafe\/lv\/wp-json\/wp\/v2\/pages\/402\/revisions\/403"}],"up":[{"embeddable":true,"href":"https:\/\/spinbetter.cafe\/lv\/wp-json\/wp\/v2\/pages\/152"}],"wp:attachment":[{"href":"https:\/\/spinbetter.cafe\/lv\/wp-json\/wp\/v2\/media?parent=402"}],"curies":[{"name":"wp","href":"https:\/\/api.w.org\/{rel}","templated":true}]}}