{"id":389,"date":"2025-06-06T05:50:48","date_gmt":"2025-06-06T05:50:48","guid":{"rendered":"https:\/\/spinbetter.cafe\/lv\/?page_id=389"},"modified":"2025-06-06T05:50:56","modified_gmt":"2025-06-06T05:50:56","slug":"loyalty","status":"publish","type":"page","link":"https:\/\/spinbetter.cafe\/lv\/bonus\/loyalty\/","title":{"rendered":"Lojalit\u0101te"},"content":{"rendered":"","protected":false},"excerpt":{"rendered":"","protected":false},"author":1,"featured_media":0,"parent":152,"menu_order":0,"comment_status":"closed","ping_status":"closed","template":"","meta":{"footnotes":""},"class_list":["post-389","page","type-page","status-publish","hentry"],"yoast_head":"<!-- This site is optimized with the Yoast SEO plugin v25.1 - https:\/\/yoast.com\/wordpress\/plugins\/seo\/ -->\n<title>Spinbetter lojalit\u0101te atmaks\u0101jas &gt; Sa\u0146emiet 50% bonusu + 100 bezmaksas griezienus<\/title>\n<meta name=\"description\" content=\"Lojalit\u0101tei Spinbetter ir savas priek\u0161roc\u012bbas! Veiciet savu desmito iemaksu un sa\u0146emiet iespaid\u012bgu 50% bonusu, k\u0101 ar\u012b l\u012bdz pat 100 bezmaksas griezieniem! J\u016bs jau esat biju\u0161i kop\u0101 ar mums \u2014 tagad ir pien\u0101cis laiks izmantot balvas. Nepalaidiet gar\u0101m \u0161o ekskluz\u012bvo pied\u0101v\u0101jumu!\" \/>\n<meta name=\"robots\" content=\"index, follow, max-snippet:-1, max-image-preview:large, max-video-preview:-1\" \/>\n<meta property=\"og:locale\" content=\"lv_LV\" \/>\n<meta property=\"og:type\" content=\"article\" \/>\n<meta property=\"og:title\" content=\"Spinbetter lojalit\u0101te atmaks\u0101jas &gt; Sa\u0146emiet 50% bonusu + 100 bezmaksas griezienus\" \/>\n<meta property=\"og:description\" content=\"Lojalit\u0101tei Spinbetter ir savas priek\u0161roc\u012bbas! Veiciet savu desmito iemaksu un sa\u0146emiet iespaid\u012bgu 50% bonusu, k\u0101 ar\u012b l\u012bdz pat 100 bezmaksas griezieniem! J\u016bs jau esat biju\u0161i kop\u0101 ar mums \u2014 tagad ir pien\u0101cis laiks izmantot balvas. Nepalaidiet gar\u0101m \u0161o ekskluz\u012bvo pied\u0101v\u0101jumu!\" \/>\n<meta property=\"og:url\" content=\"https:\/\/spinbetter.cafe\/lv\/bonus\/loyalty\/\" \/>\n<meta property=\"og:site_name\" content=\"Spinbetter Cafe LV\" \/>\n<meta property=\"article:modified_time\" content=\"2025-06-06T05:50:56+00:00\" \/>\n<meta name=\"twitter:card\" content=\"summary_large_image\" \/>\n<script type=\"application\/ld+json\" class=\"yoast-schema-graph\">{\"@context\":\"https:\/\/schema.org\",\"@graph\":[{\"@type\":\"WebPage\",\"@id\":\"https:\/\/spinbetter.cafe\/lv\/bonus\/loyalty\/\",\"url\":\"https:\/\/spinbetter.cafe\/lv\/bonus\/loyalty\/\",\"name\":\"Spinbetter lojalit\u0101te atmaks\u0101jas > Sa\u0146emiet 50% bonusu + 100 bezmaksas griezienus\",\"isPartOf\":{\"@id\":\"https:\/\/spinbetter.cafe\/lv\/#website\"},\"datePublished\":\"2025-06-06T05:50:48+00:00\",\"dateModified\":\"2025-06-06T05:50:56+00:00\",\"description\":\"Lojalit\u0101tei Spinbetter ir savas priek\u0161roc\u012bbas! Veiciet savu desmito iemaksu un sa\u0146emiet iespaid\u012bgu 50% bonusu, k\u0101 ar\u012b l\u012bdz pat 100 bezmaksas griezieniem! J\u016bs jau esat biju\u0161i kop\u0101 ar mums \u2014 tagad ir pien\u0101cis laiks izmantot balvas. Nepalaidiet gar\u0101m \u0161o ekskluz\u012bvo pied\u0101v\u0101jumu!\",\"breadcrumb\":{\"@id\":\"https:\/\/spinbetter.cafe\/lv\/bonus\/loyalty\/#breadcrumb\"},\"inLanguage\":\"lv-LV\",\"potentialAction\":[{\"@type\":\"ReadAction\",\"target\":[\"https:\/\/spinbetter.cafe\/lv\/bonus\/loyalty\/\"]}]},{\"@type\":\"BreadcrumbList\",\"@id\":\"https:\/\/spinbetter.cafe\/lv\/bonus\/loyalty\/#breadcrumb\",\"itemListElement\":[{\"@type\":\"ListItem\",\"position\":1,\"name\":\"\u0413\u043b\u0430\u0432\u043d\u0430\u044f \u0441\u0442\u0440\u0430\u043d\u0438\u0446\u0430\",\"item\":\"https:\/\/spinbetter.cafe\/lv\/\"},{\"@type\":\"ListItem\",\"position\":2,\"name\":\"Bonuss\",\"item\":\"https:\/\/spinbetter.cafe\/lv\/bonus\/\"},{\"@type\":\"ListItem\",\"position\":3,\"name\":\"Lojalit\u0101te\"}]},{\"@type\":\"WebSite\",\"@id\":\"https:\/\/spinbetter.cafe\/lv\/#website\",\"url\":\"https:\/\/spinbetter.cafe\/lv\/\",\"name\":\"Spinbetter Cafe LV\",\"description\":\"\",\"potentialAction\":[{\"@type\":\"SearchAction\",\"target\":{\"@type\":\"EntryPoint\",\"urlTemplate\":\"https:\/\/spinbetter.cafe\/lv\/?s={search_term_string}\"},\"query-input\":{\"@type\":\"PropertyValueSpecification\",\"valueRequired\":true,\"valueName\":\"search_term_string\"}}],\"inLanguage\":\"lv-LV\"}]}<\/script>\n<!-- \/ Yoast SEO plugin. -->","yoast_head_json":{"title":"Spinbetter lojalit\u0101te atmaks\u0101jas > Sa\u0146emiet 50% bonusu + 100 bezmaksas griezienus","description":"Lojalit\u0101tei Spinbetter ir savas priek\u0161roc\u012bbas! Veiciet savu desmito iemaksu un sa\u0146emiet iespaid\u012bgu 50% bonusu, k\u0101 ar\u012b l\u012bdz pat 100 bezmaksas griezieniem! J\u016bs jau esat biju\u0161i kop\u0101 ar mums \u2014 tagad ir pien\u0101cis laiks izmantot balvas. Nepalaidiet gar\u0101m \u0161o ekskluz\u012bvo pied\u0101v\u0101jumu!","robots":{"index":"index","follow":"follow","max-snippet":"max-snippet:-1","max-image-preview":"max-image-preview:large","max-video-preview":"max-video-preview:-1"},"og_locale":"lv_LV","og_type":"article","og_title":"Spinbetter lojalit\u0101te atmaks\u0101jas > Sa\u0146emiet 50% bonusu + 100 bezmaksas griezienus","og_description":"Lojalit\u0101tei Spinbetter ir savas priek\u0161roc\u012bbas! Veiciet savu desmito iemaksu un sa\u0146emiet iespaid\u012bgu 50% bonusu, k\u0101 ar\u012b l\u012bdz pat 100 bezmaksas griezieniem! J\u016bs jau esat biju\u0161i kop\u0101 ar mums \u2014 tagad ir pien\u0101cis laiks izmantot balvas. Nepalaidiet gar\u0101m \u0161o ekskluz\u012bvo pied\u0101v\u0101jumu!","og_url":"https:\/\/spinbetter.cafe\/lv\/bonus\/loyalty\/","og_site_name":"Spinbetter Cafe LV","article_modified_time":"2025-06-06T05:50:56+00:00","twitter_card":"summary_large_image","schema":{"@context":"https:\/\/schema.org","@graph":[{"@type":"WebPage","@id":"https:\/\/spinbetter.cafe\/lv\/bonus\/loyalty\/","url":"https:\/\/spinbetter.cafe\/lv\/bonus\/loyalty\/","name":"Spinbetter lojalit\u0101te atmaks\u0101jas > Sa\u0146emiet 50% bonusu + 100 bezmaksas griezienus","isPartOf":{"@id":"https:\/\/spinbetter.cafe\/lv\/#website"},"datePublished":"2025-06-06T05:50:48+00:00","dateModified":"2025-06-06T05:50:56+00:00","description":"Lojalit\u0101tei Spinbetter ir savas priek\u0161roc\u012bbas! Veiciet savu desmito iemaksu un sa\u0146emiet iespaid\u012bgu 50% bonusu, k\u0101 ar\u012b l\u012bdz pat 100 bezmaksas griezieniem! J\u016bs jau esat biju\u0161i kop\u0101 ar mums \u2014 tagad ir pien\u0101cis laiks izmantot balvas. Nepalaidiet gar\u0101m \u0161o ekskluz\u012bvo pied\u0101v\u0101jumu!","breadcrumb":{"@id":"https:\/\/spinbetter.cafe\/lv\/bonus\/loyalty\/#breadcrumb"},"inLanguage":"lv-LV","potentialAction":[{"@type":"ReadAction","target":["https:\/\/spinbetter.cafe\/lv\/bonus\/loyalty\/"]}]},{"@type":"BreadcrumbList","@id":"https:\/\/spinbetter.cafe\/lv\/bonus\/loyalty\/#breadcrumb","itemListElement":[{"@type":"ListItem","position":1,"name":"\u0413\u043b\u0430\u0432\u043d\u0430\u044f \u0441\u0442\u0440\u0430\u043d\u0438\u0446\u0430","item":"https:\/\/spinbetter.cafe\/lv\/"},{"@type":"ListItem","position":2,"name":"Bonuss","item":"https:\/\/spinbetter.cafe\/lv\/bonus\/"},{"@type":"ListItem","position":3,"name":"Lojalit\u0101te"}]},{"@type":"WebSite","@id":"https:\/\/spinbetter.cafe\/lv\/#website","url":"https:\/\/spinbetter.cafe\/lv\/","name":"Spinbetter Cafe LV","description":"","potentialAction":[{"@type":"SearchAction","target":{"@type":"EntryPoint","urlTemplate":"https:\/\/spinbetter.cafe\/lv\/?s={search_term_string}"},"query-input":{"@type":"PropertyValueSpecification","valueRequired":true,"valueName":"search_term_string"}}],"inLanguage":"lv-LV"}]}},"_links":{"self":[{"href":"https:\/\/spinbetter.cafe\/lv\/wp-json\/wp\/v2\/pages\/389"}],"collection":[{"href":"https:\/\/spinbetter.cafe\/lv\/wp-json\/wp\/v2\/pages"}],"about":[{"href":"https:\/\/spinbetter.cafe\/lv\/wp-json\/wp\/v2\/types\/page"}],"author":[{"embeddable":true,"href":"https:\/\/spinbetter.cafe\/lv\/wp-json\/wp\/v2\/users\/1"}],"replies":[{"embeddable":true,"href":"https:\/\/spinbetter.cafe\/lv\/wp-json\/wp\/v2\/comments?post=389"}],"version-history":[{"count":1,"href":"https:\/\/spinbetter.cafe\/lv\/wp-json\/wp\/v2\/pages\/389\/revisions"}],"predecessor-version":[{"id":390,"href":"https:\/\/spinbetter.cafe\/lv\/wp-json\/wp\/v2\/pages\/389\/revisions\/390"}],"up":[{"embeddable":true,"href":"https:\/\/spinbetter.cafe\/lv\/wp-json\/wp\/v2\/pages\/152"}],"wp:attachment":[{"href":"https:\/\/spinbetter.cafe\/lv\/wp-json\/wp\/v2\/media?parent=389"}],"curies":[{"name":"wp","href":"https:\/\/api.w.org\/{rel}","templated":true}]}}