{"id":387,"date":"2025-06-06T05:48:34","date_gmt":"2025-06-06T05:48:34","guid":{"rendered":"https:\/\/spinbetter.cafe\/lv\/?page_id=387"},"modified":"2025-06-06T05:48:43","modified_gmt":"2025-06-06T05:48:43","slug":"1st-deposit","status":"publish","type":"page","link":"https:\/\/spinbetter.cafe\/lv\/bonus\/1st-deposit\/","title":{"rendered":"1. iemaksa"},"content":{"rendered":"","protected":false},"excerpt":{"rendered":"","protected":false},"author":1,"featured_media":0,"parent":152,"menu_order":0,"comment_status":"closed","ping_status":"closed","template":"","meta":{"footnotes":""},"class_list":["post-387","page","type-page","status-publish","hentry"],"yoast_head":"<!-- This site is optimized with the Yoast SEO plugin v25.1 - https:\/\/yoast.com\/wordpress\/plugins\/seo\/ -->\n<title>Jauno sp\u0113l\u0113t\u0101ju Spinbetter sagaid\u012b\u0161anas bonuss &gt; Sa\u0146emiet 100% l\u012bdz pat 1500 \u20ac<\/title>\n<meta name=\"description\" content=\"Sagatavojieties n\u0101kt klaj\u0101 ar milz\u012bgu 100% bonusu l\u012bdz pat 1500 eiro savam pirmajam depoz\u012btam! T\u0101 nav tikai sagaid\u012b\u0161anas d\u0101vana \u2013 t\u0101 maina sp\u0113les noteikumus. Izmantojiet \u0161o azartu un divk\u0101r\u0161ojiet savu naudu \u2013 ne\u013caujiet \u0161ai iesp\u0113jai paiet gar\u0101m!\" \/>\n<meta name=\"robots\" content=\"index, follow, max-snippet:-1, max-image-preview:large, max-video-preview:-1\" \/>\n<meta property=\"og:locale\" content=\"lv_LV\" \/>\n<meta property=\"og:type\" content=\"article\" \/>\n<meta property=\"og:title\" content=\"Jauno sp\u0113l\u0113t\u0101ju Spinbetter sagaid\u012b\u0161anas bonuss &gt; Sa\u0146emiet 100% l\u012bdz pat 1500 \u20ac\" \/>\n<meta property=\"og:description\" content=\"Sagatavojieties n\u0101kt klaj\u0101 ar milz\u012bgu 100% bonusu l\u012bdz pat 1500 eiro savam pirmajam depoz\u012btam! T\u0101 nav tikai sagaid\u012b\u0161anas d\u0101vana \u2013 t\u0101 maina sp\u0113les noteikumus. Izmantojiet \u0161o azartu un divk\u0101r\u0161ojiet savu naudu \u2013 ne\u013caujiet \u0161ai iesp\u0113jai paiet gar\u0101m!\" \/>\n<meta property=\"og:url\" content=\"https:\/\/spinbetter.cafe\/lv\/bonus\/1st-deposit\/\" \/>\n<meta property=\"og:site_name\" content=\"Spinbetter Cafe LV\" \/>\n<meta property=\"article:modified_time\" content=\"2025-06-06T05:48:43+00:00\" \/>\n<meta name=\"twitter:card\" content=\"summary_large_image\" \/>\n<script type=\"application\/ld+json\" class=\"yoast-schema-graph\">{\"@context\":\"https:\/\/schema.org\",\"@graph\":[{\"@type\":\"WebPage\",\"@id\":\"https:\/\/spinbetter.cafe\/lv\/bonus\/1st-deposit\/\",\"url\":\"https:\/\/spinbetter.cafe\/lv\/bonus\/1st-deposit\/\",\"name\":\"Jauno sp\u0113l\u0113t\u0101ju Spinbetter sagaid\u012b\u0161anas bonuss > Sa\u0146emiet 100% l\u012bdz pat 1500 \u20ac\",\"isPartOf\":{\"@id\":\"https:\/\/spinbetter.cafe\/lv\/#website\"},\"datePublished\":\"2025-06-06T05:48:34+00:00\",\"dateModified\":\"2025-06-06T05:48:43+00:00\",\"description\":\"Sagatavojieties n\u0101kt klaj\u0101 ar milz\u012bgu 100% bonusu l\u012bdz pat 1500 eiro savam pirmajam depoz\u012btam! T\u0101 nav tikai sagaid\u012b\u0161anas d\u0101vana \u2013 t\u0101 maina sp\u0113les noteikumus. Izmantojiet \u0161o azartu un divk\u0101r\u0161ojiet savu naudu \u2013 ne\u013caujiet \u0161ai iesp\u0113jai paiet gar\u0101m!\",\"breadcrumb\":{\"@id\":\"https:\/\/spinbetter.cafe\/lv\/bonus\/1st-deposit\/#breadcrumb\"},\"inLanguage\":\"lv-LV\",\"potentialAction\":[{\"@type\":\"ReadAction\",\"target\":[\"https:\/\/spinbetter.cafe\/lv\/bonus\/1st-deposit\/\"]}]},{\"@type\":\"BreadcrumbList\",\"@id\":\"https:\/\/spinbetter.cafe\/lv\/bonus\/1st-deposit\/#breadcrumb\",\"itemListElement\":[{\"@type\":\"ListItem\",\"position\":1,\"name\":\"\u0413\u043b\u0430\u0432\u043d\u0430\u044f \u0441\u0442\u0440\u0430\u043d\u0438\u0446\u0430\",\"item\":\"https:\/\/spinbetter.cafe\/lv\/\"},{\"@type\":\"ListItem\",\"position\":2,\"name\":\"Bonuss\",\"item\":\"https:\/\/spinbetter.cafe\/lv\/bonus\/\"},{\"@type\":\"ListItem\",\"position\":3,\"name\":\"1. iemaksa\"}]},{\"@type\":\"WebSite\",\"@id\":\"https:\/\/spinbetter.cafe\/lv\/#website\",\"url\":\"https:\/\/spinbetter.cafe\/lv\/\",\"name\":\"Spinbetter Cafe LV\",\"description\":\"\",\"potentialAction\":[{\"@type\":\"SearchAction\",\"target\":{\"@type\":\"EntryPoint\",\"urlTemplate\":\"https:\/\/spinbetter.cafe\/lv\/?s={search_term_string}\"},\"query-input\":{\"@type\":\"PropertyValueSpecification\",\"valueRequired\":true,\"valueName\":\"search_term_string\"}}],\"inLanguage\":\"lv-LV\"}]}<\/script>\n<!-- \/ Yoast SEO plugin. -->","yoast_head_json":{"title":"Jauno sp\u0113l\u0113t\u0101ju Spinbetter sagaid\u012b\u0161anas bonuss > Sa\u0146emiet 100% l\u012bdz pat 1500 \u20ac","description":"Sagatavojieties n\u0101kt klaj\u0101 ar milz\u012bgu 100% bonusu l\u012bdz pat 1500 eiro savam pirmajam depoz\u012btam! T\u0101 nav tikai sagaid\u012b\u0161anas d\u0101vana \u2013 t\u0101 maina sp\u0113les noteikumus. Izmantojiet \u0161o azartu un divk\u0101r\u0161ojiet savu naudu \u2013 ne\u013caujiet \u0161ai iesp\u0113jai paiet gar\u0101m!","robots":{"index":"index","follow":"follow","max-snippet":"max-snippet:-1","max-image-preview":"max-image-preview:large","max-video-preview":"max-video-preview:-1"},"og_locale":"lv_LV","og_type":"article","og_title":"Jauno sp\u0113l\u0113t\u0101ju Spinbetter sagaid\u012b\u0161anas bonuss > Sa\u0146emiet 100% l\u012bdz pat 1500 \u20ac","og_description":"Sagatavojieties n\u0101kt klaj\u0101 ar milz\u012bgu 100% bonusu l\u012bdz pat 1500 eiro savam pirmajam depoz\u012btam! T\u0101 nav tikai sagaid\u012b\u0161anas d\u0101vana \u2013 t\u0101 maina sp\u0113les noteikumus. Izmantojiet \u0161o azartu un divk\u0101r\u0161ojiet savu naudu \u2013 ne\u013caujiet \u0161ai iesp\u0113jai paiet gar\u0101m!","og_url":"https:\/\/spinbetter.cafe\/lv\/bonus\/1st-deposit\/","og_site_name":"Spinbetter Cafe LV","article_modified_time":"2025-06-06T05:48:43+00:00","twitter_card":"summary_large_image","schema":{"@context":"https:\/\/schema.org","@graph":[{"@type":"WebPage","@id":"https:\/\/spinbetter.cafe\/lv\/bonus\/1st-deposit\/","url":"https:\/\/spinbetter.cafe\/lv\/bonus\/1st-deposit\/","name":"Jauno sp\u0113l\u0113t\u0101ju Spinbetter sagaid\u012b\u0161anas bonuss > Sa\u0146emiet 100% l\u012bdz pat 1500 \u20ac","isPartOf":{"@id":"https:\/\/spinbetter.cafe\/lv\/#website"},"datePublished":"2025-06-06T05:48:34+00:00","dateModified":"2025-06-06T05:48:43+00:00","description":"Sagatavojieties n\u0101kt klaj\u0101 ar milz\u012bgu 100% bonusu l\u012bdz pat 1500 eiro savam pirmajam depoz\u012btam! T\u0101 nav tikai sagaid\u012b\u0161anas d\u0101vana \u2013 t\u0101 maina sp\u0113les noteikumus. Izmantojiet \u0161o azartu un divk\u0101r\u0161ojiet savu naudu \u2013 ne\u013caujiet \u0161ai iesp\u0113jai paiet gar\u0101m!","breadcrumb":{"@id":"https:\/\/spinbetter.cafe\/lv\/bonus\/1st-deposit\/#breadcrumb"},"inLanguage":"lv-LV","potentialAction":[{"@type":"ReadAction","target":["https:\/\/spinbetter.cafe\/lv\/bonus\/1st-deposit\/"]}]},{"@type":"BreadcrumbList","@id":"https:\/\/spinbetter.cafe\/lv\/bonus\/1st-deposit\/#breadcrumb","itemListElement":[{"@type":"ListItem","position":1,"name":"\u0413\u043b\u0430\u0432\u043d\u0430\u044f \u0441\u0442\u0440\u0430\u043d\u0438\u0446\u0430","item":"https:\/\/spinbetter.cafe\/lv\/"},{"@type":"ListItem","position":2,"name":"Bonuss","item":"https:\/\/spinbetter.cafe\/lv\/bonus\/"},{"@type":"ListItem","position":3,"name":"1. iemaksa"}]},{"@type":"WebSite","@id":"https:\/\/spinbetter.cafe\/lv\/#website","url":"https:\/\/spinbetter.cafe\/lv\/","name":"Spinbetter Cafe LV","description":"","potentialAction":[{"@type":"SearchAction","target":{"@type":"EntryPoint","urlTemplate":"https:\/\/spinbetter.cafe\/lv\/?s={search_term_string}"},"query-input":{"@type":"PropertyValueSpecification","valueRequired":true,"valueName":"search_term_string"}}],"inLanguage":"lv-LV"}]}},"_links":{"self":[{"href":"https:\/\/spinbetter.cafe\/lv\/wp-json\/wp\/v2\/pages\/387"}],"collection":[{"href":"https:\/\/spinbetter.cafe\/lv\/wp-json\/wp\/v2\/pages"}],"about":[{"href":"https:\/\/spinbetter.cafe\/lv\/wp-json\/wp\/v2\/types\/page"}],"author":[{"embeddable":true,"href":"https:\/\/spinbetter.cafe\/lv\/wp-json\/wp\/v2\/users\/1"}],"replies":[{"embeddable":true,"href":"https:\/\/spinbetter.cafe\/lv\/wp-json\/wp\/v2\/comments?post=387"}],"version-history":[{"count":1,"href":"https:\/\/spinbetter.cafe\/lv\/wp-json\/wp\/v2\/pages\/387\/revisions"}],"predecessor-version":[{"id":388,"href":"https:\/\/spinbetter.cafe\/lv\/wp-json\/wp\/v2\/pages\/387\/revisions\/388"}],"up":[{"embeddable":true,"href":"https:\/\/spinbetter.cafe\/lv\/wp-json\/wp\/v2\/pages\/152"}],"wp:attachment":[{"href":"https:\/\/spinbetter.cafe\/lv\/wp-json\/wp\/v2\/media?parent=387"}],"curies":[{"name":"wp","href":"https:\/\/api.w.org\/{rel}","templated":true}]}}