{"id":380,"date":"2025-06-03T09:04:45","date_gmt":"2025-06-03T09:04:45","guid":{"rendered":"https:\/\/spinbetter.cafe\/lv\/?page_id=380"},"modified":"2025-06-03T09:04:55","modified_gmt":"2025-06-03T09:04:55","slug":"vote-for-sports","status":"publish","type":"page","link":"https:\/\/spinbetter.cafe\/lv\/bonus\/vote-for-sports\/","title":{"rendered":"Balsojiet par sportu"},"content":{"rendered":"","protected":false},"excerpt":{"rendered":"","protected":false},"author":1,"featured_media":0,"parent":152,"menu_order":0,"comment_status":"closed","ping_status":"closed","template":"","meta":{"footnotes":""},"class_list":["post-380","page","type-page","status-publish","hentry"],"yoast_head":"<!-- This site is optimized with the Yoast SEO plugin v25.1 - https:\/\/yoast.com\/wordpress\/plugins\/seo\/ -->\n<title>Balsojiet par sportu SpinBetter &gt; bezmaksas likme l\u012bdz 200 EUR<\/title>\n<meta name=\"description\" content=\"Izv\u0113lies savu iecien\u012bt\u0101ko discipl\u012bnu SpinBetter kazino un sa\u0146emiet bezmaksas likmi l\u012bdz 200 EUR. Vienk\u0101r\u0161i nosac\u012bjumi, \u0101trs bonuss un iesp\u0113ja laim\u0113t v\u0113l vair\u0101k!\" \/>\n<meta name=\"robots\" content=\"index, follow, max-snippet:-1, max-image-preview:large, max-video-preview:-1\" \/>\n<meta property=\"og:locale\" content=\"lv_LV\" \/>\n<meta property=\"og:type\" content=\"article\" \/>\n<meta property=\"og:title\" content=\"Balsojiet par sportu SpinBetter &gt; bezmaksas likme l\u012bdz 200 EUR\" \/>\n<meta property=\"og:description\" content=\"Izv\u0113lies savu iecien\u012bt\u0101ko discipl\u012bnu SpinBetter kazino un sa\u0146emiet bezmaksas likmi l\u012bdz 200 EUR. Vienk\u0101r\u0161i nosac\u012bjumi, \u0101trs bonuss un iesp\u0113ja laim\u0113t v\u0113l vair\u0101k!\" \/>\n<meta property=\"og:url\" content=\"https:\/\/spinbetter.cafe\/lv\/bonus\/vote-for-sports\/\" \/>\n<meta property=\"og:site_name\" content=\"Spinbetter Cafe LV\" \/>\n<meta property=\"article:modified_time\" content=\"2025-06-03T09:04:55+00:00\" \/>\n<meta name=\"twitter:card\" content=\"summary_large_image\" \/>\n<script type=\"application\/ld+json\" class=\"yoast-schema-graph\">{\"@context\":\"https:\/\/schema.org\",\"@graph\":[{\"@type\":\"WebPage\",\"@id\":\"https:\/\/spinbetter.cafe\/lv\/bonus\/vote-for-sports\/\",\"url\":\"https:\/\/spinbetter.cafe\/lv\/bonus\/vote-for-sports\/\",\"name\":\"Balsojiet par sportu SpinBetter > bezmaksas likme l\u012bdz 200 EUR\",\"isPartOf\":{\"@id\":\"https:\/\/spinbetter.cafe\/lv\/#website\"},\"datePublished\":\"2025-06-03T09:04:45+00:00\",\"dateModified\":\"2025-06-03T09:04:55+00:00\",\"description\":\"Izv\u0113lies savu iecien\u012bt\u0101ko discipl\u012bnu SpinBetter kazino un sa\u0146emiet bezmaksas likmi l\u012bdz 200 EUR. Vienk\u0101r\u0161i nosac\u012bjumi, \u0101trs bonuss un iesp\u0113ja laim\u0113t v\u0113l vair\u0101k!\",\"breadcrumb\":{\"@id\":\"https:\/\/spinbetter.cafe\/lv\/bonus\/vote-for-sports\/#breadcrumb\"},\"inLanguage\":\"lv-LV\",\"potentialAction\":[{\"@type\":\"ReadAction\",\"target\":[\"https:\/\/spinbetter.cafe\/lv\/bonus\/vote-for-sports\/\"]}]},{\"@type\":\"BreadcrumbList\",\"@id\":\"https:\/\/spinbetter.cafe\/lv\/bonus\/vote-for-sports\/#breadcrumb\",\"itemListElement\":[{\"@type\":\"ListItem\",\"position\":1,\"name\":\"\u0413\u043b\u0430\u0432\u043d\u0430\u044f \u0441\u0442\u0440\u0430\u043d\u0438\u0446\u0430\",\"item\":\"https:\/\/spinbetter.cafe\/lv\/\"},{\"@type\":\"ListItem\",\"position\":2,\"name\":\"Bonuss\",\"item\":\"https:\/\/spinbetter.cafe\/lv\/bonus\/\"},{\"@type\":\"ListItem\",\"position\":3,\"name\":\"Balsojiet par sportu\"}]},{\"@type\":\"WebSite\",\"@id\":\"https:\/\/spinbetter.cafe\/lv\/#website\",\"url\":\"https:\/\/spinbetter.cafe\/lv\/\",\"name\":\"Spinbetter Cafe LV\",\"description\":\"\",\"potentialAction\":[{\"@type\":\"SearchAction\",\"target\":{\"@type\":\"EntryPoint\",\"urlTemplate\":\"https:\/\/spinbetter.cafe\/lv\/?s={search_term_string}\"},\"query-input\":{\"@type\":\"PropertyValueSpecification\",\"valueRequired\":true,\"valueName\":\"search_term_string\"}}],\"inLanguage\":\"lv-LV\"}]}<\/script>\n<!-- \/ Yoast SEO plugin. -->","yoast_head_json":{"title":"Balsojiet par sportu SpinBetter > bezmaksas likme l\u012bdz 200 EUR","description":"Izv\u0113lies savu iecien\u012bt\u0101ko discipl\u012bnu SpinBetter kazino un sa\u0146emiet bezmaksas likmi l\u012bdz 200 EUR. Vienk\u0101r\u0161i nosac\u012bjumi, \u0101trs bonuss un iesp\u0113ja laim\u0113t v\u0113l vair\u0101k!","robots":{"index":"index","follow":"follow","max-snippet":"max-snippet:-1","max-image-preview":"max-image-preview:large","max-video-preview":"max-video-preview:-1"},"og_locale":"lv_LV","og_type":"article","og_title":"Balsojiet par sportu SpinBetter > bezmaksas likme l\u012bdz 200 EUR","og_description":"Izv\u0113lies savu iecien\u012bt\u0101ko discipl\u012bnu SpinBetter kazino un sa\u0146emiet bezmaksas likmi l\u012bdz 200 EUR. Vienk\u0101r\u0161i nosac\u012bjumi, \u0101trs bonuss un iesp\u0113ja laim\u0113t v\u0113l vair\u0101k!","og_url":"https:\/\/spinbetter.cafe\/lv\/bonus\/vote-for-sports\/","og_site_name":"Spinbetter Cafe LV","article_modified_time":"2025-06-03T09:04:55+00:00","twitter_card":"summary_large_image","schema":{"@context":"https:\/\/schema.org","@graph":[{"@type":"WebPage","@id":"https:\/\/spinbetter.cafe\/lv\/bonus\/vote-for-sports\/","url":"https:\/\/spinbetter.cafe\/lv\/bonus\/vote-for-sports\/","name":"Balsojiet par sportu SpinBetter > bezmaksas likme l\u012bdz 200 EUR","isPartOf":{"@id":"https:\/\/spinbetter.cafe\/lv\/#website"},"datePublished":"2025-06-03T09:04:45+00:00","dateModified":"2025-06-03T09:04:55+00:00","description":"Izv\u0113lies savu iecien\u012bt\u0101ko discipl\u012bnu SpinBetter kazino un sa\u0146emiet bezmaksas likmi l\u012bdz 200 EUR. Vienk\u0101r\u0161i nosac\u012bjumi, \u0101trs bonuss un iesp\u0113ja laim\u0113t v\u0113l vair\u0101k!","breadcrumb":{"@id":"https:\/\/spinbetter.cafe\/lv\/bonus\/vote-for-sports\/#breadcrumb"},"inLanguage":"lv-LV","potentialAction":[{"@type":"ReadAction","target":["https:\/\/spinbetter.cafe\/lv\/bonus\/vote-for-sports\/"]}]},{"@type":"BreadcrumbList","@id":"https:\/\/spinbetter.cafe\/lv\/bonus\/vote-for-sports\/#breadcrumb","itemListElement":[{"@type":"ListItem","position":1,"name":"\u0413\u043b\u0430\u0432\u043d\u0430\u044f \u0441\u0442\u0440\u0430\u043d\u0438\u0446\u0430","item":"https:\/\/spinbetter.cafe\/lv\/"},{"@type":"ListItem","position":2,"name":"Bonuss","item":"https:\/\/spinbetter.cafe\/lv\/bonus\/"},{"@type":"ListItem","position":3,"name":"Balsojiet par sportu"}]},{"@type":"WebSite","@id":"https:\/\/spinbetter.cafe\/lv\/#website","url":"https:\/\/spinbetter.cafe\/lv\/","name":"Spinbetter Cafe LV","description":"","potentialAction":[{"@type":"SearchAction","target":{"@type":"EntryPoint","urlTemplate":"https:\/\/spinbetter.cafe\/lv\/?s={search_term_string}"},"query-input":{"@type":"PropertyValueSpecification","valueRequired":true,"valueName":"search_term_string"}}],"inLanguage":"lv-LV"}]}},"_links":{"self":[{"href":"https:\/\/spinbetter.cafe\/lv\/wp-json\/wp\/v2\/pages\/380"}],"collection":[{"href":"https:\/\/spinbetter.cafe\/lv\/wp-json\/wp\/v2\/pages"}],"about":[{"href":"https:\/\/spinbetter.cafe\/lv\/wp-json\/wp\/v2\/types\/page"}],"author":[{"embeddable":true,"href":"https:\/\/spinbetter.cafe\/lv\/wp-json\/wp\/v2\/users\/1"}],"replies":[{"embeddable":true,"href":"https:\/\/spinbetter.cafe\/lv\/wp-json\/wp\/v2\/comments?post=380"}],"version-history":[{"count":1,"href":"https:\/\/spinbetter.cafe\/lv\/wp-json\/wp\/v2\/pages\/380\/revisions"}],"predecessor-version":[{"id":381,"href":"https:\/\/spinbetter.cafe\/lv\/wp-json\/wp\/v2\/pages\/380\/revisions\/381"}],"up":[{"embeddable":true,"href":"https:\/\/spinbetter.cafe\/lv\/wp-json\/wp\/v2\/pages\/152"}],"wp:attachment":[{"href":"https:\/\/spinbetter.cafe\/lv\/wp-json\/wp\/v2\/media?parent=380"}],"curies":[{"name":"wp","href":"https:\/\/api.w.org\/{rel}","templated":true}]}}