{"id":240,"date":"2024-11-14T09:46:38","date_gmt":"2024-11-14T09:46:38","guid":{"rendered":"https:\/\/spinbetter.cafe\/lv\/?page_id=240"},"modified":"2026-01-08T07:48:04","modified_gmt":"2026-01-08T07:48:04","slug":"promo-code","status":"publish","type":"page","link":"https:\/\/spinbetter.cafe\/lv\/promo-code\/","title":{"rendered":"Promo kods"},"content":{"rendered":"","protected":false},"excerpt":{"rendered":"","protected":false},"author":1,"featured_media":0,"parent":0,"menu_order":0,"comment_status":"closed","ping_status":"closed","template":"","meta":{"footnotes":""},"class_list":["post-240","page","type-page","status-publish","hentry"],"yoast_head":"<!-- This site is optimized with the Yoast SEO plugin v25.1 - https:\/\/yoast.com\/wordpress\/plugins\/seo\/ -->\n<title>Ieg\u016bstiet vair\u0101k ar SpinBetter promo kodu &gt; Sp\u0113l\u0113t\u0101ju bonusi<\/title>\n<meta name=\"description\" content=\"Izmantojiet pa\u0161reiz\u0113jo SpinBetter promo kodu un sa\u0146emiet % bonusus, freespins un citus \u012bpa\u0161us pied\u0101v\u0101jumus. Aktiviz\u0113jiet kodu un s\u0101ciet vinn\u0113t\" \/>\n<meta name=\"robots\" content=\"index, follow, max-snippet:-1, max-image-preview:large, max-video-preview:-1\" \/>\n<meta property=\"og:locale\" content=\"lv_LV\" \/>\n<meta property=\"og:type\" content=\"article\" \/>\n<meta property=\"og:title\" content=\"Ieg\u016bstiet vair\u0101k ar SpinBetter promo kodu &gt; Sp\u0113l\u0113t\u0101ju bonusi\" \/>\n<meta property=\"og:description\" content=\"Izmantojiet pa\u0161reiz\u0113jo SpinBetter promo kodu un sa\u0146emiet % bonusus, freespins un citus \u012bpa\u0161us pied\u0101v\u0101jumus. Aktiviz\u0113jiet kodu un s\u0101ciet vinn\u0113t\" \/>\n<meta property=\"og:url\" content=\"https:\/\/spinbetter.cafe\/lv\/promo-code\/\" \/>\n<meta property=\"og:site_name\" content=\"Spinbetter Cafe LV\" \/>\n<meta property=\"article:modified_time\" content=\"2026-01-08T07:48:04+00:00\" \/>\n<meta name=\"twitter:card\" content=\"summary_large_image\" \/>\n<script type=\"application\/ld+json\" class=\"yoast-schema-graph\">{\"@context\":\"https:\/\/schema.org\",\"@graph\":[{\"@type\":\"WebPage\",\"@id\":\"https:\/\/spinbetter.cafe\/lv\/promo-code\/\",\"url\":\"https:\/\/spinbetter.cafe\/lv\/promo-code\/\",\"name\":\"Ieg\u016bstiet vair\u0101k ar SpinBetter promo kodu > Sp\u0113l\u0113t\u0101ju bonusi\",\"isPartOf\":{\"@id\":\"https:\/\/spinbetter.cafe\/lv\/#website\"},\"datePublished\":\"2024-11-14T09:46:38+00:00\",\"dateModified\":\"2026-01-08T07:48:04+00:00\",\"description\":\"Izmantojiet pa\u0161reiz\u0113jo SpinBetter promo kodu un sa\u0146emiet % bonusus, freespins un citus \u012bpa\u0161us pied\u0101v\u0101jumus. Aktiviz\u0113jiet kodu un s\u0101ciet vinn\u0113t\",\"breadcrumb\":{\"@id\":\"https:\/\/spinbetter.cafe\/lv\/promo-code\/#breadcrumb\"},\"inLanguage\":\"lv-LV\",\"potentialAction\":[{\"@type\":\"ReadAction\",\"target\":[\"https:\/\/spinbetter.cafe\/lv\/promo-code\/\"]}]},{\"@type\":\"BreadcrumbList\",\"@id\":\"https:\/\/spinbetter.cafe\/lv\/promo-code\/#breadcrumb\",\"itemListElement\":[{\"@type\":\"ListItem\",\"position\":1,\"name\":\"\u0413\u043b\u0430\u0432\u043d\u0430\u044f \u0441\u0442\u0440\u0430\u043d\u0438\u0446\u0430\",\"item\":\"https:\/\/spinbetter.cafe\/lv\/\"},{\"@type\":\"ListItem\",\"position\":2,\"name\":\"Promo kods\"}]},{\"@type\":\"WebSite\",\"@id\":\"https:\/\/spinbetter.cafe\/lv\/#website\",\"url\":\"https:\/\/spinbetter.cafe\/lv\/\",\"name\":\"Spinbetter Cafe LV\",\"description\":\"\",\"potentialAction\":[{\"@type\":\"SearchAction\",\"target\":{\"@type\":\"EntryPoint\",\"urlTemplate\":\"https:\/\/spinbetter.cafe\/lv\/?s={search_term_string}\"},\"query-input\":{\"@type\":\"PropertyValueSpecification\",\"valueRequired\":true,\"valueName\":\"search_term_string\"}}],\"inLanguage\":\"lv-LV\"}]}<\/script>\n<!-- \/ Yoast SEO plugin. -->","yoast_head_json":{"title":"Ieg\u016bstiet vair\u0101k ar SpinBetter promo kodu > Sp\u0113l\u0113t\u0101ju bonusi","description":"Izmantojiet pa\u0161reiz\u0113jo SpinBetter promo kodu un sa\u0146emiet % bonusus, freespins un citus \u012bpa\u0161us pied\u0101v\u0101jumus. Aktiviz\u0113jiet kodu un s\u0101ciet vinn\u0113t","robots":{"index":"index","follow":"follow","max-snippet":"max-snippet:-1","max-image-preview":"max-image-preview:large","max-video-preview":"max-video-preview:-1"},"og_locale":"lv_LV","og_type":"article","og_title":"Ieg\u016bstiet vair\u0101k ar SpinBetter promo kodu > Sp\u0113l\u0113t\u0101ju bonusi","og_description":"Izmantojiet pa\u0161reiz\u0113jo SpinBetter promo kodu un sa\u0146emiet % bonusus, freespins un citus \u012bpa\u0161us pied\u0101v\u0101jumus. Aktiviz\u0113jiet kodu un s\u0101ciet vinn\u0113t","og_url":"https:\/\/spinbetter.cafe\/lv\/promo-code\/","og_site_name":"Spinbetter Cafe LV","article_modified_time":"2026-01-08T07:48:04+00:00","twitter_card":"summary_large_image","schema":{"@context":"https:\/\/schema.org","@graph":[{"@type":"WebPage","@id":"https:\/\/spinbetter.cafe\/lv\/promo-code\/","url":"https:\/\/spinbetter.cafe\/lv\/promo-code\/","name":"Ieg\u016bstiet vair\u0101k ar SpinBetter promo kodu > Sp\u0113l\u0113t\u0101ju bonusi","isPartOf":{"@id":"https:\/\/spinbetter.cafe\/lv\/#website"},"datePublished":"2024-11-14T09:46:38+00:00","dateModified":"2026-01-08T07:48:04+00:00","description":"Izmantojiet pa\u0161reiz\u0113jo SpinBetter promo kodu un sa\u0146emiet % bonusus, freespins un citus \u012bpa\u0161us pied\u0101v\u0101jumus. Aktiviz\u0113jiet kodu un s\u0101ciet vinn\u0113t","breadcrumb":{"@id":"https:\/\/spinbetter.cafe\/lv\/promo-code\/#breadcrumb"},"inLanguage":"lv-LV","potentialAction":[{"@type":"ReadAction","target":["https:\/\/spinbetter.cafe\/lv\/promo-code\/"]}]},{"@type":"BreadcrumbList","@id":"https:\/\/spinbetter.cafe\/lv\/promo-code\/#breadcrumb","itemListElement":[{"@type":"ListItem","position":1,"name":"\u0413\u043b\u0430\u0432\u043d\u0430\u044f \u0441\u0442\u0440\u0430\u043d\u0438\u0446\u0430","item":"https:\/\/spinbetter.cafe\/lv\/"},{"@type":"ListItem","position":2,"name":"Promo kods"}]},{"@type":"WebSite","@id":"https:\/\/spinbetter.cafe\/lv\/#website","url":"https:\/\/spinbetter.cafe\/lv\/","name":"Spinbetter Cafe LV","description":"","potentialAction":[{"@type":"SearchAction","target":{"@type":"EntryPoint","urlTemplate":"https:\/\/spinbetter.cafe\/lv\/?s={search_term_string}"},"query-input":{"@type":"PropertyValueSpecification","valueRequired":true,"valueName":"search_term_string"}}],"inLanguage":"lv-LV"}]}},"_links":{"self":[{"href":"https:\/\/spinbetter.cafe\/lv\/wp-json\/wp\/v2\/pages\/240"}],"collection":[{"href":"https:\/\/spinbetter.cafe\/lv\/wp-json\/wp\/v2\/pages"}],"about":[{"href":"https:\/\/spinbetter.cafe\/lv\/wp-json\/wp\/v2\/types\/page"}],"author":[{"embeddable":true,"href":"https:\/\/spinbetter.cafe\/lv\/wp-json\/wp\/v2\/users\/1"}],"replies":[{"embeddable":true,"href":"https:\/\/spinbetter.cafe\/lv\/wp-json\/wp\/v2\/comments?post=240"}],"version-history":[{"count":18,"href":"https:\/\/spinbetter.cafe\/lv\/wp-json\/wp\/v2\/pages\/240\/revisions"}],"predecessor-version":[{"id":409,"href":"https:\/\/spinbetter.cafe\/lv\/wp-json\/wp\/v2\/pages\/240\/revisions\/409"}],"wp:attachment":[{"href":"https:\/\/spinbetter.cafe\/lv\/wp-json\/wp\/v2\/media?parent=240"}],"curies":[{"name":"wp","href":"https:\/\/api.w.org\/{rel}","templated":true}]}}