{"id":226,"date":"2024-11-14T09:43:16","date_gmt":"2024-11-14T09:43:16","guid":{"rendered":"https:\/\/spinbetter.cafe\/lv\/?page_id=226"},"modified":"2025-01-21T09:34:20","modified_gmt":"2025-01-21T09:34:20","slug":"casino","status":"publish","type":"page","link":"https:\/\/spinbetter.cafe\/lv\/casino\/","title":{"rendered":"Kazino"},"content":{"rendered":"","protected":false},"excerpt":{"rendered":"","protected":false},"author":1,"featured_media":0,"parent":0,"menu_order":0,"comment_status":"closed","ping_status":"closed","template":"","meta":{"footnotes":""},"class_list":["post-226","page","type-page","status-publish","hentry"],"yoast_head":"<!-- This site is optimized with the Yoast SEO plugin v25.1 - https:\/\/yoast.com\/wordpress\/plugins\/seo\/ -->\n<title>SpinBetter kazino &gt; Sp\u0113l\u0113jiet, vinn\u0113jiet un sa\u0146emiet bonusus<\/title>\n<meta name=\"description\" content=\"SpinBetter Casino: sp\u0113\u013cu autom\u0101ti, rulete, n\u016bju un kazino ar profesion\u0101liem d\u012bleriem. Sa\u0146emiet bonusus un s\u0101ciet vinn\u0113t jau tagad!\" \/>\n<meta name=\"robots\" content=\"index, follow, max-snippet:-1, max-image-preview:large, max-video-preview:-1\" \/>\n<meta property=\"og:locale\" content=\"lv_LV\" \/>\n<meta property=\"og:type\" content=\"article\" \/>\n<meta property=\"og:title\" content=\"SpinBetter kazino &gt; Sp\u0113l\u0113jiet, vinn\u0113jiet un sa\u0146emiet bonusus\" \/>\n<meta property=\"og:description\" content=\"SpinBetter Casino: sp\u0113\u013cu autom\u0101ti, rulete, n\u016bju un kazino ar profesion\u0101liem d\u012bleriem. Sa\u0146emiet bonusus un s\u0101ciet vinn\u0113t jau tagad!\" \/>\n<meta property=\"og:url\" content=\"https:\/\/spinbetter.cafe\/lv\/casino\/\" \/>\n<meta property=\"og:site_name\" content=\"Spinbetter Cafe LV\" \/>\n<meta property=\"article:modified_time\" content=\"2025-01-21T09:34:20+00:00\" \/>\n<meta name=\"twitter:card\" content=\"summary_large_image\" \/>\n<script type=\"application\/ld+json\" class=\"yoast-schema-graph\">{\"@context\":\"https:\/\/schema.org\",\"@graph\":[{\"@type\":\"WebPage\",\"@id\":\"https:\/\/spinbetter.cafe\/lv\/casino\/\",\"url\":\"https:\/\/spinbetter.cafe\/lv\/casino\/\",\"name\":\"SpinBetter kazino > Sp\u0113l\u0113jiet, vinn\u0113jiet un sa\u0146emiet bonusus\",\"isPartOf\":{\"@id\":\"https:\/\/spinbetter.cafe\/lv\/#website\"},\"datePublished\":\"2024-11-14T09:43:16+00:00\",\"dateModified\":\"2025-01-21T09:34:20+00:00\",\"description\":\"SpinBetter Casino: sp\u0113\u013cu autom\u0101ti, rulete, n\u016bju un kazino ar profesion\u0101liem d\u012bleriem. Sa\u0146emiet bonusus un s\u0101ciet vinn\u0113t jau tagad!\",\"breadcrumb\":{\"@id\":\"https:\/\/spinbetter.cafe\/lv\/casino\/#breadcrumb\"},\"inLanguage\":\"lv-LV\",\"potentialAction\":[{\"@type\":\"ReadAction\",\"target\":[\"https:\/\/spinbetter.cafe\/lv\/casino\/\"]}]},{\"@type\":\"BreadcrumbList\",\"@id\":\"https:\/\/spinbetter.cafe\/lv\/casino\/#breadcrumb\",\"itemListElement\":[{\"@type\":\"ListItem\",\"position\":1,\"name\":\"\u0413\u043b\u0430\u0432\u043d\u0430\u044f \u0441\u0442\u0440\u0430\u043d\u0438\u0446\u0430\",\"item\":\"https:\/\/spinbetter.cafe\/lv\/\"},{\"@type\":\"ListItem\",\"position\":2,\"name\":\"Kazino\"}]},{\"@type\":\"WebSite\",\"@id\":\"https:\/\/spinbetter.cafe\/lv\/#website\",\"url\":\"https:\/\/spinbetter.cafe\/lv\/\",\"name\":\"Spinbetter Cafe LV\",\"description\":\"\",\"potentialAction\":[{\"@type\":\"SearchAction\",\"target\":{\"@type\":\"EntryPoint\",\"urlTemplate\":\"https:\/\/spinbetter.cafe\/lv\/?s={search_term_string}\"},\"query-input\":{\"@type\":\"PropertyValueSpecification\",\"valueRequired\":true,\"valueName\":\"search_term_string\"}}],\"inLanguage\":\"lv-LV\"}]}<\/script>\n<!-- \/ Yoast SEO plugin. -->","yoast_head_json":{"title":"SpinBetter kazino > Sp\u0113l\u0113jiet, vinn\u0113jiet un sa\u0146emiet bonusus","description":"SpinBetter Casino: sp\u0113\u013cu autom\u0101ti, rulete, n\u016bju un kazino ar profesion\u0101liem d\u012bleriem. Sa\u0146emiet bonusus un s\u0101ciet vinn\u0113t jau tagad!","robots":{"index":"index","follow":"follow","max-snippet":"max-snippet:-1","max-image-preview":"max-image-preview:large","max-video-preview":"max-video-preview:-1"},"og_locale":"lv_LV","og_type":"article","og_title":"SpinBetter kazino > Sp\u0113l\u0113jiet, vinn\u0113jiet un sa\u0146emiet bonusus","og_description":"SpinBetter Casino: sp\u0113\u013cu autom\u0101ti, rulete, n\u016bju un kazino ar profesion\u0101liem d\u012bleriem. Sa\u0146emiet bonusus un s\u0101ciet vinn\u0113t jau tagad!","og_url":"https:\/\/spinbetter.cafe\/lv\/casino\/","og_site_name":"Spinbetter Cafe LV","article_modified_time":"2025-01-21T09:34:20+00:00","twitter_card":"summary_large_image","schema":{"@context":"https:\/\/schema.org","@graph":[{"@type":"WebPage","@id":"https:\/\/spinbetter.cafe\/lv\/casino\/","url":"https:\/\/spinbetter.cafe\/lv\/casino\/","name":"SpinBetter kazino > Sp\u0113l\u0113jiet, vinn\u0113jiet un sa\u0146emiet bonusus","isPartOf":{"@id":"https:\/\/spinbetter.cafe\/lv\/#website"},"datePublished":"2024-11-14T09:43:16+00:00","dateModified":"2025-01-21T09:34:20+00:00","description":"SpinBetter Casino: sp\u0113\u013cu autom\u0101ti, rulete, n\u016bju un kazino ar profesion\u0101liem d\u012bleriem. Sa\u0146emiet bonusus un s\u0101ciet vinn\u0113t jau tagad!","breadcrumb":{"@id":"https:\/\/spinbetter.cafe\/lv\/casino\/#breadcrumb"},"inLanguage":"lv-LV","potentialAction":[{"@type":"ReadAction","target":["https:\/\/spinbetter.cafe\/lv\/casino\/"]}]},{"@type":"BreadcrumbList","@id":"https:\/\/spinbetter.cafe\/lv\/casino\/#breadcrumb","itemListElement":[{"@type":"ListItem","position":1,"name":"\u0413\u043b\u0430\u0432\u043d\u0430\u044f \u0441\u0442\u0440\u0430\u043d\u0438\u0446\u0430","item":"https:\/\/spinbetter.cafe\/lv\/"},{"@type":"ListItem","position":2,"name":"Kazino"}]},{"@type":"WebSite","@id":"https:\/\/spinbetter.cafe\/lv\/#website","url":"https:\/\/spinbetter.cafe\/lv\/","name":"Spinbetter Cafe LV","description":"","potentialAction":[{"@type":"SearchAction","target":{"@type":"EntryPoint","urlTemplate":"https:\/\/spinbetter.cafe\/lv\/?s={search_term_string}"},"query-input":{"@type":"PropertyValueSpecification","valueRequired":true,"valueName":"search_term_string"}}],"inLanguage":"lv-LV"}]}},"_links":{"self":[{"href":"https:\/\/spinbetter.cafe\/lv\/wp-json\/wp\/v2\/pages\/226"}],"collection":[{"href":"https:\/\/spinbetter.cafe\/lv\/wp-json\/wp\/v2\/pages"}],"about":[{"href":"https:\/\/spinbetter.cafe\/lv\/wp-json\/wp\/v2\/types\/page"}],"author":[{"embeddable":true,"href":"https:\/\/spinbetter.cafe\/lv\/wp-json\/wp\/v2\/users\/1"}],"replies":[{"embeddable":true,"href":"https:\/\/spinbetter.cafe\/lv\/wp-json\/wp\/v2\/comments?post=226"}],"version-history":[{"count":12,"href":"https:\/\/spinbetter.cafe\/lv\/wp-json\/wp\/v2\/pages\/226\/revisions"}],"predecessor-version":[{"id":358,"href":"https:\/\/spinbetter.cafe\/lv\/wp-json\/wp\/v2\/pages\/226\/revisions\/358"}],"wp:attachment":[{"href":"https:\/\/spinbetter.cafe\/lv\/wp-json\/wp\/v2\/media?parent=226"}],"curies":[{"name":"wp","href":"https:\/\/api.w.org\/{rel}","templated":true}]}}