{"id":2,"date":"2023-05-18T17:18:34","date_gmt":"2023-05-18T17:18:34","guid":{"rendered":"https:\/\/spinbetter.cafe\/lv\/?page_id=2"},"modified":"2025-07-07T11:35:52","modified_gmt":"2025-07-07T11:35:52","slug":"sample-page","status":"publish","type":"page","link":"https:\/\/spinbetter.cafe\/lv\/","title":{"rendered":"S\u0101kumlapa"},"content":{"rendered":"","protected":false},"excerpt":{"rendered":"","protected":false},"author":1,"featured_media":0,"parent":0,"menu_order":0,"comment_status":"closed","ping_status":"open","template":"","meta":{"footnotes":""},"class_list":["post-2","page","type-page","status-publish","hentry"],"yoast_head":"<!-- This site is optimized with the Yoast SEO plugin v25.1 - https:\/\/yoast.com\/wordpress\/plugins\/seo\/ -->\n<title>SpinBetter &gt; Kazino, sporta der\u012bbas un pr\u0113mijas ikvienam!<\/title>\n<meta name=\"description\" content=\"Iegremd\u0113jieties der\u012bbu un azartsp\u0113\u013cu pasaul\u0113 ar SpinBetter! Sa\u0146emiet bonusus un sp\u0113l\u0113jiet ar liel\u0101m laimestu izredz\u0113m.\" \/>\n<meta name=\"robots\" content=\"index, follow, max-snippet:-1, max-image-preview:large, max-video-preview:-1\" \/>\n<meta property=\"og:locale\" content=\"lv_LV\" \/>\n<meta property=\"og:type\" content=\"article\" \/>\n<meta property=\"og:title\" content=\"SpinBetter &gt; Kazino, sporta der\u012bbas un pr\u0113mijas ikvienam!\" \/>\n<meta property=\"og:description\" content=\"Iegremd\u0113jieties der\u012bbu un azartsp\u0113\u013cu pasaul\u0113 ar SpinBetter! Sa\u0146emiet bonusus un sp\u0113l\u0113jiet ar liel\u0101m laimestu izredz\u0113m.\" \/>\n<meta property=\"og:url\" content=\"https:\/\/spinbetter.cafe\/lv\/\" \/>\n<meta property=\"og:site_name\" content=\"Spinbetter Cafe LV\" \/>\n<meta property=\"article:modified_time\" content=\"2025-07-07T11:35:52+00:00\" \/>\n<meta name=\"twitter:card\" content=\"summary_large_image\" \/>\n<script type=\"application\/ld+json\" class=\"yoast-schema-graph\">{\"@context\":\"https:\/\/schema.org\",\"@graph\":[{\"@type\":\"WebPage\",\"@id\":\"https:\/\/spinbetter.cafe\/lv\/\",\"url\":\"https:\/\/spinbetter.cafe\/lv\/\",\"name\":\"SpinBetter > Kazino, sporta der\u012bbas un pr\u0113mijas ikvienam!\",\"isPartOf\":{\"@id\":\"https:\/\/spinbetter.cafe\/lv\/#website\"},\"datePublished\":\"2023-05-18T17:18:34+00:00\",\"dateModified\":\"2025-07-07T11:35:52+00:00\",\"description\":\"Iegremd\u0113jieties der\u012bbu un azartsp\u0113\u013cu pasaul\u0113 ar SpinBetter! Sa\u0146emiet bonusus un sp\u0113l\u0113jiet ar liel\u0101m laimestu izredz\u0113m.\",\"breadcrumb\":{\"@id\":\"https:\/\/spinbetter.cafe\/lv\/#breadcrumb\"},\"inLanguage\":\"lv-LV\",\"potentialAction\":[{\"@type\":\"ReadAction\",\"target\":[\"https:\/\/spinbetter.cafe\/lv\/\"]}]},{\"@type\":\"BreadcrumbList\",\"@id\":\"https:\/\/spinbetter.cafe\/lv\/#breadcrumb\",\"itemListElement\":[{\"@type\":\"ListItem\",\"position\":1,\"name\":\"\u0413\u043b\u0430\u0432\u043d\u0430\u044f \u0441\u0442\u0440\u0430\u043d\u0438\u0446\u0430\",\"item\":\"https:\/\/spinbetter.cafe\/lv\/\"},{\"@type\":\"ListItem\",\"position\":2,\"name\":\"S\u0101kumlapa\"}]},{\"@type\":\"WebSite\",\"@id\":\"https:\/\/spinbetter.cafe\/lv\/#website\",\"url\":\"https:\/\/spinbetter.cafe\/lv\/\",\"name\":\"Spinbetter Cafe LV\",\"description\":\"\",\"potentialAction\":[{\"@type\":\"SearchAction\",\"target\":{\"@type\":\"EntryPoint\",\"urlTemplate\":\"https:\/\/spinbetter.cafe\/lv\/?s={search_term_string}\"},\"query-input\":{\"@type\":\"PropertyValueSpecification\",\"valueRequired\":true,\"valueName\":\"search_term_string\"}}],\"inLanguage\":\"lv-LV\"}]}<\/script>\n<!-- \/ Yoast SEO plugin. -->","yoast_head_json":{"title":"SpinBetter > Kazino, sporta der\u012bbas un pr\u0113mijas ikvienam!","description":"Iegremd\u0113jieties der\u012bbu un azartsp\u0113\u013cu pasaul\u0113 ar SpinBetter! Sa\u0146emiet bonusus un sp\u0113l\u0113jiet ar liel\u0101m laimestu izredz\u0113m.","robots":{"index":"index","follow":"follow","max-snippet":"max-snippet:-1","max-image-preview":"max-image-preview:large","max-video-preview":"max-video-preview:-1"},"og_locale":"lv_LV","og_type":"article","og_title":"SpinBetter > Kazino, sporta der\u012bbas un pr\u0113mijas ikvienam!","og_description":"Iegremd\u0113jieties der\u012bbu un azartsp\u0113\u013cu pasaul\u0113 ar SpinBetter! Sa\u0146emiet bonusus un sp\u0113l\u0113jiet ar liel\u0101m laimestu izredz\u0113m.","og_url":"https:\/\/spinbetter.cafe\/lv\/","og_site_name":"Spinbetter Cafe LV","article_modified_time":"2025-07-07T11:35:52+00:00","twitter_card":"summary_large_image","schema":{"@context":"https:\/\/schema.org","@graph":[{"@type":"WebPage","@id":"https:\/\/spinbetter.cafe\/lv\/","url":"https:\/\/spinbetter.cafe\/lv\/","name":"SpinBetter > Kazino, sporta der\u012bbas un pr\u0113mijas ikvienam!","isPartOf":{"@id":"https:\/\/spinbetter.cafe\/lv\/#website"},"datePublished":"2023-05-18T17:18:34+00:00","dateModified":"2025-07-07T11:35:52+00:00","description":"Iegremd\u0113jieties der\u012bbu un azartsp\u0113\u013cu pasaul\u0113 ar SpinBetter! Sa\u0146emiet bonusus un sp\u0113l\u0113jiet ar liel\u0101m laimestu izredz\u0113m.","breadcrumb":{"@id":"https:\/\/spinbetter.cafe\/lv\/#breadcrumb"},"inLanguage":"lv-LV","potentialAction":[{"@type":"ReadAction","target":["https:\/\/spinbetter.cafe\/lv\/"]}]},{"@type":"BreadcrumbList","@id":"https:\/\/spinbetter.cafe\/lv\/#breadcrumb","itemListElement":[{"@type":"ListItem","position":1,"name":"\u0413\u043b\u0430\u0432\u043d\u0430\u044f \u0441\u0442\u0440\u0430\u043d\u0438\u0446\u0430","item":"https:\/\/spinbetter.cafe\/lv\/"},{"@type":"ListItem","position":2,"name":"S\u0101kumlapa"}]},{"@type":"WebSite","@id":"https:\/\/spinbetter.cafe\/lv\/#website","url":"https:\/\/spinbetter.cafe\/lv\/","name":"Spinbetter Cafe LV","description":"","potentialAction":[{"@type":"SearchAction","target":{"@type":"EntryPoint","urlTemplate":"https:\/\/spinbetter.cafe\/lv\/?s={search_term_string}"},"query-input":{"@type":"PropertyValueSpecification","valueRequired":true,"valueName":"search_term_string"}}],"inLanguage":"lv-LV"}]}},"_links":{"self":[{"href":"https:\/\/spinbetter.cafe\/lv\/wp-json\/wp\/v2\/pages\/2"}],"collection":[{"href":"https:\/\/spinbetter.cafe\/lv\/wp-json\/wp\/v2\/pages"}],"about":[{"href":"https:\/\/spinbetter.cafe\/lv\/wp-json\/wp\/v2\/types\/page"}],"author":[{"embeddable":true,"href":"https:\/\/spinbetter.cafe\/lv\/wp-json\/wp\/v2\/users\/1"}],"replies":[{"embeddable":true,"href":"https:\/\/spinbetter.cafe\/lv\/wp-json\/wp\/v2\/comments?post=2"}],"version-history":[{"count":29,"href":"https:\/\/spinbetter.cafe\/lv\/wp-json\/wp\/v2\/pages\/2\/revisions"}],"predecessor-version":[{"id":400,"href":"https:\/\/spinbetter.cafe\/lv\/wp-json\/wp\/v2\/pages\/2\/revisions\/400"}],"wp:attachment":[{"href":"https:\/\/spinbetter.cafe\/lv\/wp-json\/wp\/v2\/media?parent=2"}],"curies":[{"name":"wp","href":"https:\/\/api.w.org\/{rel}","templated":true}]}}