{"id":408,"date":"2025-06-06T07:10:30","date_gmt":"2025-06-06T07:10:30","guid":{"rendered":"https:\/\/spinbetter.cafe\/lu\/?page_id=408"},"modified":"2025-06-06T07:10:39","modified_gmt":"2025-06-06T07:10:39","slug":"loyalty","status":"publish","type":"page","link":"https:\/\/spinbetter.cafe\/lu\/bonus\/loyalty\/","title":{"rendered":"Loyalit\u00e9it"},"content":{"rendered":"","protected":false},"excerpt":{"rendered":"","protected":false},"author":1,"featured_media":0,"parent":152,"menu_order":0,"comment_status":"closed","ping_status":"closed","template":"","meta":{"footnotes":""},"class_list":["post-408","page","type-page","status-publish","hentry"],"yoast_head":"<!-- This site is optimized with the Yoast SEO plugin v25.1 - https:\/\/yoast.com\/wordpress\/plugins\/seo\/ -->\n<title>Spinbetter Loyalit\u00e9it bezilt sech aus &gt; Kritt 50% Bonus + 100 Gratisspinne<\/title>\n<meta name=\"description\" content=\"Loyalit\u00e9it huet seng Virdeeler bei Spinbetter! Maacht \u00c4ren 10. Depot a kritt e knusprege Bonus vu 50% plus bis zu 100 gratis Spiller! Dir waart schonn \u00ebmmer bei eis - elo ass et Z\u00e4it, d&#039;Belounungen ze notzen. Verpasst d\u00ebst exklusivt Offer net!\" \/>\n<meta name=\"robots\" content=\"index, follow, max-snippet:-1, max-image-preview:large, max-video-preview:-1\" \/>\n<meta property=\"og:locale\" content=\"nl_NL\" \/>\n<meta property=\"og:type\" content=\"article\" \/>\n<meta property=\"og:title\" content=\"Spinbetter Loyalit\u00e9it bezilt sech aus &gt; Kritt 50% Bonus + 100 Gratisspinne\" \/>\n<meta property=\"og:description\" content=\"Loyalit\u00e9it huet seng Virdeeler bei Spinbetter! Maacht \u00c4ren 10. Depot a kritt e knusprege Bonus vu 50% plus bis zu 100 gratis Spiller! Dir waart schonn \u00ebmmer bei eis - elo ass et Z\u00e4it, d&#039;Belounungen ze notzen. Verpasst d\u00ebst exklusivt Offer net!\" \/>\n<meta property=\"og:url\" content=\"https:\/\/spinbetter.cafe\/lu\/bonus\/loyalty\/\" \/>\n<meta property=\"og:site_name\" content=\"SpinBetter.cafe LU\" \/>\n<meta property=\"article:modified_time\" content=\"2025-06-06T07:10:39+00:00\" \/>\n<meta name=\"twitter:card\" content=\"summary_large_image\" \/>\n<script type=\"application\/ld+json\" class=\"yoast-schema-graph\">{\"@context\":\"https:\/\/schema.org\",\"@graph\":[{\"@type\":\"WebPage\",\"@id\":\"https:\/\/spinbetter.cafe\/lu\/bonus\/loyalty\/\",\"url\":\"https:\/\/spinbetter.cafe\/lu\/bonus\/loyalty\/\",\"name\":\"Spinbetter Loyalit\u00e9it bezilt sech aus > Kritt 50% Bonus + 100 Gratisspinne\",\"isPartOf\":{\"@id\":\"https:\/\/spinbetter.cafe\/lu\/#website\"},\"datePublished\":\"2025-06-06T07:10:30+00:00\",\"dateModified\":\"2025-06-06T07:10:39+00:00\",\"description\":\"Loyalit\u00e9it huet seng Virdeeler bei Spinbetter! Maacht \u00c4ren 10. Depot a kritt e knusprege Bonus vu 50% plus bis zu 100 gratis Spiller! Dir waart schonn \u00ebmmer bei eis - elo ass et Z\u00e4it, d'Belounungen ze notzen. Verpasst d\u00ebst exklusivt Offer net!\",\"breadcrumb\":{\"@id\":\"https:\/\/spinbetter.cafe\/lu\/bonus\/loyalty\/#breadcrumb\"},\"inLanguage\":\"nl-NL\",\"potentialAction\":[{\"@type\":\"ReadAction\",\"target\":[\"https:\/\/spinbetter.cafe\/lu\/bonus\/loyalty\/\"]}]},{\"@type\":\"BreadcrumbList\",\"@id\":\"https:\/\/spinbetter.cafe\/lu\/bonus\/loyalty\/#breadcrumb\",\"itemListElement\":[{\"@type\":\"ListItem\",\"position\":1,\"name\":\"\u0413\u043b\u0430\u0432\u043d\u0430\u044f \u0441\u0442\u0440\u0430\u043d\u0438\u0446\u0430\",\"item\":\"https:\/\/spinbetter.cafe\/lu\/\"},{\"@type\":\"ListItem\",\"position\":2,\"name\":\"Bonus\",\"item\":\"https:\/\/spinbetter.cafe\/lu\/bonus\/\"},{\"@type\":\"ListItem\",\"position\":3,\"name\":\"Loyalit\u00e9it\"}]},{\"@type\":\"WebSite\",\"@id\":\"https:\/\/spinbetter.cafe\/lu\/#website\",\"url\":\"https:\/\/spinbetter.cafe\/lu\/\",\"name\":\"SpinBetter.cafe LU\",\"description\":\"\",\"potentialAction\":[{\"@type\":\"SearchAction\",\"target\":{\"@type\":\"EntryPoint\",\"urlTemplate\":\"https:\/\/spinbetter.cafe\/lu\/?s={search_term_string}\"},\"query-input\":{\"@type\":\"PropertyValueSpecification\",\"valueRequired\":true,\"valueName\":\"search_term_string\"}}],\"inLanguage\":\"nl-NL\"}]}<\/script>\n<!-- \/ Yoast SEO plugin. -->","yoast_head_json":{"title":"Spinbetter Loyalit\u00e9it bezilt sech aus > Kritt 50% Bonus + 100 Gratisspinne","description":"Loyalit\u00e9it huet seng Virdeeler bei Spinbetter! Maacht \u00c4ren 10. Depot a kritt e knusprege Bonus vu 50% plus bis zu 100 gratis Spiller! Dir waart schonn \u00ebmmer bei eis - elo ass et Z\u00e4it, d'Belounungen ze notzen. Verpasst d\u00ebst exklusivt Offer net!","robots":{"index":"index","follow":"follow","max-snippet":"max-snippet:-1","max-image-preview":"max-image-preview:large","max-video-preview":"max-video-preview:-1"},"og_locale":"nl_NL","og_type":"article","og_title":"Spinbetter Loyalit\u00e9it bezilt sech aus > Kritt 50% Bonus + 100 Gratisspinne","og_description":"Loyalit\u00e9it huet seng Virdeeler bei Spinbetter! Maacht \u00c4ren 10. Depot a kritt e knusprege Bonus vu 50% plus bis zu 100 gratis Spiller! Dir waart schonn \u00ebmmer bei eis - elo ass et Z\u00e4it, d'Belounungen ze notzen. Verpasst d\u00ebst exklusivt Offer net!","og_url":"https:\/\/spinbetter.cafe\/lu\/bonus\/loyalty\/","og_site_name":"SpinBetter.cafe LU","article_modified_time":"2025-06-06T07:10:39+00:00","twitter_card":"summary_large_image","schema":{"@context":"https:\/\/schema.org","@graph":[{"@type":"WebPage","@id":"https:\/\/spinbetter.cafe\/lu\/bonus\/loyalty\/","url":"https:\/\/spinbetter.cafe\/lu\/bonus\/loyalty\/","name":"Spinbetter Loyalit\u00e9it bezilt sech aus > Kritt 50% Bonus + 100 Gratisspinne","isPartOf":{"@id":"https:\/\/spinbetter.cafe\/lu\/#website"},"datePublished":"2025-06-06T07:10:30+00:00","dateModified":"2025-06-06T07:10:39+00:00","description":"Loyalit\u00e9it huet seng Virdeeler bei Spinbetter! Maacht \u00c4ren 10. Depot a kritt e knusprege Bonus vu 50% plus bis zu 100 gratis Spiller! Dir waart schonn \u00ebmmer bei eis - elo ass et Z\u00e4it, d'Belounungen ze notzen. Verpasst d\u00ebst exklusivt Offer net!","breadcrumb":{"@id":"https:\/\/spinbetter.cafe\/lu\/bonus\/loyalty\/#breadcrumb"},"inLanguage":"nl-NL","potentialAction":[{"@type":"ReadAction","target":["https:\/\/spinbetter.cafe\/lu\/bonus\/loyalty\/"]}]},{"@type":"BreadcrumbList","@id":"https:\/\/spinbetter.cafe\/lu\/bonus\/loyalty\/#breadcrumb","itemListElement":[{"@type":"ListItem","position":1,"name":"\u0413\u043b\u0430\u0432\u043d\u0430\u044f \u0441\u0442\u0440\u0430\u043d\u0438\u0446\u0430","item":"https:\/\/spinbetter.cafe\/lu\/"},{"@type":"ListItem","position":2,"name":"Bonus","item":"https:\/\/spinbetter.cafe\/lu\/bonus\/"},{"@type":"ListItem","position":3,"name":"Loyalit\u00e9it"}]},{"@type":"WebSite","@id":"https:\/\/spinbetter.cafe\/lu\/#website","url":"https:\/\/spinbetter.cafe\/lu\/","name":"SpinBetter.cafe LU","description":"","potentialAction":[{"@type":"SearchAction","target":{"@type":"EntryPoint","urlTemplate":"https:\/\/spinbetter.cafe\/lu\/?s={search_term_string}"},"query-input":{"@type":"PropertyValueSpecification","valueRequired":true,"valueName":"search_term_string"}}],"inLanguage":"nl-NL"}]}},"_links":{"self":[{"href":"https:\/\/spinbetter.cafe\/lu\/wp-json\/wp\/v2\/pages\/408"}],"collection":[{"href":"https:\/\/spinbetter.cafe\/lu\/wp-json\/wp\/v2\/pages"}],"about":[{"href":"https:\/\/spinbetter.cafe\/lu\/wp-json\/wp\/v2\/types\/page"}],"author":[{"embeddable":true,"href":"https:\/\/spinbetter.cafe\/lu\/wp-json\/wp\/v2\/users\/1"}],"replies":[{"embeddable":true,"href":"https:\/\/spinbetter.cafe\/lu\/wp-json\/wp\/v2\/comments?post=408"}],"version-history":[{"count":1,"href":"https:\/\/spinbetter.cafe\/lu\/wp-json\/wp\/v2\/pages\/408\/revisions"}],"predecessor-version":[{"id":409,"href":"https:\/\/spinbetter.cafe\/lu\/wp-json\/wp\/v2\/pages\/408\/revisions\/409"}],"up":[{"embeddable":true,"href":"https:\/\/spinbetter.cafe\/lu\/wp-json\/wp\/v2\/pages\/152"}],"wp:attachment":[{"href":"https:\/\/spinbetter.cafe\/lu\/wp-json\/wp\/v2\/media?parent=408"}],"curies":[{"name":"wp","href":"https:\/\/api.w.org\/{rel}","templated":true}]}}