{"id":236,"date":"2024-11-14T09:46:51","date_gmt":"2024-11-14T09:46:51","guid":{"rendered":"https:\/\/spinbetter.cafe\/lu\/?page_id=236"},"modified":"2025-02-21T14:13:39","modified_gmt":"2025-02-21T14:13:39","slug":"registration","status":"publish","type":"page","link":"https:\/\/spinbetter.cafe\/lu\/registration\/","title":{"rendered":"Aschreiwung"},"content":{"rendered":"","protected":false},"excerpt":{"rendered":"","protected":false},"author":1,"featured_media":0,"parent":0,"menu_order":0,"comment_status":"closed","ping_status":"closed","template":"","meta":{"footnotes":""},"class_list":["post-236","page","type-page","status-publish","hentry"],"yoast_head":"<!-- This site is optimized with the Yoast SEO plugin v25.1 - https:\/\/yoast.com\/wordpress\/plugins\/seo\/ -->\n<title>SpinBetter Umeldung &gt; en einfache Schr\u00ebtt Fir \u00c4r \u00e9ischt Gewannen<\/title>\n<meta name=\"description\" content=\"Mellt iech Bei Spin Better un a Kritt Zougang zu de beschte Wetten, Casinospiller an exklusive Bonus. Einfach Umeldung an enger Minutt.\" \/>\n<meta name=\"robots\" content=\"index, follow, max-snippet:-1, max-image-preview:large, max-video-preview:-1\" \/>\n<meta property=\"og:locale\" content=\"nl_NL\" \/>\n<meta property=\"og:type\" content=\"article\" \/>\n<meta property=\"og:title\" content=\"SpinBetter Umeldung &gt; en einfache Schr\u00ebtt Fir \u00c4r \u00e9ischt Gewannen\" \/>\n<meta property=\"og:description\" content=\"Mellt iech Bei Spin Better un a Kritt Zougang zu de beschte Wetten, Casinospiller an exklusive Bonus. Einfach Umeldung an enger Minutt.\" \/>\n<meta property=\"og:url\" content=\"https:\/\/spinbetter.cafe\/lu\/registration\/\" \/>\n<meta property=\"og:site_name\" content=\"SpinBetter.cafe LU\" \/>\n<meta property=\"article:modified_time\" content=\"2025-02-21T14:13:39+00:00\" \/>\n<meta name=\"twitter:card\" content=\"summary_large_image\" \/>\n<script type=\"application\/ld+json\" class=\"yoast-schema-graph\">{\"@context\":\"https:\/\/schema.org\",\"@graph\":[{\"@type\":\"WebPage\",\"@id\":\"https:\/\/spinbetter.cafe\/lu\/registration\/\",\"url\":\"https:\/\/spinbetter.cafe\/lu\/registration\/\",\"name\":\"SpinBetter Umeldung > en einfache Schr\u00ebtt Fir \u00c4r \u00e9ischt Gewannen\",\"isPartOf\":{\"@id\":\"https:\/\/spinbetter.cafe\/lu\/#website\"},\"datePublished\":\"2024-11-14T09:46:51+00:00\",\"dateModified\":\"2025-02-21T14:13:39+00:00\",\"description\":\"Mellt iech Bei Spin Better un a Kritt Zougang zu de beschte Wetten, Casinospiller an exklusive Bonus. Einfach Umeldung an enger Minutt.\",\"breadcrumb\":{\"@id\":\"https:\/\/spinbetter.cafe\/lu\/registration\/#breadcrumb\"},\"inLanguage\":\"nl-NL\",\"potentialAction\":[{\"@type\":\"ReadAction\",\"target\":[\"https:\/\/spinbetter.cafe\/lu\/registration\/\"]}]},{\"@type\":\"BreadcrumbList\",\"@id\":\"https:\/\/spinbetter.cafe\/lu\/registration\/#breadcrumb\",\"itemListElement\":[{\"@type\":\"ListItem\",\"position\":1,\"name\":\"\u0413\u043b\u0430\u0432\u043d\u0430\u044f \u0441\u0442\u0440\u0430\u043d\u0438\u0446\u0430\",\"item\":\"https:\/\/spinbetter.cafe\/lu\/\"},{\"@type\":\"ListItem\",\"position\":2,\"name\":\"Aschreiwung\"}]},{\"@type\":\"WebSite\",\"@id\":\"https:\/\/spinbetter.cafe\/lu\/#website\",\"url\":\"https:\/\/spinbetter.cafe\/lu\/\",\"name\":\"SpinBetter.cafe LU\",\"description\":\"\",\"potentialAction\":[{\"@type\":\"SearchAction\",\"target\":{\"@type\":\"EntryPoint\",\"urlTemplate\":\"https:\/\/spinbetter.cafe\/lu\/?s={search_term_string}\"},\"query-input\":{\"@type\":\"PropertyValueSpecification\",\"valueRequired\":true,\"valueName\":\"search_term_string\"}}],\"inLanguage\":\"nl-NL\"}]}<\/script>\n<!-- \/ Yoast SEO plugin. -->","yoast_head_json":{"title":"SpinBetter Umeldung > en einfache Schr\u00ebtt Fir \u00c4r \u00e9ischt Gewannen","description":"Mellt iech Bei Spin Better un a Kritt Zougang zu de beschte Wetten, Casinospiller an exklusive Bonus. Einfach Umeldung an enger Minutt.","robots":{"index":"index","follow":"follow","max-snippet":"max-snippet:-1","max-image-preview":"max-image-preview:large","max-video-preview":"max-video-preview:-1"},"og_locale":"nl_NL","og_type":"article","og_title":"SpinBetter Umeldung > en einfache Schr\u00ebtt Fir \u00c4r \u00e9ischt Gewannen","og_description":"Mellt iech Bei Spin Better un a Kritt Zougang zu de beschte Wetten, Casinospiller an exklusive Bonus. Einfach Umeldung an enger Minutt.","og_url":"https:\/\/spinbetter.cafe\/lu\/registration\/","og_site_name":"SpinBetter.cafe LU","article_modified_time":"2025-02-21T14:13:39+00:00","twitter_card":"summary_large_image","schema":{"@context":"https:\/\/schema.org","@graph":[{"@type":"WebPage","@id":"https:\/\/spinbetter.cafe\/lu\/registration\/","url":"https:\/\/spinbetter.cafe\/lu\/registration\/","name":"SpinBetter Umeldung > en einfache Schr\u00ebtt Fir \u00c4r \u00e9ischt Gewannen","isPartOf":{"@id":"https:\/\/spinbetter.cafe\/lu\/#website"},"datePublished":"2024-11-14T09:46:51+00:00","dateModified":"2025-02-21T14:13:39+00:00","description":"Mellt iech Bei Spin Better un a Kritt Zougang zu de beschte Wetten, Casinospiller an exklusive Bonus. Einfach Umeldung an enger Minutt.","breadcrumb":{"@id":"https:\/\/spinbetter.cafe\/lu\/registration\/#breadcrumb"},"inLanguage":"nl-NL","potentialAction":[{"@type":"ReadAction","target":["https:\/\/spinbetter.cafe\/lu\/registration\/"]}]},{"@type":"BreadcrumbList","@id":"https:\/\/spinbetter.cafe\/lu\/registration\/#breadcrumb","itemListElement":[{"@type":"ListItem","position":1,"name":"\u0413\u043b\u0430\u0432\u043d\u0430\u044f \u0441\u0442\u0440\u0430\u043d\u0438\u0446\u0430","item":"https:\/\/spinbetter.cafe\/lu\/"},{"@type":"ListItem","position":2,"name":"Aschreiwung"}]},{"@type":"WebSite","@id":"https:\/\/spinbetter.cafe\/lu\/#website","url":"https:\/\/spinbetter.cafe\/lu\/","name":"SpinBetter.cafe LU","description":"","potentialAction":[{"@type":"SearchAction","target":{"@type":"EntryPoint","urlTemplate":"https:\/\/spinbetter.cafe\/lu\/?s={search_term_string}"},"query-input":{"@type":"PropertyValueSpecification","valueRequired":true,"valueName":"search_term_string"}}],"inLanguage":"nl-NL"}]}},"_links":{"self":[{"href":"https:\/\/spinbetter.cafe\/lu\/wp-json\/wp\/v2\/pages\/236"}],"collection":[{"href":"https:\/\/spinbetter.cafe\/lu\/wp-json\/wp\/v2\/pages"}],"about":[{"href":"https:\/\/spinbetter.cafe\/lu\/wp-json\/wp\/v2\/types\/page"}],"author":[{"embeddable":true,"href":"https:\/\/spinbetter.cafe\/lu\/wp-json\/wp\/v2\/users\/1"}],"replies":[{"embeddable":true,"href":"https:\/\/spinbetter.cafe\/lu\/wp-json\/wp\/v2\/comments?post=236"}],"version-history":[{"count":15,"href":"https:\/\/spinbetter.cafe\/lu\/wp-json\/wp\/v2\/pages\/236\/revisions"}],"predecessor-version":[{"id":392,"href":"https:\/\/spinbetter.cafe\/lu\/wp-json\/wp\/v2\/pages\/236\/revisions\/392"}],"wp:attachment":[{"href":"https:\/\/spinbetter.cafe\/lu\/wp-json\/wp\/v2\/media?parent=236"}],"curies":[{"name":"wp","href":"https:\/\/api.w.org\/{rel}","templated":true}]}}