{"id":411,"date":"2025-06-05T13:16:39","date_gmt":"2025-06-05T13:16:39","guid":{"rendered":"https:\/\/spinbetter.cafe\/it\/?page_id=411"},"modified":"2025-06-05T13:16:48","modified_gmt":"2025-06-05T13:16:48","slug":"1st-deposit","status":"publish","type":"page","link":"https:\/\/spinbetter.cafe\/it\/bonus\/1st-deposit\/","title":{"rendered":"1\u00b0 Deposito"},"content":{"rendered":"","protected":false},"excerpt":{"rendered":"","protected":false},"author":1,"featured_media":0,"parent":152,"menu_order":0,"comment_status":"closed","ping_status":"closed","template":"","meta":{"footnotes":""},"class_list":["post-411","page","type-page","status-publish","hentry"],"yoast_head":"<!-- This site is optimized with the Yoast SEO plugin v25.1 - https:\/\/yoast.com\/wordpress\/plugins\/seo\/ -->\n<title>Bonus di benvenuto Spinbetter per nuovi giocatori &gt; Ottieni il 100% fino a \u20ac 1500<\/title>\n<meta name=\"description\" content=\"Preparati a salire di livello con un incredibile bonus del 100% fino a 1500\u20ac sul tuo primo deposito! Non \u00e8 solo un benvenuto, \u00e8 una vera e propria svolta. Cogli l&#039;emozione e raddoppia il tuo denaro: non lasciarti sfuggire questa opportunit\u00e0!\" \/>\n<meta name=\"robots\" content=\"index, follow, max-snippet:-1, max-image-preview:large, max-video-preview:-1\" \/>\n<meta property=\"og:locale\" content=\"it_IT\" \/>\n<meta property=\"og:type\" content=\"article\" \/>\n<meta property=\"og:title\" content=\"Bonus di benvenuto Spinbetter per nuovi giocatori &gt; Ottieni il 100% fino a \u20ac 1500\" \/>\n<meta property=\"og:description\" content=\"Preparati a salire di livello con un incredibile bonus del 100% fino a 1500\u20ac sul tuo primo deposito! Non \u00e8 solo un benvenuto, \u00e8 una vera e propria svolta. Cogli l&#039;emozione e raddoppia il tuo denaro: non lasciarti sfuggire questa opportunit\u00e0!\" \/>\n<meta property=\"og:url\" content=\"https:\/\/spinbetter.cafe\/it\/bonus\/1st-deposit\/\" \/>\n<meta property=\"og:site_name\" content=\"Spinbetter Cafe IT\" \/>\n<meta property=\"article:modified_time\" content=\"2025-06-05T13:16:48+00:00\" \/>\n<meta name=\"twitter:card\" content=\"summary_large_image\" \/>\n<script type=\"application\/ld+json\" class=\"yoast-schema-graph\">{\"@context\":\"https:\/\/schema.org\",\"@graph\":[{\"@type\":\"WebPage\",\"@id\":\"https:\/\/spinbetter.cafe\/it\/bonus\/1st-deposit\/\",\"url\":\"https:\/\/spinbetter.cafe\/it\/bonus\/1st-deposit\/\",\"name\":\"Bonus di benvenuto Spinbetter per nuovi giocatori > Ottieni il 100% fino a \u20ac 1500\",\"isPartOf\":{\"@id\":\"https:\/\/spinbetter.cafe\/it\/#website\"},\"datePublished\":\"2025-06-05T13:16:39+00:00\",\"dateModified\":\"2025-06-05T13:16:48+00:00\",\"description\":\"Preparati a salire di livello con un incredibile bonus del 100% fino a 1500\u20ac sul tuo primo deposito! Non \u00e8 solo un benvenuto, \u00e8 una vera e propria svolta. Cogli l'emozione e raddoppia il tuo denaro: non lasciarti sfuggire questa opportunit\u00e0!\",\"breadcrumb\":{\"@id\":\"https:\/\/spinbetter.cafe\/it\/bonus\/1st-deposit\/#breadcrumb\"},\"inLanguage\":\"it-IT\",\"potentialAction\":[{\"@type\":\"ReadAction\",\"target\":[\"https:\/\/spinbetter.cafe\/it\/bonus\/1st-deposit\/\"]}]},{\"@type\":\"BreadcrumbList\",\"@id\":\"https:\/\/spinbetter.cafe\/it\/bonus\/1st-deposit\/#breadcrumb\",\"itemListElement\":[{\"@type\":\"ListItem\",\"position\":1,\"name\":\"\u0413\u043b\u0430\u0432\u043d\u0430\u044f \u0441\u0442\u0440\u0430\u043d\u0438\u0446\u0430\",\"item\":\"https:\/\/spinbetter.cafe\/it\/\"},{\"@type\":\"ListItem\",\"position\":2,\"name\":\"Bonus\",\"item\":\"https:\/\/spinbetter.cafe\/it\/bonus\/\"},{\"@type\":\"ListItem\",\"position\":3,\"name\":\"1\u00b0 Deposito\"}]},{\"@type\":\"WebSite\",\"@id\":\"https:\/\/spinbetter.cafe\/it\/#website\",\"url\":\"https:\/\/spinbetter.cafe\/it\/\",\"name\":\"Spinbetter Cafe IT\",\"description\":\"\",\"potentialAction\":[{\"@type\":\"SearchAction\",\"target\":{\"@type\":\"EntryPoint\",\"urlTemplate\":\"https:\/\/spinbetter.cafe\/it\/?s={search_term_string}\"},\"query-input\":{\"@type\":\"PropertyValueSpecification\",\"valueRequired\":true,\"valueName\":\"search_term_string\"}}],\"inLanguage\":\"it-IT\"}]}<\/script>\n<!-- \/ Yoast SEO plugin. -->","yoast_head_json":{"title":"Bonus di benvenuto Spinbetter per nuovi giocatori > Ottieni il 100% fino a \u20ac 1500","description":"Preparati a salire di livello con un incredibile bonus del 100% fino a 1500\u20ac sul tuo primo deposito! Non \u00e8 solo un benvenuto, \u00e8 una vera e propria svolta. Cogli l'emozione e raddoppia il tuo denaro: non lasciarti sfuggire questa opportunit\u00e0!","robots":{"index":"index","follow":"follow","max-snippet":"max-snippet:-1","max-image-preview":"max-image-preview:large","max-video-preview":"max-video-preview:-1"},"og_locale":"it_IT","og_type":"article","og_title":"Bonus di benvenuto Spinbetter per nuovi giocatori > Ottieni il 100% fino a \u20ac 1500","og_description":"Preparati a salire di livello con un incredibile bonus del 100% fino a 1500\u20ac sul tuo primo deposito! Non \u00e8 solo un benvenuto, \u00e8 una vera e propria svolta. Cogli l'emozione e raddoppia il tuo denaro: non lasciarti sfuggire questa opportunit\u00e0!","og_url":"https:\/\/spinbetter.cafe\/it\/bonus\/1st-deposit\/","og_site_name":"Spinbetter Cafe IT","article_modified_time":"2025-06-05T13:16:48+00:00","twitter_card":"summary_large_image","schema":{"@context":"https:\/\/schema.org","@graph":[{"@type":"WebPage","@id":"https:\/\/spinbetter.cafe\/it\/bonus\/1st-deposit\/","url":"https:\/\/spinbetter.cafe\/it\/bonus\/1st-deposit\/","name":"Bonus di benvenuto Spinbetter per nuovi giocatori > Ottieni il 100% fino a \u20ac 1500","isPartOf":{"@id":"https:\/\/spinbetter.cafe\/it\/#website"},"datePublished":"2025-06-05T13:16:39+00:00","dateModified":"2025-06-05T13:16:48+00:00","description":"Preparati a salire di livello con un incredibile bonus del 100% fino a 1500\u20ac sul tuo primo deposito! Non \u00e8 solo un benvenuto, \u00e8 una vera e propria svolta. Cogli l'emozione e raddoppia il tuo denaro: non lasciarti sfuggire questa opportunit\u00e0!","breadcrumb":{"@id":"https:\/\/spinbetter.cafe\/it\/bonus\/1st-deposit\/#breadcrumb"},"inLanguage":"it-IT","potentialAction":[{"@type":"ReadAction","target":["https:\/\/spinbetter.cafe\/it\/bonus\/1st-deposit\/"]}]},{"@type":"BreadcrumbList","@id":"https:\/\/spinbetter.cafe\/it\/bonus\/1st-deposit\/#breadcrumb","itemListElement":[{"@type":"ListItem","position":1,"name":"\u0413\u043b\u0430\u0432\u043d\u0430\u044f \u0441\u0442\u0440\u0430\u043d\u0438\u0446\u0430","item":"https:\/\/spinbetter.cafe\/it\/"},{"@type":"ListItem","position":2,"name":"Bonus","item":"https:\/\/spinbetter.cafe\/it\/bonus\/"},{"@type":"ListItem","position":3,"name":"1\u00b0 Deposito"}]},{"@type":"WebSite","@id":"https:\/\/spinbetter.cafe\/it\/#website","url":"https:\/\/spinbetter.cafe\/it\/","name":"Spinbetter Cafe IT","description":"","potentialAction":[{"@type":"SearchAction","target":{"@type":"EntryPoint","urlTemplate":"https:\/\/spinbetter.cafe\/it\/?s={search_term_string}"},"query-input":{"@type":"PropertyValueSpecification","valueRequired":true,"valueName":"search_term_string"}}],"inLanguage":"it-IT"}]}},"_links":{"self":[{"href":"https:\/\/spinbetter.cafe\/it\/wp-json\/wp\/v2\/pages\/411"}],"collection":[{"href":"https:\/\/spinbetter.cafe\/it\/wp-json\/wp\/v2\/pages"}],"about":[{"href":"https:\/\/spinbetter.cafe\/it\/wp-json\/wp\/v2\/types\/page"}],"author":[{"embeddable":true,"href":"https:\/\/spinbetter.cafe\/it\/wp-json\/wp\/v2\/users\/1"}],"replies":[{"embeddable":true,"href":"https:\/\/spinbetter.cafe\/it\/wp-json\/wp\/v2\/comments?post=411"}],"version-history":[{"count":1,"href":"https:\/\/spinbetter.cafe\/it\/wp-json\/wp\/v2\/pages\/411\/revisions"}],"predecessor-version":[{"id":412,"href":"https:\/\/spinbetter.cafe\/it\/wp-json\/wp\/v2\/pages\/411\/revisions\/412"}],"up":[{"embeddable":true,"href":"https:\/\/spinbetter.cafe\/it\/wp-json\/wp\/v2\/pages\/152"}],"wp:attachment":[{"href":"https:\/\/spinbetter.cafe\/it\/wp-json\/wp\/v2\/media?parent=411"}],"curies":[{"name":"wp","href":"https:\/\/api.w.org\/{rel}","templated":true}]}}