{"id":402,"date":"2025-06-05T12:39:29","date_gmt":"2025-06-05T12:39:29","guid":{"rendered":"https:\/\/spinbetter.cafe\/hu\/?page_id=402"},"modified":"2025-06-05T12:39:39","modified_gmt":"2025-06-05T12:39:39","slug":"loyalty","status":"publish","type":"page","link":"https:\/\/spinbetter.cafe\/hu\/bonus\/loyalty\/","title":{"rendered":"H\u0171s\u00e9g"},"content":{"rendered":"","protected":false},"excerpt":{"rendered":"","protected":false},"author":1,"featured_media":0,"parent":152,"menu_order":0,"comment_status":"closed","ping_status":"closed","template":"","meta":{"footnotes":""},"class_list":["post-402","page","type-page","status-publish","hentry"],"yoast_head":"<!-- This site is optimized with the Yoast SEO plugin v25.1 - https:\/\/yoast.com\/wordpress\/plugins\/seo\/ -->\n<title>A Spinbetter h\u0171s\u00e9gprogramja kifizet\u0151d\u0151 &gt; Szerezz 50% b\u00f3nuszt + 100 ingyenes p\u00f6rget\u00e9st<\/title>\n<meta name=\"description\" content=\"A h\u0171s\u00e9gprogramnak megvannak az el\u0151nyei a Spinbettern\u00e9l! Tegye meg a 10. befizet\u00e9s\u00e9t, \u00e9s szerezzen egy sisterg\u0151 50%-os b\u00f3nuszt, plusz ak\u00e1r 100 ingyenes p\u00f6rget\u00e9st! Eddig vel\u00fcnk volt\u00e1l \u2013 most itt az ideje, hogy bev\u00e1ltsd a jutalmakat. Ne hagyd ki ezt az exkluz\u00edv aj\u00e1nlatot!\" \/>\n<meta name=\"robots\" content=\"index, follow, max-snippet:-1, max-image-preview:large, max-video-preview:-1\" \/>\n<meta property=\"og:locale\" content=\"hu_HU\" \/>\n<meta property=\"og:type\" content=\"article\" \/>\n<meta property=\"og:title\" content=\"A Spinbetter h\u0171s\u00e9gprogramja kifizet\u0151d\u0151 &gt; Szerezz 50% b\u00f3nuszt + 100 ingyenes p\u00f6rget\u00e9st\" \/>\n<meta property=\"og:description\" content=\"A h\u0171s\u00e9gprogramnak megvannak az el\u0151nyei a Spinbettern\u00e9l! Tegye meg a 10. befizet\u00e9s\u00e9t, \u00e9s szerezzen egy sisterg\u0151 50%-os b\u00f3nuszt, plusz ak\u00e1r 100 ingyenes p\u00f6rget\u00e9st! Eddig vel\u00fcnk volt\u00e1l \u2013 most itt az ideje, hogy bev\u00e1ltsd a jutalmakat. Ne hagyd ki ezt az exkluz\u00edv aj\u00e1nlatot!\" \/>\n<meta property=\"og:url\" content=\"https:\/\/spinbetter.cafe\/hu\/bonus\/loyalty\/\" \/>\n<meta property=\"og:site_name\" content=\"Spinbetter Cafe HU\" \/>\n<meta property=\"article:modified_time\" content=\"2025-06-05T12:39:39+00:00\" \/>\n<meta name=\"twitter:card\" content=\"summary_large_image\" \/>\n<script type=\"application\/ld+json\" class=\"yoast-schema-graph\">{\"@context\":\"https:\/\/schema.org\",\"@graph\":[{\"@type\":\"WebPage\",\"@id\":\"https:\/\/spinbetter.cafe\/hu\/bonus\/loyalty\/\",\"url\":\"https:\/\/spinbetter.cafe\/hu\/bonus\/loyalty\/\",\"name\":\"A Spinbetter h\u0171s\u00e9gprogramja kifizet\u0151d\u0151 > Szerezz 50% b\u00f3nuszt + 100 ingyenes p\u00f6rget\u00e9st\",\"isPartOf\":{\"@id\":\"https:\/\/spinbetter.cafe\/hu\/#website\"},\"datePublished\":\"2025-06-05T12:39:29+00:00\",\"dateModified\":\"2025-06-05T12:39:39+00:00\",\"description\":\"A h\u0171s\u00e9gprogramnak megvannak az el\u0151nyei a Spinbettern\u00e9l! Tegye meg a 10. befizet\u00e9s\u00e9t, \u00e9s szerezzen egy sisterg\u0151 50%-os b\u00f3nuszt, plusz ak\u00e1r 100 ingyenes p\u00f6rget\u00e9st! Eddig vel\u00fcnk volt\u00e1l \u2013 most itt az ideje, hogy bev\u00e1ltsd a jutalmakat. Ne hagyd ki ezt az exkluz\u00edv aj\u00e1nlatot!\",\"breadcrumb\":{\"@id\":\"https:\/\/spinbetter.cafe\/hu\/bonus\/loyalty\/#breadcrumb\"},\"inLanguage\":\"hu\",\"potentialAction\":[{\"@type\":\"ReadAction\",\"target\":[\"https:\/\/spinbetter.cafe\/hu\/bonus\/loyalty\/\"]}]},{\"@type\":\"BreadcrumbList\",\"@id\":\"https:\/\/spinbetter.cafe\/hu\/bonus\/loyalty\/#breadcrumb\",\"itemListElement\":[{\"@type\":\"ListItem\",\"position\":1,\"name\":\"\u0413\u043b\u0430\u0432\u043d\u0430\u044f \u0441\u0442\u0440\u0430\u043d\u0438\u0446\u0430\",\"item\":\"https:\/\/spinbetter.cafe\/hu\/\"},{\"@type\":\"ListItem\",\"position\":2,\"name\":\"B\u00f3nusz\",\"item\":\"https:\/\/spinbetter.cafe\/hu\/bonus\/\"},{\"@type\":\"ListItem\",\"position\":3,\"name\":\"H\u0171s\u00e9g\"}]},{\"@type\":\"WebSite\",\"@id\":\"https:\/\/spinbetter.cafe\/hu\/#website\",\"url\":\"https:\/\/spinbetter.cafe\/hu\/\",\"name\":\"Spinbetter Cafe HU\",\"description\":\"\",\"potentialAction\":[{\"@type\":\"SearchAction\",\"target\":{\"@type\":\"EntryPoint\",\"urlTemplate\":\"https:\/\/spinbetter.cafe\/hu\/?s={search_term_string}\"},\"query-input\":{\"@type\":\"PropertyValueSpecification\",\"valueRequired\":true,\"valueName\":\"search_term_string\"}}],\"inLanguage\":\"hu\"}]}<\/script>\n<!-- \/ Yoast SEO plugin. -->","yoast_head_json":{"title":"A Spinbetter h\u0171s\u00e9gprogramja kifizet\u0151d\u0151 > Szerezz 50% b\u00f3nuszt + 100 ingyenes p\u00f6rget\u00e9st","description":"A h\u0171s\u00e9gprogramnak megvannak az el\u0151nyei a Spinbettern\u00e9l! Tegye meg a 10. befizet\u00e9s\u00e9t, \u00e9s szerezzen egy sisterg\u0151 50%-os b\u00f3nuszt, plusz ak\u00e1r 100 ingyenes p\u00f6rget\u00e9st! Eddig vel\u00fcnk volt\u00e1l \u2013 most itt az ideje, hogy bev\u00e1ltsd a jutalmakat. Ne hagyd ki ezt az exkluz\u00edv aj\u00e1nlatot!","robots":{"index":"index","follow":"follow","max-snippet":"max-snippet:-1","max-image-preview":"max-image-preview:large","max-video-preview":"max-video-preview:-1"},"og_locale":"hu_HU","og_type":"article","og_title":"A Spinbetter h\u0171s\u00e9gprogramja kifizet\u0151d\u0151 > Szerezz 50% b\u00f3nuszt + 100 ingyenes p\u00f6rget\u00e9st","og_description":"A h\u0171s\u00e9gprogramnak megvannak az el\u0151nyei a Spinbettern\u00e9l! Tegye meg a 10. befizet\u00e9s\u00e9t, \u00e9s szerezzen egy sisterg\u0151 50%-os b\u00f3nuszt, plusz ak\u00e1r 100 ingyenes p\u00f6rget\u00e9st! Eddig vel\u00fcnk volt\u00e1l \u2013 most itt az ideje, hogy bev\u00e1ltsd a jutalmakat. Ne hagyd ki ezt az exkluz\u00edv aj\u00e1nlatot!","og_url":"https:\/\/spinbetter.cafe\/hu\/bonus\/loyalty\/","og_site_name":"Spinbetter Cafe HU","article_modified_time":"2025-06-05T12:39:39+00:00","twitter_card":"summary_large_image","schema":{"@context":"https:\/\/schema.org","@graph":[{"@type":"WebPage","@id":"https:\/\/spinbetter.cafe\/hu\/bonus\/loyalty\/","url":"https:\/\/spinbetter.cafe\/hu\/bonus\/loyalty\/","name":"A Spinbetter h\u0171s\u00e9gprogramja kifizet\u0151d\u0151 > Szerezz 50% b\u00f3nuszt + 100 ingyenes p\u00f6rget\u00e9st","isPartOf":{"@id":"https:\/\/spinbetter.cafe\/hu\/#website"},"datePublished":"2025-06-05T12:39:29+00:00","dateModified":"2025-06-05T12:39:39+00:00","description":"A h\u0171s\u00e9gprogramnak megvannak az el\u0151nyei a Spinbettern\u00e9l! Tegye meg a 10. befizet\u00e9s\u00e9t, \u00e9s szerezzen egy sisterg\u0151 50%-os b\u00f3nuszt, plusz ak\u00e1r 100 ingyenes p\u00f6rget\u00e9st! Eddig vel\u00fcnk volt\u00e1l \u2013 most itt az ideje, hogy bev\u00e1ltsd a jutalmakat. Ne hagyd ki ezt az exkluz\u00edv aj\u00e1nlatot!","breadcrumb":{"@id":"https:\/\/spinbetter.cafe\/hu\/bonus\/loyalty\/#breadcrumb"},"inLanguage":"hu","potentialAction":[{"@type":"ReadAction","target":["https:\/\/spinbetter.cafe\/hu\/bonus\/loyalty\/"]}]},{"@type":"BreadcrumbList","@id":"https:\/\/spinbetter.cafe\/hu\/bonus\/loyalty\/#breadcrumb","itemListElement":[{"@type":"ListItem","position":1,"name":"\u0413\u043b\u0430\u0432\u043d\u0430\u044f \u0441\u0442\u0440\u0430\u043d\u0438\u0446\u0430","item":"https:\/\/spinbetter.cafe\/hu\/"},{"@type":"ListItem","position":2,"name":"B\u00f3nusz","item":"https:\/\/spinbetter.cafe\/hu\/bonus\/"},{"@type":"ListItem","position":3,"name":"H\u0171s\u00e9g"}]},{"@type":"WebSite","@id":"https:\/\/spinbetter.cafe\/hu\/#website","url":"https:\/\/spinbetter.cafe\/hu\/","name":"Spinbetter Cafe HU","description":"","potentialAction":[{"@type":"SearchAction","target":{"@type":"EntryPoint","urlTemplate":"https:\/\/spinbetter.cafe\/hu\/?s={search_term_string}"},"query-input":{"@type":"PropertyValueSpecification","valueRequired":true,"valueName":"search_term_string"}}],"inLanguage":"hu"}]}},"_links":{"self":[{"href":"https:\/\/spinbetter.cafe\/hu\/wp-json\/wp\/v2\/pages\/402"}],"collection":[{"href":"https:\/\/spinbetter.cafe\/hu\/wp-json\/wp\/v2\/pages"}],"about":[{"href":"https:\/\/spinbetter.cafe\/hu\/wp-json\/wp\/v2\/types\/page"}],"author":[{"embeddable":true,"href":"https:\/\/spinbetter.cafe\/hu\/wp-json\/wp\/v2\/users\/1"}],"replies":[{"embeddable":true,"href":"https:\/\/spinbetter.cafe\/hu\/wp-json\/wp\/v2\/comments?post=402"}],"version-history":[{"count":1,"href":"https:\/\/spinbetter.cafe\/hu\/wp-json\/wp\/v2\/pages\/402\/revisions"}],"predecessor-version":[{"id":403,"href":"https:\/\/spinbetter.cafe\/hu\/wp-json\/wp\/v2\/pages\/402\/revisions\/403"}],"up":[{"embeddable":true,"href":"https:\/\/spinbetter.cafe\/hu\/wp-json\/wp\/v2\/pages\/152"}],"wp:attachment":[{"href":"https:\/\/spinbetter.cafe\/hu\/wp-json\/wp\/v2\/media?parent=402"}],"curies":[{"name":"wp","href":"https:\/\/api.w.org\/{rel}","templated":true}]}}