{"id":258,"date":"2024-11-14T09:45:39","date_gmt":"2024-11-14T09:45:39","guid":{"rendered":"https:\/\/spinbetter.cafe\/hu\/?page_id=258"},"modified":"2025-01-09T13:06:39","modified_gmt":"2025-01-09T13:06:39","slug":"download","status":"publish","type":"page","link":"https:\/\/spinbetter.cafe\/hu\/download\/","title":{"rendered":"Let\u00f6lt\u00e9s"},"content":{"rendered":"","protected":false},"excerpt":{"rendered":"","protected":false},"author":1,"featured_media":0,"parent":0,"menu_order":0,"comment_status":"closed","ping_status":"closed","template":"","meta":{"footnotes":""},"class_list":["post-258","page","type-page","status-publish","hentry"],"yoast_head":"<!-- This site is optimized with the Yoast SEO plugin v25.1 - https:\/\/yoast.com\/wordpress\/plugins\/seo\/ -->\n<title>SpinBetter let\u00f6lt\u00e9se &gt; J\u00e1tssz \u00e9s fogadj b\u00e1rhol, ahol csak vagy<\/title>\n<meta name=\"description\" content=\"T\u00f6ltse le a SpinBetter alkalmaz\u00e1st az eszk\u00f6z\u00e9re, \u00e9s \u00e9lvezze a j\u00e1t\u00e9kot b\u00e1rmikor. L\u00e9pjen be a kaszin\u00f3ba \u00e9s a sportfogad\u00e1sba k\u00f6zvetlen\u00fcl okostelefonj\u00e1r\u00f3l vagy t\u00e1blag\u00e9p\u00e9r\u0151l.\" \/>\n<meta name=\"robots\" content=\"index, follow, max-snippet:-1, max-image-preview:large, max-video-preview:-1\" \/>\n<meta property=\"og:locale\" content=\"hu_HU\" \/>\n<meta property=\"og:type\" content=\"article\" \/>\n<meta property=\"og:title\" content=\"SpinBetter let\u00f6lt\u00e9se &gt; J\u00e1tssz \u00e9s fogadj b\u00e1rhol, ahol csak vagy\" \/>\n<meta property=\"og:description\" content=\"T\u00f6ltse le a SpinBetter alkalmaz\u00e1st az eszk\u00f6z\u00e9re, \u00e9s \u00e9lvezze a j\u00e1t\u00e9kot b\u00e1rmikor. L\u00e9pjen be a kaszin\u00f3ba \u00e9s a sportfogad\u00e1sba k\u00f6zvetlen\u00fcl okostelefonj\u00e1r\u00f3l vagy t\u00e1blag\u00e9p\u00e9r\u0151l.\" \/>\n<meta property=\"og:url\" content=\"https:\/\/spinbetter.cafe\/hu\/download\/\" \/>\n<meta property=\"og:site_name\" content=\"Spinbetter Cafe HU\" \/>\n<meta property=\"article:modified_time\" content=\"2025-01-09T13:06:39+00:00\" \/>\n<meta name=\"twitter:card\" content=\"summary_large_image\" \/>\n<script type=\"application\/ld+json\" class=\"yoast-schema-graph\">{\"@context\":\"https:\/\/schema.org\",\"@graph\":[{\"@type\":\"WebPage\",\"@id\":\"https:\/\/spinbetter.cafe\/hu\/download\/\",\"url\":\"https:\/\/spinbetter.cafe\/hu\/download\/\",\"name\":\"SpinBetter let\u00f6lt\u00e9se > J\u00e1tssz \u00e9s fogadj b\u00e1rhol, ahol csak vagy\",\"isPartOf\":{\"@id\":\"https:\/\/spinbetter.cafe\/hu\/#website\"},\"datePublished\":\"2024-11-14T09:45:39+00:00\",\"dateModified\":\"2025-01-09T13:06:39+00:00\",\"description\":\"T\u00f6ltse le a SpinBetter alkalmaz\u00e1st az eszk\u00f6z\u00e9re, \u00e9s \u00e9lvezze a j\u00e1t\u00e9kot b\u00e1rmikor. L\u00e9pjen be a kaszin\u00f3ba \u00e9s a sportfogad\u00e1sba k\u00f6zvetlen\u00fcl okostelefonj\u00e1r\u00f3l vagy t\u00e1blag\u00e9p\u00e9r\u0151l.\",\"breadcrumb\":{\"@id\":\"https:\/\/spinbetter.cafe\/hu\/download\/#breadcrumb\"},\"inLanguage\":\"hu\",\"potentialAction\":[{\"@type\":\"ReadAction\",\"target\":[\"https:\/\/spinbetter.cafe\/hu\/download\/\"]}]},{\"@type\":\"BreadcrumbList\",\"@id\":\"https:\/\/spinbetter.cafe\/hu\/download\/#breadcrumb\",\"itemListElement\":[{\"@type\":\"ListItem\",\"position\":1,\"name\":\"\u0413\u043b\u0430\u0432\u043d\u0430\u044f \u0441\u0442\u0440\u0430\u043d\u0438\u0446\u0430\",\"item\":\"https:\/\/spinbetter.cafe\/hu\/\"},{\"@type\":\"ListItem\",\"position\":2,\"name\":\"Let\u00f6lt\u00e9s\"}]},{\"@type\":\"WebSite\",\"@id\":\"https:\/\/spinbetter.cafe\/hu\/#website\",\"url\":\"https:\/\/spinbetter.cafe\/hu\/\",\"name\":\"Spinbetter Cafe HU\",\"description\":\"\",\"potentialAction\":[{\"@type\":\"SearchAction\",\"target\":{\"@type\":\"EntryPoint\",\"urlTemplate\":\"https:\/\/spinbetter.cafe\/hu\/?s={search_term_string}\"},\"query-input\":{\"@type\":\"PropertyValueSpecification\",\"valueRequired\":true,\"valueName\":\"search_term_string\"}}],\"inLanguage\":\"hu\"}]}<\/script>\n<!-- \/ Yoast SEO plugin. -->","yoast_head_json":{"title":"SpinBetter let\u00f6lt\u00e9se > J\u00e1tssz \u00e9s fogadj b\u00e1rhol, ahol csak vagy","description":"T\u00f6ltse le a SpinBetter alkalmaz\u00e1st az eszk\u00f6z\u00e9re, \u00e9s \u00e9lvezze a j\u00e1t\u00e9kot b\u00e1rmikor. L\u00e9pjen be a kaszin\u00f3ba \u00e9s a sportfogad\u00e1sba k\u00f6zvetlen\u00fcl okostelefonj\u00e1r\u00f3l vagy t\u00e1blag\u00e9p\u00e9r\u0151l.","robots":{"index":"index","follow":"follow","max-snippet":"max-snippet:-1","max-image-preview":"max-image-preview:large","max-video-preview":"max-video-preview:-1"},"og_locale":"hu_HU","og_type":"article","og_title":"SpinBetter let\u00f6lt\u00e9se > J\u00e1tssz \u00e9s fogadj b\u00e1rhol, ahol csak vagy","og_description":"T\u00f6ltse le a SpinBetter alkalmaz\u00e1st az eszk\u00f6z\u00e9re, \u00e9s \u00e9lvezze a j\u00e1t\u00e9kot b\u00e1rmikor. L\u00e9pjen be a kaszin\u00f3ba \u00e9s a sportfogad\u00e1sba k\u00f6zvetlen\u00fcl okostelefonj\u00e1r\u00f3l vagy t\u00e1blag\u00e9p\u00e9r\u0151l.","og_url":"https:\/\/spinbetter.cafe\/hu\/download\/","og_site_name":"Spinbetter Cafe HU","article_modified_time":"2025-01-09T13:06:39+00:00","twitter_card":"summary_large_image","schema":{"@context":"https:\/\/schema.org","@graph":[{"@type":"WebPage","@id":"https:\/\/spinbetter.cafe\/hu\/download\/","url":"https:\/\/spinbetter.cafe\/hu\/download\/","name":"SpinBetter let\u00f6lt\u00e9se > J\u00e1tssz \u00e9s fogadj b\u00e1rhol, ahol csak vagy","isPartOf":{"@id":"https:\/\/spinbetter.cafe\/hu\/#website"},"datePublished":"2024-11-14T09:45:39+00:00","dateModified":"2025-01-09T13:06:39+00:00","description":"T\u00f6ltse le a SpinBetter alkalmaz\u00e1st az eszk\u00f6z\u00e9re, \u00e9s \u00e9lvezze a j\u00e1t\u00e9kot b\u00e1rmikor. L\u00e9pjen be a kaszin\u00f3ba \u00e9s a sportfogad\u00e1sba k\u00f6zvetlen\u00fcl okostelefonj\u00e1r\u00f3l vagy t\u00e1blag\u00e9p\u00e9r\u0151l.","breadcrumb":{"@id":"https:\/\/spinbetter.cafe\/hu\/download\/#breadcrumb"},"inLanguage":"hu","potentialAction":[{"@type":"ReadAction","target":["https:\/\/spinbetter.cafe\/hu\/download\/"]}]},{"@type":"BreadcrumbList","@id":"https:\/\/spinbetter.cafe\/hu\/download\/#breadcrumb","itemListElement":[{"@type":"ListItem","position":1,"name":"\u0413\u043b\u0430\u0432\u043d\u0430\u044f \u0441\u0442\u0440\u0430\u043d\u0438\u0446\u0430","item":"https:\/\/spinbetter.cafe\/hu\/"},{"@type":"ListItem","position":2,"name":"Let\u00f6lt\u00e9s"}]},{"@type":"WebSite","@id":"https:\/\/spinbetter.cafe\/hu\/#website","url":"https:\/\/spinbetter.cafe\/hu\/","name":"Spinbetter Cafe HU","description":"","potentialAction":[{"@type":"SearchAction","target":{"@type":"EntryPoint","urlTemplate":"https:\/\/spinbetter.cafe\/hu\/?s={search_term_string}"},"query-input":{"@type":"PropertyValueSpecification","valueRequired":true,"valueName":"search_term_string"}}],"inLanguage":"hu"}]}},"_links":{"self":[{"href":"https:\/\/spinbetter.cafe\/hu\/wp-json\/wp\/v2\/pages\/258"}],"collection":[{"href":"https:\/\/spinbetter.cafe\/hu\/wp-json\/wp\/v2\/pages"}],"about":[{"href":"https:\/\/spinbetter.cafe\/hu\/wp-json\/wp\/v2\/types\/page"}],"author":[{"embeddable":true,"href":"https:\/\/spinbetter.cafe\/hu\/wp-json\/wp\/v2\/users\/1"}],"replies":[{"embeddable":true,"href":"https:\/\/spinbetter.cafe\/hu\/wp-json\/wp\/v2\/comments?post=258"}],"version-history":[{"count":15,"href":"https:\/\/spinbetter.cafe\/hu\/wp-json\/wp\/v2\/pages\/258\/revisions"}],"predecessor-version":[{"id":365,"href":"https:\/\/spinbetter.cafe\/hu\/wp-json\/wp\/v2\/pages\/258\/revisions\/365"}],"wp:attachment":[{"href":"https:\/\/spinbetter.cafe\/hu\/wp-json\/wp\/v2\/media?parent=258"}],"curies":[{"name":"wp","href":"https:\/\/api.w.org\/{rel}","templated":true}]}}