{"id":232,"date":"2024-11-14T09:45:52","date_gmt":"2024-11-14T09:45:52","guid":{"rendered":"https:\/\/spinbetter.cafe\/hu\/?page_id=232"},"modified":"2025-05-30T10:45:56","modified_gmt":"2025-05-30T10:45:56","slug":"login","status":"publish","type":"page","link":"https:\/\/spinbetter.cafe\/hu\/login\/","title":{"rendered":"Bejelentkez\u00e9s"},"content":{"rendered":"","protected":false},"excerpt":{"rendered":"","protected":false},"author":1,"featured_media":0,"parent":0,"menu_order":0,"comment_status":"closed","ping_status":"closed","template":"","meta":{"footnotes":""},"class_list":["post-232","page","type-page","status-publish","hentry"],"yoast_head":"<!-- This site is optimized with the Yoast SEO plugin v25.1 - https:\/\/yoast.com\/wordpress\/plugins\/seo\/ -->\n<title>SpinBetter bejelentkez\u00e9s &gt; Gyors hozz\u00e1f\u00e9r\u00e9s!<\/title>\n<meta name=\"description\" content=\"Enged\u00e9lyezze mag\u00e1t a SpinBettern\u00e9l, \u00e9s \u00e9lvezze a teljes hozz\u00e1f\u00e9r\u00e9st a sportfogad\u00e1shoz, a kaszin\u00f3j\u00e1t\u00e9kokhoz \u00e9s a k\u00fcl\u00f6nleges aj\u00e1nlatokhoz.\" \/>\n<meta name=\"robots\" content=\"index, follow, max-snippet:-1, max-image-preview:large, max-video-preview:-1\" \/>\n<meta property=\"og:locale\" content=\"hu_HU\" \/>\n<meta property=\"og:type\" content=\"article\" \/>\n<meta property=\"og:title\" content=\"SpinBetter bejelentkez\u00e9s &gt; Gyors hozz\u00e1f\u00e9r\u00e9s!\" \/>\n<meta property=\"og:description\" content=\"Enged\u00e9lyezze mag\u00e1t a SpinBettern\u00e9l, \u00e9s \u00e9lvezze a teljes hozz\u00e1f\u00e9r\u00e9st a sportfogad\u00e1shoz, a kaszin\u00f3j\u00e1t\u00e9kokhoz \u00e9s a k\u00fcl\u00f6nleges aj\u00e1nlatokhoz.\" \/>\n<meta property=\"og:url\" content=\"https:\/\/spinbetter.cafe\/hu\/login\/\" \/>\n<meta property=\"og:site_name\" content=\"Spinbetter Cafe HU\" \/>\n<meta property=\"article:modified_time\" content=\"2025-05-30T10:45:56+00:00\" \/>\n<meta name=\"twitter:card\" content=\"summary_large_image\" \/>\n<script type=\"application\/ld+json\" class=\"yoast-schema-graph\">{\"@context\":\"https:\/\/schema.org\",\"@graph\":[{\"@type\":\"WebPage\",\"@id\":\"https:\/\/spinbetter.cafe\/hu\/login\/\",\"url\":\"https:\/\/spinbetter.cafe\/hu\/login\/\",\"name\":\"SpinBetter bejelentkez\u00e9s > Gyors hozz\u00e1f\u00e9r\u00e9s!\",\"isPartOf\":{\"@id\":\"https:\/\/spinbetter.cafe\/hu\/#website\"},\"datePublished\":\"2024-11-14T09:45:52+00:00\",\"dateModified\":\"2025-05-30T10:45:56+00:00\",\"description\":\"Enged\u00e9lyezze mag\u00e1t a SpinBettern\u00e9l, \u00e9s \u00e9lvezze a teljes hozz\u00e1f\u00e9r\u00e9st a sportfogad\u00e1shoz, a kaszin\u00f3j\u00e1t\u00e9kokhoz \u00e9s a k\u00fcl\u00f6nleges aj\u00e1nlatokhoz.\",\"breadcrumb\":{\"@id\":\"https:\/\/spinbetter.cafe\/hu\/login\/#breadcrumb\"},\"inLanguage\":\"hu\",\"potentialAction\":[{\"@type\":\"ReadAction\",\"target\":[\"https:\/\/spinbetter.cafe\/hu\/login\/\"]}]},{\"@type\":\"BreadcrumbList\",\"@id\":\"https:\/\/spinbetter.cafe\/hu\/login\/#breadcrumb\",\"itemListElement\":[{\"@type\":\"ListItem\",\"position\":1,\"name\":\"\u0413\u043b\u0430\u0432\u043d\u0430\u044f \u0441\u0442\u0440\u0430\u043d\u0438\u0446\u0430\",\"item\":\"https:\/\/spinbetter.cafe\/hu\/\"},{\"@type\":\"ListItem\",\"position\":2,\"name\":\"Bejelentkez\u00e9s\"}]},{\"@type\":\"WebSite\",\"@id\":\"https:\/\/spinbetter.cafe\/hu\/#website\",\"url\":\"https:\/\/spinbetter.cafe\/hu\/\",\"name\":\"Spinbetter Cafe HU\",\"description\":\"\",\"potentialAction\":[{\"@type\":\"SearchAction\",\"target\":{\"@type\":\"EntryPoint\",\"urlTemplate\":\"https:\/\/spinbetter.cafe\/hu\/?s={search_term_string}\"},\"query-input\":{\"@type\":\"PropertyValueSpecification\",\"valueRequired\":true,\"valueName\":\"search_term_string\"}}],\"inLanguage\":\"hu\"}]}<\/script>\n<!-- \/ Yoast SEO plugin. -->","yoast_head_json":{"title":"SpinBetter bejelentkez\u00e9s > Gyors hozz\u00e1f\u00e9r\u00e9s!","description":"Enged\u00e9lyezze mag\u00e1t a SpinBettern\u00e9l, \u00e9s \u00e9lvezze a teljes hozz\u00e1f\u00e9r\u00e9st a sportfogad\u00e1shoz, a kaszin\u00f3j\u00e1t\u00e9kokhoz \u00e9s a k\u00fcl\u00f6nleges aj\u00e1nlatokhoz.","robots":{"index":"index","follow":"follow","max-snippet":"max-snippet:-1","max-image-preview":"max-image-preview:large","max-video-preview":"max-video-preview:-1"},"og_locale":"hu_HU","og_type":"article","og_title":"SpinBetter bejelentkez\u00e9s > Gyors hozz\u00e1f\u00e9r\u00e9s!","og_description":"Enged\u00e9lyezze mag\u00e1t a SpinBettern\u00e9l, \u00e9s \u00e9lvezze a teljes hozz\u00e1f\u00e9r\u00e9st a sportfogad\u00e1shoz, a kaszin\u00f3j\u00e1t\u00e9kokhoz \u00e9s a k\u00fcl\u00f6nleges aj\u00e1nlatokhoz.","og_url":"https:\/\/spinbetter.cafe\/hu\/login\/","og_site_name":"Spinbetter Cafe HU","article_modified_time":"2025-05-30T10:45:56+00:00","twitter_card":"summary_large_image","schema":{"@context":"https:\/\/schema.org","@graph":[{"@type":"WebPage","@id":"https:\/\/spinbetter.cafe\/hu\/login\/","url":"https:\/\/spinbetter.cafe\/hu\/login\/","name":"SpinBetter bejelentkez\u00e9s > Gyors hozz\u00e1f\u00e9r\u00e9s!","isPartOf":{"@id":"https:\/\/spinbetter.cafe\/hu\/#website"},"datePublished":"2024-11-14T09:45:52+00:00","dateModified":"2025-05-30T10:45:56+00:00","description":"Enged\u00e9lyezze mag\u00e1t a SpinBettern\u00e9l, \u00e9s \u00e9lvezze a teljes hozz\u00e1f\u00e9r\u00e9st a sportfogad\u00e1shoz, a kaszin\u00f3j\u00e1t\u00e9kokhoz \u00e9s a k\u00fcl\u00f6nleges aj\u00e1nlatokhoz.","breadcrumb":{"@id":"https:\/\/spinbetter.cafe\/hu\/login\/#breadcrumb"},"inLanguage":"hu","potentialAction":[{"@type":"ReadAction","target":["https:\/\/spinbetter.cafe\/hu\/login\/"]}]},{"@type":"BreadcrumbList","@id":"https:\/\/spinbetter.cafe\/hu\/login\/#breadcrumb","itemListElement":[{"@type":"ListItem","position":1,"name":"\u0413\u043b\u0430\u0432\u043d\u0430\u044f \u0441\u0442\u0440\u0430\u043d\u0438\u0446\u0430","item":"https:\/\/spinbetter.cafe\/hu\/"},{"@type":"ListItem","position":2,"name":"Bejelentkez\u00e9s"}]},{"@type":"WebSite","@id":"https:\/\/spinbetter.cafe\/hu\/#website","url":"https:\/\/spinbetter.cafe\/hu\/","name":"Spinbetter Cafe HU","description":"","potentialAction":[{"@type":"SearchAction","target":{"@type":"EntryPoint","urlTemplate":"https:\/\/spinbetter.cafe\/hu\/?s={search_term_string}"},"query-input":{"@type":"PropertyValueSpecification","valueRequired":true,"valueName":"search_term_string"}}],"inLanguage":"hu"}]}},"_links":{"self":[{"href":"https:\/\/spinbetter.cafe\/hu\/wp-json\/wp\/v2\/pages\/232"}],"collection":[{"href":"https:\/\/spinbetter.cafe\/hu\/wp-json\/wp\/v2\/pages"}],"about":[{"href":"https:\/\/spinbetter.cafe\/hu\/wp-json\/wp\/v2\/types\/page"}],"author":[{"embeddable":true,"href":"https:\/\/spinbetter.cafe\/hu\/wp-json\/wp\/v2\/users\/1"}],"replies":[{"embeddable":true,"href":"https:\/\/spinbetter.cafe\/hu\/wp-json\/wp\/v2\/comments?post=232"}],"version-history":[{"count":12,"href":"https:\/\/spinbetter.cafe\/hu\/wp-json\/wp\/v2\/pages\/232\/revisions"}],"predecessor-version":[{"id":373,"href":"https:\/\/spinbetter.cafe\/hu\/wp-json\/wp\/v2\/pages\/232\/revisions\/373"}],"wp:attachment":[{"href":"https:\/\/spinbetter.cafe\/hu\/wp-json\/wp\/v2\/media?parent=232"}],"curies":[{"name":"wp","href":"https:\/\/api.w.org\/{rel}","templated":true}]}}