{"id":226,"date":"2024-11-14T09:43:16","date_gmt":"2024-11-14T09:43:16","guid":{"rendered":"https:\/\/spinbetter.cafe\/hu\/?page_id=226"},"modified":"2025-01-09T12:47:09","modified_gmt":"2025-01-09T12:47:09","slug":"casino","status":"publish","type":"page","link":"https:\/\/spinbetter.cafe\/hu\/casino\/","title":{"rendered":"Kaszin\u00f3"},"content":{"rendered":"","protected":false},"excerpt":{"rendered":"","protected":false},"author":1,"featured_media":0,"parent":0,"menu_order":0,"comment_status":"closed","ping_status":"closed","template":"","meta":{"footnotes":""},"class_list":["post-226","page","type-page","status-publish","hentry"],"yoast_head":"<!-- This site is optimized with the Yoast SEO plugin v25.1 - https:\/\/yoast.com\/wordpress\/plugins\/seo\/ -->\n<title>SpinBetter kaszin\u00f3 &gt; J\u00e1tsszon, nyerjen \u00e9s kapjon b\u00f3nuszokat<\/title>\n<meta name=\"description\" content=\"SpinBetter Casino: nyer\u0151g\u00e9pek, rulett, blackjack \u00e9s \u00e9l\u0151 kaszin\u00f3 profi oszt\u00f3kkal. Szerezzen b\u00f3nuszokat \u00e9s kezdjen el nyerni most!\" \/>\n<meta name=\"robots\" content=\"index, follow, max-snippet:-1, max-image-preview:large, max-video-preview:-1\" \/>\n<meta property=\"og:locale\" content=\"hu_HU\" \/>\n<meta property=\"og:type\" content=\"article\" \/>\n<meta property=\"og:title\" content=\"SpinBetter kaszin\u00f3 &gt; J\u00e1tsszon, nyerjen \u00e9s kapjon b\u00f3nuszokat\" \/>\n<meta property=\"og:description\" content=\"SpinBetter Casino: nyer\u0151g\u00e9pek, rulett, blackjack \u00e9s \u00e9l\u0151 kaszin\u00f3 profi oszt\u00f3kkal. Szerezzen b\u00f3nuszokat \u00e9s kezdjen el nyerni most!\" \/>\n<meta property=\"og:url\" content=\"https:\/\/spinbetter.cafe\/hu\/casino\/\" \/>\n<meta property=\"og:site_name\" content=\"Spinbetter Cafe HU\" \/>\n<meta property=\"article:modified_time\" content=\"2025-01-09T12:47:09+00:00\" \/>\n<meta name=\"twitter:card\" content=\"summary_large_image\" \/>\n<script type=\"application\/ld+json\" class=\"yoast-schema-graph\">{\"@context\":\"https:\/\/schema.org\",\"@graph\":[{\"@type\":\"WebPage\",\"@id\":\"https:\/\/spinbetter.cafe\/hu\/casino\/\",\"url\":\"https:\/\/spinbetter.cafe\/hu\/casino\/\",\"name\":\"SpinBetter kaszin\u00f3 > J\u00e1tsszon, nyerjen \u00e9s kapjon b\u00f3nuszokat\",\"isPartOf\":{\"@id\":\"https:\/\/spinbetter.cafe\/hu\/#website\"},\"datePublished\":\"2024-11-14T09:43:16+00:00\",\"dateModified\":\"2025-01-09T12:47:09+00:00\",\"description\":\"SpinBetter Casino: nyer\u0151g\u00e9pek, rulett, blackjack \u00e9s \u00e9l\u0151 kaszin\u00f3 profi oszt\u00f3kkal. Szerezzen b\u00f3nuszokat \u00e9s kezdjen el nyerni most!\",\"breadcrumb\":{\"@id\":\"https:\/\/spinbetter.cafe\/hu\/casino\/#breadcrumb\"},\"inLanguage\":\"hu\",\"potentialAction\":[{\"@type\":\"ReadAction\",\"target\":[\"https:\/\/spinbetter.cafe\/hu\/casino\/\"]}]},{\"@type\":\"BreadcrumbList\",\"@id\":\"https:\/\/spinbetter.cafe\/hu\/casino\/#breadcrumb\",\"itemListElement\":[{\"@type\":\"ListItem\",\"position\":1,\"name\":\"\u0413\u043b\u0430\u0432\u043d\u0430\u044f \u0441\u0442\u0440\u0430\u043d\u0438\u0446\u0430\",\"item\":\"https:\/\/spinbetter.cafe\/hu\/\"},{\"@type\":\"ListItem\",\"position\":2,\"name\":\"Kaszin\u00f3\"}]},{\"@type\":\"WebSite\",\"@id\":\"https:\/\/spinbetter.cafe\/hu\/#website\",\"url\":\"https:\/\/spinbetter.cafe\/hu\/\",\"name\":\"Spinbetter Cafe HU\",\"description\":\"\",\"potentialAction\":[{\"@type\":\"SearchAction\",\"target\":{\"@type\":\"EntryPoint\",\"urlTemplate\":\"https:\/\/spinbetter.cafe\/hu\/?s={search_term_string}\"},\"query-input\":{\"@type\":\"PropertyValueSpecification\",\"valueRequired\":true,\"valueName\":\"search_term_string\"}}],\"inLanguage\":\"hu\"}]}<\/script>\n<!-- \/ Yoast SEO plugin. -->","yoast_head_json":{"title":"SpinBetter kaszin\u00f3 > J\u00e1tsszon, nyerjen \u00e9s kapjon b\u00f3nuszokat","description":"SpinBetter Casino: nyer\u0151g\u00e9pek, rulett, blackjack \u00e9s \u00e9l\u0151 kaszin\u00f3 profi oszt\u00f3kkal. Szerezzen b\u00f3nuszokat \u00e9s kezdjen el nyerni most!","robots":{"index":"index","follow":"follow","max-snippet":"max-snippet:-1","max-image-preview":"max-image-preview:large","max-video-preview":"max-video-preview:-1"},"og_locale":"hu_HU","og_type":"article","og_title":"SpinBetter kaszin\u00f3 > J\u00e1tsszon, nyerjen \u00e9s kapjon b\u00f3nuszokat","og_description":"SpinBetter Casino: nyer\u0151g\u00e9pek, rulett, blackjack \u00e9s \u00e9l\u0151 kaszin\u00f3 profi oszt\u00f3kkal. Szerezzen b\u00f3nuszokat \u00e9s kezdjen el nyerni most!","og_url":"https:\/\/spinbetter.cafe\/hu\/casino\/","og_site_name":"Spinbetter Cafe HU","article_modified_time":"2025-01-09T12:47:09+00:00","twitter_card":"summary_large_image","schema":{"@context":"https:\/\/schema.org","@graph":[{"@type":"WebPage","@id":"https:\/\/spinbetter.cafe\/hu\/casino\/","url":"https:\/\/spinbetter.cafe\/hu\/casino\/","name":"SpinBetter kaszin\u00f3 > J\u00e1tsszon, nyerjen \u00e9s kapjon b\u00f3nuszokat","isPartOf":{"@id":"https:\/\/spinbetter.cafe\/hu\/#website"},"datePublished":"2024-11-14T09:43:16+00:00","dateModified":"2025-01-09T12:47:09+00:00","description":"SpinBetter Casino: nyer\u0151g\u00e9pek, rulett, blackjack \u00e9s \u00e9l\u0151 kaszin\u00f3 profi oszt\u00f3kkal. Szerezzen b\u00f3nuszokat \u00e9s kezdjen el nyerni most!","breadcrumb":{"@id":"https:\/\/spinbetter.cafe\/hu\/casino\/#breadcrumb"},"inLanguage":"hu","potentialAction":[{"@type":"ReadAction","target":["https:\/\/spinbetter.cafe\/hu\/casino\/"]}]},{"@type":"BreadcrumbList","@id":"https:\/\/spinbetter.cafe\/hu\/casino\/#breadcrumb","itemListElement":[{"@type":"ListItem","position":1,"name":"\u0413\u043b\u0430\u0432\u043d\u0430\u044f \u0441\u0442\u0440\u0430\u043d\u0438\u0446\u0430","item":"https:\/\/spinbetter.cafe\/hu\/"},{"@type":"ListItem","position":2,"name":"Kaszin\u00f3"}]},{"@type":"WebSite","@id":"https:\/\/spinbetter.cafe\/hu\/#website","url":"https:\/\/spinbetter.cafe\/hu\/","name":"Spinbetter Cafe HU","description":"","potentialAction":[{"@type":"SearchAction","target":{"@type":"EntryPoint","urlTemplate":"https:\/\/spinbetter.cafe\/hu\/?s={search_term_string}"},"query-input":{"@type":"PropertyValueSpecification","valueRequired":true,"valueName":"search_term_string"}}],"inLanguage":"hu"}]}},"_links":{"self":[{"href":"https:\/\/spinbetter.cafe\/hu\/wp-json\/wp\/v2\/pages\/226"}],"collection":[{"href":"https:\/\/spinbetter.cafe\/hu\/wp-json\/wp\/v2\/pages"}],"about":[{"href":"https:\/\/spinbetter.cafe\/hu\/wp-json\/wp\/v2\/types\/page"}],"author":[{"embeddable":true,"href":"https:\/\/spinbetter.cafe\/hu\/wp-json\/wp\/v2\/users\/1"}],"replies":[{"embeddable":true,"href":"https:\/\/spinbetter.cafe\/hu\/wp-json\/wp\/v2\/comments?post=226"}],"version-history":[{"count":15,"href":"https:\/\/spinbetter.cafe\/hu\/wp-json\/wp\/v2\/pages\/226\/revisions"}],"predecessor-version":[{"id":361,"href":"https:\/\/spinbetter.cafe\/hu\/wp-json\/wp\/v2\/pages\/226\/revisions\/361"}],"wp:attachment":[{"href":"https:\/\/spinbetter.cafe\/hu\/wp-json\/wp\/v2\/media?parent=226"}],"curies":[{"name":"wp","href":"https:\/\/api.w.org\/{rel}","templated":true}]}}