{"id":384,"date":"2025-06-05T11:14:34","date_gmt":"2025-06-05T11:14:34","guid":{"rendered":"https:\/\/spinbetter.cafe\/hr\/?page_id=384"},"modified":"2025-06-05T11:14:43","modified_gmt":"2025-06-05T11:14:43","slug":"1st-deposit","status":"publish","type":"page","link":"https:\/\/spinbetter.cafe\/hr\/bonus\/1st-deposit\/","title":{"rendered":"1. uplata"},"content":{"rendered":"","protected":false},"excerpt":{"rendered":"","protected":false},"author":1,"featured_media":0,"parent":152,"menu_order":0,"comment_status":"closed","ping_status":"closed","template":"","meta":{"footnotes":""},"class_list":["post-384","page","type-page","status-publish","hentry"],"yoast_head":"<!-- This site is optimized with the Yoast SEO plugin v25.1 - https:\/\/yoast.com\/wordpress\/plugins\/seo\/ -->\n<title>Bonus dobrodo\u0161lice za nove igra\u010de Spinbetter &gt; Ostvarite 100% do 1500 \u20ac<\/title>\n<meta name=\"description\" content=\"Pripremite se za napredovanje uz ogromni bonus od 100% do 1500 \u20ac na va\u0161 prvi depozit! Ovo nije samo dobrodo\u0161lica - ovo je prekretnica. Iskoristite uzbu\u0111enje i udvostru\u010dite svoj novac - ne propustite ovu priliku!\" \/>\n<meta name=\"robots\" content=\"index, follow, max-snippet:-1, max-image-preview:large, max-video-preview:-1\" \/>\n<meta property=\"og:locale\" content=\"hr_HR\" \/>\n<meta property=\"og:type\" content=\"article\" \/>\n<meta property=\"og:title\" content=\"Bonus dobrodo\u0161lice za nove igra\u010de Spinbetter &gt; Ostvarite 100% do 1500 \u20ac\" \/>\n<meta property=\"og:description\" content=\"Pripremite se za napredovanje uz ogromni bonus od 100% do 1500 \u20ac na va\u0161 prvi depozit! Ovo nije samo dobrodo\u0161lica - ovo je prekretnica. Iskoristite uzbu\u0111enje i udvostru\u010dite svoj novac - ne propustite ovu priliku!\" \/>\n<meta property=\"og:url\" content=\"https:\/\/spinbetter.cafe\/hr\/bonus\/1st-deposit\/\" \/>\n<meta property=\"og:site_name\" content=\"Spinbetter Cafe HR\" \/>\n<meta property=\"article:modified_time\" content=\"2025-06-05T11:14:43+00:00\" \/>\n<meta name=\"twitter:card\" content=\"summary_large_image\" \/>\n<script type=\"application\/ld+json\" class=\"yoast-schema-graph\">{\"@context\":\"https:\/\/schema.org\",\"@graph\":[{\"@type\":\"WebPage\",\"@id\":\"https:\/\/spinbetter.cafe\/hr\/bonus\/1st-deposit\/\",\"url\":\"https:\/\/spinbetter.cafe\/hr\/bonus\/1st-deposit\/\",\"name\":\"Bonus dobrodo\u0161lice za nove igra\u010de Spinbetter > Ostvarite 100% do 1500 \u20ac\",\"isPartOf\":{\"@id\":\"https:\/\/spinbetter.cafe\/hr\/#website\"},\"datePublished\":\"2025-06-05T11:14:34+00:00\",\"dateModified\":\"2025-06-05T11:14:43+00:00\",\"description\":\"Pripremite se za napredovanje uz ogromni bonus od 100% do 1500 \u20ac na va\u0161 prvi depozit! Ovo nije samo dobrodo\u0161lica - ovo je prekretnica. Iskoristite uzbu\u0111enje i udvostru\u010dite svoj novac - ne propustite ovu priliku!\",\"breadcrumb\":{\"@id\":\"https:\/\/spinbetter.cafe\/hr\/bonus\/1st-deposit\/#breadcrumb\"},\"inLanguage\":\"hr\",\"potentialAction\":[{\"@type\":\"ReadAction\",\"target\":[\"https:\/\/spinbetter.cafe\/hr\/bonus\/1st-deposit\/\"]}]},{\"@type\":\"BreadcrumbList\",\"@id\":\"https:\/\/spinbetter.cafe\/hr\/bonus\/1st-deposit\/#breadcrumb\",\"itemListElement\":[{\"@type\":\"ListItem\",\"position\":1,\"name\":\"\u0413\u043b\u0430\u0432\u043d\u0430\u044f \u0441\u0442\u0440\u0430\u043d\u0438\u0446\u0430\",\"item\":\"https:\/\/spinbetter.cafe\/hr\/\"},{\"@type\":\"ListItem\",\"position\":2,\"name\":\"Bonus\",\"item\":\"https:\/\/spinbetter.cafe\/hr\/bonus\/\"},{\"@type\":\"ListItem\",\"position\":3,\"name\":\"1. uplata\"}]},{\"@type\":\"WebSite\",\"@id\":\"https:\/\/spinbetter.cafe\/hr\/#website\",\"url\":\"https:\/\/spinbetter.cafe\/hr\/\",\"name\":\"Spinbetter Cafe HR\",\"description\":\"\",\"potentialAction\":[{\"@type\":\"SearchAction\",\"target\":{\"@type\":\"EntryPoint\",\"urlTemplate\":\"https:\/\/spinbetter.cafe\/hr\/?s={search_term_string}\"},\"query-input\":{\"@type\":\"PropertyValueSpecification\",\"valueRequired\":true,\"valueName\":\"search_term_string\"}}],\"inLanguage\":\"hr\"}]}<\/script>\n<!-- \/ Yoast SEO plugin. -->","yoast_head_json":{"title":"Bonus dobrodo\u0161lice za nove igra\u010de Spinbetter > Ostvarite 100% do 1500 \u20ac","description":"Pripremite se za napredovanje uz ogromni bonus od 100% do 1500 \u20ac na va\u0161 prvi depozit! Ovo nije samo dobrodo\u0161lica - ovo je prekretnica. Iskoristite uzbu\u0111enje i udvostru\u010dite svoj novac - ne propustite ovu priliku!","robots":{"index":"index","follow":"follow","max-snippet":"max-snippet:-1","max-image-preview":"max-image-preview:large","max-video-preview":"max-video-preview:-1"},"og_locale":"hr_HR","og_type":"article","og_title":"Bonus dobrodo\u0161lice za nove igra\u010de Spinbetter > Ostvarite 100% do 1500 \u20ac","og_description":"Pripremite se za napredovanje uz ogromni bonus od 100% do 1500 \u20ac na va\u0161 prvi depozit! Ovo nije samo dobrodo\u0161lica - ovo je prekretnica. Iskoristite uzbu\u0111enje i udvostru\u010dite svoj novac - ne propustite ovu priliku!","og_url":"https:\/\/spinbetter.cafe\/hr\/bonus\/1st-deposit\/","og_site_name":"Spinbetter Cafe HR","article_modified_time":"2025-06-05T11:14:43+00:00","twitter_card":"summary_large_image","schema":{"@context":"https:\/\/schema.org","@graph":[{"@type":"WebPage","@id":"https:\/\/spinbetter.cafe\/hr\/bonus\/1st-deposit\/","url":"https:\/\/spinbetter.cafe\/hr\/bonus\/1st-deposit\/","name":"Bonus dobrodo\u0161lice za nove igra\u010de Spinbetter > Ostvarite 100% do 1500 \u20ac","isPartOf":{"@id":"https:\/\/spinbetter.cafe\/hr\/#website"},"datePublished":"2025-06-05T11:14:34+00:00","dateModified":"2025-06-05T11:14:43+00:00","description":"Pripremite se za napredovanje uz ogromni bonus od 100% do 1500 \u20ac na va\u0161 prvi depozit! Ovo nije samo dobrodo\u0161lica - ovo je prekretnica. Iskoristite uzbu\u0111enje i udvostru\u010dite svoj novac - ne propustite ovu priliku!","breadcrumb":{"@id":"https:\/\/spinbetter.cafe\/hr\/bonus\/1st-deposit\/#breadcrumb"},"inLanguage":"hr","potentialAction":[{"@type":"ReadAction","target":["https:\/\/spinbetter.cafe\/hr\/bonus\/1st-deposit\/"]}]},{"@type":"BreadcrumbList","@id":"https:\/\/spinbetter.cafe\/hr\/bonus\/1st-deposit\/#breadcrumb","itemListElement":[{"@type":"ListItem","position":1,"name":"\u0413\u043b\u0430\u0432\u043d\u0430\u044f \u0441\u0442\u0440\u0430\u043d\u0438\u0446\u0430","item":"https:\/\/spinbetter.cafe\/hr\/"},{"@type":"ListItem","position":2,"name":"Bonus","item":"https:\/\/spinbetter.cafe\/hr\/bonus\/"},{"@type":"ListItem","position":3,"name":"1. uplata"}]},{"@type":"WebSite","@id":"https:\/\/spinbetter.cafe\/hr\/#website","url":"https:\/\/spinbetter.cafe\/hr\/","name":"Spinbetter Cafe HR","description":"","potentialAction":[{"@type":"SearchAction","target":{"@type":"EntryPoint","urlTemplate":"https:\/\/spinbetter.cafe\/hr\/?s={search_term_string}"},"query-input":{"@type":"PropertyValueSpecification","valueRequired":true,"valueName":"search_term_string"}}],"inLanguage":"hr"}]}},"_links":{"self":[{"href":"https:\/\/spinbetter.cafe\/hr\/wp-json\/wp\/v2\/pages\/384"}],"collection":[{"href":"https:\/\/spinbetter.cafe\/hr\/wp-json\/wp\/v2\/pages"}],"about":[{"href":"https:\/\/spinbetter.cafe\/hr\/wp-json\/wp\/v2\/types\/page"}],"author":[{"embeddable":true,"href":"https:\/\/spinbetter.cafe\/hr\/wp-json\/wp\/v2\/users\/1"}],"replies":[{"embeddable":true,"href":"https:\/\/spinbetter.cafe\/hr\/wp-json\/wp\/v2\/comments?post=384"}],"version-history":[{"count":1,"href":"https:\/\/spinbetter.cafe\/hr\/wp-json\/wp\/v2\/pages\/384\/revisions"}],"predecessor-version":[{"id":385,"href":"https:\/\/spinbetter.cafe\/hr\/wp-json\/wp\/v2\/pages\/384\/revisions\/385"}],"up":[{"embeddable":true,"href":"https:\/\/spinbetter.cafe\/hr\/wp-json\/wp\/v2\/pages\/152"}],"wp:attachment":[{"href":"https:\/\/spinbetter.cafe\/hr\/wp-json\/wp\/v2\/media?parent=384"}],"curies":[{"name":"wp","href":"https:\/\/api.w.org\/{rel}","templated":true}]}}