{"id":226,"date":"2024-11-14T09:43:16","date_gmt":"2024-11-14T09:43:16","guid":{"rendered":"https:\/\/spinbetter.cafe\/hr\/?page_id=226"},"modified":"2025-01-31T08:28:36","modified_gmt":"2025-01-31T08:28:36","slug":"casino","status":"publish","type":"page","link":"https:\/\/spinbetter.cafe\/hr\/casino\/","title":{"rendered":"Casino"},"content":{"rendered":"","protected":false},"excerpt":{"rendered":"","protected":false},"author":1,"featured_media":0,"parent":0,"menu_order":0,"comment_status":"closed","ping_status":"closed","template":"","meta":{"footnotes":""},"class_list":["post-226","page","type-page","status-publish","hentry"],"yoast_head":"<!-- This site is optimized with the Yoast SEO plugin v25.1 - https:\/\/yoast.com\/wordpress\/plugins\/seo\/ -->\n<title>SpinBetter casino &gt; Igrajte, osvojite i osvojite bonuse<\/title>\n<meta name=\"description\" content=\"SpinBetter Casino: automati, Rulet, Blackjack i casino u\u017eivo s profesionalnim trgovcima. Dobijte bonuse i po\u010dnite pobje\u0111ivati odmah!\" \/>\n<meta name=\"robots\" content=\"index, follow, max-snippet:-1, max-image-preview:large, max-video-preview:-1\" \/>\n<meta property=\"og:locale\" content=\"hr_HR\" \/>\n<meta property=\"og:type\" content=\"article\" \/>\n<meta property=\"og:title\" content=\"SpinBetter casino &gt; Igrajte, osvojite i osvojite bonuse\" \/>\n<meta property=\"og:description\" content=\"SpinBetter Casino: automati, Rulet, Blackjack i casino u\u017eivo s profesionalnim trgovcima. Dobijte bonuse i po\u010dnite pobje\u0111ivati odmah!\" \/>\n<meta property=\"og:url\" content=\"https:\/\/spinbetter.cafe\/hr\/casino\/\" \/>\n<meta property=\"og:site_name\" content=\"Spinbetter Cafe HR\" \/>\n<meta property=\"article:modified_time\" content=\"2025-01-31T08:28:36+00:00\" \/>\n<meta name=\"twitter:card\" content=\"summary_large_image\" \/>\n<script type=\"application\/ld+json\" class=\"yoast-schema-graph\">{\"@context\":\"https:\/\/schema.org\",\"@graph\":[{\"@type\":\"WebPage\",\"@id\":\"https:\/\/spinbetter.cafe\/hr\/casino\/\",\"url\":\"https:\/\/spinbetter.cafe\/hr\/casino\/\",\"name\":\"SpinBetter casino > Igrajte, osvojite i osvojite bonuse\",\"isPartOf\":{\"@id\":\"https:\/\/spinbetter.cafe\/hr\/#website\"},\"datePublished\":\"2024-11-14T09:43:16+00:00\",\"dateModified\":\"2025-01-31T08:28:36+00:00\",\"description\":\"SpinBetter Casino: automati, Rulet, Blackjack i casino u\u017eivo s profesionalnim trgovcima. Dobijte bonuse i po\u010dnite pobje\u0111ivati odmah!\",\"breadcrumb\":{\"@id\":\"https:\/\/spinbetter.cafe\/hr\/casino\/#breadcrumb\"},\"inLanguage\":\"hr\",\"potentialAction\":[{\"@type\":\"ReadAction\",\"target\":[\"https:\/\/spinbetter.cafe\/hr\/casino\/\"]}]},{\"@type\":\"BreadcrumbList\",\"@id\":\"https:\/\/spinbetter.cafe\/hr\/casino\/#breadcrumb\",\"itemListElement\":[{\"@type\":\"ListItem\",\"position\":1,\"name\":\"\u0413\u043b\u0430\u0432\u043d\u0430\u044f \u0441\u0442\u0440\u0430\u043d\u0438\u0446\u0430\",\"item\":\"https:\/\/spinbetter.cafe\/hr\/\"},{\"@type\":\"ListItem\",\"position\":2,\"name\":\"Casino\"}]},{\"@type\":\"WebSite\",\"@id\":\"https:\/\/spinbetter.cafe\/hr\/#website\",\"url\":\"https:\/\/spinbetter.cafe\/hr\/\",\"name\":\"Spinbetter Cafe HR\",\"description\":\"\",\"potentialAction\":[{\"@type\":\"SearchAction\",\"target\":{\"@type\":\"EntryPoint\",\"urlTemplate\":\"https:\/\/spinbetter.cafe\/hr\/?s={search_term_string}\"},\"query-input\":{\"@type\":\"PropertyValueSpecification\",\"valueRequired\":true,\"valueName\":\"search_term_string\"}}],\"inLanguage\":\"hr\"}]}<\/script>\n<!-- \/ Yoast SEO plugin. -->","yoast_head_json":{"title":"SpinBetter casino > Igrajte, osvojite i osvojite bonuse","description":"SpinBetter Casino: automati, Rulet, Blackjack i casino u\u017eivo s profesionalnim trgovcima. Dobijte bonuse i po\u010dnite pobje\u0111ivati odmah!","robots":{"index":"index","follow":"follow","max-snippet":"max-snippet:-1","max-image-preview":"max-image-preview:large","max-video-preview":"max-video-preview:-1"},"og_locale":"hr_HR","og_type":"article","og_title":"SpinBetter casino > Igrajte, osvojite i osvojite bonuse","og_description":"SpinBetter Casino: automati, Rulet, Blackjack i casino u\u017eivo s profesionalnim trgovcima. Dobijte bonuse i po\u010dnite pobje\u0111ivati odmah!","og_url":"https:\/\/spinbetter.cafe\/hr\/casino\/","og_site_name":"Spinbetter Cafe HR","article_modified_time":"2025-01-31T08:28:36+00:00","twitter_card":"summary_large_image","schema":{"@context":"https:\/\/schema.org","@graph":[{"@type":"WebPage","@id":"https:\/\/spinbetter.cafe\/hr\/casino\/","url":"https:\/\/spinbetter.cafe\/hr\/casino\/","name":"SpinBetter casino > Igrajte, osvojite i osvojite bonuse","isPartOf":{"@id":"https:\/\/spinbetter.cafe\/hr\/#website"},"datePublished":"2024-11-14T09:43:16+00:00","dateModified":"2025-01-31T08:28:36+00:00","description":"SpinBetter Casino: automati, Rulet, Blackjack i casino u\u017eivo s profesionalnim trgovcima. Dobijte bonuse i po\u010dnite pobje\u0111ivati odmah!","breadcrumb":{"@id":"https:\/\/spinbetter.cafe\/hr\/casino\/#breadcrumb"},"inLanguage":"hr","potentialAction":[{"@type":"ReadAction","target":["https:\/\/spinbetter.cafe\/hr\/casino\/"]}]},{"@type":"BreadcrumbList","@id":"https:\/\/spinbetter.cafe\/hr\/casino\/#breadcrumb","itemListElement":[{"@type":"ListItem","position":1,"name":"\u0413\u043b\u0430\u0432\u043d\u0430\u044f \u0441\u0442\u0440\u0430\u043d\u0438\u0446\u0430","item":"https:\/\/spinbetter.cafe\/hr\/"},{"@type":"ListItem","position":2,"name":"Casino"}]},{"@type":"WebSite","@id":"https:\/\/spinbetter.cafe\/hr\/#website","url":"https:\/\/spinbetter.cafe\/hr\/","name":"Spinbetter Cafe HR","description":"","potentialAction":[{"@type":"SearchAction","target":{"@type":"EntryPoint","urlTemplate":"https:\/\/spinbetter.cafe\/hr\/?s={search_term_string}"},"query-input":{"@type":"PropertyValueSpecification","valueRequired":true,"valueName":"search_term_string"}}],"inLanguage":"hr"}]}},"_links":{"self":[{"href":"https:\/\/spinbetter.cafe\/hr\/wp-json\/wp\/v2\/pages\/226"}],"collection":[{"href":"https:\/\/spinbetter.cafe\/hr\/wp-json\/wp\/v2\/pages"}],"about":[{"href":"https:\/\/spinbetter.cafe\/hr\/wp-json\/wp\/v2\/types\/page"}],"author":[{"embeddable":true,"href":"https:\/\/spinbetter.cafe\/hr\/wp-json\/wp\/v2\/users\/1"}],"replies":[{"embeddable":true,"href":"https:\/\/spinbetter.cafe\/hr\/wp-json\/wp\/v2\/comments?post=226"}],"version-history":[{"count":11,"href":"https:\/\/spinbetter.cafe\/hr\/wp-json\/wp\/v2\/pages\/226\/revisions"}],"predecessor-version":[{"id":367,"href":"https:\/\/spinbetter.cafe\/hr\/wp-json\/wp\/v2\/pages\/226\/revisions\/367"}],"wp:attachment":[{"href":"https:\/\/spinbetter.cafe\/hr\/wp-json\/wp\/v2\/media?parent=226"}],"curies":[{"name":"wp","href":"https:\/\/api.w.org\/{rel}","templated":true}]}}