{"id":2,"date":"2023-05-18T17:18:34","date_gmt":"2023-05-18T17:18:34","guid":{"rendered":"https:\/\/spinbetter.cafe\/hr\/?page_id=2"},"modified":"2025-07-07T09:45:52","modified_gmt":"2025-07-07T09:45:52","slug":"sample-page","status":"publish","type":"page","link":"https:\/\/spinbetter.cafe\/hr\/","title":{"rendered":"Po\u010detna stranica"},"content":{"rendered":"","protected":false},"excerpt":{"rendered":"","protected":false},"author":1,"featured_media":0,"parent":0,"menu_order":0,"comment_status":"closed","ping_status":"open","template":"","meta":{"footnotes":""},"class_list":["post-2","page","type-page","status-publish","hentry"],"yoast_head":"<!-- This site is optimized with the Yoast SEO plugin v25.1 - https:\/\/yoast.com\/wordpress\/plugins\/seo\/ -->\n<title>SpinBetter &gt; Casino, sportsko kla\u0111enje i bonusi za sve!<\/title>\n<meta name=\"description\" content=\"Uronite u svijet kla\u0111enja sa SpinBetter! Pridru\u017eite se, osvojite bonuse i kladite se na sport i casino igre s velikim \u0161ansama za pobjedu.\" \/>\n<meta name=\"robots\" content=\"index, follow, max-snippet:-1, max-image-preview:large, max-video-preview:-1\" \/>\n<meta property=\"og:locale\" content=\"hr_HR\" \/>\n<meta property=\"og:type\" content=\"article\" \/>\n<meta property=\"og:title\" content=\"SpinBetter &gt; Casino, sportsko kla\u0111enje i bonusi za sve!\" \/>\n<meta property=\"og:description\" content=\"Uronite u svijet kla\u0111enja sa SpinBetter! Pridru\u017eite se, osvojite bonuse i kladite se na sport i casino igre s velikim \u0161ansama za pobjedu.\" \/>\n<meta property=\"og:url\" content=\"https:\/\/spinbetter.cafe\/hr\/\" \/>\n<meta property=\"og:site_name\" content=\"Spinbetter Cafe HR\" \/>\n<meta property=\"article:modified_time\" content=\"2025-07-07T09:45:52+00:00\" \/>\n<meta name=\"twitter:card\" content=\"summary_large_image\" \/>\n<script type=\"application\/ld+json\" class=\"yoast-schema-graph\">{\"@context\":\"https:\/\/schema.org\",\"@graph\":[{\"@type\":\"WebPage\",\"@id\":\"https:\/\/spinbetter.cafe\/hr\/\",\"url\":\"https:\/\/spinbetter.cafe\/hr\/\",\"name\":\"SpinBetter > Casino, sportsko kla\u0111enje i bonusi za sve!\",\"isPartOf\":{\"@id\":\"https:\/\/spinbetter.cafe\/hr\/#website\"},\"datePublished\":\"2023-05-18T17:18:34+00:00\",\"dateModified\":\"2025-07-07T09:45:52+00:00\",\"description\":\"Uronite u svijet kla\u0111enja sa SpinBetter! Pridru\u017eite se, osvojite bonuse i kladite se na sport i casino igre s velikim \u0161ansama za pobjedu.\",\"breadcrumb\":{\"@id\":\"https:\/\/spinbetter.cafe\/hr\/#breadcrumb\"},\"inLanguage\":\"hr\",\"potentialAction\":[{\"@type\":\"ReadAction\",\"target\":[\"https:\/\/spinbetter.cafe\/hr\/\"]}]},{\"@type\":\"BreadcrumbList\",\"@id\":\"https:\/\/spinbetter.cafe\/hr\/#breadcrumb\",\"itemListElement\":[{\"@type\":\"ListItem\",\"position\":1,\"name\":\"\u0413\u043b\u0430\u0432\u043d\u0430\u044f \u0441\u0442\u0440\u0430\u043d\u0438\u0446\u0430\",\"item\":\"https:\/\/spinbetter.cafe\/hr\/\"},{\"@type\":\"ListItem\",\"position\":2,\"name\":\"Po\u010detna stranica\"}]},{\"@type\":\"WebSite\",\"@id\":\"https:\/\/spinbetter.cafe\/hr\/#website\",\"url\":\"https:\/\/spinbetter.cafe\/hr\/\",\"name\":\"Spinbetter Cafe HR\",\"description\":\"\",\"potentialAction\":[{\"@type\":\"SearchAction\",\"target\":{\"@type\":\"EntryPoint\",\"urlTemplate\":\"https:\/\/spinbetter.cafe\/hr\/?s={search_term_string}\"},\"query-input\":{\"@type\":\"PropertyValueSpecification\",\"valueRequired\":true,\"valueName\":\"search_term_string\"}}],\"inLanguage\":\"hr\"}]}<\/script>\n<!-- \/ Yoast SEO plugin. -->","yoast_head_json":{"title":"SpinBetter > Casino, sportsko kla\u0111enje i bonusi za sve!","description":"Uronite u svijet kla\u0111enja sa SpinBetter! Pridru\u017eite se, osvojite bonuse i kladite se na sport i casino igre s velikim \u0161ansama za pobjedu.","robots":{"index":"index","follow":"follow","max-snippet":"max-snippet:-1","max-image-preview":"max-image-preview:large","max-video-preview":"max-video-preview:-1"},"og_locale":"hr_HR","og_type":"article","og_title":"SpinBetter > Casino, sportsko kla\u0111enje i bonusi za sve!","og_description":"Uronite u svijet kla\u0111enja sa SpinBetter! Pridru\u017eite se, osvojite bonuse i kladite se na sport i casino igre s velikim \u0161ansama za pobjedu.","og_url":"https:\/\/spinbetter.cafe\/hr\/","og_site_name":"Spinbetter Cafe HR","article_modified_time":"2025-07-07T09:45:52+00:00","twitter_card":"summary_large_image","schema":{"@context":"https:\/\/schema.org","@graph":[{"@type":"WebPage","@id":"https:\/\/spinbetter.cafe\/hr\/","url":"https:\/\/spinbetter.cafe\/hr\/","name":"SpinBetter > Casino, sportsko kla\u0111enje i bonusi za sve!","isPartOf":{"@id":"https:\/\/spinbetter.cafe\/hr\/#website"},"datePublished":"2023-05-18T17:18:34+00:00","dateModified":"2025-07-07T09:45:52+00:00","description":"Uronite u svijet kla\u0111enja sa SpinBetter! Pridru\u017eite se, osvojite bonuse i kladite se na sport i casino igre s velikim \u0161ansama za pobjedu.","breadcrumb":{"@id":"https:\/\/spinbetter.cafe\/hr\/#breadcrumb"},"inLanguage":"hr","potentialAction":[{"@type":"ReadAction","target":["https:\/\/spinbetter.cafe\/hr\/"]}]},{"@type":"BreadcrumbList","@id":"https:\/\/spinbetter.cafe\/hr\/#breadcrumb","itemListElement":[{"@type":"ListItem","position":1,"name":"\u0413\u043b\u0430\u0432\u043d\u0430\u044f \u0441\u0442\u0440\u0430\u043d\u0438\u0446\u0430","item":"https:\/\/spinbetter.cafe\/hr\/"},{"@type":"ListItem","position":2,"name":"Po\u010detna stranica"}]},{"@type":"WebSite","@id":"https:\/\/spinbetter.cafe\/hr\/#website","url":"https:\/\/spinbetter.cafe\/hr\/","name":"Spinbetter Cafe HR","description":"","potentialAction":[{"@type":"SearchAction","target":{"@type":"EntryPoint","urlTemplate":"https:\/\/spinbetter.cafe\/hr\/?s={search_term_string}"},"query-input":{"@type":"PropertyValueSpecification","valueRequired":true,"valueName":"search_term_string"}}],"inLanguage":"hr"}]}},"_links":{"self":[{"href":"https:\/\/spinbetter.cafe\/hr\/wp-json\/wp\/v2\/pages\/2"}],"collection":[{"href":"https:\/\/spinbetter.cafe\/hr\/wp-json\/wp\/v2\/pages"}],"about":[{"href":"https:\/\/spinbetter.cafe\/hr\/wp-json\/wp\/v2\/types\/page"}],"author":[{"embeddable":true,"href":"https:\/\/spinbetter.cafe\/hr\/wp-json\/wp\/v2\/users\/1"}],"replies":[{"embeddable":true,"href":"https:\/\/spinbetter.cafe\/hr\/wp-json\/wp\/v2\/comments?post=2"}],"version-history":[{"count":28,"href":"https:\/\/spinbetter.cafe\/hr\/wp-json\/wp\/v2\/pages\/2\/revisions"}],"predecessor-version":[{"id":396,"href":"https:\/\/spinbetter.cafe\/hr\/wp-json\/wp\/v2\/pages\/2\/revisions\/396"}],"wp:attachment":[{"href":"https:\/\/spinbetter.cafe\/hr\/wp-json\/wp\/v2\/media?parent=2"}],"curies":[{"name":"wp","href":"https:\/\/api.w.org\/{rel}","templated":true}]}}