{"id":426,"date":"2025-07-07T09:19:39","date_gmt":"2025-07-07T09:19:39","guid":{"rendered":"https:\/\/spinbetter.cafe\/fr\/?page_id=426"},"modified":"2025-07-07T09:19:46","modified_gmt":"2025-07-07T09:19:46","slug":"return-on-bets","status":"publish","type":"page","link":"https:\/\/spinbetter.cafe\/fr\/bonus\/return-on-bets\/","title":{"rendered":"Remboursement des paris SpinBetter"},"content":{"rendered":"","protected":false},"excerpt":{"rendered":"","protected":false},"author":1,"featured_media":0,"parent":152,"menu_order":0,"comment_status":"closed","ping_status":"closed","template":"","meta":{"footnotes":""},"class_list":["post-426","page","type-page","status-publish","hentry"],"yoast_head":"<!-- This site is optimized with the Yoast SEO plugin v25.1 - https:\/\/yoast.com\/wordpress\/plugins\/seo\/ -->\n<title>Remboursement des paris SpinBetter \u1405 Cashback hebdomadaire<\/title>\n<meta name=\"description\" content=\"Recevez 3 % de cashback chaque semaine jusqu&#039;\u00e0 1\u00a0000\u00a0EUR\u00a0! Pariez sur SpinBetter avec une cote \u00e0 partir de 1,5 et r\u00e9cup\u00e9rez une partie de vos gains sans conditions suppl\u00e9mentaires.\" \/>\n<meta name=\"robots\" content=\"index, follow, max-snippet:-1, max-image-preview:large, max-video-preview:-1\" \/>\n<meta property=\"og:locale\" content=\"fr_FR\" \/>\n<meta property=\"og:type\" content=\"article\" \/>\n<meta property=\"og:title\" content=\"Remboursement des paris SpinBetter \u1405 Cashback hebdomadaire\" \/>\n<meta property=\"og:description\" content=\"Recevez 3 % de cashback chaque semaine jusqu&#039;\u00e0 1\u00a0000\u00a0EUR\u00a0! Pariez sur SpinBetter avec une cote \u00e0 partir de 1,5 et r\u00e9cup\u00e9rez une partie de vos gains sans conditions suppl\u00e9mentaires.\" \/>\n<meta property=\"og:url\" content=\"https:\/\/spinbetter.cafe\/fr\/bonus\/return-on-bets\/\" \/>\n<meta property=\"og:site_name\" content=\"SpinBetter Cafe FR\" \/>\n<meta property=\"article:modified_time\" content=\"2025-07-07T09:19:46+00:00\" \/>\n<meta name=\"twitter:card\" content=\"summary_large_image\" \/>\n<script type=\"application\/ld+json\" class=\"yoast-schema-graph\">{\"@context\":\"https:\/\/schema.org\",\"@graph\":[{\"@type\":\"WebPage\",\"@id\":\"https:\/\/spinbetter.cafe\/fr\/bonus\/return-on-bets\/\",\"url\":\"https:\/\/spinbetter.cafe\/fr\/bonus\/return-on-bets\/\",\"name\":\"Remboursement des paris SpinBetter \u1405 Cashback hebdomadaire\",\"isPartOf\":{\"@id\":\"https:\/\/spinbetter.cafe\/fr\/#website\"},\"datePublished\":\"2025-07-07T09:19:39+00:00\",\"dateModified\":\"2025-07-07T09:19:46+00:00\",\"description\":\"Recevez 3 % de cashback chaque semaine jusqu'\u00e0 1\u00a0000\u00a0EUR\u00a0! Pariez sur SpinBetter avec une cote \u00e0 partir de 1,5 et r\u00e9cup\u00e9rez une partie de vos gains sans conditions suppl\u00e9mentaires.\",\"breadcrumb\":{\"@id\":\"https:\/\/spinbetter.cafe\/fr\/bonus\/return-on-bets\/#breadcrumb\"},\"inLanguage\":\"fr-FR\",\"potentialAction\":[{\"@type\":\"ReadAction\",\"target\":[\"https:\/\/spinbetter.cafe\/fr\/bonus\/return-on-bets\/\"]}]},{\"@type\":\"BreadcrumbList\",\"@id\":\"https:\/\/spinbetter.cafe\/fr\/bonus\/return-on-bets\/#breadcrumb\",\"itemListElement\":[{\"@type\":\"ListItem\",\"position\":1,\"name\":\"\u0413\u043b\u0430\u0432\u043d\u0430\u044f \u0441\u0442\u0440\u0430\u043d\u0438\u0446\u0430\",\"item\":\"https:\/\/spinbetter.cafe\/fr\/\"},{\"@type\":\"ListItem\",\"position\":2,\"name\":\"Boni\",\"item\":\"https:\/\/spinbetter.cafe\/fr\/bonus\/\"},{\"@type\":\"ListItem\",\"position\":3,\"name\":\"Remboursement des paris SpinBetter\"}]},{\"@type\":\"WebSite\",\"@id\":\"https:\/\/spinbetter.cafe\/fr\/#website\",\"url\":\"https:\/\/spinbetter.cafe\/fr\/\",\"name\":\"SpinBetter Cafe FR\",\"description\":\"\",\"potentialAction\":[{\"@type\":\"SearchAction\",\"target\":{\"@type\":\"EntryPoint\",\"urlTemplate\":\"https:\/\/spinbetter.cafe\/fr\/?s={search_term_string}\"},\"query-input\":{\"@type\":\"PropertyValueSpecification\",\"valueRequired\":true,\"valueName\":\"search_term_string\"}}],\"inLanguage\":\"fr-FR\"}]}<\/script>\n<!-- \/ Yoast SEO plugin. -->","yoast_head_json":{"title":"Remboursement des paris SpinBetter \u1405 Cashback hebdomadaire","description":"Recevez 3 % de cashback chaque semaine jusqu'\u00e0 1\u00a0000\u00a0EUR\u00a0! Pariez sur SpinBetter avec une cote \u00e0 partir de 1,5 et r\u00e9cup\u00e9rez une partie de vos gains sans conditions suppl\u00e9mentaires.","robots":{"index":"index","follow":"follow","max-snippet":"max-snippet:-1","max-image-preview":"max-image-preview:large","max-video-preview":"max-video-preview:-1"},"og_locale":"fr_FR","og_type":"article","og_title":"Remboursement des paris SpinBetter \u1405 Cashback hebdomadaire","og_description":"Recevez 3 % de cashback chaque semaine jusqu'\u00e0 1\u00a0000\u00a0EUR\u00a0! Pariez sur SpinBetter avec une cote \u00e0 partir de 1,5 et r\u00e9cup\u00e9rez une partie de vos gains sans conditions suppl\u00e9mentaires.","og_url":"https:\/\/spinbetter.cafe\/fr\/bonus\/return-on-bets\/","og_site_name":"SpinBetter Cafe FR","article_modified_time":"2025-07-07T09:19:46+00:00","twitter_card":"summary_large_image","schema":{"@context":"https:\/\/schema.org","@graph":[{"@type":"WebPage","@id":"https:\/\/spinbetter.cafe\/fr\/bonus\/return-on-bets\/","url":"https:\/\/spinbetter.cafe\/fr\/bonus\/return-on-bets\/","name":"Remboursement des paris SpinBetter \u1405 Cashback hebdomadaire","isPartOf":{"@id":"https:\/\/spinbetter.cafe\/fr\/#website"},"datePublished":"2025-07-07T09:19:39+00:00","dateModified":"2025-07-07T09:19:46+00:00","description":"Recevez 3 % de cashback chaque semaine jusqu'\u00e0 1\u00a0000\u00a0EUR\u00a0! Pariez sur SpinBetter avec une cote \u00e0 partir de 1,5 et r\u00e9cup\u00e9rez une partie de vos gains sans conditions suppl\u00e9mentaires.","breadcrumb":{"@id":"https:\/\/spinbetter.cafe\/fr\/bonus\/return-on-bets\/#breadcrumb"},"inLanguage":"fr-FR","potentialAction":[{"@type":"ReadAction","target":["https:\/\/spinbetter.cafe\/fr\/bonus\/return-on-bets\/"]}]},{"@type":"BreadcrumbList","@id":"https:\/\/spinbetter.cafe\/fr\/bonus\/return-on-bets\/#breadcrumb","itemListElement":[{"@type":"ListItem","position":1,"name":"\u0413\u043b\u0430\u0432\u043d\u0430\u044f \u0441\u0442\u0440\u0430\u043d\u0438\u0446\u0430","item":"https:\/\/spinbetter.cafe\/fr\/"},{"@type":"ListItem","position":2,"name":"Boni","item":"https:\/\/spinbetter.cafe\/fr\/bonus\/"},{"@type":"ListItem","position":3,"name":"Remboursement des paris SpinBetter"}]},{"@type":"WebSite","@id":"https:\/\/spinbetter.cafe\/fr\/#website","url":"https:\/\/spinbetter.cafe\/fr\/","name":"SpinBetter Cafe FR","description":"","potentialAction":[{"@type":"SearchAction","target":{"@type":"EntryPoint","urlTemplate":"https:\/\/spinbetter.cafe\/fr\/?s={search_term_string}"},"query-input":{"@type":"PropertyValueSpecification","valueRequired":true,"valueName":"search_term_string"}}],"inLanguage":"fr-FR"}]}},"_links":{"self":[{"href":"https:\/\/spinbetter.cafe\/fr\/wp-json\/wp\/v2\/pages\/426"}],"collection":[{"href":"https:\/\/spinbetter.cafe\/fr\/wp-json\/wp\/v2\/pages"}],"about":[{"href":"https:\/\/spinbetter.cafe\/fr\/wp-json\/wp\/v2\/types\/page"}],"author":[{"embeddable":true,"href":"https:\/\/spinbetter.cafe\/fr\/wp-json\/wp\/v2\/users\/1"}],"replies":[{"embeddable":true,"href":"https:\/\/spinbetter.cafe\/fr\/wp-json\/wp\/v2\/comments?post=426"}],"version-history":[{"count":1,"href":"https:\/\/spinbetter.cafe\/fr\/wp-json\/wp\/v2\/pages\/426\/revisions"}],"predecessor-version":[{"id":427,"href":"https:\/\/spinbetter.cafe\/fr\/wp-json\/wp\/v2\/pages\/426\/revisions\/427"}],"up":[{"embeddable":true,"href":"https:\/\/spinbetter.cafe\/fr\/wp-json\/wp\/v2\/pages\/152"}],"wp:attachment":[{"href":"https:\/\/spinbetter.cafe\/fr\/wp-json\/wp\/v2\/media?parent=426"}],"curies":[{"name":"wp","href":"https:\/\/api.w.org\/{rel}","templated":true}]}}