{"id":226,"date":"2024-11-14T09:43:16","date_gmt":"2024-11-14T09:43:16","guid":{"rendered":"https:\/\/spinbetter.cafe\/fr\/?page_id=226"},"modified":"2025-03-13T11:41:29","modified_gmt":"2025-03-13T11:41:29","slug":"casino","status":"publish","type":"page","link":"https:\/\/spinbetter.cafe\/fr\/casino\/","title":{"rendered":"Casino"},"content":{"rendered":"","protected":false},"excerpt":{"rendered":"","protected":false},"author":1,"featured_media":0,"parent":0,"menu_order":0,"comment_status":"closed","ping_status":"closed","template":"","meta":{"footnotes":""},"class_list":["post-226","page","type-page","status-publish","hentry"],"yoast_head":"<!-- This site is optimized with the Yoast SEO plugin v25.1 - https:\/\/yoast.com\/wordpress\/plugins\/seo\/ -->\n<title>SpinBetter casino &gt; Jouez, gagnez et obtenez des bonus<\/title>\n<meta name=\"description\" content=\"SpinBetter Casino : machines \u00e0 sous, roulette, blackjack et casino en direct avec des croupiers professionnels. Obtenez des bonus et commencez \u00e0 gagner d\u00e8s maintenant !\" \/>\n<meta name=\"robots\" content=\"index, follow, max-snippet:-1, max-image-preview:large, max-video-preview:-1\" \/>\n<meta property=\"og:locale\" content=\"fr_FR\" \/>\n<meta property=\"og:type\" content=\"article\" \/>\n<meta property=\"og:title\" content=\"SpinBetter casino &gt; Jouez, gagnez et obtenez des bonus\" \/>\n<meta property=\"og:description\" content=\"SpinBetter Casino : machines \u00e0 sous, roulette, blackjack et casino en direct avec des croupiers professionnels. Obtenez des bonus et commencez \u00e0 gagner d\u00e8s maintenant !\" \/>\n<meta property=\"og:url\" content=\"https:\/\/spinbetter.cafe\/fr\/casino\/\" \/>\n<meta property=\"og:site_name\" content=\"SpinBetter Cafe FR\" \/>\n<meta property=\"article:modified_time\" content=\"2025-03-13T11:41:29+00:00\" \/>\n<meta name=\"twitter:card\" content=\"summary_large_image\" \/>\n<script type=\"application\/ld+json\" class=\"yoast-schema-graph\">{\"@context\":\"https:\/\/schema.org\",\"@graph\":[{\"@type\":\"WebPage\",\"@id\":\"https:\/\/spinbetter.cafe\/fr\/casino\/\",\"url\":\"https:\/\/spinbetter.cafe\/fr\/casino\/\",\"name\":\"SpinBetter casino > Jouez, gagnez et obtenez des bonus\",\"isPartOf\":{\"@id\":\"https:\/\/spinbetter.cafe\/fr\/#website\"},\"datePublished\":\"2024-11-14T09:43:16+00:00\",\"dateModified\":\"2025-03-13T11:41:29+00:00\",\"description\":\"SpinBetter Casino : machines \u00e0 sous, roulette, blackjack et casino en direct avec des croupiers professionnels. Obtenez des bonus et commencez \u00e0 gagner d\u00e8s maintenant !\",\"breadcrumb\":{\"@id\":\"https:\/\/spinbetter.cafe\/fr\/casino\/#breadcrumb\"},\"inLanguage\":\"fr-FR\",\"potentialAction\":[{\"@type\":\"ReadAction\",\"target\":[\"https:\/\/spinbetter.cafe\/fr\/casino\/\"]}]},{\"@type\":\"BreadcrumbList\",\"@id\":\"https:\/\/spinbetter.cafe\/fr\/casino\/#breadcrumb\",\"itemListElement\":[{\"@type\":\"ListItem\",\"position\":1,\"name\":\"\u0413\u043b\u0430\u0432\u043d\u0430\u044f \u0441\u0442\u0440\u0430\u043d\u0438\u0446\u0430\",\"item\":\"https:\/\/spinbetter.cafe\/fr\/\"},{\"@type\":\"ListItem\",\"position\":2,\"name\":\"Casino\"}]},{\"@type\":\"WebSite\",\"@id\":\"https:\/\/spinbetter.cafe\/fr\/#website\",\"url\":\"https:\/\/spinbetter.cafe\/fr\/\",\"name\":\"SpinBetter Cafe FR\",\"description\":\"\",\"potentialAction\":[{\"@type\":\"SearchAction\",\"target\":{\"@type\":\"EntryPoint\",\"urlTemplate\":\"https:\/\/spinbetter.cafe\/fr\/?s={search_term_string}\"},\"query-input\":{\"@type\":\"PropertyValueSpecification\",\"valueRequired\":true,\"valueName\":\"search_term_string\"}}],\"inLanguage\":\"fr-FR\"}]}<\/script>\n<!-- \/ Yoast SEO plugin. -->","yoast_head_json":{"title":"SpinBetter casino > Jouez, gagnez et obtenez des bonus","description":"SpinBetter Casino : machines \u00e0 sous, roulette, blackjack et casino en direct avec des croupiers professionnels. Obtenez des bonus et commencez \u00e0 gagner d\u00e8s maintenant !","robots":{"index":"index","follow":"follow","max-snippet":"max-snippet:-1","max-image-preview":"max-image-preview:large","max-video-preview":"max-video-preview:-1"},"og_locale":"fr_FR","og_type":"article","og_title":"SpinBetter casino > Jouez, gagnez et obtenez des bonus","og_description":"SpinBetter Casino : machines \u00e0 sous, roulette, blackjack et casino en direct avec des croupiers professionnels. Obtenez des bonus et commencez \u00e0 gagner d\u00e8s maintenant !","og_url":"https:\/\/spinbetter.cafe\/fr\/casino\/","og_site_name":"SpinBetter Cafe FR","article_modified_time":"2025-03-13T11:41:29+00:00","twitter_card":"summary_large_image","schema":{"@context":"https:\/\/schema.org","@graph":[{"@type":"WebPage","@id":"https:\/\/spinbetter.cafe\/fr\/casino\/","url":"https:\/\/spinbetter.cafe\/fr\/casino\/","name":"SpinBetter casino > Jouez, gagnez et obtenez des bonus","isPartOf":{"@id":"https:\/\/spinbetter.cafe\/fr\/#website"},"datePublished":"2024-11-14T09:43:16+00:00","dateModified":"2025-03-13T11:41:29+00:00","description":"SpinBetter Casino : machines \u00e0 sous, roulette, blackjack et casino en direct avec des croupiers professionnels. Obtenez des bonus et commencez \u00e0 gagner d\u00e8s maintenant !","breadcrumb":{"@id":"https:\/\/spinbetter.cafe\/fr\/casino\/#breadcrumb"},"inLanguage":"fr-FR","potentialAction":[{"@type":"ReadAction","target":["https:\/\/spinbetter.cafe\/fr\/casino\/"]}]},{"@type":"BreadcrumbList","@id":"https:\/\/spinbetter.cafe\/fr\/casino\/#breadcrumb","itemListElement":[{"@type":"ListItem","position":1,"name":"\u0413\u043b\u0430\u0432\u043d\u0430\u044f \u0441\u0442\u0440\u0430\u043d\u0438\u0446\u0430","item":"https:\/\/spinbetter.cafe\/fr\/"},{"@type":"ListItem","position":2,"name":"Casino"}]},{"@type":"WebSite","@id":"https:\/\/spinbetter.cafe\/fr\/#website","url":"https:\/\/spinbetter.cafe\/fr\/","name":"SpinBetter Cafe FR","description":"","potentialAction":[{"@type":"SearchAction","target":{"@type":"EntryPoint","urlTemplate":"https:\/\/spinbetter.cafe\/fr\/?s={search_term_string}"},"query-input":{"@type":"PropertyValueSpecification","valueRequired":true,"valueName":"search_term_string"}}],"inLanguage":"fr-FR"}]}},"_links":{"self":[{"href":"https:\/\/spinbetter.cafe\/fr\/wp-json\/wp\/v2\/pages\/226"}],"collection":[{"href":"https:\/\/spinbetter.cafe\/fr\/wp-json\/wp\/v2\/pages"}],"about":[{"href":"https:\/\/spinbetter.cafe\/fr\/wp-json\/wp\/v2\/types\/page"}],"author":[{"embeddable":true,"href":"https:\/\/spinbetter.cafe\/fr\/wp-json\/wp\/v2\/users\/1"}],"replies":[{"embeddable":true,"href":"https:\/\/spinbetter.cafe\/fr\/wp-json\/wp\/v2\/comments?post=226"}],"version-history":[{"count":14,"href":"https:\/\/spinbetter.cafe\/fr\/wp-json\/wp\/v2\/pages\/226\/revisions"}],"predecessor-version":[{"id":370,"href":"https:\/\/spinbetter.cafe\/fr\/wp-json\/wp\/v2\/pages\/226\/revisions\/370"}],"wp:attachment":[{"href":"https:\/\/spinbetter.cafe\/fr\/wp-json\/wp\/v2\/media?parent=226"}],"curies":[{"name":"wp","href":"https:\/\/api.w.org\/{rel}","templated":true}]}}