{"id":403,"date":"2025-07-07T09:15:25","date_gmt":"2025-07-07T09:15:25","guid":{"rendered":"https:\/\/spinbetter.cafe\/fi\/?page_id=403"},"modified":"2025-07-07T09:15:34","modified_gmt":"2025-07-07T09:15:34","slug":"return-on-bets","status":"publish","type":"page","link":"https:\/\/spinbetter.cafe\/fi\/bonus\/return-on-bets\/","title":{"rendered":"SpinBetter-vetojen palautus"},"content":{"rendered":"","protected":false},"excerpt":{"rendered":"","protected":false},"author":1,"featured_media":0,"parent":152,"menu_order":0,"comment_status":"closed","ping_status":"closed","template":"","meta":{"footnotes":""},"class_list":["post-403","page","type-page","status-publish","hentry"],"yoast_head":"<!-- This site is optimized with the Yoast SEO plugin v25.1 - https:\/\/yoast.com\/wordpress\/plugins\/seo\/ -->\n<title>SpinBetter-vedon palautus \u1405 Viikoittainen k\u00e4teispalautus<\/title>\n<meta name=\"description\" content=\"Saat 3 % k\u00e4teispalautusta joka viikko jopa 1000 euroon asti! Ly\u00f6 vetoa SpinBetteriss\u00e4 kertoimilla alkaen 1,5 ja saat osan h\u00e4vityist\u00e4 varoistasi takaisin ilman lis\u00e4ehtoja.\" \/>\n<meta name=\"robots\" content=\"index, follow, max-snippet:-1, max-image-preview:large, max-video-preview:-1\" \/>\n<meta property=\"og:locale\" content=\"fi_FI\" \/>\n<meta property=\"og:type\" content=\"article\" \/>\n<meta property=\"og:title\" content=\"SpinBetter-vedon palautus \u1405 Viikoittainen k\u00e4teispalautus\" \/>\n<meta property=\"og:description\" content=\"Saat 3 % k\u00e4teispalautusta joka viikko jopa 1000 euroon asti! Ly\u00f6 vetoa SpinBetteriss\u00e4 kertoimilla alkaen 1,5 ja saat osan h\u00e4vityist\u00e4 varoistasi takaisin ilman lis\u00e4ehtoja.\" \/>\n<meta property=\"og:url\" content=\"https:\/\/spinbetter.cafe\/fi\/bonus\/return-on-bets\/\" \/>\n<meta property=\"og:site_name\" content=\"Spinbetter Cafe FI\" \/>\n<meta property=\"article:modified_time\" content=\"2025-07-07T09:15:34+00:00\" \/>\n<meta name=\"twitter:card\" content=\"summary_large_image\" \/>\n<script type=\"application\/ld+json\" class=\"yoast-schema-graph\">{\"@context\":\"https:\/\/schema.org\",\"@graph\":[{\"@type\":\"WebPage\",\"@id\":\"https:\/\/spinbetter.cafe\/fi\/bonus\/return-on-bets\/\",\"url\":\"https:\/\/spinbetter.cafe\/fi\/bonus\/return-on-bets\/\",\"name\":\"SpinBetter-vedon palautus \u1405 Viikoittainen k\u00e4teispalautus\",\"isPartOf\":{\"@id\":\"https:\/\/spinbetter.cafe\/fi\/#website\"},\"datePublished\":\"2025-07-07T09:15:25+00:00\",\"dateModified\":\"2025-07-07T09:15:34+00:00\",\"description\":\"Saat 3 % k\u00e4teispalautusta joka viikko jopa 1000 euroon asti! Ly\u00f6 vetoa SpinBetteriss\u00e4 kertoimilla alkaen 1,5 ja saat osan h\u00e4vityist\u00e4 varoistasi takaisin ilman lis\u00e4ehtoja.\",\"breadcrumb\":{\"@id\":\"https:\/\/spinbetter.cafe\/fi\/bonus\/return-on-bets\/#breadcrumb\"},\"inLanguage\":\"fi\",\"potentialAction\":[{\"@type\":\"ReadAction\",\"target\":[\"https:\/\/spinbetter.cafe\/fi\/bonus\/return-on-bets\/\"]}]},{\"@type\":\"BreadcrumbList\",\"@id\":\"https:\/\/spinbetter.cafe\/fi\/bonus\/return-on-bets\/#breadcrumb\",\"itemListElement\":[{\"@type\":\"ListItem\",\"position\":1,\"name\":\"\u0413\u043b\u0430\u0432\u043d\u0430\u044f \u0441\u0442\u0440\u0430\u043d\u0438\u0446\u0430\",\"item\":\"https:\/\/spinbetter.cafe\/fi\/\"},{\"@type\":\"ListItem\",\"position\":2,\"name\":\"Bonus\",\"item\":\"https:\/\/spinbetter.cafe\/fi\/bonus\/\"},{\"@type\":\"ListItem\",\"position\":3,\"name\":\"SpinBetter-vetojen palautus\"}]},{\"@type\":\"WebSite\",\"@id\":\"https:\/\/spinbetter.cafe\/fi\/#website\",\"url\":\"https:\/\/spinbetter.cafe\/fi\/\",\"name\":\"Spinbetter Cafe FI\",\"description\":\"\",\"potentialAction\":[{\"@type\":\"SearchAction\",\"target\":{\"@type\":\"EntryPoint\",\"urlTemplate\":\"https:\/\/spinbetter.cafe\/fi\/?s={search_term_string}\"},\"query-input\":{\"@type\":\"PropertyValueSpecification\",\"valueRequired\":true,\"valueName\":\"search_term_string\"}}],\"inLanguage\":\"fi\"}]}<\/script>\n<!-- \/ Yoast SEO plugin. -->","yoast_head_json":{"title":"SpinBetter-vedon palautus \u1405 Viikoittainen k\u00e4teispalautus","description":"Saat 3 % k\u00e4teispalautusta joka viikko jopa 1000 euroon asti! Ly\u00f6 vetoa SpinBetteriss\u00e4 kertoimilla alkaen 1,5 ja saat osan h\u00e4vityist\u00e4 varoistasi takaisin ilman lis\u00e4ehtoja.","robots":{"index":"index","follow":"follow","max-snippet":"max-snippet:-1","max-image-preview":"max-image-preview:large","max-video-preview":"max-video-preview:-1"},"og_locale":"fi_FI","og_type":"article","og_title":"SpinBetter-vedon palautus \u1405 Viikoittainen k\u00e4teispalautus","og_description":"Saat 3 % k\u00e4teispalautusta joka viikko jopa 1000 euroon asti! Ly\u00f6 vetoa SpinBetteriss\u00e4 kertoimilla alkaen 1,5 ja saat osan h\u00e4vityist\u00e4 varoistasi takaisin ilman lis\u00e4ehtoja.","og_url":"https:\/\/spinbetter.cafe\/fi\/bonus\/return-on-bets\/","og_site_name":"Spinbetter Cafe FI","article_modified_time":"2025-07-07T09:15:34+00:00","twitter_card":"summary_large_image","schema":{"@context":"https:\/\/schema.org","@graph":[{"@type":"WebPage","@id":"https:\/\/spinbetter.cafe\/fi\/bonus\/return-on-bets\/","url":"https:\/\/spinbetter.cafe\/fi\/bonus\/return-on-bets\/","name":"SpinBetter-vedon palautus \u1405 Viikoittainen k\u00e4teispalautus","isPartOf":{"@id":"https:\/\/spinbetter.cafe\/fi\/#website"},"datePublished":"2025-07-07T09:15:25+00:00","dateModified":"2025-07-07T09:15:34+00:00","description":"Saat 3 % k\u00e4teispalautusta joka viikko jopa 1000 euroon asti! Ly\u00f6 vetoa SpinBetteriss\u00e4 kertoimilla alkaen 1,5 ja saat osan h\u00e4vityist\u00e4 varoistasi takaisin ilman lis\u00e4ehtoja.","breadcrumb":{"@id":"https:\/\/spinbetter.cafe\/fi\/bonus\/return-on-bets\/#breadcrumb"},"inLanguage":"fi","potentialAction":[{"@type":"ReadAction","target":["https:\/\/spinbetter.cafe\/fi\/bonus\/return-on-bets\/"]}]},{"@type":"BreadcrumbList","@id":"https:\/\/spinbetter.cafe\/fi\/bonus\/return-on-bets\/#breadcrumb","itemListElement":[{"@type":"ListItem","position":1,"name":"\u0413\u043b\u0430\u0432\u043d\u0430\u044f \u0441\u0442\u0440\u0430\u043d\u0438\u0446\u0430","item":"https:\/\/spinbetter.cafe\/fi\/"},{"@type":"ListItem","position":2,"name":"Bonus","item":"https:\/\/spinbetter.cafe\/fi\/bonus\/"},{"@type":"ListItem","position":3,"name":"SpinBetter-vetojen palautus"}]},{"@type":"WebSite","@id":"https:\/\/spinbetter.cafe\/fi\/#website","url":"https:\/\/spinbetter.cafe\/fi\/","name":"Spinbetter Cafe FI","description":"","potentialAction":[{"@type":"SearchAction","target":{"@type":"EntryPoint","urlTemplate":"https:\/\/spinbetter.cafe\/fi\/?s={search_term_string}"},"query-input":{"@type":"PropertyValueSpecification","valueRequired":true,"valueName":"search_term_string"}}],"inLanguage":"fi"}]}},"_links":{"self":[{"href":"https:\/\/spinbetter.cafe\/fi\/wp-json\/wp\/v2\/pages\/403"}],"collection":[{"href":"https:\/\/spinbetter.cafe\/fi\/wp-json\/wp\/v2\/pages"}],"about":[{"href":"https:\/\/spinbetter.cafe\/fi\/wp-json\/wp\/v2\/types\/page"}],"author":[{"embeddable":true,"href":"https:\/\/spinbetter.cafe\/fi\/wp-json\/wp\/v2\/users\/1"}],"replies":[{"embeddable":true,"href":"https:\/\/spinbetter.cafe\/fi\/wp-json\/wp\/v2\/comments?post=403"}],"version-history":[{"count":1,"href":"https:\/\/spinbetter.cafe\/fi\/wp-json\/wp\/v2\/pages\/403\/revisions"}],"predecessor-version":[{"id":404,"href":"https:\/\/spinbetter.cafe\/fi\/wp-json\/wp\/v2\/pages\/403\/revisions\/404"}],"up":[{"embeddable":true,"href":"https:\/\/spinbetter.cafe\/fi\/wp-json\/wp\/v2\/pages\/152"}],"wp:attachment":[{"href":"https:\/\/spinbetter.cafe\/fi\/wp-json\/wp\/v2\/media?parent=403"}],"curies":[{"name":"wp","href":"https:\/\/api.w.org\/{rel}","templated":true}]}}