{"id":389,"date":"2025-06-05T04:02:58","date_gmt":"2025-06-05T04:02:58","guid":{"rendered":"https:\/\/spinbetter.cafe\/fi\/?page_id=389"},"modified":"2025-06-05T04:03:06","modified_gmt":"2025-06-05T04:03:06","slug":"loyalty","status":"publish","type":"page","link":"https:\/\/spinbetter.cafe\/fi\/bonus\/loyalty\/","title":{"rendered":"Uskollisuus"},"content":{"rendered":"","protected":false},"excerpt":{"rendered":"","protected":false},"author":1,"featured_media":0,"parent":152,"menu_order":0,"comment_status":"closed","ping_status":"closed","template":"","meta":{"footnotes":""},"class_list":["post-389","page","type-page","status-publish","hentry"],"yoast_head":"<!-- This site is optimized with the Yoast SEO plugin v25.1 - https:\/\/yoast.com\/wordpress\/plugins\/seo\/ -->\n<title>Spinbetter-uskollisuus kannattaa &gt; Saat 50 % bonuksen + 100 ilmaiskierrosta<\/title>\n<meta name=\"description\" content=\"Uskollisuudella on etunsa Spinbetterill\u00e4! Tee kymmenes talletuksesi ja nappaa kuuma 50 % bonus sek\u00e4 jopa 100 ilmaiskierrosta! Olet ollut meill\u00e4 \u2013 nyt on aika lunastaa palkinnot. \u00c4l\u00e4 missaa t\u00e4t\u00e4 ainutlaatuista tarjousta!\" \/>\n<meta name=\"robots\" content=\"index, follow, max-snippet:-1, max-image-preview:large, max-video-preview:-1\" \/>\n<meta property=\"og:locale\" content=\"fi_FI\" \/>\n<meta property=\"og:type\" content=\"article\" \/>\n<meta property=\"og:title\" content=\"Spinbetter-uskollisuus kannattaa &gt; Saat 50 % bonuksen + 100 ilmaiskierrosta\" \/>\n<meta property=\"og:description\" content=\"Uskollisuudella on etunsa Spinbetterill\u00e4! Tee kymmenes talletuksesi ja nappaa kuuma 50 % bonus sek\u00e4 jopa 100 ilmaiskierrosta! Olet ollut meill\u00e4 \u2013 nyt on aika lunastaa palkinnot. \u00c4l\u00e4 missaa t\u00e4t\u00e4 ainutlaatuista tarjousta!\" \/>\n<meta property=\"og:url\" content=\"https:\/\/spinbetter.cafe\/fi\/bonus\/loyalty\/\" \/>\n<meta property=\"og:site_name\" content=\"Spinbetter Cafe FI\" \/>\n<meta property=\"article:modified_time\" content=\"2025-06-05T04:03:06+00:00\" \/>\n<meta name=\"twitter:card\" content=\"summary_large_image\" \/>\n<script type=\"application\/ld+json\" class=\"yoast-schema-graph\">{\"@context\":\"https:\/\/schema.org\",\"@graph\":[{\"@type\":\"WebPage\",\"@id\":\"https:\/\/spinbetter.cafe\/fi\/bonus\/loyalty\/\",\"url\":\"https:\/\/spinbetter.cafe\/fi\/bonus\/loyalty\/\",\"name\":\"Spinbetter-uskollisuus kannattaa > Saat 50 % bonuksen + 100 ilmaiskierrosta\",\"isPartOf\":{\"@id\":\"https:\/\/spinbetter.cafe\/fi\/#website\"},\"datePublished\":\"2025-06-05T04:02:58+00:00\",\"dateModified\":\"2025-06-05T04:03:06+00:00\",\"description\":\"Uskollisuudella on etunsa Spinbetterill\u00e4! Tee kymmenes talletuksesi ja nappaa kuuma 50 % bonus sek\u00e4 jopa 100 ilmaiskierrosta! Olet ollut meill\u00e4 \u2013 nyt on aika lunastaa palkinnot. \u00c4l\u00e4 missaa t\u00e4t\u00e4 ainutlaatuista tarjousta!\",\"breadcrumb\":{\"@id\":\"https:\/\/spinbetter.cafe\/fi\/bonus\/loyalty\/#breadcrumb\"},\"inLanguage\":\"fi\",\"potentialAction\":[{\"@type\":\"ReadAction\",\"target\":[\"https:\/\/spinbetter.cafe\/fi\/bonus\/loyalty\/\"]}]},{\"@type\":\"BreadcrumbList\",\"@id\":\"https:\/\/spinbetter.cafe\/fi\/bonus\/loyalty\/#breadcrumb\",\"itemListElement\":[{\"@type\":\"ListItem\",\"position\":1,\"name\":\"\u0413\u043b\u0430\u0432\u043d\u0430\u044f \u0441\u0442\u0440\u0430\u043d\u0438\u0446\u0430\",\"item\":\"https:\/\/spinbetter.cafe\/fi\/\"},{\"@type\":\"ListItem\",\"position\":2,\"name\":\"Bonus\",\"item\":\"https:\/\/spinbetter.cafe\/fi\/bonus\/\"},{\"@type\":\"ListItem\",\"position\":3,\"name\":\"Uskollisuus\"}]},{\"@type\":\"WebSite\",\"@id\":\"https:\/\/spinbetter.cafe\/fi\/#website\",\"url\":\"https:\/\/spinbetter.cafe\/fi\/\",\"name\":\"Spinbetter Cafe FI\",\"description\":\"\",\"potentialAction\":[{\"@type\":\"SearchAction\",\"target\":{\"@type\":\"EntryPoint\",\"urlTemplate\":\"https:\/\/spinbetter.cafe\/fi\/?s={search_term_string}\"},\"query-input\":{\"@type\":\"PropertyValueSpecification\",\"valueRequired\":true,\"valueName\":\"search_term_string\"}}],\"inLanguage\":\"fi\"}]}<\/script>\n<!-- \/ Yoast SEO plugin. -->","yoast_head_json":{"title":"Spinbetter-uskollisuus kannattaa > Saat 50 % bonuksen + 100 ilmaiskierrosta","description":"Uskollisuudella on etunsa Spinbetterill\u00e4! Tee kymmenes talletuksesi ja nappaa kuuma 50 % bonus sek\u00e4 jopa 100 ilmaiskierrosta! Olet ollut meill\u00e4 \u2013 nyt on aika lunastaa palkinnot. \u00c4l\u00e4 missaa t\u00e4t\u00e4 ainutlaatuista tarjousta!","robots":{"index":"index","follow":"follow","max-snippet":"max-snippet:-1","max-image-preview":"max-image-preview:large","max-video-preview":"max-video-preview:-1"},"og_locale":"fi_FI","og_type":"article","og_title":"Spinbetter-uskollisuus kannattaa > Saat 50 % bonuksen + 100 ilmaiskierrosta","og_description":"Uskollisuudella on etunsa Spinbetterill\u00e4! Tee kymmenes talletuksesi ja nappaa kuuma 50 % bonus sek\u00e4 jopa 100 ilmaiskierrosta! Olet ollut meill\u00e4 \u2013 nyt on aika lunastaa palkinnot. \u00c4l\u00e4 missaa t\u00e4t\u00e4 ainutlaatuista tarjousta!","og_url":"https:\/\/spinbetter.cafe\/fi\/bonus\/loyalty\/","og_site_name":"Spinbetter Cafe FI","article_modified_time":"2025-06-05T04:03:06+00:00","twitter_card":"summary_large_image","schema":{"@context":"https:\/\/schema.org","@graph":[{"@type":"WebPage","@id":"https:\/\/spinbetter.cafe\/fi\/bonus\/loyalty\/","url":"https:\/\/spinbetter.cafe\/fi\/bonus\/loyalty\/","name":"Spinbetter-uskollisuus kannattaa > Saat 50 % bonuksen + 100 ilmaiskierrosta","isPartOf":{"@id":"https:\/\/spinbetter.cafe\/fi\/#website"},"datePublished":"2025-06-05T04:02:58+00:00","dateModified":"2025-06-05T04:03:06+00:00","description":"Uskollisuudella on etunsa Spinbetterill\u00e4! Tee kymmenes talletuksesi ja nappaa kuuma 50 % bonus sek\u00e4 jopa 100 ilmaiskierrosta! Olet ollut meill\u00e4 \u2013 nyt on aika lunastaa palkinnot. \u00c4l\u00e4 missaa t\u00e4t\u00e4 ainutlaatuista tarjousta!","breadcrumb":{"@id":"https:\/\/spinbetter.cafe\/fi\/bonus\/loyalty\/#breadcrumb"},"inLanguage":"fi","potentialAction":[{"@type":"ReadAction","target":["https:\/\/spinbetter.cafe\/fi\/bonus\/loyalty\/"]}]},{"@type":"BreadcrumbList","@id":"https:\/\/spinbetter.cafe\/fi\/bonus\/loyalty\/#breadcrumb","itemListElement":[{"@type":"ListItem","position":1,"name":"\u0413\u043b\u0430\u0432\u043d\u0430\u044f \u0441\u0442\u0440\u0430\u043d\u0438\u0446\u0430","item":"https:\/\/spinbetter.cafe\/fi\/"},{"@type":"ListItem","position":2,"name":"Bonus","item":"https:\/\/spinbetter.cafe\/fi\/bonus\/"},{"@type":"ListItem","position":3,"name":"Uskollisuus"}]},{"@type":"WebSite","@id":"https:\/\/spinbetter.cafe\/fi\/#website","url":"https:\/\/spinbetter.cafe\/fi\/","name":"Spinbetter Cafe FI","description":"","potentialAction":[{"@type":"SearchAction","target":{"@type":"EntryPoint","urlTemplate":"https:\/\/spinbetter.cafe\/fi\/?s={search_term_string}"},"query-input":{"@type":"PropertyValueSpecification","valueRequired":true,"valueName":"search_term_string"}}],"inLanguage":"fi"}]}},"_links":{"self":[{"href":"https:\/\/spinbetter.cafe\/fi\/wp-json\/wp\/v2\/pages\/389"}],"collection":[{"href":"https:\/\/spinbetter.cafe\/fi\/wp-json\/wp\/v2\/pages"}],"about":[{"href":"https:\/\/spinbetter.cafe\/fi\/wp-json\/wp\/v2\/types\/page"}],"author":[{"embeddable":true,"href":"https:\/\/spinbetter.cafe\/fi\/wp-json\/wp\/v2\/users\/1"}],"replies":[{"embeddable":true,"href":"https:\/\/spinbetter.cafe\/fi\/wp-json\/wp\/v2\/comments?post=389"}],"version-history":[{"count":1,"href":"https:\/\/spinbetter.cafe\/fi\/wp-json\/wp\/v2\/pages\/389\/revisions"}],"predecessor-version":[{"id":390,"href":"https:\/\/spinbetter.cafe\/fi\/wp-json\/wp\/v2\/pages\/389\/revisions\/390"}],"up":[{"embeddable":true,"href":"https:\/\/spinbetter.cafe\/fi\/wp-json\/wp\/v2\/pages\/152"}],"wp:attachment":[{"href":"https:\/\/spinbetter.cafe\/fi\/wp-json\/wp\/v2\/media?parent=389"}],"curies":[{"name":"wp","href":"https:\/\/api.w.org\/{rel}","templated":true}]}}