{"id":387,"date":"2025-06-05T04:00:43","date_gmt":"2025-06-05T04:00:43","guid":{"rendered":"https:\/\/spinbetter.cafe\/fi\/?page_id=387"},"modified":"2025-06-05T04:00:57","modified_gmt":"2025-06-05T04:00:57","slug":"1st-deposit","status":"publish","type":"page","link":"https:\/\/spinbetter.cafe\/fi\/bonus\/1st-deposit\/","title":{"rendered":"Ensimm\u00e4inen talletus"},"content":{"rendered":"","protected":false},"excerpt":{"rendered":"","protected":false},"author":1,"featured_media":0,"parent":152,"menu_order":0,"comment_status":"closed","ping_status":"closed","template":"","meta":{"footnotes":""},"class_list":["post-387","page","type-page","status-publish","hentry"],"yoast_head":"<!-- This site is optimized with the Yoast SEO plugin v25.1 - https:\/\/yoast.com\/wordpress\/plugins\/seo\/ -->\n<title>Uusien pelaajien Spinbetterin tervetuliaisbonus &gt; Saat 100 % jopa 1500 \u20ac asti<\/title>\n<meta name=\"description\" content=\"Valmistaudu nousemaan seuraavalle tasolle massiivisen 100 % bonuksen avulla, jopa 1500 \u20ac asti ensitalletuksellasi! T\u00e4m\u00e4 ei ole vain tervetuliaisbonus \u2013 se on mullistava. Tartu j\u00e4nnitykseen ja tuplaa rahasi \u2013 \u00e4l\u00e4 anna t\u00e4m\u00e4n tilaisuuden lipsahtaa k\u00e4sist\u00e4si!\" \/>\n<meta name=\"robots\" content=\"index, follow, max-snippet:-1, max-image-preview:large, max-video-preview:-1\" \/>\n<meta property=\"og:locale\" content=\"fi_FI\" \/>\n<meta property=\"og:type\" content=\"article\" \/>\n<meta property=\"og:title\" content=\"Uusien pelaajien Spinbetterin tervetuliaisbonus &gt; Saat 100 % jopa 1500 \u20ac asti\" \/>\n<meta property=\"og:description\" content=\"Valmistaudu nousemaan seuraavalle tasolle massiivisen 100 % bonuksen avulla, jopa 1500 \u20ac asti ensitalletuksellasi! T\u00e4m\u00e4 ei ole vain tervetuliaisbonus \u2013 se on mullistava. Tartu j\u00e4nnitykseen ja tuplaa rahasi \u2013 \u00e4l\u00e4 anna t\u00e4m\u00e4n tilaisuuden lipsahtaa k\u00e4sist\u00e4si!\" \/>\n<meta property=\"og:url\" content=\"https:\/\/spinbetter.cafe\/fi\/bonus\/1st-deposit\/\" \/>\n<meta property=\"og:site_name\" content=\"Spinbetter Cafe FI\" \/>\n<meta property=\"article:modified_time\" content=\"2025-06-05T04:00:57+00:00\" \/>\n<meta name=\"twitter:card\" content=\"summary_large_image\" \/>\n<script type=\"application\/ld+json\" class=\"yoast-schema-graph\">{\"@context\":\"https:\/\/schema.org\",\"@graph\":[{\"@type\":\"WebPage\",\"@id\":\"https:\/\/spinbetter.cafe\/fi\/bonus\/1st-deposit\/\",\"url\":\"https:\/\/spinbetter.cafe\/fi\/bonus\/1st-deposit\/\",\"name\":\"Uusien pelaajien Spinbetterin tervetuliaisbonus > Saat 100 % jopa 1500 \u20ac asti\",\"isPartOf\":{\"@id\":\"https:\/\/spinbetter.cafe\/fi\/#website\"},\"datePublished\":\"2025-06-05T04:00:43+00:00\",\"dateModified\":\"2025-06-05T04:00:57+00:00\",\"description\":\"Valmistaudu nousemaan seuraavalle tasolle massiivisen 100 % bonuksen avulla, jopa 1500 \u20ac asti ensitalletuksellasi! T\u00e4m\u00e4 ei ole vain tervetuliaisbonus \u2013 se on mullistava. Tartu j\u00e4nnitykseen ja tuplaa rahasi \u2013 \u00e4l\u00e4 anna t\u00e4m\u00e4n tilaisuuden lipsahtaa k\u00e4sist\u00e4si!\",\"breadcrumb\":{\"@id\":\"https:\/\/spinbetter.cafe\/fi\/bonus\/1st-deposit\/#breadcrumb\"},\"inLanguage\":\"fi\",\"potentialAction\":[{\"@type\":\"ReadAction\",\"target\":[\"https:\/\/spinbetter.cafe\/fi\/bonus\/1st-deposit\/\"]}]},{\"@type\":\"BreadcrumbList\",\"@id\":\"https:\/\/spinbetter.cafe\/fi\/bonus\/1st-deposit\/#breadcrumb\",\"itemListElement\":[{\"@type\":\"ListItem\",\"position\":1,\"name\":\"\u0413\u043b\u0430\u0432\u043d\u0430\u044f \u0441\u0442\u0440\u0430\u043d\u0438\u0446\u0430\",\"item\":\"https:\/\/spinbetter.cafe\/fi\/\"},{\"@type\":\"ListItem\",\"position\":2,\"name\":\"Bonus\",\"item\":\"https:\/\/spinbetter.cafe\/fi\/bonus\/\"},{\"@type\":\"ListItem\",\"position\":3,\"name\":\"Ensimm\u00e4inen talletus\"}]},{\"@type\":\"WebSite\",\"@id\":\"https:\/\/spinbetter.cafe\/fi\/#website\",\"url\":\"https:\/\/spinbetter.cafe\/fi\/\",\"name\":\"Spinbetter Cafe FI\",\"description\":\"\",\"potentialAction\":[{\"@type\":\"SearchAction\",\"target\":{\"@type\":\"EntryPoint\",\"urlTemplate\":\"https:\/\/spinbetter.cafe\/fi\/?s={search_term_string}\"},\"query-input\":{\"@type\":\"PropertyValueSpecification\",\"valueRequired\":true,\"valueName\":\"search_term_string\"}}],\"inLanguage\":\"fi\"}]}<\/script>\n<!-- \/ Yoast SEO plugin. -->","yoast_head_json":{"title":"Uusien pelaajien Spinbetterin tervetuliaisbonus > Saat 100 % jopa 1500 \u20ac asti","description":"Valmistaudu nousemaan seuraavalle tasolle massiivisen 100 % bonuksen avulla, jopa 1500 \u20ac asti ensitalletuksellasi! T\u00e4m\u00e4 ei ole vain tervetuliaisbonus \u2013 se on mullistava. Tartu j\u00e4nnitykseen ja tuplaa rahasi \u2013 \u00e4l\u00e4 anna t\u00e4m\u00e4n tilaisuuden lipsahtaa k\u00e4sist\u00e4si!","robots":{"index":"index","follow":"follow","max-snippet":"max-snippet:-1","max-image-preview":"max-image-preview:large","max-video-preview":"max-video-preview:-1"},"og_locale":"fi_FI","og_type":"article","og_title":"Uusien pelaajien Spinbetterin tervetuliaisbonus > Saat 100 % jopa 1500 \u20ac asti","og_description":"Valmistaudu nousemaan seuraavalle tasolle massiivisen 100 % bonuksen avulla, jopa 1500 \u20ac asti ensitalletuksellasi! T\u00e4m\u00e4 ei ole vain tervetuliaisbonus \u2013 se on mullistava. Tartu j\u00e4nnitykseen ja tuplaa rahasi \u2013 \u00e4l\u00e4 anna t\u00e4m\u00e4n tilaisuuden lipsahtaa k\u00e4sist\u00e4si!","og_url":"https:\/\/spinbetter.cafe\/fi\/bonus\/1st-deposit\/","og_site_name":"Spinbetter Cafe FI","article_modified_time":"2025-06-05T04:00:57+00:00","twitter_card":"summary_large_image","schema":{"@context":"https:\/\/schema.org","@graph":[{"@type":"WebPage","@id":"https:\/\/spinbetter.cafe\/fi\/bonus\/1st-deposit\/","url":"https:\/\/spinbetter.cafe\/fi\/bonus\/1st-deposit\/","name":"Uusien pelaajien Spinbetterin tervetuliaisbonus > Saat 100 % jopa 1500 \u20ac asti","isPartOf":{"@id":"https:\/\/spinbetter.cafe\/fi\/#website"},"datePublished":"2025-06-05T04:00:43+00:00","dateModified":"2025-06-05T04:00:57+00:00","description":"Valmistaudu nousemaan seuraavalle tasolle massiivisen 100 % bonuksen avulla, jopa 1500 \u20ac asti ensitalletuksellasi! T\u00e4m\u00e4 ei ole vain tervetuliaisbonus \u2013 se on mullistava. Tartu j\u00e4nnitykseen ja tuplaa rahasi \u2013 \u00e4l\u00e4 anna t\u00e4m\u00e4n tilaisuuden lipsahtaa k\u00e4sist\u00e4si!","breadcrumb":{"@id":"https:\/\/spinbetter.cafe\/fi\/bonus\/1st-deposit\/#breadcrumb"},"inLanguage":"fi","potentialAction":[{"@type":"ReadAction","target":["https:\/\/spinbetter.cafe\/fi\/bonus\/1st-deposit\/"]}]},{"@type":"BreadcrumbList","@id":"https:\/\/spinbetter.cafe\/fi\/bonus\/1st-deposit\/#breadcrumb","itemListElement":[{"@type":"ListItem","position":1,"name":"\u0413\u043b\u0430\u0432\u043d\u0430\u044f \u0441\u0442\u0440\u0430\u043d\u0438\u0446\u0430","item":"https:\/\/spinbetter.cafe\/fi\/"},{"@type":"ListItem","position":2,"name":"Bonus","item":"https:\/\/spinbetter.cafe\/fi\/bonus\/"},{"@type":"ListItem","position":3,"name":"Ensimm\u00e4inen talletus"}]},{"@type":"WebSite","@id":"https:\/\/spinbetter.cafe\/fi\/#website","url":"https:\/\/spinbetter.cafe\/fi\/","name":"Spinbetter Cafe FI","description":"","potentialAction":[{"@type":"SearchAction","target":{"@type":"EntryPoint","urlTemplate":"https:\/\/spinbetter.cafe\/fi\/?s={search_term_string}"},"query-input":{"@type":"PropertyValueSpecification","valueRequired":true,"valueName":"search_term_string"}}],"inLanguage":"fi"}]}},"_links":{"self":[{"href":"https:\/\/spinbetter.cafe\/fi\/wp-json\/wp\/v2\/pages\/387"}],"collection":[{"href":"https:\/\/spinbetter.cafe\/fi\/wp-json\/wp\/v2\/pages"}],"about":[{"href":"https:\/\/spinbetter.cafe\/fi\/wp-json\/wp\/v2\/types\/page"}],"author":[{"embeddable":true,"href":"https:\/\/spinbetter.cafe\/fi\/wp-json\/wp\/v2\/users\/1"}],"replies":[{"embeddable":true,"href":"https:\/\/spinbetter.cafe\/fi\/wp-json\/wp\/v2\/comments?post=387"}],"version-history":[{"count":1,"href":"https:\/\/spinbetter.cafe\/fi\/wp-json\/wp\/v2\/pages\/387\/revisions"}],"predecessor-version":[{"id":388,"href":"https:\/\/spinbetter.cafe\/fi\/wp-json\/wp\/v2\/pages\/387\/revisions\/388"}],"up":[{"embeddable":true,"href":"https:\/\/spinbetter.cafe\/fi\/wp-json\/wp\/v2\/pages\/152"}],"wp:attachment":[{"href":"https:\/\/spinbetter.cafe\/fi\/wp-json\/wp\/v2\/media?parent=387"}],"curies":[{"name":"wp","href":"https:\/\/api.w.org\/{rel}","templated":true}]}}