{"id":385,"date":"2025-06-05T03:58:22","date_gmt":"2025-06-05T03:58:22","guid":{"rendered":"https:\/\/spinbetter.cafe\/fi\/?page_id=385"},"modified":"2025-06-05T03:58:34","modified_gmt":"2025-06-05T03:58:34","slug":"welcome-madness","status":"publish","type":"page","link":"https:\/\/spinbetter.cafe\/fi\/bonus\/welcome-madness\/","title":{"rendered":"Tervetuloa hulluus"},"content":{"rendered":"","protected":false},"excerpt":{"rendered":"","protected":false},"author":1,"featured_media":0,"parent":152,"menu_order":0,"comment_status":"closed","ping_status":"closed","template":"","meta":{"footnotes":""},"class_list":["post-385","page","type-page","status-publish","hentry"],"yoast_head":"<!-- This site is optimized with the Yoast SEO plugin v25.1 - https:\/\/yoast.com\/wordpress\/plugins\/seo\/ -->\n<title>Tervetuliaispaketti Spinbetterilt\u00e4 &gt; Saat 1500 \u20ac + 150 ilmaiskierrosta<\/title>\n<meta name=\"description\" content=\"Liity mukaan Spinbetterin tervetulohulluuteen! Lunasta leuat loksauttava 1500 \u20ac + 150 ilmaiskierrosta r\u00e4j\u00e4ht\u00e4v\u00e4ss\u00e4 uuden pelaajan paketissamme. Koe j\u00e4nnitys! \u00c4l\u00e4 missaa t\u00e4t\u00e4 - nappaa bonuksesi!\" \/>\n<meta name=\"robots\" content=\"index, follow, max-snippet:-1, max-image-preview:large, max-video-preview:-1\" \/>\n<meta property=\"og:locale\" content=\"fi_FI\" \/>\n<meta property=\"og:type\" content=\"article\" \/>\n<meta property=\"og:title\" content=\"Tervetuliaispaketti Spinbetterilt\u00e4 &gt; Saat 1500 \u20ac + 150 ilmaiskierrosta\" \/>\n<meta property=\"og:description\" content=\"Liity mukaan Spinbetterin tervetulohulluuteen! Lunasta leuat loksauttava 1500 \u20ac + 150 ilmaiskierrosta r\u00e4j\u00e4ht\u00e4v\u00e4ss\u00e4 uuden pelaajan paketissamme. Koe j\u00e4nnitys! \u00c4l\u00e4 missaa t\u00e4t\u00e4 - nappaa bonuksesi!\" \/>\n<meta property=\"og:url\" content=\"https:\/\/spinbetter.cafe\/fi\/bonus\/welcome-madness\/\" \/>\n<meta property=\"og:site_name\" content=\"Spinbetter Cafe FI\" \/>\n<meta property=\"article:modified_time\" content=\"2025-06-05T03:58:34+00:00\" \/>\n<meta name=\"twitter:card\" content=\"summary_large_image\" \/>\n<script type=\"application\/ld+json\" class=\"yoast-schema-graph\">{\"@context\":\"https:\/\/schema.org\",\"@graph\":[{\"@type\":\"WebPage\",\"@id\":\"https:\/\/spinbetter.cafe\/fi\/bonus\/welcome-madness\/\",\"url\":\"https:\/\/spinbetter.cafe\/fi\/bonus\/welcome-madness\/\",\"name\":\"Tervetuliaispaketti Spinbetterilt\u00e4 > Saat 1500 \u20ac + 150 ilmaiskierrosta\",\"isPartOf\":{\"@id\":\"https:\/\/spinbetter.cafe\/fi\/#website\"},\"datePublished\":\"2025-06-05T03:58:22+00:00\",\"dateModified\":\"2025-06-05T03:58:34+00:00\",\"description\":\"Liity mukaan Spinbetterin tervetulohulluuteen! Lunasta leuat loksauttava 1500 \u20ac + 150 ilmaiskierrosta r\u00e4j\u00e4ht\u00e4v\u00e4ss\u00e4 uuden pelaajan paketissamme. Koe j\u00e4nnitys! \u00c4l\u00e4 missaa t\u00e4t\u00e4 - nappaa bonuksesi!\",\"breadcrumb\":{\"@id\":\"https:\/\/spinbetter.cafe\/fi\/bonus\/welcome-madness\/#breadcrumb\"},\"inLanguage\":\"fi\",\"potentialAction\":[{\"@type\":\"ReadAction\",\"target\":[\"https:\/\/spinbetter.cafe\/fi\/bonus\/welcome-madness\/\"]}]},{\"@type\":\"BreadcrumbList\",\"@id\":\"https:\/\/spinbetter.cafe\/fi\/bonus\/welcome-madness\/#breadcrumb\",\"itemListElement\":[{\"@type\":\"ListItem\",\"position\":1,\"name\":\"\u0413\u043b\u0430\u0432\u043d\u0430\u044f \u0441\u0442\u0440\u0430\u043d\u0438\u0446\u0430\",\"item\":\"https:\/\/spinbetter.cafe\/fi\/\"},{\"@type\":\"ListItem\",\"position\":2,\"name\":\"Bonus\",\"item\":\"https:\/\/spinbetter.cafe\/fi\/bonus\/\"},{\"@type\":\"ListItem\",\"position\":3,\"name\":\"Tervetuloa hulluus\"}]},{\"@type\":\"WebSite\",\"@id\":\"https:\/\/spinbetter.cafe\/fi\/#website\",\"url\":\"https:\/\/spinbetter.cafe\/fi\/\",\"name\":\"Spinbetter Cafe FI\",\"description\":\"\",\"potentialAction\":[{\"@type\":\"SearchAction\",\"target\":{\"@type\":\"EntryPoint\",\"urlTemplate\":\"https:\/\/spinbetter.cafe\/fi\/?s={search_term_string}\"},\"query-input\":{\"@type\":\"PropertyValueSpecification\",\"valueRequired\":true,\"valueName\":\"search_term_string\"}}],\"inLanguage\":\"fi\"}]}<\/script>\n<!-- \/ Yoast SEO plugin. -->","yoast_head_json":{"title":"Tervetuliaispaketti Spinbetterilt\u00e4 > Saat 1500 \u20ac + 150 ilmaiskierrosta","description":"Liity mukaan Spinbetterin tervetulohulluuteen! Lunasta leuat loksauttava 1500 \u20ac + 150 ilmaiskierrosta r\u00e4j\u00e4ht\u00e4v\u00e4ss\u00e4 uuden pelaajan paketissamme. Koe j\u00e4nnitys! \u00c4l\u00e4 missaa t\u00e4t\u00e4 - nappaa bonuksesi!","robots":{"index":"index","follow":"follow","max-snippet":"max-snippet:-1","max-image-preview":"max-image-preview:large","max-video-preview":"max-video-preview:-1"},"og_locale":"fi_FI","og_type":"article","og_title":"Tervetuliaispaketti Spinbetterilt\u00e4 > Saat 1500 \u20ac + 150 ilmaiskierrosta","og_description":"Liity mukaan Spinbetterin tervetulohulluuteen! Lunasta leuat loksauttava 1500 \u20ac + 150 ilmaiskierrosta r\u00e4j\u00e4ht\u00e4v\u00e4ss\u00e4 uuden pelaajan paketissamme. Koe j\u00e4nnitys! \u00c4l\u00e4 missaa t\u00e4t\u00e4 - nappaa bonuksesi!","og_url":"https:\/\/spinbetter.cafe\/fi\/bonus\/welcome-madness\/","og_site_name":"Spinbetter Cafe FI","article_modified_time":"2025-06-05T03:58:34+00:00","twitter_card":"summary_large_image","schema":{"@context":"https:\/\/schema.org","@graph":[{"@type":"WebPage","@id":"https:\/\/spinbetter.cafe\/fi\/bonus\/welcome-madness\/","url":"https:\/\/spinbetter.cafe\/fi\/bonus\/welcome-madness\/","name":"Tervetuliaispaketti Spinbetterilt\u00e4 > Saat 1500 \u20ac + 150 ilmaiskierrosta","isPartOf":{"@id":"https:\/\/spinbetter.cafe\/fi\/#website"},"datePublished":"2025-06-05T03:58:22+00:00","dateModified":"2025-06-05T03:58:34+00:00","description":"Liity mukaan Spinbetterin tervetulohulluuteen! Lunasta leuat loksauttava 1500 \u20ac + 150 ilmaiskierrosta r\u00e4j\u00e4ht\u00e4v\u00e4ss\u00e4 uuden pelaajan paketissamme. Koe j\u00e4nnitys! \u00c4l\u00e4 missaa t\u00e4t\u00e4 - nappaa bonuksesi!","breadcrumb":{"@id":"https:\/\/spinbetter.cafe\/fi\/bonus\/welcome-madness\/#breadcrumb"},"inLanguage":"fi","potentialAction":[{"@type":"ReadAction","target":["https:\/\/spinbetter.cafe\/fi\/bonus\/welcome-madness\/"]}]},{"@type":"BreadcrumbList","@id":"https:\/\/spinbetter.cafe\/fi\/bonus\/welcome-madness\/#breadcrumb","itemListElement":[{"@type":"ListItem","position":1,"name":"\u0413\u043b\u0430\u0432\u043d\u0430\u044f \u0441\u0442\u0440\u0430\u043d\u0438\u0446\u0430","item":"https:\/\/spinbetter.cafe\/fi\/"},{"@type":"ListItem","position":2,"name":"Bonus","item":"https:\/\/spinbetter.cafe\/fi\/bonus\/"},{"@type":"ListItem","position":3,"name":"Tervetuloa hulluus"}]},{"@type":"WebSite","@id":"https:\/\/spinbetter.cafe\/fi\/#website","url":"https:\/\/spinbetter.cafe\/fi\/","name":"Spinbetter Cafe FI","description":"","potentialAction":[{"@type":"SearchAction","target":{"@type":"EntryPoint","urlTemplate":"https:\/\/spinbetter.cafe\/fi\/?s={search_term_string}"},"query-input":{"@type":"PropertyValueSpecification","valueRequired":true,"valueName":"search_term_string"}}],"inLanguage":"fi"}]}},"_links":{"self":[{"href":"https:\/\/spinbetter.cafe\/fi\/wp-json\/wp\/v2\/pages\/385"}],"collection":[{"href":"https:\/\/spinbetter.cafe\/fi\/wp-json\/wp\/v2\/pages"}],"about":[{"href":"https:\/\/spinbetter.cafe\/fi\/wp-json\/wp\/v2\/types\/page"}],"author":[{"embeddable":true,"href":"https:\/\/spinbetter.cafe\/fi\/wp-json\/wp\/v2\/users\/1"}],"replies":[{"embeddable":true,"href":"https:\/\/spinbetter.cafe\/fi\/wp-json\/wp\/v2\/comments?post=385"}],"version-history":[{"count":1,"href":"https:\/\/spinbetter.cafe\/fi\/wp-json\/wp\/v2\/pages\/385\/revisions"}],"predecessor-version":[{"id":386,"href":"https:\/\/spinbetter.cafe\/fi\/wp-json\/wp\/v2\/pages\/385\/revisions\/386"}],"up":[{"embeddable":true,"href":"https:\/\/spinbetter.cafe\/fi\/wp-json\/wp\/v2\/pages\/152"}],"wp:attachment":[{"href":"https:\/\/spinbetter.cafe\/fi\/wp-json\/wp\/v2\/media?parent=385"}],"curies":[{"name":"wp","href":"https:\/\/api.w.org\/{rel}","templated":true}]}}