{"id":387,"date":"2025-06-05T03:48:39","date_gmt":"2025-06-05T03:48:39","guid":{"rendered":"https:\/\/spinbetter.cafe\/ee\/?page_id=387"},"modified":"2025-06-05T03:48:47","modified_gmt":"2025-06-05T03:48:47","slug":"loyalty","status":"publish","type":"page","link":"https:\/\/spinbetter.cafe\/ee\/bonus\/loyalty\/","title":{"rendered":"Lojaalsus"},"content":{"rendered":"","protected":false},"excerpt":{"rendered":"","protected":false},"author":1,"featured_media":0,"parent":152,"menu_order":0,"comment_status":"closed","ping_status":"closed","template":"","meta":{"footnotes":""},"class_list":["post-387","page","type-page","status-publish","hentry"],"yoast_head":"<!-- This site is optimized with the Yoast SEO plugin v25.1 - https:\/\/yoast.com\/wordpress\/plugins\/seo\/ -->\n<title>Spinbetteri lojaalsus tasub end \u00e4ra &gt; Saa 50% boonust + 100 tasuta keerutust<\/title>\n<meta name=\"description\" content=\"Spinbetteris on lojaalsusprogrammil omad eelised! Tee oma k\u00fcmnes sissemakse ja saa s\u00e4rav 50% boonus pluss kuni 100 tasuta keerutust! Oled meiega olnud \u2013 n\u00fc\u00fcd on aeg preemiad lunastada. \u00c4ra maga maha seda eksklusiivset pakkumist!\" \/>\n<meta name=\"robots\" content=\"index, follow, max-snippet:-1, max-image-preview:large, max-video-preview:-1\" \/>\n<meta property=\"og:locale\" content=\"et_EE\" \/>\n<meta property=\"og:type\" content=\"article\" \/>\n<meta property=\"og:title\" content=\"Spinbetteri lojaalsus tasub end \u00e4ra &gt; Saa 50% boonust + 100 tasuta keerutust\" \/>\n<meta property=\"og:description\" content=\"Spinbetteris on lojaalsusprogrammil omad eelised! Tee oma k\u00fcmnes sissemakse ja saa s\u00e4rav 50% boonus pluss kuni 100 tasuta keerutust! Oled meiega olnud \u2013 n\u00fc\u00fcd on aeg preemiad lunastada. \u00c4ra maga maha seda eksklusiivset pakkumist!\" \/>\n<meta property=\"og:url\" content=\"https:\/\/spinbetter.cafe\/ee\/bonus\/loyalty\/\" \/>\n<meta property=\"og:site_name\" content=\"Spinbetter Cafe EE\" \/>\n<meta property=\"article:modified_time\" content=\"2025-06-05T03:48:47+00:00\" \/>\n<meta name=\"twitter:card\" content=\"summary_large_image\" \/>\n<script type=\"application\/ld+json\" class=\"yoast-schema-graph\">{\"@context\":\"https:\/\/schema.org\",\"@graph\":[{\"@type\":\"WebPage\",\"@id\":\"https:\/\/spinbetter.cafe\/ee\/bonus\/loyalty\/\",\"url\":\"https:\/\/spinbetter.cafe\/ee\/bonus\/loyalty\/\",\"name\":\"Spinbetteri lojaalsus tasub end \u00e4ra > Saa 50% boonust + 100 tasuta keerutust\",\"isPartOf\":{\"@id\":\"https:\/\/spinbetter.cafe\/ee\/#website\"},\"datePublished\":\"2025-06-05T03:48:39+00:00\",\"dateModified\":\"2025-06-05T03:48:47+00:00\",\"description\":\"Spinbetteris on lojaalsusprogrammil omad eelised! Tee oma k\u00fcmnes sissemakse ja saa s\u00e4rav 50% boonus pluss kuni 100 tasuta keerutust! Oled meiega olnud \u2013 n\u00fc\u00fcd on aeg preemiad lunastada. \u00c4ra maga maha seda eksklusiivset pakkumist!\",\"breadcrumb\":{\"@id\":\"https:\/\/spinbetter.cafe\/ee\/bonus\/loyalty\/#breadcrumb\"},\"inLanguage\":\"et\",\"potentialAction\":[{\"@type\":\"ReadAction\",\"target\":[\"https:\/\/spinbetter.cafe\/ee\/bonus\/loyalty\/\"]}]},{\"@type\":\"BreadcrumbList\",\"@id\":\"https:\/\/spinbetter.cafe\/ee\/bonus\/loyalty\/#breadcrumb\",\"itemListElement\":[{\"@type\":\"ListItem\",\"position\":1,\"name\":\"\u0413\u043b\u0430\u0432\u043d\u0430\u044f \u0441\u0442\u0440\u0430\u043d\u0438\u0446\u0430\",\"item\":\"https:\/\/spinbetter.cafe\/ee\/\"},{\"@type\":\"ListItem\",\"position\":2,\"name\":\"Bonus\",\"item\":\"https:\/\/spinbetter.cafe\/ee\/bonus\/\"},{\"@type\":\"ListItem\",\"position\":3,\"name\":\"Lojaalsus\"}]},{\"@type\":\"WebSite\",\"@id\":\"https:\/\/spinbetter.cafe\/ee\/#website\",\"url\":\"https:\/\/spinbetter.cafe\/ee\/\",\"name\":\"Spinbetter Cafe EE\",\"description\":\"\",\"potentialAction\":[{\"@type\":\"SearchAction\",\"target\":{\"@type\":\"EntryPoint\",\"urlTemplate\":\"https:\/\/spinbetter.cafe\/ee\/?s={search_term_string}\"},\"query-input\":{\"@type\":\"PropertyValueSpecification\",\"valueRequired\":true,\"valueName\":\"search_term_string\"}}],\"inLanguage\":\"et\"}]}<\/script>\n<!-- \/ Yoast SEO plugin. -->","yoast_head_json":{"title":"Spinbetteri lojaalsus tasub end \u00e4ra > Saa 50% boonust + 100 tasuta keerutust","description":"Spinbetteris on lojaalsusprogrammil omad eelised! Tee oma k\u00fcmnes sissemakse ja saa s\u00e4rav 50% boonus pluss kuni 100 tasuta keerutust! Oled meiega olnud \u2013 n\u00fc\u00fcd on aeg preemiad lunastada. \u00c4ra maga maha seda eksklusiivset pakkumist!","robots":{"index":"index","follow":"follow","max-snippet":"max-snippet:-1","max-image-preview":"max-image-preview:large","max-video-preview":"max-video-preview:-1"},"og_locale":"et_EE","og_type":"article","og_title":"Spinbetteri lojaalsus tasub end \u00e4ra > Saa 50% boonust + 100 tasuta keerutust","og_description":"Spinbetteris on lojaalsusprogrammil omad eelised! Tee oma k\u00fcmnes sissemakse ja saa s\u00e4rav 50% boonus pluss kuni 100 tasuta keerutust! Oled meiega olnud \u2013 n\u00fc\u00fcd on aeg preemiad lunastada. \u00c4ra maga maha seda eksklusiivset pakkumist!","og_url":"https:\/\/spinbetter.cafe\/ee\/bonus\/loyalty\/","og_site_name":"Spinbetter Cafe EE","article_modified_time":"2025-06-05T03:48:47+00:00","twitter_card":"summary_large_image","schema":{"@context":"https:\/\/schema.org","@graph":[{"@type":"WebPage","@id":"https:\/\/spinbetter.cafe\/ee\/bonus\/loyalty\/","url":"https:\/\/spinbetter.cafe\/ee\/bonus\/loyalty\/","name":"Spinbetteri lojaalsus tasub end \u00e4ra > Saa 50% boonust + 100 tasuta keerutust","isPartOf":{"@id":"https:\/\/spinbetter.cafe\/ee\/#website"},"datePublished":"2025-06-05T03:48:39+00:00","dateModified":"2025-06-05T03:48:47+00:00","description":"Spinbetteris on lojaalsusprogrammil omad eelised! Tee oma k\u00fcmnes sissemakse ja saa s\u00e4rav 50% boonus pluss kuni 100 tasuta keerutust! Oled meiega olnud \u2013 n\u00fc\u00fcd on aeg preemiad lunastada. \u00c4ra maga maha seda eksklusiivset pakkumist!","breadcrumb":{"@id":"https:\/\/spinbetter.cafe\/ee\/bonus\/loyalty\/#breadcrumb"},"inLanguage":"et","potentialAction":[{"@type":"ReadAction","target":["https:\/\/spinbetter.cafe\/ee\/bonus\/loyalty\/"]}]},{"@type":"BreadcrumbList","@id":"https:\/\/spinbetter.cafe\/ee\/bonus\/loyalty\/#breadcrumb","itemListElement":[{"@type":"ListItem","position":1,"name":"\u0413\u043b\u0430\u0432\u043d\u0430\u044f \u0441\u0442\u0440\u0430\u043d\u0438\u0446\u0430","item":"https:\/\/spinbetter.cafe\/ee\/"},{"@type":"ListItem","position":2,"name":"Bonus","item":"https:\/\/spinbetter.cafe\/ee\/bonus\/"},{"@type":"ListItem","position":3,"name":"Lojaalsus"}]},{"@type":"WebSite","@id":"https:\/\/spinbetter.cafe\/ee\/#website","url":"https:\/\/spinbetter.cafe\/ee\/","name":"Spinbetter Cafe EE","description":"","potentialAction":[{"@type":"SearchAction","target":{"@type":"EntryPoint","urlTemplate":"https:\/\/spinbetter.cafe\/ee\/?s={search_term_string}"},"query-input":{"@type":"PropertyValueSpecification","valueRequired":true,"valueName":"search_term_string"}}],"inLanguage":"et"}]}},"_links":{"self":[{"href":"https:\/\/spinbetter.cafe\/ee\/wp-json\/wp\/v2\/pages\/387"}],"collection":[{"href":"https:\/\/spinbetter.cafe\/ee\/wp-json\/wp\/v2\/pages"}],"about":[{"href":"https:\/\/spinbetter.cafe\/ee\/wp-json\/wp\/v2\/types\/page"}],"author":[{"embeddable":true,"href":"https:\/\/spinbetter.cafe\/ee\/wp-json\/wp\/v2\/users\/1"}],"replies":[{"embeddable":true,"href":"https:\/\/spinbetter.cafe\/ee\/wp-json\/wp\/v2\/comments?post=387"}],"version-history":[{"count":1,"href":"https:\/\/spinbetter.cafe\/ee\/wp-json\/wp\/v2\/pages\/387\/revisions"}],"predecessor-version":[{"id":388,"href":"https:\/\/spinbetter.cafe\/ee\/wp-json\/wp\/v2\/pages\/387\/revisions\/388"}],"up":[{"embeddable":true,"href":"https:\/\/spinbetter.cafe\/ee\/wp-json\/wp\/v2\/pages\/152"}],"wp:attachment":[{"href":"https:\/\/spinbetter.cafe\/ee\/wp-json\/wp\/v2\/media?parent=387"}],"curies":[{"name":"wp","href":"https:\/\/api.w.org\/{rel}","templated":true}]}}