{"id":385,"date":"2025-06-05T03:46:35","date_gmt":"2025-06-05T03:46:35","guid":{"rendered":"https:\/\/spinbetter.cafe\/ee\/?page_id=385"},"modified":"2025-06-05T03:46:43","modified_gmt":"2025-06-05T03:46:43","slug":"1st-deposit","status":"publish","type":"page","link":"https:\/\/spinbetter.cafe\/ee\/bonus\/1st-deposit\/","title":{"rendered":"Esimene sissemakse"},"content":{"rendered":"","protected":false},"excerpt":{"rendered":"","protected":false},"author":1,"featured_media":0,"parent":152,"menu_order":0,"comment_status":"closed","ping_status":"closed","template":"","meta":{"footnotes":""},"class_list":["post-385","page","type-page","status-publish","hentry"],"yoast_head":"<!-- This site is optimized with the Yoast SEO plugin v25.1 - https:\/\/yoast.com\/wordpress\/plugins\/seo\/ -->\n<title>Uute m\u00e4ngijate Spinbetteri tervitusboonus &gt; Saa 100% kuni 1500 \u20ac<\/title>\n<meta name=\"description\" content=\"Valmistu j\u00e4rgmisele tasemele j\u00f5udmiseks tohutu 100% boonusega kuni 1500 \u20ac oma esimeselt sissemakselt! See pole lihtsalt tervitusboonus \u2013 see muudab m\u00e4ngu. Haara p\u00f5nevusest kinni ja kahekordista oma raha \u2013 \u00e4ra lase sellel v\u00f5imalusel k\u00e4est libiseda!\" \/>\n<meta name=\"robots\" content=\"index, follow, max-snippet:-1, max-image-preview:large, max-video-preview:-1\" \/>\n<meta property=\"og:locale\" content=\"et_EE\" \/>\n<meta property=\"og:type\" content=\"article\" \/>\n<meta property=\"og:title\" content=\"Uute m\u00e4ngijate Spinbetteri tervitusboonus &gt; Saa 100% kuni 1500 \u20ac\" \/>\n<meta property=\"og:description\" content=\"Valmistu j\u00e4rgmisele tasemele j\u00f5udmiseks tohutu 100% boonusega kuni 1500 \u20ac oma esimeselt sissemakselt! See pole lihtsalt tervitusboonus \u2013 see muudab m\u00e4ngu. Haara p\u00f5nevusest kinni ja kahekordista oma raha \u2013 \u00e4ra lase sellel v\u00f5imalusel k\u00e4est libiseda!\" \/>\n<meta property=\"og:url\" content=\"https:\/\/spinbetter.cafe\/ee\/bonus\/1st-deposit\/\" \/>\n<meta property=\"og:site_name\" content=\"Spinbetter Cafe EE\" \/>\n<meta property=\"article:modified_time\" content=\"2025-06-05T03:46:43+00:00\" \/>\n<meta name=\"twitter:card\" content=\"summary_large_image\" \/>\n<script type=\"application\/ld+json\" class=\"yoast-schema-graph\">{\"@context\":\"https:\/\/schema.org\",\"@graph\":[{\"@type\":\"WebPage\",\"@id\":\"https:\/\/spinbetter.cafe\/ee\/bonus\/1st-deposit\/\",\"url\":\"https:\/\/spinbetter.cafe\/ee\/bonus\/1st-deposit\/\",\"name\":\"Uute m\u00e4ngijate Spinbetteri tervitusboonus > Saa 100% kuni 1500 \u20ac\",\"isPartOf\":{\"@id\":\"https:\/\/spinbetter.cafe\/ee\/#website\"},\"datePublished\":\"2025-06-05T03:46:35+00:00\",\"dateModified\":\"2025-06-05T03:46:43+00:00\",\"description\":\"Valmistu j\u00e4rgmisele tasemele j\u00f5udmiseks tohutu 100% boonusega kuni 1500 \u20ac oma esimeselt sissemakselt! See pole lihtsalt tervitusboonus \u2013 see muudab m\u00e4ngu. Haara p\u00f5nevusest kinni ja kahekordista oma raha \u2013 \u00e4ra lase sellel v\u00f5imalusel k\u00e4est libiseda!\",\"breadcrumb\":{\"@id\":\"https:\/\/spinbetter.cafe\/ee\/bonus\/1st-deposit\/#breadcrumb\"},\"inLanguage\":\"et\",\"potentialAction\":[{\"@type\":\"ReadAction\",\"target\":[\"https:\/\/spinbetter.cafe\/ee\/bonus\/1st-deposit\/\"]}]},{\"@type\":\"BreadcrumbList\",\"@id\":\"https:\/\/spinbetter.cafe\/ee\/bonus\/1st-deposit\/#breadcrumb\",\"itemListElement\":[{\"@type\":\"ListItem\",\"position\":1,\"name\":\"\u0413\u043b\u0430\u0432\u043d\u0430\u044f \u0441\u0442\u0440\u0430\u043d\u0438\u0446\u0430\",\"item\":\"https:\/\/spinbetter.cafe\/ee\/\"},{\"@type\":\"ListItem\",\"position\":2,\"name\":\"Bonus\",\"item\":\"https:\/\/spinbetter.cafe\/ee\/bonus\/\"},{\"@type\":\"ListItem\",\"position\":3,\"name\":\"Esimene sissemakse\"}]},{\"@type\":\"WebSite\",\"@id\":\"https:\/\/spinbetter.cafe\/ee\/#website\",\"url\":\"https:\/\/spinbetter.cafe\/ee\/\",\"name\":\"Spinbetter Cafe EE\",\"description\":\"\",\"potentialAction\":[{\"@type\":\"SearchAction\",\"target\":{\"@type\":\"EntryPoint\",\"urlTemplate\":\"https:\/\/spinbetter.cafe\/ee\/?s={search_term_string}\"},\"query-input\":{\"@type\":\"PropertyValueSpecification\",\"valueRequired\":true,\"valueName\":\"search_term_string\"}}],\"inLanguage\":\"et\"}]}<\/script>\n<!-- \/ Yoast SEO plugin. -->","yoast_head_json":{"title":"Uute m\u00e4ngijate Spinbetteri tervitusboonus > Saa 100% kuni 1500 \u20ac","description":"Valmistu j\u00e4rgmisele tasemele j\u00f5udmiseks tohutu 100% boonusega kuni 1500 \u20ac oma esimeselt sissemakselt! See pole lihtsalt tervitusboonus \u2013 see muudab m\u00e4ngu. Haara p\u00f5nevusest kinni ja kahekordista oma raha \u2013 \u00e4ra lase sellel v\u00f5imalusel k\u00e4est libiseda!","robots":{"index":"index","follow":"follow","max-snippet":"max-snippet:-1","max-image-preview":"max-image-preview:large","max-video-preview":"max-video-preview:-1"},"og_locale":"et_EE","og_type":"article","og_title":"Uute m\u00e4ngijate Spinbetteri tervitusboonus > Saa 100% kuni 1500 \u20ac","og_description":"Valmistu j\u00e4rgmisele tasemele j\u00f5udmiseks tohutu 100% boonusega kuni 1500 \u20ac oma esimeselt sissemakselt! See pole lihtsalt tervitusboonus \u2013 see muudab m\u00e4ngu. Haara p\u00f5nevusest kinni ja kahekordista oma raha \u2013 \u00e4ra lase sellel v\u00f5imalusel k\u00e4est libiseda!","og_url":"https:\/\/spinbetter.cafe\/ee\/bonus\/1st-deposit\/","og_site_name":"Spinbetter Cafe EE","article_modified_time":"2025-06-05T03:46:43+00:00","twitter_card":"summary_large_image","schema":{"@context":"https:\/\/schema.org","@graph":[{"@type":"WebPage","@id":"https:\/\/spinbetter.cafe\/ee\/bonus\/1st-deposit\/","url":"https:\/\/spinbetter.cafe\/ee\/bonus\/1st-deposit\/","name":"Uute m\u00e4ngijate Spinbetteri tervitusboonus > Saa 100% kuni 1500 \u20ac","isPartOf":{"@id":"https:\/\/spinbetter.cafe\/ee\/#website"},"datePublished":"2025-06-05T03:46:35+00:00","dateModified":"2025-06-05T03:46:43+00:00","description":"Valmistu j\u00e4rgmisele tasemele j\u00f5udmiseks tohutu 100% boonusega kuni 1500 \u20ac oma esimeselt sissemakselt! See pole lihtsalt tervitusboonus \u2013 see muudab m\u00e4ngu. Haara p\u00f5nevusest kinni ja kahekordista oma raha \u2013 \u00e4ra lase sellel v\u00f5imalusel k\u00e4est libiseda!","breadcrumb":{"@id":"https:\/\/spinbetter.cafe\/ee\/bonus\/1st-deposit\/#breadcrumb"},"inLanguage":"et","potentialAction":[{"@type":"ReadAction","target":["https:\/\/spinbetter.cafe\/ee\/bonus\/1st-deposit\/"]}]},{"@type":"BreadcrumbList","@id":"https:\/\/spinbetter.cafe\/ee\/bonus\/1st-deposit\/#breadcrumb","itemListElement":[{"@type":"ListItem","position":1,"name":"\u0413\u043b\u0430\u0432\u043d\u0430\u044f \u0441\u0442\u0440\u0430\u043d\u0438\u0446\u0430","item":"https:\/\/spinbetter.cafe\/ee\/"},{"@type":"ListItem","position":2,"name":"Bonus","item":"https:\/\/spinbetter.cafe\/ee\/bonus\/"},{"@type":"ListItem","position":3,"name":"Esimene sissemakse"}]},{"@type":"WebSite","@id":"https:\/\/spinbetter.cafe\/ee\/#website","url":"https:\/\/spinbetter.cafe\/ee\/","name":"Spinbetter Cafe EE","description":"","potentialAction":[{"@type":"SearchAction","target":{"@type":"EntryPoint","urlTemplate":"https:\/\/spinbetter.cafe\/ee\/?s={search_term_string}"},"query-input":{"@type":"PropertyValueSpecification","valueRequired":true,"valueName":"search_term_string"}}],"inLanguage":"et"}]}},"_links":{"self":[{"href":"https:\/\/spinbetter.cafe\/ee\/wp-json\/wp\/v2\/pages\/385"}],"collection":[{"href":"https:\/\/spinbetter.cafe\/ee\/wp-json\/wp\/v2\/pages"}],"about":[{"href":"https:\/\/spinbetter.cafe\/ee\/wp-json\/wp\/v2\/types\/page"}],"author":[{"embeddable":true,"href":"https:\/\/spinbetter.cafe\/ee\/wp-json\/wp\/v2\/users\/1"}],"replies":[{"embeddable":true,"href":"https:\/\/spinbetter.cafe\/ee\/wp-json\/wp\/v2\/comments?post=385"}],"version-history":[{"count":1,"href":"https:\/\/spinbetter.cafe\/ee\/wp-json\/wp\/v2\/pages\/385\/revisions"}],"predecessor-version":[{"id":386,"href":"https:\/\/spinbetter.cafe\/ee\/wp-json\/wp\/v2\/pages\/385\/revisions\/386"}],"up":[{"embeddable":true,"href":"https:\/\/spinbetter.cafe\/ee\/wp-json\/wp\/v2\/pages\/152"}],"wp:attachment":[{"href":"https:\/\/spinbetter.cafe\/ee\/wp-json\/wp\/v2\/media?parent=385"}],"curies":[{"name":"wp","href":"https:\/\/api.w.org\/{rel}","templated":true}]}}