{"id":236,"date":"2024-11-14T09:46:51","date_gmt":"2024-11-14T09:46:51","guid":{"rendered":"https:\/\/spinbetter.cafe\/ee\/?page_id=236"},"modified":"2025-01-30T09:58:24","modified_gmt":"2025-01-30T09:58:24","slug":"registration","status":"publish","type":"page","link":"https:\/\/spinbetter.cafe\/ee\/registration\/","title":{"rendered":"Registreerimine"},"content":{"rendered":"","protected":false},"excerpt":{"rendered":"","protected":false},"author":1,"featured_media":0,"parent":0,"menu_order":0,"comment_status":"closed","ping_status":"closed","template":"","meta":{"footnotes":""},"class_list":["post-236","page","type-page","status-publish","hentry"],"yoast_head":"<!-- This site is optimized with the Yoast SEO plugin v25.1 - https:\/\/yoast.com\/wordpress\/plugins\/seo\/ -->\n<title>SpinBetteri registreerimine &gt; Lihtne samm esimeste v\u00f5itudeni<\/title>\n<meta name=\"description\" content=\"Registreeru SpinBetteris ja saad juurdep\u00e4\u00e4su parimatele kihlvedudele, kasiinom\u00e4ngudele ja eksklusiivsetele boonustele. Lihtne registreerimine minutiga.\" \/>\n<meta name=\"robots\" content=\"index, follow, max-snippet:-1, max-image-preview:large, max-video-preview:-1\" \/>\n<meta property=\"og:locale\" content=\"et_EE\" \/>\n<meta property=\"og:type\" content=\"article\" \/>\n<meta property=\"og:title\" content=\"SpinBetteri registreerimine &gt; Lihtne samm esimeste v\u00f5itudeni\" \/>\n<meta property=\"og:description\" content=\"Registreeru SpinBetteris ja saad juurdep\u00e4\u00e4su parimatele kihlvedudele, kasiinom\u00e4ngudele ja eksklusiivsetele boonustele. Lihtne registreerimine minutiga.\" \/>\n<meta property=\"og:url\" content=\"https:\/\/spinbetter.cafe\/ee\/registration\/\" \/>\n<meta property=\"og:site_name\" content=\"Spinbetter Cafe EE\" \/>\n<meta property=\"article:modified_time\" content=\"2025-01-30T09:58:24+00:00\" \/>\n<meta name=\"twitter:card\" content=\"summary_large_image\" \/>\n<script type=\"application\/ld+json\" class=\"yoast-schema-graph\">{\"@context\":\"https:\/\/schema.org\",\"@graph\":[{\"@type\":\"WebPage\",\"@id\":\"https:\/\/spinbetter.cafe\/ee\/registration\/\",\"url\":\"https:\/\/spinbetter.cafe\/ee\/registration\/\",\"name\":\"SpinBetteri registreerimine > Lihtne samm esimeste v\u00f5itudeni\",\"isPartOf\":{\"@id\":\"https:\/\/spinbetter.cafe\/ee\/#website\"},\"datePublished\":\"2024-11-14T09:46:51+00:00\",\"dateModified\":\"2025-01-30T09:58:24+00:00\",\"description\":\"Registreeru SpinBetteris ja saad juurdep\u00e4\u00e4su parimatele kihlvedudele, kasiinom\u00e4ngudele ja eksklusiivsetele boonustele. Lihtne registreerimine minutiga.\",\"breadcrumb\":{\"@id\":\"https:\/\/spinbetter.cafe\/ee\/registration\/#breadcrumb\"},\"inLanguage\":\"et\",\"potentialAction\":[{\"@type\":\"ReadAction\",\"target\":[\"https:\/\/spinbetter.cafe\/ee\/registration\/\"]}]},{\"@type\":\"BreadcrumbList\",\"@id\":\"https:\/\/spinbetter.cafe\/ee\/registration\/#breadcrumb\",\"itemListElement\":[{\"@type\":\"ListItem\",\"position\":1,\"name\":\"\u0413\u043b\u0430\u0432\u043d\u0430\u044f \u0441\u0442\u0440\u0430\u043d\u0438\u0446\u0430\",\"item\":\"https:\/\/spinbetter.cafe\/ee\/\"},{\"@type\":\"ListItem\",\"position\":2,\"name\":\"Registreerimine\"}]},{\"@type\":\"WebSite\",\"@id\":\"https:\/\/spinbetter.cafe\/ee\/#website\",\"url\":\"https:\/\/spinbetter.cafe\/ee\/\",\"name\":\"Spinbetter Cafe EE\",\"description\":\"\",\"potentialAction\":[{\"@type\":\"SearchAction\",\"target\":{\"@type\":\"EntryPoint\",\"urlTemplate\":\"https:\/\/spinbetter.cafe\/ee\/?s={search_term_string}\"},\"query-input\":{\"@type\":\"PropertyValueSpecification\",\"valueRequired\":true,\"valueName\":\"search_term_string\"}}],\"inLanguage\":\"et\"}]}<\/script>\n<!-- \/ Yoast SEO plugin. -->","yoast_head_json":{"title":"SpinBetteri registreerimine > Lihtne samm esimeste v\u00f5itudeni","description":"Registreeru SpinBetteris ja saad juurdep\u00e4\u00e4su parimatele kihlvedudele, kasiinom\u00e4ngudele ja eksklusiivsetele boonustele. Lihtne registreerimine minutiga.","robots":{"index":"index","follow":"follow","max-snippet":"max-snippet:-1","max-image-preview":"max-image-preview:large","max-video-preview":"max-video-preview:-1"},"og_locale":"et_EE","og_type":"article","og_title":"SpinBetteri registreerimine > Lihtne samm esimeste v\u00f5itudeni","og_description":"Registreeru SpinBetteris ja saad juurdep\u00e4\u00e4su parimatele kihlvedudele, kasiinom\u00e4ngudele ja eksklusiivsetele boonustele. Lihtne registreerimine minutiga.","og_url":"https:\/\/spinbetter.cafe\/ee\/registration\/","og_site_name":"Spinbetter Cafe EE","article_modified_time":"2025-01-30T09:58:24+00:00","twitter_card":"summary_large_image","schema":{"@context":"https:\/\/schema.org","@graph":[{"@type":"WebPage","@id":"https:\/\/spinbetter.cafe\/ee\/registration\/","url":"https:\/\/spinbetter.cafe\/ee\/registration\/","name":"SpinBetteri registreerimine > Lihtne samm esimeste v\u00f5itudeni","isPartOf":{"@id":"https:\/\/spinbetter.cafe\/ee\/#website"},"datePublished":"2024-11-14T09:46:51+00:00","dateModified":"2025-01-30T09:58:24+00:00","description":"Registreeru SpinBetteris ja saad juurdep\u00e4\u00e4su parimatele kihlvedudele, kasiinom\u00e4ngudele ja eksklusiivsetele boonustele. Lihtne registreerimine minutiga.","breadcrumb":{"@id":"https:\/\/spinbetter.cafe\/ee\/registration\/#breadcrumb"},"inLanguage":"et","potentialAction":[{"@type":"ReadAction","target":["https:\/\/spinbetter.cafe\/ee\/registration\/"]}]},{"@type":"BreadcrumbList","@id":"https:\/\/spinbetter.cafe\/ee\/registration\/#breadcrumb","itemListElement":[{"@type":"ListItem","position":1,"name":"\u0413\u043b\u0430\u0432\u043d\u0430\u044f \u0441\u0442\u0440\u0430\u043d\u0438\u0446\u0430","item":"https:\/\/spinbetter.cafe\/ee\/"},{"@type":"ListItem","position":2,"name":"Registreerimine"}]},{"@type":"WebSite","@id":"https:\/\/spinbetter.cafe\/ee\/#website","url":"https:\/\/spinbetter.cafe\/ee\/","name":"Spinbetter Cafe EE","description":"","potentialAction":[{"@type":"SearchAction","target":{"@type":"EntryPoint","urlTemplate":"https:\/\/spinbetter.cafe\/ee\/?s={search_term_string}"},"query-input":{"@type":"PropertyValueSpecification","valueRequired":true,"valueName":"search_term_string"}}],"inLanguage":"et"}]}},"_links":{"self":[{"href":"https:\/\/spinbetter.cafe\/ee\/wp-json\/wp\/v2\/pages\/236"}],"collection":[{"href":"https:\/\/spinbetter.cafe\/ee\/wp-json\/wp\/v2\/pages"}],"about":[{"href":"https:\/\/spinbetter.cafe\/ee\/wp-json\/wp\/v2\/types\/page"}],"author":[{"embeddable":true,"href":"https:\/\/spinbetter.cafe\/ee\/wp-json\/wp\/v2\/users\/1"}],"replies":[{"embeddable":true,"href":"https:\/\/spinbetter.cafe\/ee\/wp-json\/wp\/v2\/comments?post=236"}],"version-history":[{"count":12,"href":"https:\/\/spinbetter.cafe\/ee\/wp-json\/wp\/v2\/pages\/236\/revisions"}],"predecessor-version":[{"id":371,"href":"https:\/\/spinbetter.cafe\/ee\/wp-json\/wp\/v2\/pages\/236\/revisions\/371"}],"wp:attachment":[{"href":"https:\/\/spinbetter.cafe\/ee\/wp-json\/wp\/v2\/media?parent=236"}],"curies":[{"name":"wp","href":"https:\/\/api.w.org\/{rel}","templated":true}]}}