{"id":405,"date":"2025-07-07T08:09:45","date_gmt":"2025-07-07T08:09:45","guid":{"rendered":"https:\/\/spinbetter.cafe\/dk\/?page_id=405"},"modified":"2025-07-07T08:09:54","modified_gmt":"2025-07-07T08:09:54","slug":"return-on-bets","status":"publish","type":"page","link":"https:\/\/spinbetter.cafe\/dk\/bonus\/return-on-bets\/","title":{"rendered":"Refusion p\u00e5 SpinBetter-v\u00e6ddem\u00e5l"},"content":{"rendered":"","protected":false},"excerpt":{"rendered":"","protected":false},"author":1,"featured_media":0,"parent":152,"menu_order":0,"comment_status":"closed","ping_status":"closed","template":"","meta":{"footnotes":""},"class_list":["post-405","page","type-page","status-publish","hentry"],"yoast_head":"<!-- This site is optimized with the Yoast SEO plugin v25.1 - https:\/\/yoast.com\/wordpress\/plugins\/seo\/ -->\n<title>SpinBetter-v\u00e6ddem\u00e5lsrefusion \u1405 Ugentlig cashback<\/title>\n<meta name=\"description\" content=\"F\u00e5 3% cashback hver uge op til 1000EUR! Spil hos SpinBetter med odds fra 1,5 og f\u00e5 en del af de tabte penge tilbage uden yderligere betingelser.\" \/>\n<meta name=\"robots\" content=\"index, follow, max-snippet:-1, max-image-preview:large, max-video-preview:-1\" \/>\n<meta property=\"og:locale\" content=\"da_DK\" \/>\n<meta property=\"og:type\" content=\"article\" \/>\n<meta property=\"og:title\" content=\"SpinBetter-v\u00e6ddem\u00e5lsrefusion \u1405 Ugentlig cashback\" \/>\n<meta property=\"og:description\" content=\"F\u00e5 3% cashback hver uge op til 1000EUR! Spil hos SpinBetter med odds fra 1,5 og f\u00e5 en del af de tabte penge tilbage uden yderligere betingelser.\" \/>\n<meta property=\"og:url\" content=\"https:\/\/spinbetter.cafe\/dk\/bonus\/return-on-bets\/\" \/>\n<meta property=\"og:site_name\" content=\"Spinbetter Cafe DK\" \/>\n<meta property=\"article:modified_time\" content=\"2025-07-07T08:09:54+00:00\" \/>\n<meta name=\"twitter:card\" content=\"summary_large_image\" \/>\n<script type=\"application\/ld+json\" class=\"yoast-schema-graph\">{\"@context\":\"https:\/\/schema.org\",\"@graph\":[{\"@type\":\"WebPage\",\"@id\":\"https:\/\/spinbetter.cafe\/dk\/bonus\/return-on-bets\/\",\"url\":\"https:\/\/spinbetter.cafe\/dk\/bonus\/return-on-bets\/\",\"name\":\"SpinBetter-v\u00e6ddem\u00e5lsrefusion \u1405 Ugentlig cashback\",\"isPartOf\":{\"@id\":\"https:\/\/spinbetter.cafe\/dk\/#website\"},\"datePublished\":\"2025-07-07T08:09:45+00:00\",\"dateModified\":\"2025-07-07T08:09:54+00:00\",\"description\":\"F\u00e5 3% cashback hver uge op til 1000EUR! Spil hos SpinBetter med odds fra 1,5 og f\u00e5 en del af de tabte penge tilbage uden yderligere betingelser.\",\"breadcrumb\":{\"@id\":\"https:\/\/spinbetter.cafe\/dk\/bonus\/return-on-bets\/#breadcrumb\"},\"inLanguage\":\"da-DK\",\"potentialAction\":[{\"@type\":\"ReadAction\",\"target\":[\"https:\/\/spinbetter.cafe\/dk\/bonus\/return-on-bets\/\"]}]},{\"@type\":\"BreadcrumbList\",\"@id\":\"https:\/\/spinbetter.cafe\/dk\/bonus\/return-on-bets\/#breadcrumb\",\"itemListElement\":[{\"@type\":\"ListItem\",\"position\":1,\"name\":\"\u0413\u043b\u0430\u0432\u043d\u0430\u044f \u0441\u0442\u0440\u0430\u043d\u0438\u0446\u0430\",\"item\":\"https:\/\/spinbetter.cafe\/dk\/\"},{\"@type\":\"ListItem\",\"position\":2,\"name\":\"Bonus\",\"item\":\"https:\/\/spinbetter.cafe\/dk\/bonus\/\"},{\"@type\":\"ListItem\",\"position\":3,\"name\":\"Refusion p\u00e5 SpinBetter-v\u00e6ddem\u00e5l\"}]},{\"@type\":\"WebSite\",\"@id\":\"https:\/\/spinbetter.cafe\/dk\/#website\",\"url\":\"https:\/\/spinbetter.cafe\/dk\/\",\"name\":\"Spinbetter Cafe DK\",\"description\":\"\",\"potentialAction\":[{\"@type\":\"SearchAction\",\"target\":{\"@type\":\"EntryPoint\",\"urlTemplate\":\"https:\/\/spinbetter.cafe\/dk\/?s={search_term_string}\"},\"query-input\":{\"@type\":\"PropertyValueSpecification\",\"valueRequired\":true,\"valueName\":\"search_term_string\"}}],\"inLanguage\":\"da-DK\"}]}<\/script>\n<!-- \/ Yoast SEO plugin. -->","yoast_head_json":{"title":"SpinBetter-v\u00e6ddem\u00e5lsrefusion \u1405 Ugentlig cashback","description":"F\u00e5 3% cashback hver uge op til 1000EUR! Spil hos SpinBetter med odds fra 1,5 og f\u00e5 en del af de tabte penge tilbage uden yderligere betingelser.","robots":{"index":"index","follow":"follow","max-snippet":"max-snippet:-1","max-image-preview":"max-image-preview:large","max-video-preview":"max-video-preview:-1"},"og_locale":"da_DK","og_type":"article","og_title":"SpinBetter-v\u00e6ddem\u00e5lsrefusion \u1405 Ugentlig cashback","og_description":"F\u00e5 3% cashback hver uge op til 1000EUR! Spil hos SpinBetter med odds fra 1,5 og f\u00e5 en del af de tabte penge tilbage uden yderligere betingelser.","og_url":"https:\/\/spinbetter.cafe\/dk\/bonus\/return-on-bets\/","og_site_name":"Spinbetter Cafe DK","article_modified_time":"2025-07-07T08:09:54+00:00","twitter_card":"summary_large_image","schema":{"@context":"https:\/\/schema.org","@graph":[{"@type":"WebPage","@id":"https:\/\/spinbetter.cafe\/dk\/bonus\/return-on-bets\/","url":"https:\/\/spinbetter.cafe\/dk\/bonus\/return-on-bets\/","name":"SpinBetter-v\u00e6ddem\u00e5lsrefusion \u1405 Ugentlig cashback","isPartOf":{"@id":"https:\/\/spinbetter.cafe\/dk\/#website"},"datePublished":"2025-07-07T08:09:45+00:00","dateModified":"2025-07-07T08:09:54+00:00","description":"F\u00e5 3% cashback hver uge op til 1000EUR! Spil hos SpinBetter med odds fra 1,5 og f\u00e5 en del af de tabte penge tilbage uden yderligere betingelser.","breadcrumb":{"@id":"https:\/\/spinbetter.cafe\/dk\/bonus\/return-on-bets\/#breadcrumb"},"inLanguage":"da-DK","potentialAction":[{"@type":"ReadAction","target":["https:\/\/spinbetter.cafe\/dk\/bonus\/return-on-bets\/"]}]},{"@type":"BreadcrumbList","@id":"https:\/\/spinbetter.cafe\/dk\/bonus\/return-on-bets\/#breadcrumb","itemListElement":[{"@type":"ListItem","position":1,"name":"\u0413\u043b\u0430\u0432\u043d\u0430\u044f \u0441\u0442\u0440\u0430\u043d\u0438\u0446\u0430","item":"https:\/\/spinbetter.cafe\/dk\/"},{"@type":"ListItem","position":2,"name":"Bonus","item":"https:\/\/spinbetter.cafe\/dk\/bonus\/"},{"@type":"ListItem","position":3,"name":"Refusion p\u00e5 SpinBetter-v\u00e6ddem\u00e5l"}]},{"@type":"WebSite","@id":"https:\/\/spinbetter.cafe\/dk\/#website","url":"https:\/\/spinbetter.cafe\/dk\/","name":"Spinbetter Cafe DK","description":"","potentialAction":[{"@type":"SearchAction","target":{"@type":"EntryPoint","urlTemplate":"https:\/\/spinbetter.cafe\/dk\/?s={search_term_string}"},"query-input":{"@type":"PropertyValueSpecification","valueRequired":true,"valueName":"search_term_string"}}],"inLanguage":"da-DK"}]}},"_links":{"self":[{"href":"https:\/\/spinbetter.cafe\/dk\/wp-json\/wp\/v2\/pages\/405"}],"collection":[{"href":"https:\/\/spinbetter.cafe\/dk\/wp-json\/wp\/v2\/pages"}],"about":[{"href":"https:\/\/spinbetter.cafe\/dk\/wp-json\/wp\/v2\/types\/page"}],"author":[{"embeddable":true,"href":"https:\/\/spinbetter.cafe\/dk\/wp-json\/wp\/v2\/users\/1"}],"replies":[{"embeddable":true,"href":"https:\/\/spinbetter.cafe\/dk\/wp-json\/wp\/v2\/comments?post=405"}],"version-history":[{"count":1,"href":"https:\/\/spinbetter.cafe\/dk\/wp-json\/wp\/v2\/pages\/405\/revisions"}],"predecessor-version":[{"id":406,"href":"https:\/\/spinbetter.cafe\/dk\/wp-json\/wp\/v2\/pages\/405\/revisions\/406"}],"up":[{"embeddable":true,"href":"https:\/\/spinbetter.cafe\/dk\/wp-json\/wp\/v2\/pages\/152"}],"wp:attachment":[{"href":"https:\/\/spinbetter.cafe\/dk\/wp-json\/wp\/v2\/media?parent=405"}],"curies":[{"name":"wp","href":"https:\/\/api.w.org\/{rel}","templated":true}]}}