{"id":413,"date":"2025-06-02T11:14:49","date_gmt":"2025-06-02T11:14:49","guid":{"rendered":"https:\/\/spinbetter.cafe\/cz\/?page_id=413"},"modified":"2025-06-02T11:15:03","modified_gmt":"2025-06-02T11:15:03","slug":"vote-for-sports","status":"publish","type":"page","link":"https:\/\/spinbetter.cafe\/cz\/bonus\/vote-for-sports\/","title":{"rendered":"Hlasujte pro sport"},"content":{"rendered":"","protected":false},"excerpt":{"rendered":"","protected":false},"author":1,"featured_media":0,"parent":152,"menu_order":0,"comment_status":"closed","ping_status":"closed","template":"","meta":{"footnotes":""},"class_list":["post-413","page","type-page","status-publish","hentry"],"yoast_head":"<!-- This site is optimized with the Yoast SEO plugin v25.1 - https:\/\/yoast.com\/wordpress\/plugins\/seo\/ -->\n<title>Hlasujte pro sport SpinBetter &gt; s\u00e1zky zdarma a\u017e do v\u00fd\u0161e 200 EUR<\/title>\n<meta name=\"description\" content=\"Vyberte si svou obl\u00edbenou discipl\u00ednu v kasinu SpinBetter a z\u00edskejte s\u00e1zku zdarma a\u017e do v\u00fd\u0161e 200 EUR. Jednoduch\u00e9 podm\u00ednky, rychl\u00fd bonus a \u0161ance vyhr\u00e1t je\u0161t\u011b v\u00edce!\" \/>\n<meta name=\"robots\" content=\"index, follow, max-snippet:-1, max-image-preview:large, max-video-preview:-1\" \/>\n<meta property=\"og:locale\" content=\"cs_CZ\" \/>\n<meta property=\"og:type\" content=\"article\" \/>\n<meta property=\"og:title\" content=\"Hlasujte pro sport SpinBetter &gt; s\u00e1zky zdarma a\u017e do v\u00fd\u0161e 200 EUR\" \/>\n<meta property=\"og:description\" content=\"Vyberte si svou obl\u00edbenou discipl\u00ednu v kasinu SpinBetter a z\u00edskejte s\u00e1zku zdarma a\u017e do v\u00fd\u0161e 200 EUR. Jednoduch\u00e9 podm\u00ednky, rychl\u00fd bonus a \u0161ance vyhr\u00e1t je\u0161t\u011b v\u00edce!\" \/>\n<meta property=\"og:url\" content=\"https:\/\/spinbetter.cafe\/cz\/bonus\/vote-for-sports\/\" \/>\n<meta property=\"og:site_name\" content=\"Spinbetter Cafe CZ\" \/>\n<meta property=\"article:modified_time\" content=\"2025-06-02T11:15:03+00:00\" \/>\n<meta name=\"twitter:card\" content=\"summary_large_image\" \/>\n<script type=\"application\/ld+json\" class=\"yoast-schema-graph\">{\"@context\":\"https:\/\/schema.org\",\"@graph\":[{\"@type\":\"WebPage\",\"@id\":\"https:\/\/spinbetter.cafe\/cz\/bonus\/vote-for-sports\/\",\"url\":\"https:\/\/spinbetter.cafe\/cz\/bonus\/vote-for-sports\/\",\"name\":\"Hlasujte pro sport SpinBetter > s\u00e1zky zdarma a\u017e do v\u00fd\u0161e 200 EUR\",\"isPartOf\":{\"@id\":\"https:\/\/spinbetter.cafe\/cz\/#website\"},\"datePublished\":\"2025-06-02T11:14:49+00:00\",\"dateModified\":\"2025-06-02T11:15:03+00:00\",\"description\":\"Vyberte si svou obl\u00edbenou discipl\u00ednu v kasinu SpinBetter a z\u00edskejte s\u00e1zku zdarma a\u017e do v\u00fd\u0161e 200 EUR. Jednoduch\u00e9 podm\u00ednky, rychl\u00fd bonus a \u0161ance vyhr\u00e1t je\u0161t\u011b v\u00edce!\",\"breadcrumb\":{\"@id\":\"https:\/\/spinbetter.cafe\/cz\/bonus\/vote-for-sports\/#breadcrumb\"},\"inLanguage\":\"cs\",\"potentialAction\":[{\"@type\":\"ReadAction\",\"target\":[\"https:\/\/spinbetter.cafe\/cz\/bonus\/vote-for-sports\/\"]}]},{\"@type\":\"BreadcrumbList\",\"@id\":\"https:\/\/spinbetter.cafe\/cz\/bonus\/vote-for-sports\/#breadcrumb\",\"itemListElement\":[{\"@type\":\"ListItem\",\"position\":1,\"name\":\"\u0413\u043b\u0430\u0432\u043d\u0430\u044f \u0441\u0442\u0440\u0430\u043d\u0438\u0446\u0430\",\"item\":\"https:\/\/spinbetter.cafe\/cz\/\"},{\"@type\":\"ListItem\",\"position\":2,\"name\":\"Bonus\",\"item\":\"https:\/\/spinbetter.cafe\/cz\/bonus\/\"},{\"@type\":\"ListItem\",\"position\":3,\"name\":\"Hlasujte pro sport\"}]},{\"@type\":\"WebSite\",\"@id\":\"https:\/\/spinbetter.cafe\/cz\/#website\",\"url\":\"https:\/\/spinbetter.cafe\/cz\/\",\"name\":\"Spinbetter Cafe CZ\",\"description\":\"\",\"potentialAction\":[{\"@type\":\"SearchAction\",\"target\":{\"@type\":\"EntryPoint\",\"urlTemplate\":\"https:\/\/spinbetter.cafe\/cz\/?s={search_term_string}\"},\"query-input\":{\"@type\":\"PropertyValueSpecification\",\"valueRequired\":true,\"valueName\":\"search_term_string\"}}],\"inLanguage\":\"cs\"}]}<\/script>\n<!-- \/ Yoast SEO plugin. -->","yoast_head_json":{"title":"Hlasujte pro sport SpinBetter > s\u00e1zky zdarma a\u017e do v\u00fd\u0161e 200 EUR","description":"Vyberte si svou obl\u00edbenou discipl\u00ednu v kasinu SpinBetter a z\u00edskejte s\u00e1zku zdarma a\u017e do v\u00fd\u0161e 200 EUR. Jednoduch\u00e9 podm\u00ednky, rychl\u00fd bonus a \u0161ance vyhr\u00e1t je\u0161t\u011b v\u00edce!","robots":{"index":"index","follow":"follow","max-snippet":"max-snippet:-1","max-image-preview":"max-image-preview:large","max-video-preview":"max-video-preview:-1"},"og_locale":"cs_CZ","og_type":"article","og_title":"Hlasujte pro sport SpinBetter > s\u00e1zky zdarma a\u017e do v\u00fd\u0161e 200 EUR","og_description":"Vyberte si svou obl\u00edbenou discipl\u00ednu v kasinu SpinBetter a z\u00edskejte s\u00e1zku zdarma a\u017e do v\u00fd\u0161e 200 EUR. Jednoduch\u00e9 podm\u00ednky, rychl\u00fd bonus a \u0161ance vyhr\u00e1t je\u0161t\u011b v\u00edce!","og_url":"https:\/\/spinbetter.cafe\/cz\/bonus\/vote-for-sports\/","og_site_name":"Spinbetter Cafe CZ","article_modified_time":"2025-06-02T11:15:03+00:00","twitter_card":"summary_large_image","schema":{"@context":"https:\/\/schema.org","@graph":[{"@type":"WebPage","@id":"https:\/\/spinbetter.cafe\/cz\/bonus\/vote-for-sports\/","url":"https:\/\/spinbetter.cafe\/cz\/bonus\/vote-for-sports\/","name":"Hlasujte pro sport SpinBetter > s\u00e1zky zdarma a\u017e do v\u00fd\u0161e 200 EUR","isPartOf":{"@id":"https:\/\/spinbetter.cafe\/cz\/#website"},"datePublished":"2025-06-02T11:14:49+00:00","dateModified":"2025-06-02T11:15:03+00:00","description":"Vyberte si svou obl\u00edbenou discipl\u00ednu v kasinu SpinBetter a z\u00edskejte s\u00e1zku zdarma a\u017e do v\u00fd\u0161e 200 EUR. Jednoduch\u00e9 podm\u00ednky, rychl\u00fd bonus a \u0161ance vyhr\u00e1t je\u0161t\u011b v\u00edce!","breadcrumb":{"@id":"https:\/\/spinbetter.cafe\/cz\/bonus\/vote-for-sports\/#breadcrumb"},"inLanguage":"cs","potentialAction":[{"@type":"ReadAction","target":["https:\/\/spinbetter.cafe\/cz\/bonus\/vote-for-sports\/"]}]},{"@type":"BreadcrumbList","@id":"https:\/\/spinbetter.cafe\/cz\/bonus\/vote-for-sports\/#breadcrumb","itemListElement":[{"@type":"ListItem","position":1,"name":"\u0413\u043b\u0430\u0432\u043d\u0430\u044f \u0441\u0442\u0440\u0430\u043d\u0438\u0446\u0430","item":"https:\/\/spinbetter.cafe\/cz\/"},{"@type":"ListItem","position":2,"name":"Bonus","item":"https:\/\/spinbetter.cafe\/cz\/bonus\/"},{"@type":"ListItem","position":3,"name":"Hlasujte pro sport"}]},{"@type":"WebSite","@id":"https:\/\/spinbetter.cafe\/cz\/#website","url":"https:\/\/spinbetter.cafe\/cz\/","name":"Spinbetter Cafe CZ","description":"","potentialAction":[{"@type":"SearchAction","target":{"@type":"EntryPoint","urlTemplate":"https:\/\/spinbetter.cafe\/cz\/?s={search_term_string}"},"query-input":{"@type":"PropertyValueSpecification","valueRequired":true,"valueName":"search_term_string"}}],"inLanguage":"cs"}]}},"_links":{"self":[{"href":"https:\/\/spinbetter.cafe\/cz\/wp-json\/wp\/v2\/pages\/413"}],"collection":[{"href":"https:\/\/spinbetter.cafe\/cz\/wp-json\/wp\/v2\/pages"}],"about":[{"href":"https:\/\/spinbetter.cafe\/cz\/wp-json\/wp\/v2\/types\/page"}],"author":[{"embeddable":true,"href":"https:\/\/spinbetter.cafe\/cz\/wp-json\/wp\/v2\/users\/1"}],"replies":[{"embeddable":true,"href":"https:\/\/spinbetter.cafe\/cz\/wp-json\/wp\/v2\/comments?post=413"}],"version-history":[{"count":1,"href":"https:\/\/spinbetter.cafe\/cz\/wp-json\/wp\/v2\/pages\/413\/revisions"}],"predecessor-version":[{"id":414,"href":"https:\/\/spinbetter.cafe\/cz\/wp-json\/wp\/v2\/pages\/413\/revisions\/414"}],"up":[{"embeddable":true,"href":"https:\/\/spinbetter.cafe\/cz\/wp-json\/wp\/v2\/pages\/152"}],"wp:attachment":[{"href":"https:\/\/spinbetter.cafe\/cz\/wp-json\/wp\/v2\/media?parent=413"}],"curies":[{"name":"wp","href":"https:\/\/api.w.org\/{rel}","templated":true}]}}