{"id":392,"date":"2025-04-18T12:55:24","date_gmt":"2025-04-18T12:55:24","guid":{"rendered":"https:\/\/spinbetter.cafe\/cz\/?page_id=392"},"modified":"2025-04-18T12:55:42","modified_gmt":"2025-04-18T12:55:42","slug":"subscribe-telegram","status":"publish","type":"page","link":"https:\/\/spinbetter.cafe\/cz\/bonus\/subscribe-telegram\/","title":{"rendered":"Odeb\u00edrat telegram"},"content":{"rendered":"","protected":false},"excerpt":{"rendered":"","protected":false},"author":1,"featured_media":0,"parent":152,"menu_order":0,"comment_status":"closed","ping_status":"closed","template":"","meta":{"footnotes":""},"class_list":["post-392","page","type-page","status-publish","hentry"],"yoast_head":"<!-- This site is optimized with the Yoast SEO plugin v25.1 - https:\/\/yoast.com\/wordpress\/plugins\/seo\/ -->\n<title>P\u0159ipojte se ke kan\u00e1lu SpinBetter Telegram a z\u00edskejte 100 rozto\u010den\u00ed zdarma<\/title>\n<meta name=\"description\" content=\"Nenechte si uj\u00edt! P\u0159ihlaste se k odb\u011bru na\u0161eho \u010derstv\u011b spu\u0161t\u011bn\u00e9ho kan\u00e1lu SpinBetter Telegram a okam\u017eit\u011b z\u00edskejte 100 rozto\u010den\u00ed zdarma! P\u0159ipojte se nyn\u00ed a z\u00edskejte exkluzivn\u00ed promo akce, vzru\u0161uj\u00edc\u00ed d\u00e1rky a zasv\u011bcen\u00e9 v\u00fdhody, kter\u00e9 z\u00edsk\u00e1 pouze na\u0161e komunita.\" \/>\n<meta name=\"robots\" content=\"index, follow, max-snippet:-1, max-image-preview:large, max-video-preview:-1\" \/>\n<meta property=\"og:locale\" content=\"cs_CZ\" \/>\n<meta property=\"og:type\" content=\"article\" \/>\n<meta property=\"og:title\" content=\"P\u0159ipojte se ke kan\u00e1lu SpinBetter Telegram a z\u00edskejte 100 rozto\u010den\u00ed zdarma\" \/>\n<meta property=\"og:description\" content=\"Nenechte si uj\u00edt! P\u0159ihlaste se k odb\u011bru na\u0161eho \u010derstv\u011b spu\u0161t\u011bn\u00e9ho kan\u00e1lu SpinBetter Telegram a okam\u017eit\u011b z\u00edskejte 100 rozto\u010den\u00ed zdarma! P\u0159ipojte se nyn\u00ed a z\u00edskejte exkluzivn\u00ed promo akce, vzru\u0161uj\u00edc\u00ed d\u00e1rky a zasv\u011bcen\u00e9 v\u00fdhody, kter\u00e9 z\u00edsk\u00e1 pouze na\u0161e komunita.\" \/>\n<meta property=\"og:url\" content=\"https:\/\/spinbetter.cafe\/cz\/bonus\/subscribe-telegram\/\" \/>\n<meta property=\"og:site_name\" content=\"Spinbetter Cafe CZ\" \/>\n<meta property=\"article:modified_time\" content=\"2025-04-18T12:55:42+00:00\" \/>\n<meta name=\"twitter:card\" content=\"summary_large_image\" \/>\n<script type=\"application\/ld+json\" class=\"yoast-schema-graph\">{\"@context\":\"https:\/\/schema.org\",\"@graph\":[{\"@type\":\"WebPage\",\"@id\":\"https:\/\/spinbetter.cafe\/cz\/bonus\/subscribe-telegram\/\",\"url\":\"https:\/\/spinbetter.cafe\/cz\/bonus\/subscribe-telegram\/\",\"name\":\"P\u0159ipojte se ke kan\u00e1lu SpinBetter Telegram a z\u00edskejte 100 rozto\u010den\u00ed zdarma\",\"isPartOf\":{\"@id\":\"https:\/\/spinbetter.cafe\/cz\/#website\"},\"datePublished\":\"2025-04-18T12:55:24+00:00\",\"dateModified\":\"2025-04-18T12:55:42+00:00\",\"description\":\"Nenechte si uj\u00edt! P\u0159ihlaste se k odb\u011bru na\u0161eho \u010derstv\u011b spu\u0161t\u011bn\u00e9ho kan\u00e1lu SpinBetter Telegram a okam\u017eit\u011b z\u00edskejte 100 rozto\u010den\u00ed zdarma! P\u0159ipojte se nyn\u00ed a z\u00edskejte exkluzivn\u00ed promo akce, vzru\u0161uj\u00edc\u00ed d\u00e1rky a zasv\u011bcen\u00e9 v\u00fdhody, kter\u00e9 z\u00edsk\u00e1 pouze na\u0161e komunita.\",\"breadcrumb\":{\"@id\":\"https:\/\/spinbetter.cafe\/cz\/bonus\/subscribe-telegram\/#breadcrumb\"},\"inLanguage\":\"cs\",\"potentialAction\":[{\"@type\":\"ReadAction\",\"target\":[\"https:\/\/spinbetter.cafe\/cz\/bonus\/subscribe-telegram\/\"]}]},{\"@type\":\"BreadcrumbList\",\"@id\":\"https:\/\/spinbetter.cafe\/cz\/bonus\/subscribe-telegram\/#breadcrumb\",\"itemListElement\":[{\"@type\":\"ListItem\",\"position\":1,\"name\":\"\u0413\u043b\u0430\u0432\u043d\u0430\u044f \u0441\u0442\u0440\u0430\u043d\u0438\u0446\u0430\",\"item\":\"https:\/\/spinbetter.cafe\/cz\/\"},{\"@type\":\"ListItem\",\"position\":2,\"name\":\"Bonus\",\"item\":\"https:\/\/spinbetter.cafe\/cz\/bonus\/\"},{\"@type\":\"ListItem\",\"position\":3,\"name\":\"Odeb\u00edrat telegram\"}]},{\"@type\":\"WebSite\",\"@id\":\"https:\/\/spinbetter.cafe\/cz\/#website\",\"url\":\"https:\/\/spinbetter.cafe\/cz\/\",\"name\":\"Spinbetter Cafe CZ\",\"description\":\"\",\"potentialAction\":[{\"@type\":\"SearchAction\",\"target\":{\"@type\":\"EntryPoint\",\"urlTemplate\":\"https:\/\/spinbetter.cafe\/cz\/?s={search_term_string}\"},\"query-input\":{\"@type\":\"PropertyValueSpecification\",\"valueRequired\":true,\"valueName\":\"search_term_string\"}}],\"inLanguage\":\"cs\"}]}<\/script>\n<!-- \/ Yoast SEO plugin. -->","yoast_head_json":{"title":"P\u0159ipojte se ke kan\u00e1lu SpinBetter Telegram a z\u00edskejte 100 rozto\u010den\u00ed zdarma","description":"Nenechte si uj\u00edt! P\u0159ihlaste se k odb\u011bru na\u0161eho \u010derstv\u011b spu\u0161t\u011bn\u00e9ho kan\u00e1lu SpinBetter Telegram a okam\u017eit\u011b z\u00edskejte 100 rozto\u010den\u00ed zdarma! P\u0159ipojte se nyn\u00ed a z\u00edskejte exkluzivn\u00ed promo akce, vzru\u0161uj\u00edc\u00ed d\u00e1rky a zasv\u011bcen\u00e9 v\u00fdhody, kter\u00e9 z\u00edsk\u00e1 pouze na\u0161e komunita.","robots":{"index":"index","follow":"follow","max-snippet":"max-snippet:-1","max-image-preview":"max-image-preview:large","max-video-preview":"max-video-preview:-1"},"og_locale":"cs_CZ","og_type":"article","og_title":"P\u0159ipojte se ke kan\u00e1lu SpinBetter Telegram a z\u00edskejte 100 rozto\u010den\u00ed zdarma","og_description":"Nenechte si uj\u00edt! P\u0159ihlaste se k odb\u011bru na\u0161eho \u010derstv\u011b spu\u0161t\u011bn\u00e9ho kan\u00e1lu SpinBetter Telegram a okam\u017eit\u011b z\u00edskejte 100 rozto\u010den\u00ed zdarma! P\u0159ipojte se nyn\u00ed a z\u00edskejte exkluzivn\u00ed promo akce, vzru\u0161uj\u00edc\u00ed d\u00e1rky a zasv\u011bcen\u00e9 v\u00fdhody, kter\u00e9 z\u00edsk\u00e1 pouze na\u0161e komunita.","og_url":"https:\/\/spinbetter.cafe\/cz\/bonus\/subscribe-telegram\/","og_site_name":"Spinbetter Cafe CZ","article_modified_time":"2025-04-18T12:55:42+00:00","twitter_card":"summary_large_image","schema":{"@context":"https:\/\/schema.org","@graph":[{"@type":"WebPage","@id":"https:\/\/spinbetter.cafe\/cz\/bonus\/subscribe-telegram\/","url":"https:\/\/spinbetter.cafe\/cz\/bonus\/subscribe-telegram\/","name":"P\u0159ipojte se ke kan\u00e1lu SpinBetter Telegram a z\u00edskejte 100 rozto\u010den\u00ed zdarma","isPartOf":{"@id":"https:\/\/spinbetter.cafe\/cz\/#website"},"datePublished":"2025-04-18T12:55:24+00:00","dateModified":"2025-04-18T12:55:42+00:00","description":"Nenechte si uj\u00edt! P\u0159ihlaste se k odb\u011bru na\u0161eho \u010derstv\u011b spu\u0161t\u011bn\u00e9ho kan\u00e1lu SpinBetter Telegram a okam\u017eit\u011b z\u00edskejte 100 rozto\u010den\u00ed zdarma! P\u0159ipojte se nyn\u00ed a z\u00edskejte exkluzivn\u00ed promo akce, vzru\u0161uj\u00edc\u00ed d\u00e1rky a zasv\u011bcen\u00e9 v\u00fdhody, kter\u00e9 z\u00edsk\u00e1 pouze na\u0161e komunita.","breadcrumb":{"@id":"https:\/\/spinbetter.cafe\/cz\/bonus\/subscribe-telegram\/#breadcrumb"},"inLanguage":"cs","potentialAction":[{"@type":"ReadAction","target":["https:\/\/spinbetter.cafe\/cz\/bonus\/subscribe-telegram\/"]}]},{"@type":"BreadcrumbList","@id":"https:\/\/spinbetter.cafe\/cz\/bonus\/subscribe-telegram\/#breadcrumb","itemListElement":[{"@type":"ListItem","position":1,"name":"\u0413\u043b\u0430\u0432\u043d\u0430\u044f \u0441\u0442\u0440\u0430\u043d\u0438\u0446\u0430","item":"https:\/\/spinbetter.cafe\/cz\/"},{"@type":"ListItem","position":2,"name":"Bonus","item":"https:\/\/spinbetter.cafe\/cz\/bonus\/"},{"@type":"ListItem","position":3,"name":"Odeb\u00edrat telegram"}]},{"@type":"WebSite","@id":"https:\/\/spinbetter.cafe\/cz\/#website","url":"https:\/\/spinbetter.cafe\/cz\/","name":"Spinbetter Cafe CZ","description":"","potentialAction":[{"@type":"SearchAction","target":{"@type":"EntryPoint","urlTemplate":"https:\/\/spinbetter.cafe\/cz\/?s={search_term_string}"},"query-input":{"@type":"PropertyValueSpecification","valueRequired":true,"valueName":"search_term_string"}}],"inLanguage":"cs"}]}},"_links":{"self":[{"href":"https:\/\/spinbetter.cafe\/cz\/wp-json\/wp\/v2\/pages\/392"}],"collection":[{"href":"https:\/\/spinbetter.cafe\/cz\/wp-json\/wp\/v2\/pages"}],"about":[{"href":"https:\/\/spinbetter.cafe\/cz\/wp-json\/wp\/v2\/types\/page"}],"author":[{"embeddable":true,"href":"https:\/\/spinbetter.cafe\/cz\/wp-json\/wp\/v2\/users\/1"}],"replies":[{"embeddable":true,"href":"https:\/\/spinbetter.cafe\/cz\/wp-json\/wp\/v2\/comments?post=392"}],"version-history":[{"count":2,"href":"https:\/\/spinbetter.cafe\/cz\/wp-json\/wp\/v2\/pages\/392\/revisions"}],"predecessor-version":[{"id":394,"href":"https:\/\/spinbetter.cafe\/cz\/wp-json\/wp\/v2\/pages\/392\/revisions\/394"}],"up":[{"embeddable":true,"href":"https:\/\/spinbetter.cafe\/cz\/wp-json\/wp\/v2\/pages\/152"}],"wp:attachment":[{"href":"https:\/\/spinbetter.cafe\/cz\/wp-json\/wp\/v2\/media?parent=392"}],"curies":[{"name":"wp","href":"https:\/\/api.w.org\/{rel}","templated":true}]}}