{"id":389,"date":"2025-04-18T12:45:37","date_gmt":"2025-04-18T12:45:37","guid":{"rendered":"https:\/\/spinbetter.cafe\/cz\/?page_id=389"},"modified":"2025-05-07T11:46:14","modified_gmt":"2025-05-07T11:46:14","slug":"loyalty","status":"publish","type":"page","link":"https:\/\/spinbetter.cafe\/cz\/bonus\/loyalty\/","title":{"rendered":"V\u011brnost"},"content":{"rendered":"","protected":false},"excerpt":{"rendered":"","protected":false},"author":1,"featured_media":0,"parent":152,"menu_order":0,"comment_status":"closed","ping_status":"closed","template":"","meta":{"footnotes":""},"class_list":["post-389","page","type-page","status-publish","hentry"],"yoast_head":"<!-- This site is optimized with the Yoast SEO plugin v25.1 - https:\/\/yoast.com\/wordpress\/plugins\/seo\/ -->\n<title>Spinbetter Loyalty se vyplat\u00ed &gt; Z\u00edskejte 50% bonus + 100 rozto\u010den\u00ed zdarma<\/title>\n<meta name=\"description\" content=\"Loajalita m\u00e1 ve Spinbetter sv\u00e9 v\u00fdhody! Dos\u00e1hn\u011bte sv\u00e9ho 10. vkladu a z\u00edskejte \u00fa\u017easn\u00fd 50% bonus plus a\u017e 100 rozto\u010den\u00ed zdarma! Byli jste s n\u00e1mi \u2013 nyn\u00ed je \u010das zpen\u011b\u017eit odm\u011bny. Nenechte si uj\u00edt tuto exkluzivn\u00ed nab\u00eddku!\" \/>\n<meta name=\"robots\" content=\"index, follow, max-snippet:-1, max-image-preview:large, max-video-preview:-1\" \/>\n<meta property=\"og:locale\" content=\"cs_CZ\" \/>\n<meta property=\"og:type\" content=\"article\" \/>\n<meta property=\"og:title\" content=\"Spinbetter Loyalty se vyplat\u00ed &gt; Z\u00edskejte 50% bonus + 100 rozto\u010den\u00ed zdarma\" \/>\n<meta property=\"og:description\" content=\"Loajalita m\u00e1 ve Spinbetter sv\u00e9 v\u00fdhody! Dos\u00e1hn\u011bte sv\u00e9ho 10. vkladu a z\u00edskejte \u00fa\u017easn\u00fd 50% bonus plus a\u017e 100 rozto\u010den\u00ed zdarma! Byli jste s n\u00e1mi \u2013 nyn\u00ed je \u010das zpen\u011b\u017eit odm\u011bny. Nenechte si uj\u00edt tuto exkluzivn\u00ed nab\u00eddku!\" \/>\n<meta property=\"og:url\" content=\"https:\/\/spinbetter.cafe\/cz\/bonus\/loyalty\/\" \/>\n<meta property=\"og:site_name\" content=\"Spinbetter Cafe CZ\" \/>\n<meta property=\"article:modified_time\" content=\"2025-05-07T11:46:14+00:00\" \/>\n<meta name=\"twitter:card\" content=\"summary_large_image\" \/>\n<script type=\"application\/ld+json\" class=\"yoast-schema-graph\">{\"@context\":\"https:\/\/schema.org\",\"@graph\":[{\"@type\":\"WebPage\",\"@id\":\"https:\/\/spinbetter.cafe\/cz\/bonus\/loyalty\/\",\"url\":\"https:\/\/spinbetter.cafe\/cz\/bonus\/loyalty\/\",\"name\":\"Spinbetter Loyalty se vyplat\u00ed > Z\u00edskejte 50% bonus + 100 rozto\u010den\u00ed zdarma\",\"isPartOf\":{\"@id\":\"https:\/\/spinbetter.cafe\/cz\/#website\"},\"datePublished\":\"2025-04-18T12:45:37+00:00\",\"dateModified\":\"2025-05-07T11:46:14+00:00\",\"description\":\"Loajalita m\u00e1 ve Spinbetter sv\u00e9 v\u00fdhody! Dos\u00e1hn\u011bte sv\u00e9ho 10. vkladu a z\u00edskejte \u00fa\u017easn\u00fd 50% bonus plus a\u017e 100 rozto\u010den\u00ed zdarma! Byli jste s n\u00e1mi \u2013 nyn\u00ed je \u010das zpen\u011b\u017eit odm\u011bny. Nenechte si uj\u00edt tuto exkluzivn\u00ed nab\u00eddku!\",\"breadcrumb\":{\"@id\":\"https:\/\/spinbetter.cafe\/cz\/bonus\/loyalty\/#breadcrumb\"},\"inLanguage\":\"cs\",\"potentialAction\":[{\"@type\":\"ReadAction\",\"target\":[\"https:\/\/spinbetter.cafe\/cz\/bonus\/loyalty\/\"]}]},{\"@type\":\"BreadcrumbList\",\"@id\":\"https:\/\/spinbetter.cafe\/cz\/bonus\/loyalty\/#breadcrumb\",\"itemListElement\":[{\"@type\":\"ListItem\",\"position\":1,\"name\":\"\u0413\u043b\u0430\u0432\u043d\u0430\u044f \u0441\u0442\u0440\u0430\u043d\u0438\u0446\u0430\",\"item\":\"https:\/\/spinbetter.cafe\/cz\/\"},{\"@type\":\"ListItem\",\"position\":2,\"name\":\"Bonus\",\"item\":\"https:\/\/spinbetter.cafe\/cz\/bonus\/\"},{\"@type\":\"ListItem\",\"position\":3,\"name\":\"V\u011brnost\"}]},{\"@type\":\"WebSite\",\"@id\":\"https:\/\/spinbetter.cafe\/cz\/#website\",\"url\":\"https:\/\/spinbetter.cafe\/cz\/\",\"name\":\"Spinbetter Cafe CZ\",\"description\":\"\",\"potentialAction\":[{\"@type\":\"SearchAction\",\"target\":{\"@type\":\"EntryPoint\",\"urlTemplate\":\"https:\/\/spinbetter.cafe\/cz\/?s={search_term_string}\"},\"query-input\":{\"@type\":\"PropertyValueSpecification\",\"valueRequired\":true,\"valueName\":\"search_term_string\"}}],\"inLanguage\":\"cs\"}]}<\/script>\n<!-- \/ Yoast SEO plugin. -->","yoast_head_json":{"title":"Spinbetter Loyalty se vyplat\u00ed > Z\u00edskejte 50% bonus + 100 rozto\u010den\u00ed zdarma","description":"Loajalita m\u00e1 ve Spinbetter sv\u00e9 v\u00fdhody! Dos\u00e1hn\u011bte sv\u00e9ho 10. vkladu a z\u00edskejte \u00fa\u017easn\u00fd 50% bonus plus a\u017e 100 rozto\u010den\u00ed zdarma! Byli jste s n\u00e1mi \u2013 nyn\u00ed je \u010das zpen\u011b\u017eit odm\u011bny. Nenechte si uj\u00edt tuto exkluzivn\u00ed nab\u00eddku!","robots":{"index":"index","follow":"follow","max-snippet":"max-snippet:-1","max-image-preview":"max-image-preview:large","max-video-preview":"max-video-preview:-1"},"og_locale":"cs_CZ","og_type":"article","og_title":"Spinbetter Loyalty se vyplat\u00ed > Z\u00edskejte 50% bonus + 100 rozto\u010den\u00ed zdarma","og_description":"Loajalita m\u00e1 ve Spinbetter sv\u00e9 v\u00fdhody! Dos\u00e1hn\u011bte sv\u00e9ho 10. vkladu a z\u00edskejte \u00fa\u017easn\u00fd 50% bonus plus a\u017e 100 rozto\u010den\u00ed zdarma! Byli jste s n\u00e1mi \u2013 nyn\u00ed je \u010das zpen\u011b\u017eit odm\u011bny. Nenechte si uj\u00edt tuto exkluzivn\u00ed nab\u00eddku!","og_url":"https:\/\/spinbetter.cafe\/cz\/bonus\/loyalty\/","og_site_name":"Spinbetter Cafe CZ","article_modified_time":"2025-05-07T11:46:14+00:00","twitter_card":"summary_large_image","schema":{"@context":"https:\/\/schema.org","@graph":[{"@type":"WebPage","@id":"https:\/\/spinbetter.cafe\/cz\/bonus\/loyalty\/","url":"https:\/\/spinbetter.cafe\/cz\/bonus\/loyalty\/","name":"Spinbetter Loyalty se vyplat\u00ed > Z\u00edskejte 50% bonus + 100 rozto\u010den\u00ed zdarma","isPartOf":{"@id":"https:\/\/spinbetter.cafe\/cz\/#website"},"datePublished":"2025-04-18T12:45:37+00:00","dateModified":"2025-05-07T11:46:14+00:00","description":"Loajalita m\u00e1 ve Spinbetter sv\u00e9 v\u00fdhody! Dos\u00e1hn\u011bte sv\u00e9ho 10. vkladu a z\u00edskejte \u00fa\u017easn\u00fd 50% bonus plus a\u017e 100 rozto\u010den\u00ed zdarma! Byli jste s n\u00e1mi \u2013 nyn\u00ed je \u010das zpen\u011b\u017eit odm\u011bny. Nenechte si uj\u00edt tuto exkluzivn\u00ed nab\u00eddku!","breadcrumb":{"@id":"https:\/\/spinbetter.cafe\/cz\/bonus\/loyalty\/#breadcrumb"},"inLanguage":"cs","potentialAction":[{"@type":"ReadAction","target":["https:\/\/spinbetter.cafe\/cz\/bonus\/loyalty\/"]}]},{"@type":"BreadcrumbList","@id":"https:\/\/spinbetter.cafe\/cz\/bonus\/loyalty\/#breadcrumb","itemListElement":[{"@type":"ListItem","position":1,"name":"\u0413\u043b\u0430\u0432\u043d\u0430\u044f \u0441\u0442\u0440\u0430\u043d\u0438\u0446\u0430","item":"https:\/\/spinbetter.cafe\/cz\/"},{"@type":"ListItem","position":2,"name":"Bonus","item":"https:\/\/spinbetter.cafe\/cz\/bonus\/"},{"@type":"ListItem","position":3,"name":"V\u011brnost"}]},{"@type":"WebSite","@id":"https:\/\/spinbetter.cafe\/cz\/#website","url":"https:\/\/spinbetter.cafe\/cz\/","name":"Spinbetter Cafe CZ","description":"","potentialAction":[{"@type":"SearchAction","target":{"@type":"EntryPoint","urlTemplate":"https:\/\/spinbetter.cafe\/cz\/?s={search_term_string}"},"query-input":{"@type":"PropertyValueSpecification","valueRequired":true,"valueName":"search_term_string"}}],"inLanguage":"cs"}]}},"_links":{"self":[{"href":"https:\/\/spinbetter.cafe\/cz\/wp-json\/wp\/v2\/pages\/389"}],"collection":[{"href":"https:\/\/spinbetter.cafe\/cz\/wp-json\/wp\/v2\/pages"}],"about":[{"href":"https:\/\/spinbetter.cafe\/cz\/wp-json\/wp\/v2\/types\/page"}],"author":[{"embeddable":true,"href":"https:\/\/spinbetter.cafe\/cz\/wp-json\/wp\/v2\/users\/1"}],"replies":[{"embeddable":true,"href":"https:\/\/spinbetter.cafe\/cz\/wp-json\/wp\/v2\/comments?post=389"}],"version-history":[{"count":2,"href":"https:\/\/spinbetter.cafe\/cz\/wp-json\/wp\/v2\/pages\/389\/revisions"}],"predecessor-version":[{"id":391,"href":"https:\/\/spinbetter.cafe\/cz\/wp-json\/wp\/v2\/pages\/389\/revisions\/391"}],"up":[{"embeddable":true,"href":"https:\/\/spinbetter.cafe\/cz\/wp-json\/wp\/v2\/pages\/152"}],"wp:attachment":[{"href":"https:\/\/spinbetter.cafe\/cz\/wp-json\/wp\/v2\/media?parent=389"}],"curies":[{"name":"wp","href":"https:\/\/api.w.org\/{rel}","templated":true}]}}